{"id":6017,"date":"2021-12-05T15:18:07","date_gmt":"2021-12-05T14:18:07","guid":{"rendered":"http:\/\/188.166.2.129\/product\/slim-2011-2711\/"},"modified":"2023-12-14T11:50:38","modified_gmt":"2023-12-14T10:50:38","slug":"slim-2011-2711-a","status":"publish","type":"product","link":"https:\/\/www.piovan.com\/zh\/product\/slim-2011-2711-a\/","title":{"rendered":"Slim 2011-2711"},"content":{"rendered":"<div data-no-dynamic-translation=\"\">\n<p><strong>Modelo SCA 2011-2711<br \/>\n1 compresor tipo scroll, 1 circuito de refrigeraci\u00f3n<\/strong><\/p>\n<p>Los chillers condensados por aire de la serie Slim, combinan alta capacidad de enfriamiento y tama\u00f1os extremadamente reducidos, con una alta eficiencia energ\u00e9tica. Ofrecen baja temperatura del agua independiente de cualquier condici\u00f3n ambiental. La Slim cumple con todos los requisitos de aplicaciones industriales y garantiza la m\u00e1xima flexibilidad y funcionamiento eficiente.<\/p>\n<p>Operaci\u00f3n eficiente y segura: utiliza man\u00f3metros y presostatos de alta y baja presi\u00f3n, y filtros de metal en los condensadores. El control por microprocesador exhibe en la pantalla la temperatura de set y alarmas. Instalaci\u00f3n simplificada, espacio extremadamente reducido y r\u00e1pidas operaciones de puesta en marcha.<\/p>\n<p>\u2022 <strong>Hasta 2 circuitos de refrigeraci\u00f3n independientes<\/strong>\u00a0que aseguran una amplia parcializaci\u00f3n con total fiabilidad de funcionamiento<br \/>\n\u2022 <strong>Consumo de energ\u00eda reducido con el uso de compresores scrol<\/strong>l, evaporadores a placa, condensadores micro canal y bombas de agua de alto rendimiento<br \/>\n\u2022 <strong>Fluido eco-compatible<\/strong>\u00a0R410A<br \/>\n\u2022 <strong>Circuito hidr\u00e1ulico hecho de materiales no corrosivos<\/strong><br \/>\n\u2022 Filtros de aire lavables que permiten un\u00a0<strong>mantenimiento r\u00e1pido y sencillo<\/strong><br \/>\n\u2022 <strong>Estabilidad de temperatura y baja dispersi\u00f3n t\u00e9rmica<\/strong>\u00a0utilizando tanque de acero inoxidable con aislamiento t\u00e9rmico<br \/>\n\u2022 <strong>Construcci\u00f3n en acero galvanizado pintado y panel sellado con doble cierre<\/strong>, tambi\u00e9n permiten la instalaci\u00f3n en el exterior<\/p>\n<p><strong>Productos disponibles solamente para Am\u00e9rica del Sur<\/strong>.<\/p>\n<\/div>","protected":false},"featured_media":11083,"template":"","tags":[168],"acf":[],"yoast_head":"<title>Slim 2011-2711 - PiovanGroup<\/title>\n<meta name=\"robots\" content=\"index, follow, max-snippet:-1, max-image-preview:large, max-video-preview:-1\" \/>\n<link rel=\"canonical\" href=\"https:\/\/www.piovan.com\/zh\/product\/slim-2011-2711-a\/\" \/>\n<meta property=\"og:locale\" content=\"zh_CN\" \/>\n<meta property=\"og:type\" content=\"article\" \/>\n<meta property=\"og:title\" content=\"Slim 2011-2711 - PiovanGroup\" \/>\n<meta property=\"og:description\" content=\"Modelo SCA 2011-2711 1 compresor tipo scroll, 1 circuito de refrigeraci\u00f3n Los chillers condensados por aire de la serie Slim, combinan alta capacidad de enfriamiento y tama\u00f1os extremadamente reducidos, con una alta eficiencia energ\u00e9tica. Ofrecen baja temperatura del agua independiente de cualquier condici\u00f3n ambiental. La Slim cumple con todos los requisitos de aplicaciones industriales y garantiza la m\u00e1xima flexibilidad y funcionamiento eficiente. Operaci\u00f3n eficiente y segura: utiliza man\u00f3metros y presostatos de alta y baja presi\u00f3n, y filtros de metal en [&hellip;]\" \/>\n<meta property=\"og:url\" content=\"https:\/\/www.piovan.com\/zh\/product\/slim-2011-2711-a\/\" \/>\n<meta property=\"og:site_name\" content=\"PiovanGroup\" \/>\n<meta property=\"article:modified_time\" content=\"2023-12-14T10:50:38+00:00\" \/>\n<meta property=\"og:image\" content=\"https:\/\/www.piovan.com\/wp-content\/uploads\/0002_Slim_PdB_01.png\" \/>\n\t<meta property=\"og:image:width\" content=\"1200\" \/>\n\t<meta property=\"og:image:height\" content=\"1560\" \/>\n\t<meta property=\"og:image:type\" content=\"image\/png\" \/>\n<meta name=\"twitter:card\" content=\"summary_large_image\" \/>\n<script type=\"application\/ld+json\" class=\"yoast-schema-graph\">{\"@context\":\"https:\/\/schema.org\",\"@graph\":[{\"@type\":\"WebPage\",\"@id\":\"https:\/\/www.piovan.com\/product\/slim-2011-2711-a\/\",\"url\":\"https:\/\/www.piovan.com\/product\/slim-2011-2711-a\/\",\"name\":\"Slim 2011-2711 - PiovanGroup\",\"isPartOf\":{\"@id\":\"https:\/\/www.piovan.com\/#website\"},\"datePublished\":\"2021-12-05T14:18:07+00:00\",\"dateModified\":\"2023-12-14T10:50:38+00:00\",\"breadcrumb\":{\"@id\":\"https:\/\/www.piovan.com\/product\/slim-2011-2711-a\/#breadcrumb\"},\"inLanguage\":\"zh-CN\",\"potentialAction\":[{\"@type\":\"ReadAction\",\"target\":[\"https:\/\/www.piovan.com\/product\/slim-2011-2711-a\/\"]}]},{\"@type\":\"BreadcrumbList\",\"@id\":\"https:\/\/www.piovan.com\/product\/slim-2011-2711-a\/#breadcrumb\",\"itemListElement\":[{\"@type\":\"ListItem\",\"position\":1,\"name\":\"Home\",\"item\":\"https:\/\/www.piovan.com\/\"},{\"@type\":\"ListItem\",\"position\":2,\"name\":\"Industrial cooling\",\"item\":\"https:\/\/www.piovan.com\/zh\/products\/industrial-cooling\/\"},{\"@type\":\"ListItem\",\"position\":3,\"name\":\"Air-Cooled Chillers\",\"item\":\"https:\/\/www.piovan.com\/zh\/products\/industrial-cooling\/air-cooled-chillers\/\"},{\"@type\":\"ListItem\",\"position\":4,\"name\":\"Slim 2011-2711\"}]},{\"@type\":\"WebSite\",\"@id\":\"https:\/\/www.piovan.com\/#website\",\"url\":\"https:\/\/www.piovan.com\/\",\"name\":\"PiovanGroup\",\"description\":\"\",\"publisher\":{\"@id\":\"https:\/\/www.piovan.com\/#organization\"},\"potentialAction\":[{\"@type\":\"SearchAction\",\"target\":{\"@type\":\"EntryPoint\",\"urlTemplate\":\"https:\/\/www.piovan.com\/?s={search_term_string}\"},\"query-input\":\"required name=search_term_string\"}],\"inLanguage\":\"zh-CN\"},{\"@type\":\"Organization\",\"@id\":\"https:\/\/www.piovan.com\/#organization\",\"name\":\"PiovanGroup\",\"url\":\"https:\/\/www.piovan.com\/\",\"logo\":{\"@type\":\"ImageObject\",\"inLanguage\":\"zh-CN\",\"@id\":\"https:\/\/www.piovan.com\/#\/schema\/logo\/image\/\",\"url\":\"https:\/\/www.piovan.com\/wp-content\/uploads\/2021\/06\/logo@2x.png\",\"contentUrl\":\"https:\/\/www.piovan.com\/wp-content\/uploads\/2021\/06\/logo@2x.png\",\"width\":489,\"height\":78,\"caption\":\"PiovanGroup\"},\"image\":{\"@id\":\"https:\/\/www.piovan.com\/#\/schema\/logo\/image\/\"}}]}<\/script>","yoast_head_json":{"title":"Slim 2011-2711 - PiovanGroup","robots":{"index":"index","follow":"follow","max-snippet":"max-snippet:-1","max-image-preview":"max-image-preview:large","max-video-preview":"max-video-preview:-1"},"canonical":"https:\/\/www.piovan.com\/zh\/product\/slim-2011-2711-a\/","og_locale":"zh_CN","og_type":"article","og_title":"Slim 2011-2711 - PiovanGroup","og_description":"Modelo SCA 2011-2711 1 compresor tipo scroll, 1 circuito de refrigeraci\u00f3n Los chillers condensados por aire de la serie Slim, combinan alta capacidad de enfriamiento y tama\u00f1os extremadamente reducidos, con una alta eficiencia energ\u00e9tica. Ofrecen baja temperatura del agua independiente de cualquier condici\u00f3n ambiental. La Slim cumple con todos los requisitos de aplicaciones industriales y garantiza la m\u00e1xima flexibilidad y funcionamiento eficiente. Operaci\u00f3n eficiente y segura: utiliza man\u00f3metros y presostatos de alta y baja presi\u00f3n, y filtros de metal en [&hellip;]","og_url":"https:\/\/www.piovan.com\/zh\/product\/slim-2011-2711-a\/","og_site_name":"PiovanGroup","article_modified_time":"2023-12-14T10:50:38+00:00","og_image":[{"width":1200,"height":1560,"url":"https:\/\/www.piovan.com\/wp-content\/uploads\/0002_Slim_PdB_01.png","type":"image\/png"}],"twitter_card":"summary_large_image","schema":{"@context":"https:\/\/schema.org","@graph":[{"@type":"WebPage","@id":"https:\/\/www.piovan.com\/product\/slim-2011-2711-a\/","url":"https:\/\/www.piovan.com\/product\/slim-2011-2711-a\/","name":"Slim 2011-2711 - PiovanGroup","isPartOf":{"@id":"https:\/\/www.piovan.com\/#website"},"datePublished":"2021-12-05T14:18:07+00:00","dateModified":"2023-12-14T10:50:38+00:00","breadcrumb":{"@id":"https:\/\/www.piovan.com\/product\/slim-2011-2711-a\/#breadcrumb"},"inLanguage":"zh-CN","potentialAction":[{"@type":"ReadAction","target":["https:\/\/www.piovan.com\/product\/slim-2011-2711-a\/"]}]},{"@type":"BreadcrumbList","@id":"https:\/\/www.piovan.com\/product\/slim-2011-2711-a\/#breadcrumb","itemListElement":[{"@type":"ListItem","position":1,"name":"Home","item":"https:\/\/www.piovan.com\/"},{"@type":"ListItem","position":2,"name":"Industrial cooling","item":"https:\/\/www.piovan.com\/zh\/products\/industrial-cooling\/"},{"@type":"ListItem","position":3,"name":"Air-Cooled Chillers","item":"https:\/\/www.piovan.com\/zh\/products\/industrial-cooling\/air-cooled-chillers\/"},{"@type":"ListItem","position":4,"name":"Slim 2011-2711"}]},{"@type":"WebSite","@id":"https:\/\/www.piovan.com\/#website","url":"https:\/\/www.piovan.com\/","name":"PiovanGroup","description":"","publisher":{"@id":"https:\/\/www.piovan.com\/#organization"},"potentialAction":[{"@type":"SearchAction","target":{"@type":"EntryPoint","urlTemplate":"https:\/\/www.piovan.com\/?s={search_term_string}"},"query-input":"required name=search_term_string"}],"inLanguage":"zh-CN"},{"@type":"Organization","@id":"https:\/\/www.piovan.com\/#organization","name":"PiovanGroup","url":"https:\/\/www.piovan.com\/","logo":{"@type":"ImageObject","inLanguage":"zh-CN","@id":"https:\/\/www.piovan.com\/#\/schema\/logo\/image\/","url":"https:\/\/www.piovan.com\/wp-content\/uploads\/2021\/06\/logo@2x.png","contentUrl":"https:\/\/www.piovan.com\/wp-content\/uploads\/2021\/06\/logo@2x.png","width":489,"height":78,"caption":"PiovanGroup"},"image":{"@id":"https:\/\/www.piovan.com\/#\/schema\/logo\/image\/"}}]}},"_links":{"self":[{"href":"https:\/\/www.piovan.com\/zh\/wp-json\/wp\/v2\/product\/6017"}],"collection":[{"href":"https:\/\/www.piovan.com\/zh\/wp-json\/wp\/v2\/product"}],"about":[{"href":"https:\/\/www.piovan.com\/zh\/wp-json\/wp\/v2\/types\/product"}],"version-history":[{"count":1,"href":"https:\/\/www.piovan.com\/zh\/wp-json\/wp\/v2\/product\/6017\/revisions"}],"predecessor-version":[{"id":11228,"href":"https:\/\/www.piovan.com\/zh\/wp-json\/wp\/v2\/product\/6017\/revisions\/11228"}],"wp:featuredmedia":[{"embeddable":true,"href":"https:\/\/www.piovan.com\/zh\/wp-json\/wp\/v2\/media\/11083"}],"wp:attachment":[{"href":"https:\/\/www.piovan.com\/zh\/wp-json\/wp\/v2\/media?parent=6017"}],"wp:term":[{"taxonomy":"post_tag","embeddable":true,"href":"https:\/\/www.piovan.com\/zh\/wp-json\/wp\/v2\/tags?post=6017"}],"curies":[{"name":"wp","href":"https:\/\/api.w.org\/{rel}","templated":true}]}}