{"id":6010,"date":"2021-12-05T15:18:07","date_gmt":"2021-12-05T14:18:07","guid":{"rendered":"http:\/\/188.166.2.129\/product\/easycool-2\/"},"modified":"2023-12-14T08:29:28","modified_gmt":"2023-12-14T07:29:28","slug":"easycool-sa","status":"publish","type":"product","link":"https:\/\/www.piovan.com\/zh\/product\/easycool-sa\/","title":{"rendered":"Easycool"},"content":{"rendered":"<div data-no-dynamic-translation=\"\">\n<p>Easycool\u7cfb\u5217\u51b7\u6c34\u673a\u4e0d\u53d7\u5468\u56f4\u73af\u5883\u7684\u5f71\u54cd\uff0c\u53ef\u7a33\u5b9a\u4ea7\u751f\u4f4e\u6e29\u51b7\u5374\u6c34\u3002\u8be5\u7cfb\u5217\u4ea7 \u54c1\u9002\u7528\u4e8e\u5404\u79cd\u5de5\u827a\u9886\u57df\uff0c\u80fd\u591f\u786e\u4fdd\u6700\u5927\u7684\u5e94\u7528\u7075\u6d3b\u6027\uff0c\u6700\u9ad8\u7684\u80fd\u6e90\u6548\u7387\u4ee5\u53ca \u53ef\u9760\u6027\u3002<\/p>\n<p>\u9009\u9879:<br>\n\u2022 \u51b7\u5374\u63a7\u5236\u9600\uff0c\u5728\u8f83\u4f4e\u51b7\u5374\u6c34\u6e29\u5ea6\u65f6\u4f18\u5316\u8fd0\u884c<br>\n\u2022 \u4e32\u884c\u63a5\u53e3\uff0c\u53ef\u4e0e\u767e\u65faWinFactory\u8f6f\u4ef6\u8fde\u63a5<br \/>\n\u2022 \u9ad8\u6548\u6362\u70ed\u5668\uff1a\u4e0d\u9508\u94a2\u677f\u5f0f\u84b8\u53d1\u5668<br \/>\n\u2022 \u5927\u51b7\u91cf\u8bbe\u8ba1\uff1a\u5236\u51b7\u91cf\u589e\u5927\u81f3583kW<br>\n\u2022 \u9ad8\u90e8\u5206\u8d1f\u8377\u6548\u7387\uff1a\u56db\u53f0\u6da1\u65cb\u538b\u7f29\u673a\u8bbe\u8ba1<br \/>\n\u2022 \u7d27\u51d1\u578b\u8bbe\u8ba1\uff1a\u5360\u5730\u9762\u79ef\u5c0f\uff0c\u8282\u7701\u7a7a\u95f4<br>\n\u2022 \u7075\u6d3b\u5e94\u7528\uff1a\u51b7\u5374\u6c34\u6e29\u5ea6\u572817\u2103\u523040\u2103\u4e4b\u95f4\uff1b\u9002\u5408\u5ba4\u5185\u5b89\u88c5<br>\n\u2022 \u964d\u4f4e\u80fd\u8017\u548c\u566a\u97f3\uff1a\u6da1\u65cb\u5f0f\u538b\u7f29\u673a<br \/>\n\u2022 \u7a33\u5065\u6027\u8bbe\u8ba1\uff1a\u58f3\u7ba1\u5f0f\u51b7\u51dd\u5668\u4e3a\u9ad8\u8d1f\u8377\u8bbe\u8ba1\uff0c\u5185\u90e8\u7ed3\u6784\u9632\u9707\u52a8<\/p>\n<\/div>","protected":false},"featured_media":11177,"template":"","tags":[168],"acf":[],"yoast_head":"<title>Easycool - \u767e\u65fa\u96c6\u56e2<\/title>\n<meta name=\"robots\" content=\"index, follow, max-snippet:-1, max-image-preview:large, max-video-preview:-1\" \/>\n<link rel=\"canonical\" href=\"https:\/\/www.piovan.com\/zh\/product\/easycool-sa\/\" \/>\n<meta property=\"og:locale\" content=\"zh_CN\" \/>\n<meta property=\"og:type\" content=\"article\" \/>\n<meta property=\"og:title\" content=\"Easycool - PiovanGroup\" \/>\n<meta property=\"og:description\" content=\"Los Chillers de la serie Easycool con condensaci\u00f3n por aire proporcionan baja temperatura del agua independientemente de las condiciones ambientales. La gama fue proyectada para atender cualquier requisito de aplicaci\u00f3n industrial, que necesite de enfriamiento preciso, desde pe-que\u00f1as hasta grandes capacidades de producci\u00f3n. Caracterizadas por la elevada flexibilidad de las capacidades de refrigeraci\u00f3n desde 138.000 a 450.000 kCal\/h, un proyecto simple, s\u00f3lido y extremadamente fiable. \u2022 Utiliza compresores scroll con evaporadores de placa y v\u00e1lvula de expansi\u00f3n electr\u00f3nica, generando una [&hellip;]\" \/>\n<meta property=\"og:url\" content=\"https:\/\/www.piovan.com\/zh\/product\/easycool-sa\/\" \/>\n<meta property=\"og:site_name\" content=\"PiovanGroup\" \/>\n<meta property=\"article:modified_time\" content=\"2023-12-14T07:29:28+00:00\" \/>\n<meta property=\"og:image\" content=\"https:\/\/www.piovan.com\/wp-content\/uploads\/0032_Easycool.png\" \/>\n\t<meta property=\"og:image:width\" content=\"1200\" \/>\n\t<meta property=\"og:image:height\" content=\"1560\" \/>\n\t<meta property=\"og:image:type\" content=\"image\/png\" \/>\n<meta name=\"twitter:card\" content=\"summary_large_image\" \/>\n<script type=\"application\/ld+json\" class=\"yoast-schema-graph\">{\"@context\":\"https:\/\/schema.org\",\"@graph\":[{\"@type\":\"WebPage\",\"@id\":\"https:\/\/www.piovan.com\/product\/easycool-sa\/\",\"url\":\"https:\/\/www.piovan.com\/product\/easycool-sa\/\",\"name\":\"Easycool - PiovanGroup\",\"isPartOf\":{\"@id\":\"https:\/\/www.piovan.com\/#website\"},\"datePublished\":\"2021-12-05T14:18:07+00:00\",\"dateModified\":\"2023-12-14T07:29:28+00:00\",\"breadcrumb\":{\"@id\":\"https:\/\/www.piovan.com\/product\/easycool-sa\/#breadcrumb\"},\"inLanguage\":\"zh-CN\",\"potentialAction\":[{\"@type\":\"ReadAction\",\"target\":[\"https:\/\/www.piovan.com\/product\/easycool-sa\/\"]}]},{\"@type\":\"BreadcrumbList\",\"@id\":\"https:\/\/www.piovan.com\/product\/easycool-sa\/#breadcrumb\",\"itemListElement\":[{\"@type\":\"ListItem\",\"position\":1,\"name\":\"Home\",\"item\":\"https:\/\/www.piovan.com\/\"},{\"@type\":\"ListItem\",\"position\":2,\"name\":\"Industrial cooling\",\"item\":\"https:\/\/www.piovan.com\/zh\/products\/industrial-cooling\/\"},{\"@type\":\"ListItem\",\"position\":3,\"name\":\"Air-Cooled Chillers\",\"item\":\"https:\/\/www.piovan.com\/zh\/products\/industrial-cooling\/air-cooled-chillers\/\"},{\"@type\":\"ListItem\",\"position\":4,\"name\":\"Easycool\"}]},{\"@type\":\"WebSite\",\"@id\":\"https:\/\/www.piovan.com\/#website\",\"url\":\"https:\/\/www.piovan.com\/\",\"name\":\"PiovanGroup\",\"description\":\"\",\"publisher\":{\"@id\":\"https:\/\/www.piovan.com\/#organization\"},\"potentialAction\":[{\"@type\":\"SearchAction\",\"target\":{\"@type\":\"EntryPoint\",\"urlTemplate\":\"https:\/\/www.piovan.com\/?s={search_term_string}\"},\"query-input\":\"required name=search_term_string\"}],\"inLanguage\":\"zh-CN\"},{\"@type\":\"Organization\",\"@id\":\"https:\/\/www.piovan.com\/#organization\",\"name\":\"PiovanGroup\",\"url\":\"https:\/\/www.piovan.com\/\",\"logo\":{\"@type\":\"ImageObject\",\"inLanguage\":\"zh-CN\",\"@id\":\"https:\/\/www.piovan.com\/#\/schema\/logo\/image\/\",\"url\":\"https:\/\/www.piovan.com\/wp-content\/uploads\/2021\/06\/logo@2x.png\",\"contentUrl\":\"https:\/\/www.piovan.com\/wp-content\/uploads\/2021\/06\/logo@2x.png\",\"width\":489,\"height\":78,\"caption\":\"PiovanGroup\"},\"image\":{\"@id\":\"https:\/\/www.piovan.com\/#\/schema\/logo\/image\/\"}}]}<\/script>","yoast_head_json":{"title":"Easycool - \u767e\u65fa\u96c6\u56e2","robots":{"index":"index","follow":"follow","max-snippet":"max-snippet:-1","max-image-preview":"max-image-preview:large","max-video-preview":"max-video-preview:-1"},"canonical":"https:\/\/www.piovan.com\/zh\/product\/easycool-sa\/","og_locale":"zh_CN","og_type":"article","og_title":"Easycool - PiovanGroup","og_description":"Los Chillers de la serie Easycool con condensaci\u00f3n por aire proporcionan baja temperatura del agua independientemente de las condiciones ambientales. La gama fue proyectada para atender cualquier requisito de aplicaci\u00f3n industrial, que necesite de enfriamiento preciso, desde pe-que\u00f1as hasta grandes capacidades de producci\u00f3n. Caracterizadas por la elevada flexibilidad de las capacidades de refrigeraci\u00f3n desde 138.000 a 450.000 kCal\/h, un proyecto simple, s\u00f3lido y extremadamente fiable. \u2022 Utiliza compresores scroll con evaporadores de placa y v\u00e1lvula de expansi\u00f3n electr\u00f3nica, generando una [&hellip;]","og_url":"https:\/\/www.piovan.com\/zh\/product\/easycool-sa\/","og_site_name":"PiovanGroup","article_modified_time":"2023-12-14T07:29:28+00:00","og_image":[{"width":1200,"height":1560,"url":"https:\/\/www.piovan.com\/wp-content\/uploads\/0032_Easycool.png","type":"image\/png"}],"twitter_card":"summary_large_image","schema":{"@context":"https:\/\/schema.org","@graph":[{"@type":"WebPage","@id":"https:\/\/www.piovan.com\/product\/easycool-sa\/","url":"https:\/\/www.piovan.com\/product\/easycool-sa\/","name":"Easycool - PiovanGroup","isPartOf":{"@id":"https:\/\/www.piovan.com\/#website"},"datePublished":"2021-12-05T14:18:07+00:00","dateModified":"2023-12-14T07:29:28+00:00","breadcrumb":{"@id":"https:\/\/www.piovan.com\/product\/easycool-sa\/#breadcrumb"},"inLanguage":"zh-CN","potentialAction":[{"@type":"ReadAction","target":["https:\/\/www.piovan.com\/product\/easycool-sa\/"]}]},{"@type":"BreadcrumbList","@id":"https:\/\/www.piovan.com\/product\/easycool-sa\/#breadcrumb","itemListElement":[{"@type":"ListItem","position":1,"name":"Home","item":"https:\/\/www.piovan.com\/"},{"@type":"ListItem","position":2,"name":"Industrial cooling","item":"https:\/\/www.piovan.com\/zh\/products\/industrial-cooling\/"},{"@type":"ListItem","position":3,"name":"Air-Cooled Chillers","item":"https:\/\/www.piovan.com\/zh\/products\/industrial-cooling\/air-cooled-chillers\/"},{"@type":"ListItem","position":4,"name":"Easycool"}]},{"@type":"WebSite","@id":"https:\/\/www.piovan.com\/#website","url":"https:\/\/www.piovan.com\/","name":"PiovanGroup","description":"","publisher":{"@id":"https:\/\/www.piovan.com\/#organization"},"potentialAction":[{"@type":"SearchAction","target":{"@type":"EntryPoint","urlTemplate":"https:\/\/www.piovan.com\/?s={search_term_string}"},"query-input":"required name=search_term_string"}],"inLanguage":"zh-CN"},{"@type":"Organization","@id":"https:\/\/www.piovan.com\/#organization","name":"PiovanGroup","url":"https:\/\/www.piovan.com\/","logo":{"@type":"ImageObject","inLanguage":"zh-CN","@id":"https:\/\/www.piovan.com\/#\/schema\/logo\/image\/","url":"https:\/\/www.piovan.com\/wp-content\/uploads\/2021\/06\/logo@2x.png","contentUrl":"https:\/\/www.piovan.com\/wp-content\/uploads\/2021\/06\/logo@2x.png","width":489,"height":78,"caption":"PiovanGroup"},"image":{"@id":"https:\/\/www.piovan.com\/#\/schema\/logo\/image\/"}}]}},"_links":{"self":[{"href":"https:\/\/www.piovan.com\/zh\/wp-json\/wp\/v2\/product\/6010"}],"collection":[{"href":"https:\/\/www.piovan.com\/zh\/wp-json\/wp\/v2\/product"}],"about":[{"href":"https:\/\/www.piovan.com\/zh\/wp-json\/wp\/v2\/types\/product"}],"version-history":[{"count":1,"href":"https:\/\/www.piovan.com\/zh\/wp-json\/wp\/v2\/product\/6010\/revisions"}],"predecessor-version":[{"id":11180,"href":"https:\/\/www.piovan.com\/zh\/wp-json\/wp\/v2\/product\/6010\/revisions\/11180"}],"wp:featuredmedia":[{"embeddable":true,"href":"https:\/\/www.piovan.com\/zh\/wp-json\/wp\/v2\/media\/11177"}],"wp:attachment":[{"href":"https:\/\/www.piovan.com\/zh\/wp-json\/wp\/v2\/media?parent=6010"}],"wp:term":[{"taxonomy":"post_tag","embeddable":true,"href":"https:\/\/www.piovan.com\/zh\/wp-json\/wp\/v2\/tags?post=6010"}],"curies":[{"name":"wp","href":"https:\/\/api.w.org\/{rel}","templated":true}]}}