{"id":5112,"date":"2021-11-11T17:51:02","date_gmt":"2021-11-11T16:51:02","guid":{"rendered":"https:\/\/www.piovan.com\/product\/b-s30-2\/"},"modified":"2024-10-07T10:23:01","modified_gmt":"2024-10-07T08:23:01","slug":"t-nt","status":"publish","type":"product","link":"https:\/\/www.piovan.com\/zh\/product\/t-nt\/","title":{"rendered":"T | NT"},"content":{"rendered":"<p>\u7c89\u788e\u673a\u670912\u4e2a\u6807\u51c6\u578b\u53f7\u548c70\u591a\u4e2a\u7248\u672c\u53ef\u4ee5\u5f88\u597d\u7684\u4e3a\u6324\u51fa\u548c\u70ed\u6210\u578b\u884c\u4e1a\u7684\u751f\u4ea7\u5e9f\u6599\u505a\u7c89\u788e\u5904\u7406\u3002\u4e0d\u540c\u7684\u9a71\u52a8\u88c5\u7f6e\u9002\u7528\u4e8e\u8282\u7701\u80fd\u6e90\u6216\u8005\u9ad8\u5207\u5272\u7387\u3002\u5feb\u5f00\u4e14\u4fbf\u4e8e\u6e05\u6d01\u3002<BR>\n<BR>\n\u578b\u53f7:<BR>\n\u2022 N40-70-T; N40-90-T; N40-120-T<BR>\n\u2022 N45-100-T; N45-160-T<BR>\n\u2022 S60-100-T; S60-160T<BR>\n\u2022 NT25-91<BR>\n\u2022 NT35-120; NT35-140; NT35-160<\/p>\n<p>\u5207\u5272\u8154: \u00f8 450 mm; \u00f8 475 mm; \u00f8 500 mm<BR>\n<BR>\n\u6280\u672f\u53c2\u6570:<BR>\n\u2022 \u8bbe\u8ba1\u7528\u4e8e\u6709\u6548\u7c89\u788e\u70ed\u6210\u578b\u7247\u6750\u548c\u70ed\u6210\u578b\u4e0d\u826f\u54c1\u3002<BR>\n\u2022 \u4e5f\u9002\u7528\u4e8e\u70ed\u6210\u578b\u74f6\u76d6<BR>\n\u2022 12\u4e2a\u57fa\u672c\u578b\u53f7,70\u591a\u4e2a\u7248\u672c\u3002<BR>\n\u2022 \u6709\u5728\u7ebf\u548c\u975e\u5728\u7ebf\u4e24\u79cd\u7c89\u788e\u578b\u53f7<BR>\n\u2022 \u4e0d\u540c\u7684\u7535\u673a\u9002\u7528\u4e8e\u8282\u80fd\u6216\u9ad8\u5207\u5272\u7387<BR>\n\u2022 \u5feb\u901f\u5f00\u542f\u548c\u6613\u4e8e\u6e05\u6d17\u3002<BR>\n<BR>\n\u8bbe\u8ba1\u7528\u4e8e:<BR>\n\u2022 \u70ed\u6210\u578b\u7247\u6750<\/p>","protected":false},"featured_media":13604,"template":"","tags":[108],"acf":[],"yoast_head":"<title>T | NT - \u767e\u65fa\u96c6\u56e2<\/title>\n<meta name=\"robots\" content=\"index, follow, max-snippet:-1, max-image-preview:large, max-video-preview:-1\" \/>\n<link rel=\"canonical\" href=\"https:\/\/www.piovan.com\/zh\/product\/t-nt\/\" \/>\n<meta property=\"og:locale\" content=\"zh_CN\" \/>\n<meta property=\"og:type\" content=\"article\" \/>\n<meta property=\"og:title\" content=\"T | NT - PiovanGroup\" \/>\n<meta property=\"og:description\" content=\"T and NT series are specifically designed for efficient reduction of thermoforming sheet, lids and scrap. The granulators can be integrated in the thermoforming line for in-line or off-line granulation according to customer\u2019s request. A wide range of motor size are available for the best balance between energy saving and cutting capacity.\" \/>\n<meta property=\"og:url\" content=\"https:\/\/www.piovan.com\/zh\/product\/t-nt\/\" \/>\n<meta property=\"og:site_name\" content=\"PiovanGroup\" \/>\n<meta property=\"article:modified_time\" content=\"2024-10-07T08:23:01+00:00\" \/>\n<meta property=\"og:image\" content=\"https:\/\/www.piovan.com\/wp-content\/uploads\/T-NT.png\" \/>\n\t<meta property=\"og:image:width\" content=\"1200\" \/>\n\t<meta property=\"og:image:height\" content=\"1560\" \/>\n\t<meta property=\"og:image:type\" content=\"image\/png\" \/>\n<meta name=\"twitter:card\" content=\"summary_large_image\" \/>\n<script type=\"application\/ld+json\" class=\"yoast-schema-graph\">{\"@context\":\"https:\/\/schema.org\",\"@graph\":[{\"@type\":\"WebPage\",\"@id\":\"https:\/\/www.piovan.com\/product\/t-nt\/\",\"url\":\"https:\/\/www.piovan.com\/product\/t-nt\/\",\"name\":\"T | NT - PiovanGroup\",\"isPartOf\":{\"@id\":\"https:\/\/www.piovan.com\/#website\"},\"datePublished\":\"2021-11-11T16:51:02+00:00\",\"dateModified\":\"2024-10-07T08:23:01+00:00\",\"breadcrumb\":{\"@id\":\"https:\/\/www.piovan.com\/product\/t-nt\/#breadcrumb\"},\"inLanguage\":\"zh-CN\",\"potentialAction\":[{\"@type\":\"ReadAction\",\"target\":[\"https:\/\/www.piovan.com\/product\/t-nt\/\"]}]},{\"@type\":\"BreadcrumbList\",\"@id\":\"https:\/\/www.piovan.com\/product\/t-nt\/#breadcrumb\",\"itemListElement\":[{\"@type\":\"ListItem\",\"position\":1,\"name\":\"Home\",\"item\":\"https:\/\/www.piovan.com\/\"},{\"@type\":\"ListItem\",\"position\":2,\"name\":\"Plastic\",\"item\":\"https:\/\/www.piovan.com\/zh\/products\/plastic\/\"},{\"@type\":\"ListItem\",\"position\":3,\"name\":\"Granulation\",\"item\":\"https:\/\/www.piovan.com\/zh\/products\/plastic\/granulation\/\"},{\"@type\":\"ListItem\",\"position\":4,\"name\":\"T | NT\"}]},{\"@type\":\"WebSite\",\"@id\":\"https:\/\/www.piovan.com\/#website\",\"url\":\"https:\/\/www.piovan.com\/\",\"name\":\"PiovanGroup\",\"description\":\"\",\"publisher\":{\"@id\":\"https:\/\/www.piovan.com\/#organization\"},\"potentialAction\":[{\"@type\":\"SearchAction\",\"target\":{\"@type\":\"EntryPoint\",\"urlTemplate\":\"https:\/\/www.piovan.com\/?s={search_term_string}\"},\"query-input\":\"required name=search_term_string\"}],\"inLanguage\":\"zh-CN\"},{\"@type\":\"Organization\",\"@id\":\"https:\/\/www.piovan.com\/#organization\",\"name\":\"PiovanGroup\",\"url\":\"https:\/\/www.piovan.com\/\",\"logo\":{\"@type\":\"ImageObject\",\"inLanguage\":\"zh-CN\",\"@id\":\"https:\/\/www.piovan.com\/#\/schema\/logo\/image\/\",\"url\":\"https:\/\/www.piovan.com\/wp-content\/uploads\/2021\/06\/logo@2x.png\",\"contentUrl\":\"https:\/\/www.piovan.com\/wp-content\/uploads\/2021\/06\/logo@2x.png\",\"width\":489,\"height\":78,\"caption\":\"PiovanGroup\"},\"image\":{\"@id\":\"https:\/\/www.piovan.com\/#\/schema\/logo\/image\/\"}}]}<\/script>","yoast_head_json":{"title":"T | NT - \u767e\u65fa\u96c6\u56e2","robots":{"index":"index","follow":"follow","max-snippet":"max-snippet:-1","max-image-preview":"max-image-preview:large","max-video-preview":"max-video-preview:-1"},"canonical":"https:\/\/www.piovan.com\/zh\/product\/t-nt\/","og_locale":"zh_CN","og_type":"article","og_title":"T | NT - PiovanGroup","og_description":"T and NT series are specifically designed for efficient reduction of thermoforming sheet, lids and scrap. The granulators can be integrated in the thermoforming line for in-line or off-line granulation according to customer\u2019s request. A wide range of motor size are available for the best balance between energy saving and cutting capacity.","og_url":"https:\/\/www.piovan.com\/zh\/product\/t-nt\/","og_site_name":"PiovanGroup","article_modified_time":"2024-10-07T08:23:01+00:00","og_image":[{"width":1200,"height":1560,"url":"https:\/\/www.piovan.com\/wp-content\/uploads\/T-NT.png","type":"image\/png"}],"twitter_card":"summary_large_image","schema":{"@context":"https:\/\/schema.org","@graph":[{"@type":"WebPage","@id":"https:\/\/www.piovan.com\/product\/t-nt\/","url":"https:\/\/www.piovan.com\/product\/t-nt\/","name":"T | NT - PiovanGroup","isPartOf":{"@id":"https:\/\/www.piovan.com\/#website"},"datePublished":"2021-11-11T16:51:02+00:00","dateModified":"2024-10-07T08:23:01+00:00","breadcrumb":{"@id":"https:\/\/www.piovan.com\/product\/t-nt\/#breadcrumb"},"inLanguage":"zh-CN","potentialAction":[{"@type":"ReadAction","target":["https:\/\/www.piovan.com\/product\/t-nt\/"]}]},{"@type":"BreadcrumbList","@id":"https:\/\/www.piovan.com\/product\/t-nt\/#breadcrumb","itemListElement":[{"@type":"ListItem","position":1,"name":"Home","item":"https:\/\/www.piovan.com\/"},{"@type":"ListItem","position":2,"name":"Plastic","item":"https:\/\/www.piovan.com\/zh\/products\/plastic\/"},{"@type":"ListItem","position":3,"name":"Granulation","item":"https:\/\/www.piovan.com\/zh\/products\/plastic\/granulation\/"},{"@type":"ListItem","position":4,"name":"T | NT"}]},{"@type":"WebSite","@id":"https:\/\/www.piovan.com\/#website","url":"https:\/\/www.piovan.com\/","name":"PiovanGroup","description":"","publisher":{"@id":"https:\/\/www.piovan.com\/#organization"},"potentialAction":[{"@type":"SearchAction","target":{"@type":"EntryPoint","urlTemplate":"https:\/\/www.piovan.com\/?s={search_term_string}"},"query-input":"required name=search_term_string"}],"inLanguage":"zh-CN"},{"@type":"Organization","@id":"https:\/\/www.piovan.com\/#organization","name":"PiovanGroup","url":"https:\/\/www.piovan.com\/","logo":{"@type":"ImageObject","inLanguage":"zh-CN","@id":"https:\/\/www.piovan.com\/#\/schema\/logo\/image\/","url":"https:\/\/www.piovan.com\/wp-content\/uploads\/2021\/06\/logo@2x.png","contentUrl":"https:\/\/www.piovan.com\/wp-content\/uploads\/2021\/06\/logo@2x.png","width":489,"height":78,"caption":"PiovanGroup"},"image":{"@id":"https:\/\/www.piovan.com\/#\/schema\/logo\/image\/"}}]}},"_links":{"self":[{"href":"https:\/\/www.piovan.com\/zh\/wp-json\/wp\/v2\/product\/5112"}],"collection":[{"href":"https:\/\/www.piovan.com\/zh\/wp-json\/wp\/v2\/product"}],"about":[{"href":"https:\/\/www.piovan.com\/zh\/wp-json\/wp\/v2\/types\/product"}],"version-history":[{"count":2,"href":"https:\/\/www.piovan.com\/zh\/wp-json\/wp\/v2\/product\/5112\/revisions"}],"predecessor-version":[{"id":13370,"href":"https:\/\/www.piovan.com\/zh\/wp-json\/wp\/v2\/product\/5112\/revisions\/13370"}],"wp:featuredmedia":[{"embeddable":true,"href":"https:\/\/www.piovan.com\/zh\/wp-json\/wp\/v2\/media\/13604"}],"wp:attachment":[{"href":"https:\/\/www.piovan.com\/zh\/wp-json\/wp\/v2\/media?parent=5112"}],"wp:term":[{"taxonomy":"post_tag","embeddable":true,"href":"https:\/\/www.piovan.com\/zh\/wp-json\/wp\/v2\/tags?post=5112"}],"curies":[{"name":"wp","href":"https:\/\/api.w.org\/{rel}","templated":true}]}}