{"id":4734,"date":"2021-11-08T15:15:33","date_gmt":"2021-11-08T14:15:33","guid":{"rendered":"https:\/\/www.piovan.com\/?post_type=product&#038;p=4734"},"modified":"2024-08-07T07:13:26","modified_gmt":"2024-08-07T05:13:26","slug":"mdw-150-sa","status":"publish","type":"product","link":"https:\/\/www.piovan.com\/zh\/product\/mdw-150-sa\/","title":{"rendered":"MDW 150"},"content":{"rendered":"<p>O MDW 150 \u00e9 uma unidade dosadora gravim\u00e9trica equipada com guilhotina pneum\u00e1tica ou rosca dosadora. Dosa at\u00e9 6 tipos de materiais granulados. Com capacidade nominal de at\u00e9 150 kg\/h, este dosador \u00e9 ideal para ser aplicado a processos de inje\u00e7\u00e3o, sopro e extrus\u00e3o.<\/p>\n<p>\u2022 Esta\u00e7\u00f5es de dosagem modulares permitem alta flexibilidade<br \/>\n\u2022 O misturador e o projeto especial do agitador proporcionam uma mistura homog\u00eanea, sem fluxos preferenciais e estagna\u00e7\u00e3o de material, mesmo em materiais cr\u00edticos como flakes<br \/>\n\u2022 Utiliza c\u00e9lula de carga de alta resolu\u00e7\u00e3o que imuniza o sistema das vibra\u00e7\u00f5es causadas pela m\u00e1quina transformadora<br \/>\n\u2022 Painel touch screen colorido com tela de 8,5\u2019<\/p>","protected":false},"featured_media":5341,"template":"","tags":[108],"acf":[],"yoast_head":"<title>MDW 150 - PiovanGroup<\/title>\n<meta name=\"robots\" content=\"index, follow, max-snippet:-1, max-image-preview:large, max-video-preview:-1\" \/>\n<link rel=\"canonical\" href=\"https:\/\/www.piovan.com\/zh\/product\/mdw-150-sa\/\" \/>\n<meta property=\"og:locale\" content=\"zh_CN\" \/>\n<meta property=\"og:type\" content=\"article\" \/>\n<meta property=\"og:title\" content=\"MDW 150 - PiovanGroup\" \/>\n<meta property=\"og:description\" content=\"O MDW 150 \u00e9 uma unidade dosadora gravim\u00e9trica equipada com guilhotina pneum\u00e1tica ou rosca dosadora. Dosa at\u00e9 6 tipos de materiais granulados. Com capacidade nominal de at\u00e9 150 kg\/h, este dosador \u00e9 ideal para ser aplicado a processos de inje\u00e7\u00e3o, sopro e extrus\u00e3o. \u2022 Esta\u00e7\u00f5es de dosagem modulares permitem alta flexibilidade \u2022 O misturador e o projeto especial do agitador proporcionam uma mistura homog\u00eanea, sem fluxos preferenciais e estagna\u00e7\u00e3o de material, mesmo em materiais cr\u00edticos como flakes \u2022 Utiliza c\u00e9lula [&hellip;]\" \/>\n<meta property=\"og:url\" content=\"https:\/\/www.piovan.com\/zh\/product\/mdw-150-sa\/\" \/>\n<meta property=\"og:site_name\" content=\"PiovanGroup\" \/>\n<meta property=\"article:modified_time\" content=\"2024-08-07T05:13:26+00:00\" \/>\n<meta property=\"og:image\" content=\"https:\/\/www.piovan.com\/wp-content\/uploads\/Product_1200x1560px_0010_MDW_150-1.png\" \/>\n\t<meta property=\"og:image:width\" content=\"1200\" \/>\n\t<meta property=\"og:image:height\" content=\"1560\" \/>\n\t<meta property=\"og:image:type\" content=\"image\/png\" \/>\n<meta name=\"twitter:card\" content=\"summary_large_image\" \/>\n<script type=\"application\/ld+json\" class=\"yoast-schema-graph\">{\"@context\":\"https:\/\/schema.org\",\"@graph\":[{\"@type\":\"WebPage\",\"@id\":\"https:\/\/www.piovan.com\/product\/mdw-150-sa\/\",\"url\":\"https:\/\/www.piovan.com\/product\/mdw-150-sa\/\",\"name\":\"MDW 150 - PiovanGroup\",\"isPartOf\":{\"@id\":\"https:\/\/www.piovan.com\/#website\"},\"datePublished\":\"2021-11-08T14:15:33+00:00\",\"dateModified\":\"2024-08-07T05:13:26+00:00\",\"breadcrumb\":{\"@id\":\"https:\/\/www.piovan.com\/product\/mdw-150-sa\/#breadcrumb\"},\"inLanguage\":\"zh-CN\",\"potentialAction\":[{\"@type\":\"ReadAction\",\"target\":[\"https:\/\/www.piovan.com\/product\/mdw-150-sa\/\"]}]},{\"@type\":\"BreadcrumbList\",\"@id\":\"https:\/\/www.piovan.com\/product\/mdw-150-sa\/#breadcrumb\",\"itemListElement\":[{\"@type\":\"ListItem\",\"position\":1,\"name\":\"Home\",\"item\":\"https:\/\/www.piovan.com\/\"},{\"@type\":\"ListItem\",\"position\":2,\"name\":\"Plastic\",\"item\":\"https:\/\/www.piovan.com\/zh\/products\/plastic\/\"},{\"@type\":\"ListItem\",\"position\":3,\"name\":\"Dosing &amp; Blending\",\"item\":\"https:\/\/www.piovan.com\/zh\/products\/plastic\/dosing-blending\/\"},{\"@type\":\"ListItem\",\"position\":4,\"name\":\"MDW 150\"}]},{\"@type\":\"WebSite\",\"@id\":\"https:\/\/www.piovan.com\/#website\",\"url\":\"https:\/\/www.piovan.com\/\",\"name\":\"PiovanGroup\",\"description\":\"\",\"publisher\":{\"@id\":\"https:\/\/www.piovan.com\/#organization\"},\"potentialAction\":[{\"@type\":\"SearchAction\",\"target\":{\"@type\":\"EntryPoint\",\"urlTemplate\":\"https:\/\/www.piovan.com\/?s={search_term_string}\"},\"query-input\":\"required name=search_term_string\"}],\"inLanguage\":\"zh-CN\"},{\"@type\":\"Organization\",\"@id\":\"https:\/\/www.piovan.com\/#organization\",\"name\":\"PiovanGroup\",\"url\":\"https:\/\/www.piovan.com\/\",\"logo\":{\"@type\":\"ImageObject\",\"inLanguage\":\"zh-CN\",\"@id\":\"https:\/\/www.piovan.com\/#\/schema\/logo\/image\/\",\"url\":\"https:\/\/www.piovan.com\/wp-content\/uploads\/2021\/06\/logo@2x.png\",\"contentUrl\":\"https:\/\/www.piovan.com\/wp-content\/uploads\/2021\/06\/logo@2x.png\",\"width\":489,\"height\":78,\"caption\":\"PiovanGroup\"},\"image\":{\"@id\":\"https:\/\/www.piovan.com\/#\/schema\/logo\/image\/\"}}]}<\/script>","yoast_head_json":{"title":"MDW 150 - PiovanGroup","robots":{"index":"index","follow":"follow","max-snippet":"max-snippet:-1","max-image-preview":"max-image-preview:large","max-video-preview":"max-video-preview:-1"},"canonical":"https:\/\/www.piovan.com\/zh\/product\/mdw-150-sa\/","og_locale":"zh_CN","og_type":"article","og_title":"MDW 150 - PiovanGroup","og_description":"O MDW 150 \u00e9 uma unidade dosadora gravim\u00e9trica equipada com guilhotina pneum\u00e1tica ou rosca dosadora. Dosa at\u00e9 6 tipos de materiais granulados. Com capacidade nominal de at\u00e9 150 kg\/h, este dosador \u00e9 ideal para ser aplicado a processos de inje\u00e7\u00e3o, sopro e extrus\u00e3o. \u2022 Esta\u00e7\u00f5es de dosagem modulares permitem alta flexibilidade \u2022 O misturador e o projeto especial do agitador proporcionam uma mistura homog\u00eanea, sem fluxos preferenciais e estagna\u00e7\u00e3o de material, mesmo em materiais cr\u00edticos como flakes \u2022 Utiliza c\u00e9lula [&hellip;]","og_url":"https:\/\/www.piovan.com\/zh\/product\/mdw-150-sa\/","og_site_name":"PiovanGroup","article_modified_time":"2024-08-07T05:13:26+00:00","og_image":[{"width":1200,"height":1560,"url":"https:\/\/www.piovan.com\/wp-content\/uploads\/Product_1200x1560px_0010_MDW_150-1.png","type":"image\/png"}],"twitter_card":"summary_large_image","schema":{"@context":"https:\/\/schema.org","@graph":[{"@type":"WebPage","@id":"https:\/\/www.piovan.com\/product\/mdw-150-sa\/","url":"https:\/\/www.piovan.com\/product\/mdw-150-sa\/","name":"MDW 150 - PiovanGroup","isPartOf":{"@id":"https:\/\/www.piovan.com\/#website"},"datePublished":"2021-11-08T14:15:33+00:00","dateModified":"2024-08-07T05:13:26+00:00","breadcrumb":{"@id":"https:\/\/www.piovan.com\/product\/mdw-150-sa\/#breadcrumb"},"inLanguage":"zh-CN","potentialAction":[{"@type":"ReadAction","target":["https:\/\/www.piovan.com\/product\/mdw-150-sa\/"]}]},{"@type":"BreadcrumbList","@id":"https:\/\/www.piovan.com\/product\/mdw-150-sa\/#breadcrumb","itemListElement":[{"@type":"ListItem","position":1,"name":"Home","item":"https:\/\/www.piovan.com\/"},{"@type":"ListItem","position":2,"name":"Plastic","item":"https:\/\/www.piovan.com\/zh\/products\/plastic\/"},{"@type":"ListItem","position":3,"name":"Dosing &amp; Blending","item":"https:\/\/www.piovan.com\/zh\/products\/plastic\/dosing-blending\/"},{"@type":"ListItem","position":4,"name":"MDW 150"}]},{"@type":"WebSite","@id":"https:\/\/www.piovan.com\/#website","url":"https:\/\/www.piovan.com\/","name":"PiovanGroup","description":"","publisher":{"@id":"https:\/\/www.piovan.com\/#organization"},"potentialAction":[{"@type":"SearchAction","target":{"@type":"EntryPoint","urlTemplate":"https:\/\/www.piovan.com\/?s={search_term_string}"},"query-input":"required name=search_term_string"}],"inLanguage":"zh-CN"},{"@type":"Organization","@id":"https:\/\/www.piovan.com\/#organization","name":"PiovanGroup","url":"https:\/\/www.piovan.com\/","logo":{"@type":"ImageObject","inLanguage":"zh-CN","@id":"https:\/\/www.piovan.com\/#\/schema\/logo\/image\/","url":"https:\/\/www.piovan.com\/wp-content\/uploads\/2021\/06\/logo@2x.png","contentUrl":"https:\/\/www.piovan.com\/wp-content\/uploads\/2021\/06\/logo@2x.png","width":489,"height":78,"caption":"PiovanGroup"},"image":{"@id":"https:\/\/www.piovan.com\/#\/schema\/logo\/image\/"}}]}},"_links":{"self":[{"href":"https:\/\/www.piovan.com\/zh\/wp-json\/wp\/v2\/product\/4734"}],"collection":[{"href":"https:\/\/www.piovan.com\/zh\/wp-json\/wp\/v2\/product"}],"about":[{"href":"https:\/\/www.piovan.com\/zh\/wp-json\/wp\/v2\/types\/product"}],"version-history":[{"count":1,"href":"https:\/\/www.piovan.com\/zh\/wp-json\/wp\/v2\/product\/4734\/revisions"}],"predecessor-version":[{"id":12752,"href":"https:\/\/www.piovan.com\/zh\/wp-json\/wp\/v2\/product\/4734\/revisions\/12752"}],"wp:featuredmedia":[{"embeddable":true,"href":"https:\/\/www.piovan.com\/zh\/wp-json\/wp\/v2\/media\/5341"}],"wp:attachment":[{"href":"https:\/\/www.piovan.com\/zh\/wp-json\/wp\/v2\/media?parent=4734"}],"wp:term":[{"taxonomy":"post_tag","embeddable":true,"href":"https:\/\/www.piovan.com\/zh\/wp-json\/wp\/v2\/tags?post=4734"}],"curies":[{"name":"wp","href":"https:\/\/api.w.org\/{rel}","templated":true}]}}