{"id":9861,"date":"2021-05-03T17:33:06","date_gmt":"2021-05-03T15:33:06","guid":{"rendered":"https:\/\/www.piovan.com\/?post_type=product&#038;p=9861"},"modified":"2024-07-09T11:32:39","modified_gmt":"2024-07-09T09:32:39","slug":"blendo-adroit","status":"publish","type":"product","link":"https:\/\/www.piovan.com\/tr\/product\/blendo-adroit\/","title":{"rendered":"Blendo Adroit"},"content":{"rendered":"<p>Blendo Adroit, y\u00fcksek dozaj hassasiyeti ve katk\u0131 maddelerinin homojen da\u011f\u0131l\u0131m\u0131n\u0131n temel gereklilikler oldu\u011fu ekstr\u00fczyon i\u015flemleri i\u00e7in ideal \u00e7\u00f6z\u00fcmd\u00fcr.<\/p>\n<p>Dozaj \u00fcnitelerinin \u00f6zel tasar\u0131m\u0131 ve y\u00fcksek \u00e7\u00f6z\u00fcn\u00fcrl\u00fckl\u00fc elektronik y\u00fck h\u00fccrelerinin kullan\u0131m\u0131, d\u00fc\u015f\u00fck dozaj oranlar\u0131nda bile y\u00fcksek performans elde edilmesini sa\u011flar.<\/p>\n<p>E\u011fimli burgu vidal\u0131 dozaj \u00fcniteleri, do\u011frulu\u011fu art\u0131r\u0131r ve istenmeyen d\u00f6k\u00fclmeleri \u00f6nler.<\/p>\n<p>Burgu vidalar\u0131, geni\u015f bir d\u00f6n\u00fc\u015f aral\u0131\u011f\u0131na (1 ila 600 rpm) sahip do\u011frudan tahrikli (di\u015flisiz), f\u0131r\u00e7as\u0131z motorlar taraf\u0131ndan kontrol edilir.<\/p>\n<p>Kaskad kar\u0131\u015ft\u0131r\u0131c\u0131n\u0131n tasar\u0131m\u0131, tercihli ak\u0131\u015flar\u0131n olu\u015fumunu \u00f6nleyerek, farkl\u0131 y\u0131\u011f\u0131n yo\u011funluklar\u0131na sahip malzemelerde bile m\u00fckemmel homojenlik sa\u011flar.<\/p>\n<p>Maksimum 200, 400, 800 ve 1300 kg\/s kapasiteli 4 boyutta ve \u0131s\u0131t\u0131lm\u0131\u015f malzemelerin dozajlanmas\u0131 i\u00e7in HT (y\u00fcksek s\u0131cakl\u0131k) versiyonu da mevcuttur.<\/p>","protected":false},"featured_media":12424,"template":"","tags":[48],"acf":[],"yoast_head":"<title>Blendo Adroit - PiovanGroup<\/title>\n<meta name=\"robots\" content=\"index, follow, max-snippet:-1, max-image-preview:large, max-video-preview:-1\" \/>\n<link rel=\"canonical\" href=\"https:\/\/www.piovan.com\/tr\/product\/blendo-adroit\/\" \/>\n<meta property=\"og:locale\" content=\"tr_TR\" \/>\n<meta property=\"og:type\" content=\"article\" \/>\n<meta property=\"og:title\" content=\"Blendo Adroit - PiovanGroup\" \/>\n<meta property=\"og:description\" content=\"Blendo Adroit is the ideal solution for extrusion processes where high dosing accuracy and a homogeneous dispersion of additives are fundamental requirements. The special design of the dosing units and the use of high-resolution electronic load cells allow to achieve high performance even at low dosage rates. Dosing units with inclined auger screws, improve the accuracy and prevent undesired spillovers. Auger screws are controlled by direct-drive (gearless), brushless motors with a wide rotation range (1 to 600 rpm). The design [&hellip;]\" \/>\n<meta property=\"og:url\" content=\"https:\/\/www.piovan.com\/tr\/product\/blendo-adroit\/\" \/>\n<meta property=\"og:site_name\" content=\"PiovanGroup\" \/>\n<meta property=\"article:modified_time\" content=\"2024-07-09T09:32:39+00:00\" \/>\n<meta property=\"og:image\" content=\"https:\/\/www.piovan.com\/wp-content\/uploads\/Blendo-Adroit-2.png\" \/>\n\t<meta property=\"og:image:width\" content=\"1200\" \/>\n\t<meta property=\"og:image:height\" content=\"1560\" \/>\n\t<meta property=\"og:image:type\" content=\"image\/png\" \/>\n<meta name=\"twitter:card\" content=\"summary_large_image\" \/>\n<script type=\"application\/ld+json\" class=\"yoast-schema-graph\">{\"@context\":\"https:\/\/schema.org\",\"@graph\":[{\"@type\":\"WebPage\",\"@id\":\"https:\/\/www.piovan.com\/product\/blendo-adroit\/\",\"url\":\"https:\/\/www.piovan.com\/product\/blendo-adroit\/\",\"name\":\"Blendo Adroit - PiovanGroup\",\"isPartOf\":{\"@id\":\"https:\/\/www.piovan.com\/#website\"},\"datePublished\":\"2021-05-03T15:33:06+00:00\",\"dateModified\":\"2024-07-09T09:32:39+00:00\",\"breadcrumb\":{\"@id\":\"https:\/\/www.piovan.com\/product\/blendo-adroit\/#breadcrumb\"},\"inLanguage\":\"tr\",\"potentialAction\":[{\"@type\":\"ReadAction\",\"target\":[\"https:\/\/www.piovan.com\/product\/blendo-adroit\/\"]}]},{\"@type\":\"BreadcrumbList\",\"@id\":\"https:\/\/www.piovan.com\/product\/blendo-adroit\/#breadcrumb\",\"itemListElement\":[{\"@type\":\"ListItem\",\"position\":1,\"name\":\"Home\",\"item\":\"https:\/\/www.piovan.com\/\"},{\"@type\":\"ListItem\",\"position\":2,\"name\":\"Plastic\",\"item\":\"https:\/\/www.piovan.com\/tr\/products\/plastic\/\"},{\"@type\":\"ListItem\",\"position\":3,\"name\":\"Dosing &amp; Blending\",\"item\":\"https:\/\/www.piovan.com\/tr\/products\/plastic\/dosing-blending\/\"},{\"@type\":\"ListItem\",\"position\":4,\"name\":\"Blendo Adroit\"}]},{\"@type\":\"WebSite\",\"@id\":\"https:\/\/www.piovan.com\/#website\",\"url\":\"https:\/\/www.piovan.com\/\",\"name\":\"PiovanGroup\",\"description\":\"\",\"publisher\":{\"@id\":\"https:\/\/www.piovan.com\/#organization\"},\"potentialAction\":[{\"@type\":\"SearchAction\",\"target\":{\"@type\":\"EntryPoint\",\"urlTemplate\":\"https:\/\/www.piovan.com\/?s={search_term_string}\"},\"query-input\":\"required name=search_term_string\"}],\"inLanguage\":\"tr\"},{\"@type\":\"Organization\",\"@id\":\"https:\/\/www.piovan.com\/#organization\",\"name\":\"PiovanGroup\",\"url\":\"https:\/\/www.piovan.com\/\",\"logo\":{\"@type\":\"ImageObject\",\"inLanguage\":\"tr\",\"@id\":\"https:\/\/www.piovan.com\/#\/schema\/logo\/image\/\",\"url\":\"https:\/\/www.piovan.com\/wp-content\/uploads\/2021\/06\/logo@2x.png\",\"contentUrl\":\"https:\/\/www.piovan.com\/wp-content\/uploads\/2021\/06\/logo@2x.png\",\"width\":489,\"height\":78,\"caption\":\"PiovanGroup\"},\"image\":{\"@id\":\"https:\/\/www.piovan.com\/#\/schema\/logo\/image\/\"}}]}<\/script>","yoast_head_json":{"title":"Blendo Adroit - PiovanGroup","robots":{"index":"index","follow":"follow","max-snippet":"max-snippet:-1","max-image-preview":"max-image-preview:large","max-video-preview":"max-video-preview:-1"},"canonical":"https:\/\/www.piovan.com\/tr\/product\/blendo-adroit\/","og_locale":"tr_TR","og_type":"article","og_title":"Blendo Adroit - PiovanGroup","og_description":"Blendo Adroit is the ideal solution for extrusion processes where high dosing accuracy and a homogeneous dispersion of additives are fundamental requirements. The special design of the dosing units and the use of high-resolution electronic load cells allow to achieve high performance even at low dosage rates. Dosing units with inclined auger screws, improve the accuracy and prevent undesired spillovers. Auger screws are controlled by direct-drive (gearless), brushless motors with a wide rotation range (1 to 600 rpm). The design [&hellip;]","og_url":"https:\/\/www.piovan.com\/tr\/product\/blendo-adroit\/","og_site_name":"PiovanGroup","article_modified_time":"2024-07-09T09:32:39+00:00","og_image":[{"width":1200,"height":1560,"url":"https:\/\/www.piovan.com\/wp-content\/uploads\/Blendo-Adroit-2.png","type":"image\/png"}],"twitter_card":"summary_large_image","schema":{"@context":"https:\/\/schema.org","@graph":[{"@type":"WebPage","@id":"https:\/\/www.piovan.com\/product\/blendo-adroit\/","url":"https:\/\/www.piovan.com\/product\/blendo-adroit\/","name":"Blendo Adroit - PiovanGroup","isPartOf":{"@id":"https:\/\/www.piovan.com\/#website"},"datePublished":"2021-05-03T15:33:06+00:00","dateModified":"2024-07-09T09:32:39+00:00","breadcrumb":{"@id":"https:\/\/www.piovan.com\/product\/blendo-adroit\/#breadcrumb"},"inLanguage":"tr","potentialAction":[{"@type":"ReadAction","target":["https:\/\/www.piovan.com\/product\/blendo-adroit\/"]}]},{"@type":"BreadcrumbList","@id":"https:\/\/www.piovan.com\/product\/blendo-adroit\/#breadcrumb","itemListElement":[{"@type":"ListItem","position":1,"name":"Home","item":"https:\/\/www.piovan.com\/"},{"@type":"ListItem","position":2,"name":"Plastic","item":"https:\/\/www.piovan.com\/tr\/products\/plastic\/"},{"@type":"ListItem","position":3,"name":"Dosing &amp; Blending","item":"https:\/\/www.piovan.com\/tr\/products\/plastic\/dosing-blending\/"},{"@type":"ListItem","position":4,"name":"Blendo Adroit"}]},{"@type":"WebSite","@id":"https:\/\/www.piovan.com\/#website","url":"https:\/\/www.piovan.com\/","name":"PiovanGroup","description":"","publisher":{"@id":"https:\/\/www.piovan.com\/#organization"},"potentialAction":[{"@type":"SearchAction","target":{"@type":"EntryPoint","urlTemplate":"https:\/\/www.piovan.com\/?s={search_term_string}"},"query-input":"required name=search_term_string"}],"inLanguage":"tr"},{"@type":"Organization","@id":"https:\/\/www.piovan.com\/#organization","name":"PiovanGroup","url":"https:\/\/www.piovan.com\/","logo":{"@type":"ImageObject","inLanguage":"tr","@id":"https:\/\/www.piovan.com\/#\/schema\/logo\/image\/","url":"https:\/\/www.piovan.com\/wp-content\/uploads\/2021\/06\/logo@2x.png","contentUrl":"https:\/\/www.piovan.com\/wp-content\/uploads\/2021\/06\/logo@2x.png","width":489,"height":78,"caption":"PiovanGroup"},"image":{"@id":"https:\/\/www.piovan.com\/#\/schema\/logo\/image\/"}}]}},"_links":{"self":[{"href":"https:\/\/www.piovan.com\/tr\/wp-json\/wp\/v2\/product\/9861"}],"collection":[{"href":"https:\/\/www.piovan.com\/tr\/wp-json\/wp\/v2\/product"}],"about":[{"href":"https:\/\/www.piovan.com\/tr\/wp-json\/wp\/v2\/types\/product"}],"version-history":[{"count":3,"href":"https:\/\/www.piovan.com\/tr\/wp-json\/wp\/v2\/product\/9861\/revisions"}],"predecessor-version":[{"id":12619,"href":"https:\/\/www.piovan.com\/tr\/wp-json\/wp\/v2\/product\/9861\/revisions\/12619"}],"wp:featuredmedia":[{"embeddable":true,"href":"https:\/\/www.piovan.com\/tr\/wp-json\/wp\/v2\/media\/12424"}],"wp:attachment":[{"href":"https:\/\/www.piovan.com\/tr\/wp-json\/wp\/v2\/media?parent=9861"}],"wp:term":[{"taxonomy":"post_tag","embeddable":true,"href":"https:\/\/www.piovan.com\/tr\/wp-json\/wp\/v2\/tags?post=9861"}],"curies":[{"name":"wp","href":"https:\/\/api.w.org\/{rel}","templated":true}]}}