{"id":6040,"date":"2021-12-05T15:18:23","date_gmt":"2021-12-05T14:18:23","guid":{"rendered":"http:\/\/188.166.2.129\/product\/aquaflow\/"},"modified":"2023-12-13T16:12:07","modified_gmt":"2023-12-13T15:12:07","slug":"aquaflow_piovan-china","status":"publish","type":"product","link":"https:\/\/www.piovan.com\/tr\/product\/aquaflow_piovan-china\/","title":{"rendered":"Aquaflow"},"content":{"rendered":"<p>Aquaflow, end\u00fcstriyel prosesler taraf\u0131ndan gerekli olan t\u00fcm ak\u0131\u015f oranlar\u0131n\u0131 ve bas\u0131n\u00e7lar\u0131 kapsayacak \u015fekilde tasarlanan Aquatech'in su ar\u0131tma gruplar\u0131n\u0131n yeni aral\u0131\u011f\u0131d\u0131r.<br \/>\nK\u0131smi y\u00fcklerde en y\u00fcksek enerji tasarrufu sa\u011flamak i\u00e7in, pompalama grubunu bir invert\u00f6re yerle\u015ftirerek en \u00fcst d\u00fczeyde \u00f6zelle\u015ftirme ger\u00e7ekle\u015ftirilebilir. Performans ve g\u00fcvenilirli\u011fi art\u0131rmak i\u00e7in her grup \"bekleme\" pompas\u0131yla yap\u0131land\u0131r\u0131labilir.<br \/>\n\u00c7ok d\u00fc\u015f\u00fck enerji t\u00fcketimi, y\u00fcksek kaliteli \u00fcretim ve sa\u011flam yap\u0131, Aquaflow hatt\u0131n\u0131 kolay bak\u0131m, m\u00fckemmel do\u011fruluk ve uzun hizmet \u00f6mr\u00fc ile ideal bir vakumlama \u00e7\u00f6z\u00fcm\u00fc haline getirir.<\/p>\n<p><strong>Mod\u00fcler Dizayn<\/strong><br \/>\nAquaflow su pompalama gruplar\u0131, mod\u00fcler ve yenilik\u00e7i bir tasar\u0131m konseptiyle geli\u015ftirildi. Herhangi bir ak\u0131\u015f oran\u0131n\u0131 elde etmek ve s\u00fcrekli operasyonlar\u0131 garanti etmek i\u00e7in, iki veya daha fazla pompal\u0131 ya da tek ba\u015f\u0131na bir pompa olarak tedarik edilebilirler.<\/p>\n<p><strong>Farkl\u0131 bas\u0131n\u00e7 aral\u0131klar\u0131<\/strong><br \/>\n\u00dc\u00e7 bas\u0131n\u00e7 aral\u0131\u011f\u0131, her \u00e7al\u0131\u015fma ko\u015fulunu ve her \u00fcretim s\u00fcrecinin \u00f6zel gereksinimini kar\u015f\u0131lar.<br \/>\n\u2022 D\u00fc\u015f\u00fck bas\u0131n\u00e7 gruplar\u0131 [2 \u2013 3] bars<br \/>\n\u2022 Orta bas\u0131n\u00e7 gruplar\u0131 [3 \u2013 5] bars<br \/>\n\u2022 Y\u00fcksek bas\u0131n\u00e7 gruplar\u0131<\/p>\n<p>Her menzil i\u00e7in 10 farkl\u0131 tek pompa grubu mevcuttur.<\/p>\n<p><strong>\u0130nverter ekipman\u0131<\/strong><br \/>\nM\u00fc\u015fterinin ihtiyac\u0131na g\u00f6re Aquaflow, k\u0131smi y\u00fcklerde tutarl\u0131 \u00e7al\u0131\u015fma bas\u0131nc\u0131 ve enerji tasarrufu ile sistemin \u00e7al\u0131\u015fmas\u0131na izin veren en d\u00fc\u015f\u00fck enerji t\u00fcketiminde en iyi performans\u0131 garanti eden bir invert\u00f6re tedarik edilebilir.<\/p>\n<p><em>T\u00fcm Aquaflow \u00fcr\u00fcnleri, enerji kullan\u0131m\u0131 \u00fcr\u00fcnleri (EuP) hakk\u0131nda 2005\/32 \/ EC Avrupa Toplulu\u011fu Y\u00f6nergesi ve enerji ile ilgili \u00fcr\u00fcnlere ili\u015fkin 2009\/125 \/ EC say\u0131l\u0131 Y\u00f6nerge (EmP) taraf\u0131ndan belirlenen eko tasar\u0131m gereksinimlerine uygundur.<\/em><\/p>","protected":false},"featured_media":6082,"template":"","tags":[],"acf":[],"yoast_head":"<title>Aquaflow - PiovanGroup<\/title>\n<meta name=\"robots\" content=\"index, follow, max-snippet:-1, max-image-preview:large, max-video-preview:-1\" \/>\n<link rel=\"canonical\" href=\"https:\/\/www.piovan.com\/tr\/product\/aquaflow_piovan-china\/\" \/>\n<meta property=\"og:locale\" content=\"tr_TR\" \/>\n<meta property=\"og:type\" content=\"article\" \/>\n<meta property=\"og:title\" content=\"Aquaflow - PiovanGroup\" \/>\n<meta property=\"og:description\" content=\"Aquaflow is the new range of water pumping groups by Aquatech designed to cover all the flow rates and pressures required by the industrial processes. The utmost customization can be achieved by equipping the pumping group with an inverter to obtain the highest energy saving at partial loads. Any group can be configured with a \u201cstand-by\u201d pump, to increase performances and reliability. Very low energy consumptions, high-quality production, and robust structure make the Aquaflow line an ideal pumping solution, with [&hellip;]\" \/>\n<meta property=\"og:url\" content=\"https:\/\/www.piovan.com\/tr\/product\/aquaflow_piovan-china\/\" \/>\n<meta property=\"og:site_name\" content=\"PiovanGroup\" \/>\n<meta property=\"article:modified_time\" content=\"2023-12-13T15:12:07+00:00\" \/>\n<meta property=\"og:image\" content=\"https:\/\/www.piovan.com\/wp-content\/uploads\/1200x1560_Aquaflow.png\" \/>\n\t<meta property=\"og:image:width\" content=\"1200\" \/>\n\t<meta property=\"og:image:height\" content=\"1560\" \/>\n\t<meta property=\"og:image:type\" content=\"image\/png\" \/>\n<meta name=\"twitter:card\" content=\"summary_large_image\" \/>\n<script type=\"application\/ld+json\" class=\"yoast-schema-graph\">{\"@context\":\"https:\/\/schema.org\",\"@graph\":[{\"@type\":\"WebPage\",\"@id\":\"https:\/\/www.piovan.com\/product\/aquaflow_piovan-china\/\",\"url\":\"https:\/\/www.piovan.com\/product\/aquaflow_piovan-china\/\",\"name\":\"Aquaflow - PiovanGroup\",\"isPartOf\":{\"@id\":\"https:\/\/www.piovan.com\/#website\"},\"datePublished\":\"2021-12-05T14:18:23+00:00\",\"dateModified\":\"2023-12-13T15:12:07+00:00\",\"breadcrumb\":{\"@id\":\"https:\/\/www.piovan.com\/product\/aquaflow_piovan-china\/#breadcrumb\"},\"inLanguage\":\"tr\",\"potentialAction\":[{\"@type\":\"ReadAction\",\"target\":[\"https:\/\/www.piovan.com\/product\/aquaflow_piovan-china\/\"]}]},{\"@type\":\"BreadcrumbList\",\"@id\":\"https:\/\/www.piovan.com\/product\/aquaflow_piovan-china\/#breadcrumb\",\"itemListElement\":[{\"@type\":\"ListItem\",\"position\":1,\"name\":\"Home\",\"item\":\"https:\/\/www.piovan.com\/\"},{\"@type\":\"ListItem\",\"position\":2,\"name\":\"Industrial cooling\",\"item\":\"https:\/\/www.piovan.com\/tr\/products\/industrial-cooling\/\"},{\"@type\":\"ListItem\",\"position\":3,\"name\":\"Pump Stations\",\"item\":\"https:\/\/www.piovan.com\/tr\/products\/industrial-cooling\/pump-stations\/\"},{\"@type\":\"ListItem\",\"position\":4,\"name\":\"Aquaflow\"}]},{\"@type\":\"WebSite\",\"@id\":\"https:\/\/www.piovan.com\/#website\",\"url\":\"https:\/\/www.piovan.com\/\",\"name\":\"PiovanGroup\",\"description\":\"\",\"publisher\":{\"@id\":\"https:\/\/www.piovan.com\/#organization\"},\"potentialAction\":[{\"@type\":\"SearchAction\",\"target\":{\"@type\":\"EntryPoint\",\"urlTemplate\":\"https:\/\/www.piovan.com\/?s={search_term_string}\"},\"query-input\":\"required name=search_term_string\"}],\"inLanguage\":\"tr\"},{\"@type\":\"Organization\",\"@id\":\"https:\/\/www.piovan.com\/#organization\",\"name\":\"PiovanGroup\",\"url\":\"https:\/\/www.piovan.com\/\",\"logo\":{\"@type\":\"ImageObject\",\"inLanguage\":\"tr\",\"@id\":\"https:\/\/www.piovan.com\/#\/schema\/logo\/image\/\",\"url\":\"https:\/\/www.piovan.com\/wp-content\/uploads\/2021\/06\/logo@2x.png\",\"contentUrl\":\"https:\/\/www.piovan.com\/wp-content\/uploads\/2021\/06\/logo@2x.png\",\"width\":489,\"height\":78,\"caption\":\"PiovanGroup\"},\"image\":{\"@id\":\"https:\/\/www.piovan.com\/#\/schema\/logo\/image\/\"}}]}<\/script>","yoast_head_json":{"title":"Aquaflow - PiovanGroup","robots":{"index":"index","follow":"follow","max-snippet":"max-snippet:-1","max-image-preview":"max-image-preview:large","max-video-preview":"max-video-preview:-1"},"canonical":"https:\/\/www.piovan.com\/tr\/product\/aquaflow_piovan-china\/","og_locale":"tr_TR","og_type":"article","og_title":"Aquaflow - PiovanGroup","og_description":"Aquaflow is the new range of water pumping groups by Aquatech designed to cover all the flow rates and pressures required by the industrial processes. The utmost customization can be achieved by equipping the pumping group with an inverter to obtain the highest energy saving at partial loads. Any group can be configured with a \u201cstand-by\u201d pump, to increase performances and reliability. Very low energy consumptions, high-quality production, and robust structure make the Aquaflow line an ideal pumping solution, with [&hellip;]","og_url":"https:\/\/www.piovan.com\/tr\/product\/aquaflow_piovan-china\/","og_site_name":"PiovanGroup","article_modified_time":"2023-12-13T15:12:07+00:00","og_image":[{"width":1200,"height":1560,"url":"https:\/\/www.piovan.com\/wp-content\/uploads\/1200x1560_Aquaflow.png","type":"image\/png"}],"twitter_card":"summary_large_image","schema":{"@context":"https:\/\/schema.org","@graph":[{"@type":"WebPage","@id":"https:\/\/www.piovan.com\/product\/aquaflow_piovan-china\/","url":"https:\/\/www.piovan.com\/product\/aquaflow_piovan-china\/","name":"Aquaflow - PiovanGroup","isPartOf":{"@id":"https:\/\/www.piovan.com\/#website"},"datePublished":"2021-12-05T14:18:23+00:00","dateModified":"2023-12-13T15:12:07+00:00","breadcrumb":{"@id":"https:\/\/www.piovan.com\/product\/aquaflow_piovan-china\/#breadcrumb"},"inLanguage":"tr","potentialAction":[{"@type":"ReadAction","target":["https:\/\/www.piovan.com\/product\/aquaflow_piovan-china\/"]}]},{"@type":"BreadcrumbList","@id":"https:\/\/www.piovan.com\/product\/aquaflow_piovan-china\/#breadcrumb","itemListElement":[{"@type":"ListItem","position":1,"name":"Home","item":"https:\/\/www.piovan.com\/"},{"@type":"ListItem","position":2,"name":"Industrial cooling","item":"https:\/\/www.piovan.com\/tr\/products\/industrial-cooling\/"},{"@type":"ListItem","position":3,"name":"Pump Stations","item":"https:\/\/www.piovan.com\/tr\/products\/industrial-cooling\/pump-stations\/"},{"@type":"ListItem","position":4,"name":"Aquaflow"}]},{"@type":"WebSite","@id":"https:\/\/www.piovan.com\/#website","url":"https:\/\/www.piovan.com\/","name":"PiovanGroup","description":"","publisher":{"@id":"https:\/\/www.piovan.com\/#organization"},"potentialAction":[{"@type":"SearchAction","target":{"@type":"EntryPoint","urlTemplate":"https:\/\/www.piovan.com\/?s={search_term_string}"},"query-input":"required name=search_term_string"}],"inLanguage":"tr"},{"@type":"Organization","@id":"https:\/\/www.piovan.com\/#organization","name":"PiovanGroup","url":"https:\/\/www.piovan.com\/","logo":{"@type":"ImageObject","inLanguage":"tr","@id":"https:\/\/www.piovan.com\/#\/schema\/logo\/image\/","url":"https:\/\/www.piovan.com\/wp-content\/uploads\/2021\/06\/logo@2x.png","contentUrl":"https:\/\/www.piovan.com\/wp-content\/uploads\/2021\/06\/logo@2x.png","width":489,"height":78,"caption":"PiovanGroup"},"image":{"@id":"https:\/\/www.piovan.com\/#\/schema\/logo\/image\/"}}]}},"_links":{"self":[{"href":"https:\/\/www.piovan.com\/tr\/wp-json\/wp\/v2\/product\/6040"}],"collection":[{"href":"https:\/\/www.piovan.com\/tr\/wp-json\/wp\/v2\/product"}],"about":[{"href":"https:\/\/www.piovan.com\/tr\/wp-json\/wp\/v2\/types\/product"}],"version-history":[{"count":1,"href":"https:\/\/www.piovan.com\/tr\/wp-json\/wp\/v2\/product\/6040\/revisions"}],"predecessor-version":[{"id":11153,"href":"https:\/\/www.piovan.com\/tr\/wp-json\/wp\/v2\/product\/6040\/revisions\/11153"}],"wp:featuredmedia":[{"embeddable":true,"href":"https:\/\/www.piovan.com\/tr\/wp-json\/wp\/v2\/media\/6082"}],"wp:attachment":[{"href":"https:\/\/www.piovan.com\/tr\/wp-json\/wp\/v2\/media?parent=6040"}],"wp:term":[{"taxonomy":"post_tag","embeddable":true,"href":"https:\/\/www.piovan.com\/tr\/wp-json\/wp\/v2\/tags?post=6040"}],"curies":[{"name":"wp","href":"https:\/\/api.w.org\/{rel}","templated":true}]}}