{"id":6034,"date":"2021-12-05T15:18:23","date_gmt":"2021-12-05T14:18:23","guid":{"rendered":"http:\/\/188.166.2.129\/product\/easytherm-ep\/"},"modified":"2025-09-24T08:56:15","modified_gmt":"2025-09-24T06:56:15","slug":"easytherm-ep","status":"publish","type":"product","link":"https:\/\/www.piovan.com\/tr\/product\/easytherm-ep\/","title":{"rendered":"Easytherm EP"},"content":{"rendered":"<p class=\" translation-block\">Yeni i\u00e7 ve d\u0131\u015f d\u00fczen, yeniden tasarlanm\u0131\u015f ergonomik kontrol ve y\u00fcksek kaliteli bile\u015fenler,\ng\u00fcvenilirlik ve uzun vadeli performans garanti eden \u00e7ok y\u00f6nl\u00fc bir makineyi karakterize eder.\nEasytherm, 200 \u00b0C'ye kadar y\u00fcksek s\u0131cakl\u0131klarda \u00e7al\u0131\u015f\u0131r. Manyetik tahrikli pompalar veya Ak\u0131\u015f Is\u0131t\u0131c\u0131lar\u0131 gibi teknolojiler sayesinde maksimum g\u00fcvenilirlik sa\u011flan\u0131r.<\/p>\n<p>A new interior and exterior layout, redesigned ergonomic control, coupled with high-end components, characterise a versatile machine that guarantees<br \/>\nreliability and long term performances.<br \/>\nEasytherm operates at temperatures up to 200 \u00b0C HT. Maximum reliability<br \/>\nis assured thanks to technologies such as magnetic driven pumps or Flow Through Heaters.<\/p>\n<p>Geni\u015f 4,3\" TFT y\u00fcksek kontrastl\u0131 ekran, kolay okuma sa\u011flamak i\u00e7in e\u011fimlidir. Alt men\u00fclerde gezinme, kullan\u0131\u015fl\u0131 bir d\u00fc\u011fme ile y\u00f6netilir.<\/p>\n<p class=\" translation-block\">Easytherm, OPC-UA platformu dahil olmak \u00fczere \u00e7ok \u00e7e\u015fitli ileti\u015fim protokolleriyle End\u00fcstri 4.0 ortamlar\u0131nda kullan\u0131ma haz\u0131rd\u0131r ve Winfactory 4.0 uyumludur.<\/p>","protected":false},"featured_media":11133,"template":"","tags":[168],"acf":[],"yoast_head":"<title>Easytherm EP - PiovanGroup<\/title>\n<meta name=\"robots\" content=\"index, follow, max-snippet:-1, max-image-preview:large, max-video-preview:-1\" \/>\n<link rel=\"canonical\" href=\"https:\/\/www.piovan.com\/tr\/product\/easytherm-ep\/\" \/>\n<meta property=\"og:locale\" content=\"tr_TR\" \/>\n<meta property=\"og:type\" content=\"article\" \/>\n<meta property=\"og:title\" content=\"Easytherm EP - PiovanGroup\" \/>\n<meta property=\"og:description\" content=\"Easytherm is the new mould temperature control unit characterized by user- friendliness, flexibility and reliability, for injection and blow moulding and extrusion processes. A new interior and exterior layout, redesigned ergonomic control, coupled with high-end components, characterise a versatile machine that guarantees reliability and long term performances. Easytherm operates at temperatures up to 200 \u00b0C HT. Maximum reliability is assured thanks to technologies such as magnetic driven pumps or Flow Through Heaters. The large 4.3\u201d TFT high contrast display is [&hellip;]\" \/>\n<meta property=\"og:url\" content=\"https:\/\/www.piovan.com\/tr\/product\/easytherm-ep\/\" \/>\n<meta property=\"og:site_name\" content=\"PiovanGroup\" \/>\n<meta property=\"article:modified_time\" content=\"2025-09-24T06:56:15+00:00\" \/>\n<meta property=\"og:image\" content=\"https:\/\/www.piovan.com\/wp-content\/uploads\/0023_Easytherm-ETP.png\" \/>\n\t<meta property=\"og:image:width\" content=\"1200\" \/>\n\t<meta property=\"og:image:height\" content=\"1560\" \/>\n\t<meta property=\"og:image:type\" content=\"image\/png\" \/>\n<meta name=\"twitter:card\" content=\"summary_large_image\" \/>\n<script type=\"application\/ld+json\" class=\"yoast-schema-graph\">{\"@context\":\"https:\/\/schema.org\",\"@graph\":[{\"@type\":\"WebPage\",\"@id\":\"https:\/\/www.piovan.com\/product\/easytherm-ep\/\",\"url\":\"https:\/\/www.piovan.com\/product\/easytherm-ep\/\",\"name\":\"Easytherm EP - PiovanGroup\",\"isPartOf\":{\"@id\":\"https:\/\/www.piovan.com\/#website\"},\"datePublished\":\"2021-12-05T14:18:23+00:00\",\"dateModified\":\"2025-09-24T06:56:15+00:00\",\"breadcrumb\":{\"@id\":\"https:\/\/www.piovan.com\/product\/easytherm-ep\/#breadcrumb\"},\"inLanguage\":\"tr\",\"potentialAction\":[{\"@type\":\"ReadAction\",\"target\":[\"https:\/\/www.piovan.com\/product\/easytherm-ep\/\"]}]},{\"@type\":\"BreadcrumbList\",\"@id\":\"https:\/\/www.piovan.com\/product\/easytherm-ep\/#breadcrumb\",\"itemListElement\":[{\"@type\":\"ListItem\",\"position\":1,\"name\":\"Home\",\"item\":\"https:\/\/www.piovan.com\/\"},{\"@type\":\"ListItem\",\"position\":2,\"name\":\"Plastic\",\"item\":\"https:\/\/www.piovan.com\/tr\/products\/plastic\/\"},{\"@type\":\"ListItem\",\"position\":3,\"name\":\"Temperature Controllers\",\"item\":\"https:\/\/www.piovan.com\/tr\/products\/plastic\/temperature-controllers\/\"},{\"@type\":\"ListItem\",\"position\":4,\"name\":\"Easytherm EP\"}]},{\"@type\":\"WebSite\",\"@id\":\"https:\/\/www.piovan.com\/#website\",\"url\":\"https:\/\/www.piovan.com\/\",\"name\":\"PiovanGroup\",\"description\":\"\",\"publisher\":{\"@id\":\"https:\/\/www.piovan.com\/#organization\"},\"potentialAction\":[{\"@type\":\"SearchAction\",\"target\":{\"@type\":\"EntryPoint\",\"urlTemplate\":\"https:\/\/www.piovan.com\/?s={search_term_string}\"},\"query-input\":\"required name=search_term_string\"}],\"inLanguage\":\"tr\"},{\"@type\":\"Organization\",\"@id\":\"https:\/\/www.piovan.com\/#organization\",\"name\":\"PiovanGroup\",\"url\":\"https:\/\/www.piovan.com\/\",\"logo\":{\"@type\":\"ImageObject\",\"inLanguage\":\"tr\",\"@id\":\"https:\/\/www.piovan.com\/#\/schema\/logo\/image\/\",\"url\":\"https:\/\/www.piovan.com\/wp-content\/uploads\/2021\/06\/logo@2x.png\",\"contentUrl\":\"https:\/\/www.piovan.com\/wp-content\/uploads\/2021\/06\/logo@2x.png\",\"width\":489,\"height\":78,\"caption\":\"PiovanGroup\"},\"image\":{\"@id\":\"https:\/\/www.piovan.com\/#\/schema\/logo\/image\/\"}}]}<\/script>","yoast_head_json":{"title":"Easytherm EP - PiovanGroup","robots":{"index":"index","follow":"follow","max-snippet":"max-snippet:-1","max-image-preview":"max-image-preview:large","max-video-preview":"max-video-preview:-1"},"canonical":"https:\/\/www.piovan.com\/tr\/product\/easytherm-ep\/","og_locale":"tr_TR","og_type":"article","og_title":"Easytherm EP - PiovanGroup","og_description":"Easytherm is the new mould temperature control unit characterized by user- friendliness, flexibility and reliability, for injection and blow moulding and extrusion processes. A new interior and exterior layout, redesigned ergonomic control, coupled with high-end components, characterise a versatile machine that guarantees reliability and long term performances. Easytherm operates at temperatures up to 200 \u00b0C HT. Maximum reliability is assured thanks to technologies such as magnetic driven pumps or Flow Through Heaters. The large 4.3\u201d TFT high contrast display is [&hellip;]","og_url":"https:\/\/www.piovan.com\/tr\/product\/easytherm-ep\/","og_site_name":"PiovanGroup","article_modified_time":"2025-09-24T06:56:15+00:00","og_image":[{"width":1200,"height":1560,"url":"https:\/\/www.piovan.com\/wp-content\/uploads\/0023_Easytherm-ETP.png","type":"image\/png"}],"twitter_card":"summary_large_image","schema":{"@context":"https:\/\/schema.org","@graph":[{"@type":"WebPage","@id":"https:\/\/www.piovan.com\/product\/easytherm-ep\/","url":"https:\/\/www.piovan.com\/product\/easytherm-ep\/","name":"Easytherm EP - PiovanGroup","isPartOf":{"@id":"https:\/\/www.piovan.com\/#website"},"datePublished":"2021-12-05T14:18:23+00:00","dateModified":"2025-09-24T06:56:15+00:00","breadcrumb":{"@id":"https:\/\/www.piovan.com\/product\/easytherm-ep\/#breadcrumb"},"inLanguage":"tr","potentialAction":[{"@type":"ReadAction","target":["https:\/\/www.piovan.com\/product\/easytherm-ep\/"]}]},{"@type":"BreadcrumbList","@id":"https:\/\/www.piovan.com\/product\/easytherm-ep\/#breadcrumb","itemListElement":[{"@type":"ListItem","position":1,"name":"Home","item":"https:\/\/www.piovan.com\/"},{"@type":"ListItem","position":2,"name":"Plastic","item":"https:\/\/www.piovan.com\/tr\/products\/plastic\/"},{"@type":"ListItem","position":3,"name":"Temperature Controllers","item":"https:\/\/www.piovan.com\/tr\/products\/plastic\/temperature-controllers\/"},{"@type":"ListItem","position":4,"name":"Easytherm EP"}]},{"@type":"WebSite","@id":"https:\/\/www.piovan.com\/#website","url":"https:\/\/www.piovan.com\/","name":"PiovanGroup","description":"","publisher":{"@id":"https:\/\/www.piovan.com\/#organization"},"potentialAction":[{"@type":"SearchAction","target":{"@type":"EntryPoint","urlTemplate":"https:\/\/www.piovan.com\/?s={search_term_string}"},"query-input":"required name=search_term_string"}],"inLanguage":"tr"},{"@type":"Organization","@id":"https:\/\/www.piovan.com\/#organization","name":"PiovanGroup","url":"https:\/\/www.piovan.com\/","logo":{"@type":"ImageObject","inLanguage":"tr","@id":"https:\/\/www.piovan.com\/#\/schema\/logo\/image\/","url":"https:\/\/www.piovan.com\/wp-content\/uploads\/2021\/06\/logo@2x.png","contentUrl":"https:\/\/www.piovan.com\/wp-content\/uploads\/2021\/06\/logo@2x.png","width":489,"height":78,"caption":"PiovanGroup"},"image":{"@id":"https:\/\/www.piovan.com\/#\/schema\/logo\/image\/"}}]}},"_links":{"self":[{"href":"https:\/\/www.piovan.com\/tr\/wp-json\/wp\/v2\/product\/6034"}],"collection":[{"href":"https:\/\/www.piovan.com\/tr\/wp-json\/wp\/v2\/product"}],"about":[{"href":"https:\/\/www.piovan.com\/tr\/wp-json\/wp\/v2\/types\/product"}],"version-history":[{"count":3,"href":"https:\/\/www.piovan.com\/tr\/wp-json\/wp\/v2\/product\/6034\/revisions"}],"predecessor-version":[{"id":15662,"href":"https:\/\/www.piovan.com\/tr\/wp-json\/wp\/v2\/product\/6034\/revisions\/15662"}],"wp:featuredmedia":[{"embeddable":true,"href":"https:\/\/www.piovan.com\/tr\/wp-json\/wp\/v2\/media\/11133"}],"wp:attachment":[{"href":"https:\/\/www.piovan.com\/tr\/wp-json\/wp\/v2\/media?parent=6034"}],"wp:term":[{"taxonomy":"post_tag","embeddable":true,"href":"https:\/\/www.piovan.com\/tr\/wp-json\/wp\/v2\/tags?post=6034"}],"curies":[{"name":"wp","href":"https:\/\/api.w.org\/{rel}","templated":true}]}}