{"id":6033,"date":"2021-12-05T15:18:23","date_gmt":"2021-12-05T14:18:23","guid":{"rendered":"http:\/\/188.166.2.129\/product\/easytherm-ew\/"},"modified":"2025-02-26T16:30:41","modified_gmt":"2025-02-26T15:30:41","slug":"easytherm-ew","status":"publish","type":"product","link":"https:\/\/www.piovan.com\/tr\/product\/easytherm-ew\/","title":{"rendered":"Easytherm EW"},"content":{"rendered":"<p>Easytherm EW, enjeksiyon, \u015fi\u015firme ve ekstr\u00fczyon prosesleri i\u00e7in a\u00e7\u0131k sistem konfig\u00fcrasyonuna sahip proses s\u0131v\u0131s\u0131 olarak su kullanan yeni kal\u0131p \u015fartland\u0131r\u0131c\u0131 serisidir.<\/p>\n<p>Yeni bir i\u00e7 ve d\u0131\u015f d\u00fczen, yeniden tasarlanm\u0131\u015f ergonomik kontrol, \u00fcst d\u00fczey bile\u015fenlerle birle\u015fti\u011finde, g\u00fcvenilirli\u011fi ve uzun vadeli performans\u0131 garanti eden \u00e7ok y\u00f6nl\u00fc bir makineyi karakterize eder. Easytherm EW 90 \u00b0C'ye kadar s\u0131cakl\u0131klarda \u00e7al\u0131\u015fabilmektedir.<\/p>\n<p>Geni\u015f 4,3\" TFT y\u00fcksek kontrastl\u0131 ekran, kolay okuma sa\u011flamak i\u00e7in e\u011fimlidir. Alt men\u00fclerde gezinme, kullan\u0131\u015fl\u0131 bir d\u00fc\u011fme ile y\u00f6netilir.<\/p>\n<p>Easytherm EW, OPC-UA platformu da dahil olmak \u00fczere \u00e7ok \u00e7e\u015fitli ileti\u015fim protokolleri ile End\u00fcstri 4.0 ortamlar\u0131nda kullan\u0131lmak \u00fczere ayarlanm\u0131\u015ft\u0131r ve Winfactory 4.0'a haz\u0131rd\u0131r.\nTaleplerinize uygun farkl\u0131 kapasite ve s\u0131cakl\u0131kta \u00e7al\u0131\u015fan modeller i\u00e7in sat\u0131\u015f ekibimizle temasa ge\u00e7ebilirsiniz.<\/p>","protected":false},"featured_media":11130,"template":"","tags":[168],"acf":[],"yoast_head":"<title>Easytherm EW - PiovanGroup<\/title>\n<meta name=\"robots\" content=\"index, follow, max-snippet:-1, max-image-preview:large, max-video-preview:-1\" \/>\n<link rel=\"canonical\" href=\"https:\/\/www.piovan.com\/tr\/product\/easytherm-ew\/\" \/>\n<meta property=\"og:locale\" content=\"tr_TR\" \/>\n<meta property=\"og:type\" content=\"article\" \/>\n<meta property=\"og:title\" content=\"Easytherm EW - PiovanGroup\" \/>\n<meta property=\"og:description\" content=\"Easytherm EW is the new mould temperature series uses water as process fluid with an open system configuration, for injection, blow moulding and extrusion processes. A new interior and exterior layout, re\u00addesigned ergonomic control, coupled with high-end components, character\u00adise a versatile machine that guarantees reliability and long term performances. Easytherm EW operates at temperatures up to 90 \u00b0C. The large 4.3\u201d TFT high contrast display is tilted to ensure easy reading. Naviga\u00adtion in the sub menus is managed via a [&hellip;]\" \/>\n<meta property=\"og:url\" content=\"https:\/\/www.piovan.com\/tr\/product\/easytherm-ew\/\" \/>\n<meta property=\"og:site_name\" content=\"PiovanGroup\" \/>\n<meta property=\"article:modified_time\" content=\"2025-02-26T15:30:41+00:00\" \/>\n<meta property=\"og:image\" content=\"https:\/\/www.piovan.com\/wp-content\/uploads\/0021_Easytherm-Small-e-Medium.png\" \/>\n\t<meta property=\"og:image:width\" content=\"1200\" \/>\n\t<meta property=\"og:image:height\" content=\"1560\" \/>\n\t<meta property=\"og:image:type\" content=\"image\/png\" \/>\n<meta name=\"twitter:card\" content=\"summary_large_image\" \/>\n<script type=\"application\/ld+json\" class=\"yoast-schema-graph\">{\"@context\":\"https:\/\/schema.org\",\"@graph\":[{\"@type\":\"WebPage\",\"@id\":\"https:\/\/www.piovan.com\/product\/easytherm-ew\/\",\"url\":\"https:\/\/www.piovan.com\/product\/easytherm-ew\/\",\"name\":\"Easytherm EW - PiovanGroup\",\"isPartOf\":{\"@id\":\"https:\/\/www.piovan.com\/#website\"},\"datePublished\":\"2021-12-05T14:18:23+00:00\",\"dateModified\":\"2025-02-26T15:30:41+00:00\",\"breadcrumb\":{\"@id\":\"https:\/\/www.piovan.com\/product\/easytherm-ew\/#breadcrumb\"},\"inLanguage\":\"tr\",\"potentialAction\":[{\"@type\":\"ReadAction\",\"target\":[\"https:\/\/www.piovan.com\/product\/easytherm-ew\/\"]}]},{\"@type\":\"BreadcrumbList\",\"@id\":\"https:\/\/www.piovan.com\/product\/easytherm-ew\/#breadcrumb\",\"itemListElement\":[{\"@type\":\"ListItem\",\"position\":1,\"name\":\"Home\",\"item\":\"https:\/\/www.piovan.com\/\"},{\"@type\":\"ListItem\",\"position\":2,\"name\":\"Plastic\",\"item\":\"https:\/\/www.piovan.com\/tr\/products\/plastic\/\"},{\"@type\":\"ListItem\",\"position\":3,\"name\":\"Temperature Controllers\",\"item\":\"https:\/\/www.piovan.com\/tr\/products\/plastic\/temperature-controllers\/\"},{\"@type\":\"ListItem\",\"position\":4,\"name\":\"Easytherm EW\"}]},{\"@type\":\"WebSite\",\"@id\":\"https:\/\/www.piovan.com\/#website\",\"url\":\"https:\/\/www.piovan.com\/\",\"name\":\"PiovanGroup\",\"description\":\"\",\"publisher\":{\"@id\":\"https:\/\/www.piovan.com\/#organization\"},\"potentialAction\":[{\"@type\":\"SearchAction\",\"target\":{\"@type\":\"EntryPoint\",\"urlTemplate\":\"https:\/\/www.piovan.com\/?s={search_term_string}\"},\"query-input\":\"required name=search_term_string\"}],\"inLanguage\":\"tr\"},{\"@type\":\"Organization\",\"@id\":\"https:\/\/www.piovan.com\/#organization\",\"name\":\"PiovanGroup\",\"url\":\"https:\/\/www.piovan.com\/\",\"logo\":{\"@type\":\"ImageObject\",\"inLanguage\":\"tr\",\"@id\":\"https:\/\/www.piovan.com\/#\/schema\/logo\/image\/\",\"url\":\"https:\/\/www.piovan.com\/wp-content\/uploads\/2021\/06\/logo@2x.png\",\"contentUrl\":\"https:\/\/www.piovan.com\/wp-content\/uploads\/2021\/06\/logo@2x.png\",\"width\":489,\"height\":78,\"caption\":\"PiovanGroup\"},\"image\":{\"@id\":\"https:\/\/www.piovan.com\/#\/schema\/logo\/image\/\"}}]}<\/script>","yoast_head_json":{"title":"Easytherm EW - PiovanGroup","robots":{"index":"index","follow":"follow","max-snippet":"max-snippet:-1","max-image-preview":"max-image-preview:large","max-video-preview":"max-video-preview:-1"},"canonical":"https:\/\/www.piovan.com\/tr\/product\/easytherm-ew\/","og_locale":"tr_TR","og_type":"article","og_title":"Easytherm EW - PiovanGroup","og_description":"Easytherm EW is the new mould temperature series uses water as process fluid with an open system configuration, for injection, blow moulding and extrusion processes. A new interior and exterior layout, re\u00addesigned ergonomic control, coupled with high-end components, character\u00adise a versatile machine that guarantees reliability and long term performances. Easytherm EW operates at temperatures up to 90 \u00b0C. The large 4.3\u201d TFT high contrast display is tilted to ensure easy reading. Naviga\u00adtion in the sub menus is managed via a [&hellip;]","og_url":"https:\/\/www.piovan.com\/tr\/product\/easytherm-ew\/","og_site_name":"PiovanGroup","article_modified_time":"2025-02-26T15:30:41+00:00","og_image":[{"width":1200,"height":1560,"url":"https:\/\/www.piovan.com\/wp-content\/uploads\/0021_Easytherm-Small-e-Medium.png","type":"image\/png"}],"twitter_card":"summary_large_image","schema":{"@context":"https:\/\/schema.org","@graph":[{"@type":"WebPage","@id":"https:\/\/www.piovan.com\/product\/easytherm-ew\/","url":"https:\/\/www.piovan.com\/product\/easytherm-ew\/","name":"Easytherm EW - PiovanGroup","isPartOf":{"@id":"https:\/\/www.piovan.com\/#website"},"datePublished":"2021-12-05T14:18:23+00:00","dateModified":"2025-02-26T15:30:41+00:00","breadcrumb":{"@id":"https:\/\/www.piovan.com\/product\/easytherm-ew\/#breadcrumb"},"inLanguage":"tr","potentialAction":[{"@type":"ReadAction","target":["https:\/\/www.piovan.com\/product\/easytherm-ew\/"]}]},{"@type":"BreadcrumbList","@id":"https:\/\/www.piovan.com\/product\/easytherm-ew\/#breadcrumb","itemListElement":[{"@type":"ListItem","position":1,"name":"Home","item":"https:\/\/www.piovan.com\/"},{"@type":"ListItem","position":2,"name":"Plastic","item":"https:\/\/www.piovan.com\/tr\/products\/plastic\/"},{"@type":"ListItem","position":3,"name":"Temperature Controllers","item":"https:\/\/www.piovan.com\/tr\/products\/plastic\/temperature-controllers\/"},{"@type":"ListItem","position":4,"name":"Easytherm EW"}]},{"@type":"WebSite","@id":"https:\/\/www.piovan.com\/#website","url":"https:\/\/www.piovan.com\/","name":"PiovanGroup","description":"","publisher":{"@id":"https:\/\/www.piovan.com\/#organization"},"potentialAction":[{"@type":"SearchAction","target":{"@type":"EntryPoint","urlTemplate":"https:\/\/www.piovan.com\/?s={search_term_string}"},"query-input":"required name=search_term_string"}],"inLanguage":"tr"},{"@type":"Organization","@id":"https:\/\/www.piovan.com\/#organization","name":"PiovanGroup","url":"https:\/\/www.piovan.com\/","logo":{"@type":"ImageObject","inLanguage":"tr","@id":"https:\/\/www.piovan.com\/#\/schema\/logo\/image\/","url":"https:\/\/www.piovan.com\/wp-content\/uploads\/2021\/06\/logo@2x.png","contentUrl":"https:\/\/www.piovan.com\/wp-content\/uploads\/2021\/06\/logo@2x.png","width":489,"height":78,"caption":"PiovanGroup"},"image":{"@id":"https:\/\/www.piovan.com\/#\/schema\/logo\/image\/"}}]}},"_links":{"self":[{"href":"https:\/\/www.piovan.com\/tr\/wp-json\/wp\/v2\/product\/6033"}],"collection":[{"href":"https:\/\/www.piovan.com\/tr\/wp-json\/wp\/v2\/product"}],"about":[{"href":"https:\/\/www.piovan.com\/tr\/wp-json\/wp\/v2\/types\/product"}],"version-history":[{"count":3,"href":"https:\/\/www.piovan.com\/tr\/wp-json\/wp\/v2\/product\/6033\/revisions"}],"predecessor-version":[{"id":14570,"href":"https:\/\/www.piovan.com\/tr\/wp-json\/wp\/v2\/product\/6033\/revisions\/14570"}],"wp:featuredmedia":[{"embeddable":true,"href":"https:\/\/www.piovan.com\/tr\/wp-json\/wp\/v2\/media\/11130"}],"wp:attachment":[{"href":"https:\/\/www.piovan.com\/tr\/wp-json\/wp\/v2\/media?parent=6033"}],"wp:term":[{"taxonomy":"post_tag","embeddable":true,"href":"https:\/\/www.piovan.com\/tr\/wp-json\/wp\/v2\/tags?post=6033"}],"curies":[{"name":"wp","href":"https:\/\/api.w.org\/{rel}","templated":true}]}}