{"id":6031,"date":"2021-12-05T15:18:23","date_gmt":"2021-12-05T14:18:23","guid":{"rendered":"http:\/\/188.166.2.129\/product\/digitempevo\/"},"modified":"2023-12-13T15:07:08","modified_gmt":"2023-12-13T14:07:08","slug":"digitempevo_piovan-china","status":"publish","type":"product","link":"https:\/\/www.piovan.com\/tr\/product\/digitempevo_piovan-china\/","title":{"rendered":"Digitemp<em>Evo<\/em>"},"content":{"rendered":"<div data-no-dynamic-translation=\"\">\n<p class=\" translation-block\">Seri: 092 \u2013 162 \u2013 222 \u2013 382 \u2013 502<br>\nSo\u011futucu: R410A<br>\nSo\u011futma kapasitesi: 9 to 50 kW<br>\nIs\u0131tma kapasitesi: 6 to 36 kW<\/p>\n<p>DigitempEvo \u0131s\u0131tma ve \/ veya so\u011futma alan\u0131nda end\u00fcstriyel prosesler i\u00e7in geli\u015ftirilen yeni esnek bir \u00e7\u00f6z\u00fcmd\u00fcr. Bu \u00e7\u00f6z\u00fcm, s\u0131cakl\u0131k kontrol\u00fcn\u00fc ve serbest so\u011futma i\u015flevlerini, hassas su s\u0131cakl\u0131\u011f\u0131, bas\u0131n\u00e7 ve ak\u0131\u015f debisi sa\u011flayarak her \u00e7evrimde b\u00fct\u00fcnle\u015ftirmi\u015ftir.<\/p>\n<p>Geleneksel merkezi so\u011futma sistemi konsepti (so\u011futucu + TCU) yerini, DigitempEvo ile her kullan\u0131c\u0131ya serbest so\u011futma kapasitesi atayan ve yeni tan\u0131t\u0131lan Flexcool sistemlerine b\u0131rakm\u0131\u015ft\u0131r. Teknik \u00f6zellikleri ve geli\u015fmi\u015f tasar\u0131m\u0131 DigitempEvo\u2019ya y\u00fcksek perfonmans kazand\u0131r\u0131r ve onu her duruma uyumlu hale getirir.<\/p>\n<p>Teknik \u00d6zellikler:<br>\n\u2022 Dahili serbest so\u011futma<br>\n\u2022 Dijital sarmal kompress\u00f6r<br>\n\u2022 Lehimli plakalardan yap\u0131lm\u0131\u015f buharla\u015ft\u0131r\u0131c\u0131lar ve kondenser<br>\n\u2022 Orta ve y\u00fcksek bas\u0131n\u00e7 pompalar\u0131<br>\n\u2022 Ba\u011f\u0131ms\u0131z s\u0131cakl\u0131k kontrol\u00fc ile \u00e7ift \u00e7evrim<\/p>\n<p class=\" translation-block\"><strong>Yararlar:<\/strong><\/p>\n<p class=\" translation-block\">\u2022 Her \u00e7evrimde \u00e7ift pompa kontrol \u00fcnitesinin iki farkl\u0131 \u00e7al\u0131\u015fma s\u0131cakl\u0131\u011f\u0131na olanak sa\u011flamas\u0131 ile 5\u00b0C\u2019den 90\u00b0C\u2019ye kadar de\u011fi\u015fen su s\u0131cakl\u0131\u011f\u0131 ile esnek \u00e7al\u0131\u015fma sa\u011flama<br>\n\u2022 \u2019dan 0\u2019e kadar enerji de\u011fi\u015fimine olanak sa\u011flayan ve standart \u00fcnitelere g\u00f6re \u2019den fazla enerji tasarrufu yapan dijital sarmal kompres\u00f6rler<br>\n\u2022 Elektronik genle\u015fme genle\u015fme valfi, dijital sarmal, PLC kontrol\u00fc (+\/- 0.3\u00b0C y\u00fcksek hassasiyet) ile hassas s\u0131cakl\u0131k kontrol\u00fc<br>\n\u2022 Dahili serbest so\u011futma \u00f6zelli\u011fi ile daha az i\u015fleme maliyeti<br>\n\u2022 Y\u00fcksek verimli \u0131s\u0131 de\u011fi\u015fimi (AISI316 paslanmaz \u00e7elik kondenser ve buharla\u015ft\u0131r\u0131c\u0131lar ile)<br>\n\u2022 G\u00fcvenilirlik ve uzun \u00f6m\u00fcrl\u00fcl\u00fck<br>\n\u2022 Kompakt dizayn<br>\n\u2022 Kolay HMI kullan\u0131m\u0131<\/p>\n<\/div>","protected":false},"featured_media":6164,"template":"","tags":[],"acf":[],"yoast_head":"<title>DigitempEvo - PiovanGroup<\/title>\n<meta name=\"robots\" content=\"index, follow, max-snippet:-1, max-image-preview:large, max-video-preview:-1\" \/>\n<link rel=\"canonical\" href=\"https:\/\/www.piovan.com\/tr\/product\/digitempevo_piovan-china\/\" \/>\n<meta property=\"og:locale\" content=\"tr_TR\" \/>\n<meta property=\"og:type\" content=\"article\" \/>\n<meta property=\"og:title\" content=\"DigitempEvo - PiovanGroup\" \/>\n<meta property=\"og:description\" content=\"DigitempEvo is a thermochiller, that combines the functions of a temperature control unit and a water cooled chiller.The DigitempEvo has three running modes according to the boundary conditions: 1\u2014cooling: the machine works as a water cooled chiller; the internal refrigerant circuit and high efficiency scroll compressor are activated to produce the required cooling power. 2\u2014heating: the electrical heating elements are activated and the process water is heated up to 90\u00b0C so that the mould can reach the right working conditions. [&hellip;]\" \/>\n<meta property=\"og:url\" content=\"https:\/\/www.piovan.com\/tr\/product\/digitempevo_piovan-china\/\" \/>\n<meta property=\"og:site_name\" content=\"PiovanGroup\" \/>\n<meta property=\"article:modified_time\" content=\"2023-12-13T14:07:08+00:00\" \/>\n<meta property=\"og:image\" content=\"https:\/\/www.piovan.com\/wp-content\/uploads\/DigitempEVO_product_1200x1560.png\" \/>\n\t<meta property=\"og:image:width\" content=\"1200\" \/>\n\t<meta property=\"og:image:height\" content=\"1560\" \/>\n\t<meta property=\"og:image:type\" content=\"image\/png\" \/>\n<meta name=\"twitter:card\" content=\"summary_large_image\" \/>\n<script type=\"application\/ld+json\" class=\"yoast-schema-graph\">{\"@context\":\"https:\/\/schema.org\",\"@graph\":[{\"@type\":\"WebPage\",\"@id\":\"https:\/\/www.piovan.com\/product\/digitempevo_piovan-china\/\",\"url\":\"https:\/\/www.piovan.com\/product\/digitempevo_piovan-china\/\",\"name\":\"DigitempEvo - PiovanGroup\",\"isPartOf\":{\"@id\":\"https:\/\/www.piovan.com\/#website\"},\"datePublished\":\"2021-12-05T14:18:23+00:00\",\"dateModified\":\"2023-12-13T14:07:08+00:00\",\"breadcrumb\":{\"@id\":\"https:\/\/www.piovan.com\/product\/digitempevo_piovan-china\/#breadcrumb\"},\"inLanguage\":\"tr\",\"potentialAction\":[{\"@type\":\"ReadAction\",\"target\":[\"https:\/\/www.piovan.com\/product\/digitempevo_piovan-china\/\"]}]},{\"@type\":\"BreadcrumbList\",\"@id\":\"https:\/\/www.piovan.com\/product\/digitempevo_piovan-china\/#breadcrumb\",\"itemListElement\":[{\"@type\":\"ListItem\",\"position\":1,\"name\":\"Home\",\"item\":\"https:\/\/www.piovan.com\/\"},{\"@type\":\"ListItem\",\"position\":2,\"name\":\"Industrial cooling\",\"item\":\"https:\/\/www.piovan.com\/tr\/products\/industrial-cooling\/\"},{\"@type\":\"ListItem\",\"position\":3,\"name\":\"Machine-Side Chillers\",\"item\":\"https:\/\/www.piovan.com\/tr\/products\/industrial-cooling\/machine-side-chillers\/\"},{\"@type\":\"ListItem\",\"position\":4,\"name\":\"DigitempEvo\"}]},{\"@type\":\"WebSite\",\"@id\":\"https:\/\/www.piovan.com\/#website\",\"url\":\"https:\/\/www.piovan.com\/\",\"name\":\"PiovanGroup\",\"description\":\"\",\"publisher\":{\"@id\":\"https:\/\/www.piovan.com\/#organization\"},\"potentialAction\":[{\"@type\":\"SearchAction\",\"target\":{\"@type\":\"EntryPoint\",\"urlTemplate\":\"https:\/\/www.piovan.com\/?s={search_term_string}\"},\"query-input\":\"required name=search_term_string\"}],\"inLanguage\":\"tr\"},{\"@type\":\"Organization\",\"@id\":\"https:\/\/www.piovan.com\/#organization\",\"name\":\"PiovanGroup\",\"url\":\"https:\/\/www.piovan.com\/\",\"logo\":{\"@type\":\"ImageObject\",\"inLanguage\":\"tr\",\"@id\":\"https:\/\/www.piovan.com\/#\/schema\/logo\/image\/\",\"url\":\"https:\/\/www.piovan.com\/wp-content\/uploads\/2021\/06\/logo@2x.png\",\"contentUrl\":\"https:\/\/www.piovan.com\/wp-content\/uploads\/2021\/06\/logo@2x.png\",\"width\":489,\"height\":78,\"caption\":\"PiovanGroup\"},\"image\":{\"@id\":\"https:\/\/www.piovan.com\/#\/schema\/logo\/image\/\"}}]}<\/script>","yoast_head_json":{"title":"DigitempEvo - PiovanGroup","robots":{"index":"index","follow":"follow","max-snippet":"max-snippet:-1","max-image-preview":"max-image-preview:large","max-video-preview":"max-video-preview:-1"},"canonical":"https:\/\/www.piovan.com\/tr\/product\/digitempevo_piovan-china\/","og_locale":"tr_TR","og_type":"article","og_title":"DigitempEvo - PiovanGroup","og_description":"DigitempEvo is a thermochiller, that combines the functions of a temperature control unit and a water cooled chiller.The DigitempEvo has three running modes according to the boundary conditions: 1\u2014cooling: the machine works as a water cooled chiller; the internal refrigerant circuit and high efficiency scroll compressor are activated to produce the required cooling power. 2\u2014heating: the electrical heating elements are activated and the process water is heated up to 90\u00b0C so that the mould can reach the right working conditions. [&hellip;]","og_url":"https:\/\/www.piovan.com\/tr\/product\/digitempevo_piovan-china\/","og_site_name":"PiovanGroup","article_modified_time":"2023-12-13T14:07:08+00:00","og_image":[{"width":1200,"height":1560,"url":"https:\/\/www.piovan.com\/wp-content\/uploads\/DigitempEVO_product_1200x1560.png","type":"image\/png"}],"twitter_card":"summary_large_image","schema":{"@context":"https:\/\/schema.org","@graph":[{"@type":"WebPage","@id":"https:\/\/www.piovan.com\/product\/digitempevo_piovan-china\/","url":"https:\/\/www.piovan.com\/product\/digitempevo_piovan-china\/","name":"DigitempEvo - PiovanGroup","isPartOf":{"@id":"https:\/\/www.piovan.com\/#website"},"datePublished":"2021-12-05T14:18:23+00:00","dateModified":"2023-12-13T14:07:08+00:00","breadcrumb":{"@id":"https:\/\/www.piovan.com\/product\/digitempevo_piovan-china\/#breadcrumb"},"inLanguage":"tr","potentialAction":[{"@type":"ReadAction","target":["https:\/\/www.piovan.com\/product\/digitempevo_piovan-china\/"]}]},{"@type":"BreadcrumbList","@id":"https:\/\/www.piovan.com\/product\/digitempevo_piovan-china\/#breadcrumb","itemListElement":[{"@type":"ListItem","position":1,"name":"Home","item":"https:\/\/www.piovan.com\/"},{"@type":"ListItem","position":2,"name":"Industrial cooling","item":"https:\/\/www.piovan.com\/tr\/products\/industrial-cooling\/"},{"@type":"ListItem","position":3,"name":"Machine-Side Chillers","item":"https:\/\/www.piovan.com\/tr\/products\/industrial-cooling\/machine-side-chillers\/"},{"@type":"ListItem","position":4,"name":"DigitempEvo"}]},{"@type":"WebSite","@id":"https:\/\/www.piovan.com\/#website","url":"https:\/\/www.piovan.com\/","name":"PiovanGroup","description":"","publisher":{"@id":"https:\/\/www.piovan.com\/#organization"},"potentialAction":[{"@type":"SearchAction","target":{"@type":"EntryPoint","urlTemplate":"https:\/\/www.piovan.com\/?s={search_term_string}"},"query-input":"required name=search_term_string"}],"inLanguage":"tr"},{"@type":"Organization","@id":"https:\/\/www.piovan.com\/#organization","name":"PiovanGroup","url":"https:\/\/www.piovan.com\/","logo":{"@type":"ImageObject","inLanguage":"tr","@id":"https:\/\/www.piovan.com\/#\/schema\/logo\/image\/","url":"https:\/\/www.piovan.com\/wp-content\/uploads\/2021\/06\/logo@2x.png","contentUrl":"https:\/\/www.piovan.com\/wp-content\/uploads\/2021\/06\/logo@2x.png","width":489,"height":78,"caption":"PiovanGroup"},"image":{"@id":"https:\/\/www.piovan.com\/#\/schema\/logo\/image\/"}}]}},"_links":{"self":[{"href":"https:\/\/www.piovan.com\/tr\/wp-json\/wp\/v2\/product\/6031"}],"collection":[{"href":"https:\/\/www.piovan.com\/tr\/wp-json\/wp\/v2\/product"}],"about":[{"href":"https:\/\/www.piovan.com\/tr\/wp-json\/wp\/v2\/types\/product"}],"version-history":[{"count":2,"href":"https:\/\/www.piovan.com\/tr\/wp-json\/wp\/v2\/product\/6031\/revisions"}],"predecessor-version":[{"id":11134,"href":"https:\/\/www.piovan.com\/tr\/wp-json\/wp\/v2\/product\/6031\/revisions\/11134"}],"wp:featuredmedia":[{"embeddable":true,"href":"https:\/\/www.piovan.com\/tr\/wp-json\/wp\/v2\/media\/6164"}],"wp:attachment":[{"href":"https:\/\/www.piovan.com\/tr\/wp-json\/wp\/v2\/media?parent=6031"}],"wp:term":[{"taxonomy":"post_tag","embeddable":true,"href":"https:\/\/www.piovan.com\/tr\/wp-json\/wp\/v2\/tags?post=6031"}],"curies":[{"name":"wp","href":"https:\/\/api.w.org\/{rel}","templated":true}]}}