{"id":6022,"date":"2021-12-05T15:18:07","date_gmt":"2021-12-05T14:18:07","guid":{"rendered":"http:\/\/188.166.2.129\/product\/ecosmart\/"},"modified":"2023-12-14T12:20:12","modified_gmt":"2023-12-14T11:20:12","slug":"ecosmart-ca_piovan-china","status":"publish","type":"product","link":"https:\/\/www.piovan.com\/tr\/product\/ecosmart-ca_piovan-china\/","title":{"rendered":"Ecosmart"},"content":{"rendered":"<p><strong>Model CA<br \/>\n\u0130nvert\u00f6r tahrikli vidal\u0131 kompres\u00f6r<\/strong><\/p>\n<p class=\" translation-block\"><strong>Ecosmart invert\u00f6r tahrikli so\u011futucular<\/strong>, d\u00fc\u015f\u00fck s\u0131cakl\u0131k\u00adta su sa\u011flayarak en y\u00fcksek verimle \u00e7al\u0131\u015fmay\u0131 temin ederler.<\/p>\n<p class=\" translation-block\"><strong>\u0130nvert\u00f6r teknolojisi<\/strong>, de\u011fi\u015fken kompres\u00f6r motor h\u0131z\u0131 prensibini temel al\u0131r. Buna g\u00f6re, vida h\u0131z\u0131n\u0131n termal y\u00fcke g\u00f6re ayarlanmas\u0131 i\u00e7in kompres\u00f6r motoruna bir el\u00adektrik sinyali g\u00f6nderilir. Termal y\u00fck fazlaysa kom\u00adpres\u00f6r daha h\u0131zl\u0131 \u00e7al\u0131\u015farak so\u011futucu gaz ak\u0131\u015f\u0131n\u0131 h\u0131zland\u0131r\u0131r ve buna ba\u011fl\u0131 olarak so\u011futma g\u00fcc\u00fcn\u00fc art\u0131r\u0131r. Di\u011fer tarafta ise, inv\u00adert\u00f6r so\u011futucu gaz ak\u0131\u015f\u0131n\u0131 yava\u015flatarak beslenen so\u011futma g\u00fcc\u00fcn\u00fc azalt\u0131r.<\/p>\n<p class=\" translation-block\"><strong>Yararlar<\/strong><br>\n\u2022 Y\u00fcksek Verimlilik: her t\u00fcrl\u00fc \u00e7al\u0131\u015fma ko\u015fulunda (k\u0131smi y\u00fckler) en y\u00fcksek EER<br>\n\u2022 Invert\u00f6r tahrikli vidal\u0131 kompres\u00f6r: Y\u00fczde 25 ila 0 aras\u0131nda ge\u00e7i\u015fsiz ve s\u00fcrekli mod\u00fclasyon<br>\n\u2022 Invert\u00f6r tahrikli fanlar: kesintisiz hava ak\u0131\u015f\u0131 ayarlamas\u0131<br>\n\u2022 Invert\u00f6r tahrikli dahili pompa: her t\u00fcrl\u00fc \u00e7al\u0131\u015fma ko\u015fulunda stabil bas\u0131n\u00e7 de\u011ferleri elde etmek i\u00e7in<br>\n\u2022 B\u00fcy\u00fck kondansat\u00f6rler\/buharla\u015ft\u0131r\u0131c\u0131lar: en y\u00fcksek kompres\u00f6r verimlili\u011fi i\u00e7in<br>\n\u2022 EEV elektronik genle\u015fme valfi: en y\u00fcksek su s\u0131cakl\u0131\u011f\u0131 stabilitesine ula\u015fmak i\u00e7in (buharla\u015ft\u0131r\u0131c\u0131 \u00e7\u0131k\u0131\u015f\u0131nda +\/- 0,4\u00b0C)<br>\n\u2022 Daha uzun kompres\u00f6r hizmet \u00f6mr\u00fc: - demeraj ak\u0131m\u0131 (ani ak\u0131m) yok<br>\n\u2022 Daha az s\u00fcrt\u00fcnme<br>\n\u2022 G\u00fcvenli \u00e7al\u0131\u015fma: fark bas\u0131nc\u00ad\u0131 anahtarlar\u0131, ya\u011f ak\u0131\u015f anahtarlar\u0131, su ak\u0131\u015f anahtarlar\u0131<br>\n\u2022 Basit kurulum: kola\u00adyla\u015ft\u0131r\u0131lm\u0131\u015f ve h\u0131zl\u0131 ba\u015flatma i\u015flemleriyle a\u00e7\u0131k veya kapal\u0131 mek\u00e2na kolay kurulum<br>\n\u2022 \u00c7evre dostu: R134a ye\u015fil so\u011futuc\u00adu gaz<br>\n\u2022 D\u00fc\u015f\u00fck i\u015fletim g\u00fcr\u00fclt\u00fcs\u00fcEcosmart invert\u00f6r tahrikli so\u011futucular, d\u00fc\u015f\u00fck s\u0131cakl\u0131k\u00adta su sa\u011flayarak en y\u00fcksek verimle \u00e7al\u0131\u015fmay\u0131 temin ederler<\/p>","protected":false},"featured_media":6123,"template":"","tags":[],"acf":[],"yoast_head":"<title>Ecosmart - PiovanGroup<\/title>\n<meta name=\"robots\" content=\"index, follow, max-snippet:-1, max-image-preview:large, max-video-preview:-1\" \/>\n<link rel=\"canonical\" href=\"https:\/\/www.piovan.com\/tr\/product\/ecosmart-ca_piovan-china\/\" \/>\n<meta property=\"og:locale\" content=\"tr_TR\" \/>\n<meta property=\"og:type\" content=\"article\" \/>\n<meta property=\"og:title\" content=\"Ecosmart - PiovanGroup\" \/>\n<meta property=\"og:description\" content=\"Model CA INVERTER driven SCREW compressor The Ecosmart Inverter driven chillers\u00a0provide low temperature water assuring the highest energy efficient functioning. INVERTER TECHNOLOGY works on the principle of variable compressor motor speed; an electrical signal is given to the compressor motor to adjust the screw speed according to the thermal load. If the thermal load is high the compressor runs faster developing a higher refrigerant flow rate and accordingly increasing the cooling power; on the contrary, the inverter reduces the refrigerant [&hellip;]\" \/>\n<meta property=\"og:url\" content=\"https:\/\/www.piovan.com\/tr\/product\/ecosmart-ca_piovan-china\/\" \/>\n<meta property=\"og:site_name\" content=\"PiovanGroup\" \/>\n<meta property=\"article:modified_time\" content=\"2023-12-14T11:20:12+00:00\" \/>\n<meta property=\"og:image\" content=\"https:\/\/www.piovan.com\/wp-content\/uploads\/Ecosmart-CA_product_1200x1560.png\" \/>\n\t<meta property=\"og:image:width\" content=\"1200\" \/>\n\t<meta property=\"og:image:height\" content=\"1560\" \/>\n\t<meta property=\"og:image:type\" content=\"image\/png\" \/>\n<meta name=\"twitter:card\" content=\"summary_large_image\" \/>\n<script type=\"application\/ld+json\" class=\"yoast-schema-graph\">{\"@context\":\"https:\/\/schema.org\",\"@graph\":[{\"@type\":\"WebPage\",\"@id\":\"https:\/\/www.piovan.com\/product\/ecosmart-ca_piovan-china\/\",\"url\":\"https:\/\/www.piovan.com\/product\/ecosmart-ca_piovan-china\/\",\"name\":\"Ecosmart - PiovanGroup\",\"isPartOf\":{\"@id\":\"https:\/\/www.piovan.com\/#website\"},\"datePublished\":\"2021-12-05T14:18:07+00:00\",\"dateModified\":\"2023-12-14T11:20:12+00:00\",\"breadcrumb\":{\"@id\":\"https:\/\/www.piovan.com\/product\/ecosmart-ca_piovan-china\/#breadcrumb\"},\"inLanguage\":\"tr\",\"potentialAction\":[{\"@type\":\"ReadAction\",\"target\":[\"https:\/\/www.piovan.com\/product\/ecosmart-ca_piovan-china\/\"]}]},{\"@type\":\"BreadcrumbList\",\"@id\":\"https:\/\/www.piovan.com\/product\/ecosmart-ca_piovan-china\/#breadcrumb\",\"itemListElement\":[{\"@type\":\"ListItem\",\"position\":1,\"name\":\"Home\",\"item\":\"https:\/\/www.piovan.com\/\"},{\"@type\":\"ListItem\",\"position\":2,\"name\":\"Industrial cooling\",\"item\":\"https:\/\/www.piovan.com\/tr\/products\/industrial-cooling\/\"},{\"@type\":\"ListItem\",\"position\":3,\"name\":\"Air-Cooled Chillers\",\"item\":\"https:\/\/www.piovan.com\/tr\/products\/industrial-cooling\/air-cooled-chillers\/\"},{\"@type\":\"ListItem\",\"position\":4,\"name\":\"Ecosmart\"}]},{\"@type\":\"WebSite\",\"@id\":\"https:\/\/www.piovan.com\/#website\",\"url\":\"https:\/\/www.piovan.com\/\",\"name\":\"PiovanGroup\",\"description\":\"\",\"publisher\":{\"@id\":\"https:\/\/www.piovan.com\/#organization\"},\"potentialAction\":[{\"@type\":\"SearchAction\",\"target\":{\"@type\":\"EntryPoint\",\"urlTemplate\":\"https:\/\/www.piovan.com\/?s={search_term_string}\"},\"query-input\":\"required name=search_term_string\"}],\"inLanguage\":\"tr\"},{\"@type\":\"Organization\",\"@id\":\"https:\/\/www.piovan.com\/#organization\",\"name\":\"PiovanGroup\",\"url\":\"https:\/\/www.piovan.com\/\",\"logo\":{\"@type\":\"ImageObject\",\"inLanguage\":\"tr\",\"@id\":\"https:\/\/www.piovan.com\/#\/schema\/logo\/image\/\",\"url\":\"https:\/\/www.piovan.com\/wp-content\/uploads\/2021\/06\/logo@2x.png\",\"contentUrl\":\"https:\/\/www.piovan.com\/wp-content\/uploads\/2021\/06\/logo@2x.png\",\"width\":489,\"height\":78,\"caption\":\"PiovanGroup\"},\"image\":{\"@id\":\"https:\/\/www.piovan.com\/#\/schema\/logo\/image\/\"}}]}<\/script>","yoast_head_json":{"title":"Ecosmart - PiovanGroup","robots":{"index":"index","follow":"follow","max-snippet":"max-snippet:-1","max-image-preview":"max-image-preview:large","max-video-preview":"max-video-preview:-1"},"canonical":"https:\/\/www.piovan.com\/tr\/product\/ecosmart-ca_piovan-china\/","og_locale":"tr_TR","og_type":"article","og_title":"Ecosmart - PiovanGroup","og_description":"Model CA INVERTER driven SCREW compressor The Ecosmart Inverter driven chillers\u00a0provide low temperature water assuring the highest energy efficient functioning. INVERTER TECHNOLOGY works on the principle of variable compressor motor speed; an electrical signal is given to the compressor motor to adjust the screw speed according to the thermal load. If the thermal load is high the compressor runs faster developing a higher refrigerant flow rate and accordingly increasing the cooling power; on the contrary, the inverter reduces the refrigerant [&hellip;]","og_url":"https:\/\/www.piovan.com\/tr\/product\/ecosmart-ca_piovan-china\/","og_site_name":"PiovanGroup","article_modified_time":"2023-12-14T11:20:12+00:00","og_image":[{"width":1200,"height":1560,"url":"https:\/\/www.piovan.com\/wp-content\/uploads\/Ecosmart-CA_product_1200x1560.png","type":"image\/png"}],"twitter_card":"summary_large_image","schema":{"@context":"https:\/\/schema.org","@graph":[{"@type":"WebPage","@id":"https:\/\/www.piovan.com\/product\/ecosmart-ca_piovan-china\/","url":"https:\/\/www.piovan.com\/product\/ecosmart-ca_piovan-china\/","name":"Ecosmart - PiovanGroup","isPartOf":{"@id":"https:\/\/www.piovan.com\/#website"},"datePublished":"2021-12-05T14:18:07+00:00","dateModified":"2023-12-14T11:20:12+00:00","breadcrumb":{"@id":"https:\/\/www.piovan.com\/product\/ecosmart-ca_piovan-china\/#breadcrumb"},"inLanguage":"tr","potentialAction":[{"@type":"ReadAction","target":["https:\/\/www.piovan.com\/product\/ecosmart-ca_piovan-china\/"]}]},{"@type":"BreadcrumbList","@id":"https:\/\/www.piovan.com\/product\/ecosmart-ca_piovan-china\/#breadcrumb","itemListElement":[{"@type":"ListItem","position":1,"name":"Home","item":"https:\/\/www.piovan.com\/"},{"@type":"ListItem","position":2,"name":"Industrial cooling","item":"https:\/\/www.piovan.com\/tr\/products\/industrial-cooling\/"},{"@type":"ListItem","position":3,"name":"Air-Cooled Chillers","item":"https:\/\/www.piovan.com\/tr\/products\/industrial-cooling\/air-cooled-chillers\/"},{"@type":"ListItem","position":4,"name":"Ecosmart"}]},{"@type":"WebSite","@id":"https:\/\/www.piovan.com\/#website","url":"https:\/\/www.piovan.com\/","name":"PiovanGroup","description":"","publisher":{"@id":"https:\/\/www.piovan.com\/#organization"},"potentialAction":[{"@type":"SearchAction","target":{"@type":"EntryPoint","urlTemplate":"https:\/\/www.piovan.com\/?s={search_term_string}"},"query-input":"required name=search_term_string"}],"inLanguage":"tr"},{"@type":"Organization","@id":"https:\/\/www.piovan.com\/#organization","name":"PiovanGroup","url":"https:\/\/www.piovan.com\/","logo":{"@type":"ImageObject","inLanguage":"tr","@id":"https:\/\/www.piovan.com\/#\/schema\/logo\/image\/","url":"https:\/\/www.piovan.com\/wp-content\/uploads\/2021\/06\/logo@2x.png","contentUrl":"https:\/\/www.piovan.com\/wp-content\/uploads\/2021\/06\/logo@2x.png","width":489,"height":78,"caption":"PiovanGroup"},"image":{"@id":"https:\/\/www.piovan.com\/#\/schema\/logo\/image\/"}}]}},"_links":{"self":[{"href":"https:\/\/www.piovan.com\/tr\/wp-json\/wp\/v2\/product\/6022"}],"collection":[{"href":"https:\/\/www.piovan.com\/tr\/wp-json\/wp\/v2\/product"}],"about":[{"href":"https:\/\/www.piovan.com\/tr\/wp-json\/wp\/v2\/types\/product"}],"version-history":[{"count":1,"href":"https:\/\/www.piovan.com\/tr\/wp-json\/wp\/v2\/product\/6022\/revisions"}],"predecessor-version":[{"id":11243,"href":"https:\/\/www.piovan.com\/tr\/wp-json\/wp\/v2\/product\/6022\/revisions\/11243"}],"wp:featuredmedia":[{"embeddable":true,"href":"https:\/\/www.piovan.com\/tr\/wp-json\/wp\/v2\/media\/6123"}],"wp:attachment":[{"href":"https:\/\/www.piovan.com\/tr\/wp-json\/wp\/v2\/media?parent=6022"}],"wp:term":[{"taxonomy":"post_tag","embeddable":true,"href":"https:\/\/www.piovan.com\/tr\/wp-json\/wp\/v2\/tags?post=6022"}],"curies":[{"name":"wp","href":"https:\/\/api.w.org\/{rel}","templated":true}]}}