{"id":6008,"date":"2021-12-05T15:18:07","date_gmt":"2021-12-05T14:18:07","guid":{"rendered":"http:\/\/188.166.2.129\/product\/petchiller\/"},"modified":"2023-12-13T17:05:56","modified_gmt":"2023-12-13T16:05:56","slug":"petchiller_piovan-china","status":"publish","type":"product","link":"https:\/\/www.piovan.com\/tr\/product\/petchiller_piovan-china\/","title":{"rendered":"PETChiller"},"content":{"rendered":"<p>Bu so\u011futucularda, verimlilik, g\u00fcvenilirlik ve do\u011fruluk bak\u0131m\u0131ndan en y\u00fcksek performansa ula\u015fabilmek i\u00e7in en yeni teknolojilere sahip so\u011futma cihazlar\u0131 kullan\u0131lmaktad\u0131r.<\/p>\n<p>PETChiller, de\u011fi\u015fken kompres\u00f6r motor h\u0131z\u0131 prensibini temel al\u0131r. Buna g\u00f6re, vida h\u0131z\u0131n\u0131n termal y\u00fcke g\u00f6re ayarlanmas\u0131 i\u00e7in kompres\u00f6r mot\u00adoruna bir elektrik sinyali g\u00f6nderilir.<br \/>\nTermal y\u00fck fazlaysa kompres\u00f6r daha h\u0131zl\u0131 \u00e7al\u0131\u015farak so\u011futucu gaz ak\u0131\u015f\u0131n\u0131 h\u0131zland\u0131r\u0131r ve buna ba\u011fl\u0131 ola\u00adrak so\u011futma g\u00fcc\u00fcn\u00fc art\u0131r\u0131r. Di\u011fer tarafta ise, invert\u00f6r so\u011futucu gaz ak\u0131\u015f\u0131n\u0131 yava\u015flatarak beslenen so\u011futma g\u00fcc\u00fcn\u00fc aza\u00adlt\u0131r.<\/p>\n<p class=\" translation-block\"><strong>Ba\u015fl\u0131ca \u00f6zellikler<\/strong><br>\n\u2022 Invert\u00f6r kontroll\u00fc vidal\u0131 kompres\u00f6r (stabil proses ko\u015fullar\u0131 ve optimize edilmi\u015f enerji sarfiyat\u0131).<br>\n\u2022 Invert\u00f6r kontroll\u00fc proses suyu pompas\u0131 (ekipmana beslenecek suyun miktar\u0131, giri\u015f\/\u00e7\u0131k\u0131\u015f s\u0131ca\u00adkl\u0131\u011f\u0131 aras\u0131ndaki fark temel al\u0131narak oto\u00admatik olarak belirlenir).<br>\n\u2022 Is\u0131t\u0131lm\u0131\u015f levhal\u0131 paslanmaz \u00e7elik \u0131s\u0131 e\u015fanj\u00f6rleri.<br>\n\u2022 Elektronik genle\u015fme valfi (mod\u00fclasyon, kontrol ve d\u00fczenli gaz genle\u015fmesi bir prosesin ba\u015far\u0131s\u0131 i\u00e7in kritik \u00f6neme sahiptir ve verimli olmas\u0131n\u0131n yan\u0131 s\u0131ra do\u011fru da olmal\u0131d\u0131r).<br>\n\u2022 Do\u011fru\u00ad s\u0131cakl\u0131k kontrol\u00fc (\u00adkonvansiyonel so\u011futulmu\u015f su sistemlerinin 1\u00baC s\u0131cakl\u0131k \u00advaryasyonlar\u0131 yerine 0,1\u00baC s\u0131cakl\u0131k varyasyonlar\u0131).<\/p>","protected":false},"featured_media":6145,"template":"","tags":[],"acf":[],"yoast_head":"<title>PETChiller - PiovanGroup<\/title>\n<meta name=\"robots\" content=\"index, follow, max-snippet:-1, max-image-preview:large, max-video-preview:-1\" \/>\n<link rel=\"canonical\" href=\"https:\/\/www.piovan.com\/tr\/product\/petchiller_piovan-china\/\" \/>\n<meta property=\"og:locale\" content=\"tr_TR\" \/>\n<meta property=\"og:type\" content=\"article\" \/>\n<meta property=\"og:title\" content=\"PETChiller - PiovanGroup\" \/>\n<meta property=\"og:description\" content=\"This range of chillers adopts state-of-the-art cooling devices to reach the highest performance in terms of efficiency, accuracy and reliability. The PETChiller works on the principle of variable compressor motor speed; an electrical signal is given to the compressor motor to adjust the screw speed according to the thermal load. If the thermal load is high the compressor runs faster developing a higher refrigerant flow rate and accordingly increasing the cooling power; on the contrary, the inverter reduces the refrigerant [&hellip;]\" \/>\n<meta property=\"og:url\" content=\"https:\/\/www.piovan.com\/tr\/product\/petchiller_piovan-china\/\" \/>\n<meta property=\"og:site_name\" content=\"PiovanGroup\" \/>\n<meta property=\"article:modified_time\" content=\"2023-12-13T16:05:56+00:00\" \/>\n<meta property=\"og:image\" content=\"https:\/\/www.piovan.com\/wp-content\/uploads\/PETChiller_product_1200x1560.png\" \/>\n\t<meta property=\"og:image:width\" content=\"1200\" \/>\n\t<meta property=\"og:image:height\" content=\"1560\" \/>\n\t<meta property=\"og:image:type\" content=\"image\/png\" \/>\n<meta name=\"twitter:card\" content=\"summary_large_image\" \/>\n<script type=\"application\/ld+json\" class=\"yoast-schema-graph\">{\"@context\":\"https:\/\/schema.org\",\"@graph\":[{\"@type\":\"WebPage\",\"@id\":\"https:\/\/www.piovan.com\/product\/petchiller_piovan-china\/\",\"url\":\"https:\/\/www.piovan.com\/product\/petchiller_piovan-china\/\",\"name\":\"PETChiller - PiovanGroup\",\"isPartOf\":{\"@id\":\"https:\/\/www.piovan.com\/#website\"},\"datePublished\":\"2021-12-05T14:18:07+00:00\",\"dateModified\":\"2023-12-13T16:05:56+00:00\",\"breadcrumb\":{\"@id\":\"https:\/\/www.piovan.com\/product\/petchiller_piovan-china\/#breadcrumb\"},\"inLanguage\":\"tr\",\"potentialAction\":[{\"@type\":\"ReadAction\",\"target\":[\"https:\/\/www.piovan.com\/product\/petchiller_piovan-china\/\"]}]},{\"@type\":\"BreadcrumbList\",\"@id\":\"https:\/\/www.piovan.com\/product\/petchiller_piovan-china\/#breadcrumb\",\"itemListElement\":[{\"@type\":\"ListItem\",\"position\":1,\"name\":\"Home\",\"item\":\"https:\/\/www.piovan.com\/\"},{\"@type\":\"ListItem\",\"position\":2,\"name\":\"Plastic Applications\",\"item\":\"https:\/\/www.piovan.com\/tr\/products\/plastic-applications\/\"},{\"@type\":\"ListItem\",\"position\":3,\"name\":\"PET Preforms and Bottles\",\"item\":\"https:\/\/www.piovan.com\/tr\/products\/plastic-applications\/pet-preforms-and-bottles\/\"},{\"@type\":\"ListItem\",\"position\":4,\"name\":\"PETChiller\"}]},{\"@type\":\"WebSite\",\"@id\":\"https:\/\/www.piovan.com\/#website\",\"url\":\"https:\/\/www.piovan.com\/\",\"name\":\"PiovanGroup\",\"description\":\"\",\"publisher\":{\"@id\":\"https:\/\/www.piovan.com\/#organization\"},\"potentialAction\":[{\"@type\":\"SearchAction\",\"target\":{\"@type\":\"EntryPoint\",\"urlTemplate\":\"https:\/\/www.piovan.com\/?s={search_term_string}\"},\"query-input\":\"required name=search_term_string\"}],\"inLanguage\":\"tr\"},{\"@type\":\"Organization\",\"@id\":\"https:\/\/www.piovan.com\/#organization\",\"name\":\"PiovanGroup\",\"url\":\"https:\/\/www.piovan.com\/\",\"logo\":{\"@type\":\"ImageObject\",\"inLanguage\":\"tr\",\"@id\":\"https:\/\/www.piovan.com\/#\/schema\/logo\/image\/\",\"url\":\"https:\/\/www.piovan.com\/wp-content\/uploads\/2021\/06\/logo@2x.png\",\"contentUrl\":\"https:\/\/www.piovan.com\/wp-content\/uploads\/2021\/06\/logo@2x.png\",\"width\":489,\"height\":78,\"caption\":\"PiovanGroup\"},\"image\":{\"@id\":\"https:\/\/www.piovan.com\/#\/schema\/logo\/image\/\"}}]}<\/script>","yoast_head_json":{"title":"PETChiller - PiovanGroup","robots":{"index":"index","follow":"follow","max-snippet":"max-snippet:-1","max-image-preview":"max-image-preview:large","max-video-preview":"max-video-preview:-1"},"canonical":"https:\/\/www.piovan.com\/tr\/product\/petchiller_piovan-china\/","og_locale":"tr_TR","og_type":"article","og_title":"PETChiller - PiovanGroup","og_description":"This range of chillers adopts state-of-the-art cooling devices to reach the highest performance in terms of efficiency, accuracy and reliability. The PETChiller works on the principle of variable compressor motor speed; an electrical signal is given to the compressor motor to adjust the screw speed according to the thermal load. If the thermal load is high the compressor runs faster developing a higher refrigerant flow rate and accordingly increasing the cooling power; on the contrary, the inverter reduces the refrigerant [&hellip;]","og_url":"https:\/\/www.piovan.com\/tr\/product\/petchiller_piovan-china\/","og_site_name":"PiovanGroup","article_modified_time":"2023-12-13T16:05:56+00:00","og_image":[{"width":1200,"height":1560,"url":"https:\/\/www.piovan.com\/wp-content\/uploads\/PETChiller_product_1200x1560.png","type":"image\/png"}],"twitter_card":"summary_large_image","schema":{"@context":"https:\/\/schema.org","@graph":[{"@type":"WebPage","@id":"https:\/\/www.piovan.com\/product\/petchiller_piovan-china\/","url":"https:\/\/www.piovan.com\/product\/petchiller_piovan-china\/","name":"PETChiller - PiovanGroup","isPartOf":{"@id":"https:\/\/www.piovan.com\/#website"},"datePublished":"2021-12-05T14:18:07+00:00","dateModified":"2023-12-13T16:05:56+00:00","breadcrumb":{"@id":"https:\/\/www.piovan.com\/product\/petchiller_piovan-china\/#breadcrumb"},"inLanguage":"tr","potentialAction":[{"@type":"ReadAction","target":["https:\/\/www.piovan.com\/product\/petchiller_piovan-china\/"]}]},{"@type":"BreadcrumbList","@id":"https:\/\/www.piovan.com\/product\/petchiller_piovan-china\/#breadcrumb","itemListElement":[{"@type":"ListItem","position":1,"name":"Home","item":"https:\/\/www.piovan.com\/"},{"@type":"ListItem","position":2,"name":"Plastic Applications","item":"https:\/\/www.piovan.com\/tr\/products\/plastic-applications\/"},{"@type":"ListItem","position":3,"name":"PET Preforms and Bottles","item":"https:\/\/www.piovan.com\/tr\/products\/plastic-applications\/pet-preforms-and-bottles\/"},{"@type":"ListItem","position":4,"name":"PETChiller"}]},{"@type":"WebSite","@id":"https:\/\/www.piovan.com\/#website","url":"https:\/\/www.piovan.com\/","name":"PiovanGroup","description":"","publisher":{"@id":"https:\/\/www.piovan.com\/#organization"},"potentialAction":[{"@type":"SearchAction","target":{"@type":"EntryPoint","urlTemplate":"https:\/\/www.piovan.com\/?s={search_term_string}"},"query-input":"required name=search_term_string"}],"inLanguage":"tr"},{"@type":"Organization","@id":"https:\/\/www.piovan.com\/#organization","name":"PiovanGroup","url":"https:\/\/www.piovan.com\/","logo":{"@type":"ImageObject","inLanguage":"tr","@id":"https:\/\/www.piovan.com\/#\/schema\/logo\/image\/","url":"https:\/\/www.piovan.com\/wp-content\/uploads\/2021\/06\/logo@2x.png","contentUrl":"https:\/\/www.piovan.com\/wp-content\/uploads\/2021\/06\/logo@2x.png","width":489,"height":78,"caption":"PiovanGroup"},"image":{"@id":"https:\/\/www.piovan.com\/#\/schema\/logo\/image\/"}}]}},"_links":{"self":[{"href":"https:\/\/www.piovan.com\/tr\/wp-json\/wp\/v2\/product\/6008"}],"collection":[{"href":"https:\/\/www.piovan.com\/tr\/wp-json\/wp\/v2\/product"}],"about":[{"href":"https:\/\/www.piovan.com\/tr\/wp-json\/wp\/v2\/types\/product"}],"version-history":[{"count":1,"href":"https:\/\/www.piovan.com\/tr\/wp-json\/wp\/v2\/product\/6008\/revisions"}],"predecessor-version":[{"id":11170,"href":"https:\/\/www.piovan.com\/tr\/wp-json\/wp\/v2\/product\/6008\/revisions\/11170"}],"wp:featuredmedia":[{"embeddable":true,"href":"https:\/\/www.piovan.com\/tr\/wp-json\/wp\/v2\/media\/6145"}],"wp:attachment":[{"href":"https:\/\/www.piovan.com\/tr\/wp-json\/wp\/v2\/media?parent=6008"}],"wp:term":[{"taxonomy":"post_tag","embeddable":true,"href":"https:\/\/www.piovan.com\/tr\/wp-json\/wp\/v2\/tags?post=6008"}],"curies":[{"name":"wp","href":"https:\/\/api.w.org\/{rel}","templated":true}]}}