{"id":6007,"date":"2021-12-05T15:18:07","date_gmt":"2021-12-05T14:18:07","guid":{"rendered":"http:\/\/188.166.2.129\/product\/flexcool\/"},"modified":"2023-12-13T17:01:07","modified_gmt":"2023-12-13T16:01:07","slug":"flexcool_piovan-china","status":"publish","type":"product","link":"https:\/\/www.piovan.com\/tr\/product\/flexcool_piovan-china\/","title":{"rendered":"Flexcool"},"content":{"rendered":"<div>\n<p>End\u00fcstriyel so\u011futma teknolojileri y\u00fcksek bir h\u0131zla geli\u015fmektedir; dolay\u0131s\u0131yla bu geli\u015fim ayn\u0131 h\u0131zda gittik\u00e7e daha fazla s\u00fcre\u00e7 odakl\u0131 olmak ve de\u011fi\u015fken \u00fcretim ko\u015fullar\u0131na uyum sa\u011flamak gerekmektedir. Flexcool bu zorlay\u0131c\u0131 faaliyet ko\u015fullar\u0131yla ba\u015fa \u00e7\u0131kmak ve en \u00fcst seviyede kontrol do\u011frulu\u011fu, g\u00f6rev esnekli\u011fi ve enerji kullan\u0131m\u0131 verimlili\u011fi sa\u011flamak \u00fczere geli\u015ftirilmi\u015ftir. Aquatech\u2019in yeni tan\u0131t\u0131lan DigitempEvo serisi termo so\u011futucular\u0131 ve Aryacool\u2019un yeni kuru so\u011futma \u00fcniteleri Flexcool \u00e7\u00f6z\u00fcm\u00fcn\u00fcn ba\u015fl\u0131ca unsurlar\u0131d\u0131r ve modern so\u011futma ekipman\u0131 ve kontrolleri tasar\u0131m\u0131nda son teknolojiyi temsil etmektedir.<\/p>\n<h3><strong>Flexcool \u00e7\u00f6z\u00fcm\u00fc<\/strong><\/h3>\n<p><strong>Boru tesisat\u0131 - basitle\u015ftirilmi\u015f su da\u011f\u0131t\u0131m\u0131<\/strong><br \/>\nMerkezi so\u011futma tesisinde gereken b\u00fcy\u00fck ve yal\u0131t\u0131lm\u0131\u015f boru hatt\u0131 yerine ortam s\u0131cakl\u0131\u011f\u0131nda yaln\u0131zca bir boru hatt\u0131.<\/p>\n<\/div>","protected":false},"featured_media":6139,"template":"","tags":[],"acf":[],"yoast_head":"<title>Flexcool - PiovanGroup<\/title>\n<meta name=\"robots\" content=\"index, follow, max-snippet:-1, max-image-preview:large, max-video-preview:-1\" \/>\n<link rel=\"canonical\" href=\"https:\/\/www.piovan.com\/tr\/product\/flexcool_piovan-china\/\" \/>\n<meta property=\"og:locale\" content=\"tr_TR\" \/>\n<meta property=\"og:type\" content=\"article\" \/>\n<meta property=\"og:title\" content=\"Flexcool - PiovanGroup\" \/>\n<meta property=\"og:description\" content=\"Industrial cooling technologies evolve at a high pace, so to keep up with the demand of being more and more process centred and adaptive to increasingly variable production conditions. Flexcool was developed to cope with those stringent conditions of operation and to deliver the highest accuracy of control, flexibility of duty and efficiency of energy utilization. Aquatech\u2019s newly introduced range of thermochiller of the DigitempEvo series, along with the new line of Aryacool dry cooler units, are the main elements [&hellip;]\" \/>\n<meta property=\"og:url\" content=\"https:\/\/www.piovan.com\/tr\/product\/flexcool_piovan-china\/\" \/>\n<meta property=\"og:site_name\" content=\"PiovanGroup\" \/>\n<meta property=\"article:modified_time\" content=\"2023-12-13T16:01:07+00:00\" \/>\n<meta property=\"og:image\" content=\"https:\/\/www.piovan.com\/wp-content\/uploads\/Flexcool-system_product_1200x1560-788x1024.png\" \/>\n\t<meta property=\"og:image:width\" content=\"788\" \/>\n\t<meta property=\"og:image:height\" content=\"1024\" \/>\n\t<meta property=\"og:image:type\" content=\"image\/png\" \/>\n<meta name=\"twitter:card\" content=\"summary_large_image\" \/>\n<script type=\"application\/ld+json\" class=\"yoast-schema-graph\">{\"@context\":\"https:\/\/schema.org\",\"@graph\":[{\"@type\":\"WebPage\",\"@id\":\"https:\/\/www.piovan.com\/product\/flexcool_piovan-china\/\",\"url\":\"https:\/\/www.piovan.com\/product\/flexcool_piovan-china\/\",\"name\":\"Flexcool - PiovanGroup\",\"isPartOf\":{\"@id\":\"https:\/\/www.piovan.com\/#website\"},\"datePublished\":\"2021-12-05T14:18:07+00:00\",\"dateModified\":\"2023-12-13T16:01:07+00:00\",\"breadcrumb\":{\"@id\":\"https:\/\/www.piovan.com\/product\/flexcool_piovan-china\/#breadcrumb\"},\"inLanguage\":\"tr\",\"potentialAction\":[{\"@type\":\"ReadAction\",\"target\":[\"https:\/\/www.piovan.com\/product\/flexcool_piovan-china\/\"]}]},{\"@type\":\"BreadcrumbList\",\"@id\":\"https:\/\/www.piovan.com\/product\/flexcool_piovan-china\/#breadcrumb\",\"itemListElement\":[{\"@type\":\"ListItem\",\"position\":1,\"name\":\"Home\",\"item\":\"https:\/\/www.piovan.com\/\"},{\"@type\":\"ListItem\",\"position\":2,\"name\":\"Industrial cooling\",\"item\":\"https:\/\/www.piovan.com\/tr\/products\/industrial-cooling\/\"},{\"@type\":\"ListItem\",\"position\":3,\"name\":\"Integrated Solutions\",\"item\":\"https:\/\/www.piovan.com\/tr\/products\/industrial-cooling\/integrated-solutions\/\"},{\"@type\":\"ListItem\",\"position\":4,\"name\":\"Flexcool\"}]},{\"@type\":\"WebSite\",\"@id\":\"https:\/\/www.piovan.com\/#website\",\"url\":\"https:\/\/www.piovan.com\/\",\"name\":\"PiovanGroup\",\"description\":\"\",\"publisher\":{\"@id\":\"https:\/\/www.piovan.com\/#organization\"},\"potentialAction\":[{\"@type\":\"SearchAction\",\"target\":{\"@type\":\"EntryPoint\",\"urlTemplate\":\"https:\/\/www.piovan.com\/?s={search_term_string}\"},\"query-input\":\"required name=search_term_string\"}],\"inLanguage\":\"tr\"},{\"@type\":\"Organization\",\"@id\":\"https:\/\/www.piovan.com\/#organization\",\"name\":\"PiovanGroup\",\"url\":\"https:\/\/www.piovan.com\/\",\"logo\":{\"@type\":\"ImageObject\",\"inLanguage\":\"tr\",\"@id\":\"https:\/\/www.piovan.com\/#\/schema\/logo\/image\/\",\"url\":\"https:\/\/www.piovan.com\/wp-content\/uploads\/2021\/06\/logo@2x.png\",\"contentUrl\":\"https:\/\/www.piovan.com\/wp-content\/uploads\/2021\/06\/logo@2x.png\",\"width\":489,\"height\":78,\"caption\":\"PiovanGroup\"},\"image\":{\"@id\":\"https:\/\/www.piovan.com\/#\/schema\/logo\/image\/\"}}]}<\/script>","yoast_head_json":{"title":"Flexcool - PiovanGroup","robots":{"index":"index","follow":"follow","max-snippet":"max-snippet:-1","max-image-preview":"max-image-preview:large","max-video-preview":"max-video-preview:-1"},"canonical":"https:\/\/www.piovan.com\/tr\/product\/flexcool_piovan-china\/","og_locale":"tr_TR","og_type":"article","og_title":"Flexcool - PiovanGroup","og_description":"Industrial cooling technologies evolve at a high pace, so to keep up with the demand of being more and more process centred and adaptive to increasingly variable production conditions. Flexcool was developed to cope with those stringent conditions of operation and to deliver the highest accuracy of control, flexibility of duty and efficiency of energy utilization. Aquatech\u2019s newly introduced range of thermochiller of the DigitempEvo series, along with the new line of Aryacool dry cooler units, are the main elements [&hellip;]","og_url":"https:\/\/www.piovan.com\/tr\/product\/flexcool_piovan-china\/","og_site_name":"PiovanGroup","article_modified_time":"2023-12-13T16:01:07+00:00","og_image":[{"width":788,"height":1024,"url":"https:\/\/www.piovan.com\/wp-content\/uploads\/Flexcool-system_product_1200x1560-788x1024.png","type":"image\/png"}],"twitter_card":"summary_large_image","schema":{"@context":"https:\/\/schema.org","@graph":[{"@type":"WebPage","@id":"https:\/\/www.piovan.com\/product\/flexcool_piovan-china\/","url":"https:\/\/www.piovan.com\/product\/flexcool_piovan-china\/","name":"Flexcool - PiovanGroup","isPartOf":{"@id":"https:\/\/www.piovan.com\/#website"},"datePublished":"2021-12-05T14:18:07+00:00","dateModified":"2023-12-13T16:01:07+00:00","breadcrumb":{"@id":"https:\/\/www.piovan.com\/product\/flexcool_piovan-china\/#breadcrumb"},"inLanguage":"tr","potentialAction":[{"@type":"ReadAction","target":["https:\/\/www.piovan.com\/product\/flexcool_piovan-china\/"]}]},{"@type":"BreadcrumbList","@id":"https:\/\/www.piovan.com\/product\/flexcool_piovan-china\/#breadcrumb","itemListElement":[{"@type":"ListItem","position":1,"name":"Home","item":"https:\/\/www.piovan.com\/"},{"@type":"ListItem","position":2,"name":"Industrial cooling","item":"https:\/\/www.piovan.com\/tr\/products\/industrial-cooling\/"},{"@type":"ListItem","position":3,"name":"Integrated Solutions","item":"https:\/\/www.piovan.com\/tr\/products\/industrial-cooling\/integrated-solutions\/"},{"@type":"ListItem","position":4,"name":"Flexcool"}]},{"@type":"WebSite","@id":"https:\/\/www.piovan.com\/#website","url":"https:\/\/www.piovan.com\/","name":"PiovanGroup","description":"","publisher":{"@id":"https:\/\/www.piovan.com\/#organization"},"potentialAction":[{"@type":"SearchAction","target":{"@type":"EntryPoint","urlTemplate":"https:\/\/www.piovan.com\/?s={search_term_string}"},"query-input":"required name=search_term_string"}],"inLanguage":"tr"},{"@type":"Organization","@id":"https:\/\/www.piovan.com\/#organization","name":"PiovanGroup","url":"https:\/\/www.piovan.com\/","logo":{"@type":"ImageObject","inLanguage":"tr","@id":"https:\/\/www.piovan.com\/#\/schema\/logo\/image\/","url":"https:\/\/www.piovan.com\/wp-content\/uploads\/2021\/06\/logo@2x.png","contentUrl":"https:\/\/www.piovan.com\/wp-content\/uploads\/2021\/06\/logo@2x.png","width":489,"height":78,"caption":"PiovanGroup"},"image":{"@id":"https:\/\/www.piovan.com\/#\/schema\/logo\/image\/"}}]}},"_links":{"self":[{"href":"https:\/\/www.piovan.com\/tr\/wp-json\/wp\/v2\/product\/6007"}],"collection":[{"href":"https:\/\/www.piovan.com\/tr\/wp-json\/wp\/v2\/product"}],"about":[{"href":"https:\/\/www.piovan.com\/tr\/wp-json\/wp\/v2\/types\/product"}],"version-history":[{"count":1,"href":"https:\/\/www.piovan.com\/tr\/wp-json\/wp\/v2\/product\/6007\/revisions"}],"predecessor-version":[{"id":11167,"href":"https:\/\/www.piovan.com\/tr\/wp-json\/wp\/v2\/product\/6007\/revisions\/11167"}],"wp:featuredmedia":[{"embeddable":true,"href":"https:\/\/www.piovan.com\/tr\/wp-json\/wp\/v2\/media\/6139"}],"wp:attachment":[{"href":"https:\/\/www.piovan.com\/tr\/wp-json\/wp\/v2\/media?parent=6007"}],"wp:term":[{"taxonomy":"post_tag","embeddable":true,"href":"https:\/\/www.piovan.com\/tr\/wp-json\/wp\/v2\/tags?post=6007"}],"curies":[{"name":"wp","href":"https:\/\/api.w.org\/{rel}","templated":true}]}}