{"id":5628,"date":"2021-12-05T15:18:23","date_gmt":"2021-12-05T14:18:23","guid":{"rendered":"http:\/\/188.166.2.129\/product\/aryacool-2\/"},"modified":"2024-01-15T09:13:25","modified_gmt":"2024-01-15T08:13:25","slug":"aryacool-sa","status":"publish","type":"product","link":"https:\/\/www.piovan.com\/tr\/product\/aryacool-sa\/","title":{"rendered":"Aryacool"},"content":{"rendered":"<div data-no-dynamic-translation=\"\">\n<p>El Aryacool de Thermal Care, ofrece innumerables ventajas para el proceso de refrigeraci\u00f3n de agua industrial.<\/p>\n<p>Con un proceso inteligente, a trav\u00e9s del enfriamiento de agua en circuito cerrado, garantiza temperaturas constantes y uniformes, sin desperdicio de agua y con bajos costos operativos.<\/p>\n<p>Disponible en dos versiones, para adecuaci\u00f3n plena a diferentes tipos de procesos, el Aryacool ofrece un \u00f3ptimo control de proceso de manera sustentable.<br \/>\n\u2022 <strong>Sistema Seco: <\/strong>utiliza intercambiadores de calor de alta eficiencia, asegurando temperatura de agua de proceso 5\u00baC por encima de la temperatura del aire ambiental.<br \/>\n\u2022 <strong>Sistema Adiab\u00e1tico:<\/strong>\u00a0en per\u00edodos de alta temperatura ambiente, asocia um sistema inteligente que roc\u00eda peque\u00f1as cantidades de agua saturando el aire, y promoviendo una reducci\u00f3n adicional de temperatura.<\/p>\n<p><strong>Beneficios<\/strong>:<br \/>\n\u2022 Mantiene la limpieza del agua de proceso, evitando contaminaciones<br \/>\n\u2022 El sistema de agua en circuto cerrado, reduce los costos de manutenci\u00f3n, evitando incrustaciones en intercambiadores de calor, tuber\u00edas y moldes<br \/>\n\u2022 Mayor econom\u00eda de agua, debido a la ausencia de p\u00e9rdidas por evaporaci\u00f3n<br \/>\n\u2022 Dr\u00e1stica reducci\u00f3n de costos de tratamiento qu\u00edmico del agua<br \/>\n\u2022 Constancia en la temperatura del agua de proceso, por medio del control electr\u00f3nico<\/p>\n<\/div>","protected":false},"featured_media":11094,"template":"","tags":[168],"acf":[],"yoast_head":"<title>Aryacool - PiovanGroup<\/title>\n<meta name=\"robots\" content=\"index, follow, max-snippet:-1, max-image-preview:large, max-video-preview:-1\" \/>\n<link rel=\"canonical\" href=\"https:\/\/www.piovan.com\/tr\/product\/aryacool-sa\/\" \/>\n<meta property=\"og:locale\" content=\"tr_TR\" \/>\n<meta property=\"og:type\" content=\"article\" \/>\n<meta property=\"og:title\" content=\"Aryacool - PiovanGroup\" \/>\n<meta property=\"og:description\" content=\"El Aryacool de Thermal Care, ofrece innumerables ventajas para el proceso de refrigeraci\u00f3n de agua industrial. Con un proceso inteligente, a trav\u00e9s del enfriamiento de agua en circuito cerrado, garantiza temperaturas constantes y uniformes, sin desperdicio de agua y con bajos costos operativos. Disponible en dos versiones, para adecuaci\u00f3n plena a diferentes tipos de procesos, el Aryacool ofrece un \u00f3ptimo control de proceso de manera sustentable. \u2022 Sistema Seco: utiliza intercambiadores de calor de alta eficiencia, asegurando temperatura de agua [&hellip;]\" \/>\n<meta property=\"og:url\" content=\"https:\/\/www.piovan.com\/tr\/product\/aryacool-sa\/\" \/>\n<meta property=\"og:site_name\" content=\"PiovanGroup\" \/>\n<meta property=\"article:modified_time\" content=\"2024-01-15T08:13:25+00:00\" \/>\n<meta property=\"og:image\" content=\"https:\/\/www.piovan.com\/wp-content\/uploads\/Aryacool-PT.png\" \/>\n\t<meta property=\"og:image:width\" content=\"1200\" \/>\n\t<meta property=\"og:image:height\" content=\"1560\" \/>\n\t<meta property=\"og:image:type\" content=\"image\/png\" \/>\n<meta name=\"twitter:card\" content=\"summary_large_image\" \/>\n<script type=\"application\/ld+json\" class=\"yoast-schema-graph\">{\"@context\":\"https:\/\/schema.org\",\"@graph\":[{\"@type\":\"WebPage\",\"@id\":\"https:\/\/www.piovan.com\/product\/aryacool-sa\/\",\"url\":\"https:\/\/www.piovan.com\/product\/aryacool-sa\/\",\"name\":\"Aryacool - PiovanGroup\",\"isPartOf\":{\"@id\":\"https:\/\/www.piovan.com\/#website\"},\"datePublished\":\"2021-12-05T14:18:23+00:00\",\"dateModified\":\"2024-01-15T08:13:25+00:00\",\"breadcrumb\":{\"@id\":\"https:\/\/www.piovan.com\/product\/aryacool-sa\/#breadcrumb\"},\"inLanguage\":\"tr\",\"potentialAction\":[{\"@type\":\"ReadAction\",\"target\":[\"https:\/\/www.piovan.com\/product\/aryacool-sa\/\"]}]},{\"@type\":\"BreadcrumbList\",\"@id\":\"https:\/\/www.piovan.com\/product\/aryacool-sa\/#breadcrumb\",\"itemListElement\":[{\"@type\":\"ListItem\",\"position\":1,\"name\":\"Home\",\"item\":\"https:\/\/www.piovan.com\/\"},{\"@type\":\"ListItem\",\"position\":2,\"name\":\"Industrial cooling\",\"item\":\"https:\/\/www.piovan.com\/tr\/products\/industrial-cooling\/\"},{\"@type\":\"ListItem\",\"position\":3,\"name\":\"Dry Coolers\",\"item\":\"https:\/\/www.piovan.com\/tr\/products\/industrial-cooling\/dry-coolers\/\"},{\"@type\":\"ListItem\",\"position\":4,\"name\":\"Aryacool\"}]},{\"@type\":\"WebSite\",\"@id\":\"https:\/\/www.piovan.com\/#website\",\"url\":\"https:\/\/www.piovan.com\/\",\"name\":\"PiovanGroup\",\"description\":\"\",\"publisher\":{\"@id\":\"https:\/\/www.piovan.com\/#organization\"},\"potentialAction\":[{\"@type\":\"SearchAction\",\"target\":{\"@type\":\"EntryPoint\",\"urlTemplate\":\"https:\/\/www.piovan.com\/?s={search_term_string}\"},\"query-input\":\"required name=search_term_string\"}],\"inLanguage\":\"tr\"},{\"@type\":\"Organization\",\"@id\":\"https:\/\/www.piovan.com\/#organization\",\"name\":\"PiovanGroup\",\"url\":\"https:\/\/www.piovan.com\/\",\"logo\":{\"@type\":\"ImageObject\",\"inLanguage\":\"tr\",\"@id\":\"https:\/\/www.piovan.com\/#\/schema\/logo\/image\/\",\"url\":\"https:\/\/www.piovan.com\/wp-content\/uploads\/2021\/06\/logo@2x.png\",\"contentUrl\":\"https:\/\/www.piovan.com\/wp-content\/uploads\/2021\/06\/logo@2x.png\",\"width\":489,\"height\":78,\"caption\":\"PiovanGroup\"},\"image\":{\"@id\":\"https:\/\/www.piovan.com\/#\/schema\/logo\/image\/\"}}]}<\/script>","yoast_head_json":{"title":"Aryacool - PiovanGroup","robots":{"index":"index","follow":"follow","max-snippet":"max-snippet:-1","max-image-preview":"max-image-preview:large","max-video-preview":"max-video-preview:-1"},"canonical":"https:\/\/www.piovan.com\/tr\/product\/aryacool-sa\/","og_locale":"tr_TR","og_type":"article","og_title":"Aryacool - PiovanGroup","og_description":"El Aryacool de Thermal Care, ofrece innumerables ventajas para el proceso de refrigeraci\u00f3n de agua industrial. Con un proceso inteligente, a trav\u00e9s del enfriamiento de agua en circuito cerrado, garantiza temperaturas constantes y uniformes, sin desperdicio de agua y con bajos costos operativos. Disponible en dos versiones, para adecuaci\u00f3n plena a diferentes tipos de procesos, el Aryacool ofrece un \u00f3ptimo control de proceso de manera sustentable. \u2022 Sistema Seco: utiliza intercambiadores de calor de alta eficiencia, asegurando temperatura de agua [&hellip;]","og_url":"https:\/\/www.piovan.com\/tr\/product\/aryacool-sa\/","og_site_name":"PiovanGroup","article_modified_time":"2024-01-15T08:13:25+00:00","og_image":[{"width":1200,"height":1560,"url":"https:\/\/www.piovan.com\/wp-content\/uploads\/Aryacool-PT.png","type":"image\/png"}],"twitter_card":"summary_large_image","schema":{"@context":"https:\/\/schema.org","@graph":[{"@type":"WebPage","@id":"https:\/\/www.piovan.com\/product\/aryacool-sa\/","url":"https:\/\/www.piovan.com\/product\/aryacool-sa\/","name":"Aryacool - PiovanGroup","isPartOf":{"@id":"https:\/\/www.piovan.com\/#website"},"datePublished":"2021-12-05T14:18:23+00:00","dateModified":"2024-01-15T08:13:25+00:00","breadcrumb":{"@id":"https:\/\/www.piovan.com\/product\/aryacool-sa\/#breadcrumb"},"inLanguage":"tr","potentialAction":[{"@type":"ReadAction","target":["https:\/\/www.piovan.com\/product\/aryacool-sa\/"]}]},{"@type":"BreadcrumbList","@id":"https:\/\/www.piovan.com\/product\/aryacool-sa\/#breadcrumb","itemListElement":[{"@type":"ListItem","position":1,"name":"Home","item":"https:\/\/www.piovan.com\/"},{"@type":"ListItem","position":2,"name":"Industrial cooling","item":"https:\/\/www.piovan.com\/tr\/products\/industrial-cooling\/"},{"@type":"ListItem","position":3,"name":"Dry Coolers","item":"https:\/\/www.piovan.com\/tr\/products\/industrial-cooling\/dry-coolers\/"},{"@type":"ListItem","position":4,"name":"Aryacool"}]},{"@type":"WebSite","@id":"https:\/\/www.piovan.com\/#website","url":"https:\/\/www.piovan.com\/","name":"PiovanGroup","description":"","publisher":{"@id":"https:\/\/www.piovan.com\/#organization"},"potentialAction":[{"@type":"SearchAction","target":{"@type":"EntryPoint","urlTemplate":"https:\/\/www.piovan.com\/?s={search_term_string}"},"query-input":"required name=search_term_string"}],"inLanguage":"tr"},{"@type":"Organization","@id":"https:\/\/www.piovan.com\/#organization","name":"PiovanGroup","url":"https:\/\/www.piovan.com\/","logo":{"@type":"ImageObject","inLanguage":"tr","@id":"https:\/\/www.piovan.com\/#\/schema\/logo\/image\/","url":"https:\/\/www.piovan.com\/wp-content\/uploads\/2021\/06\/logo@2x.png","contentUrl":"https:\/\/www.piovan.com\/wp-content\/uploads\/2021\/06\/logo@2x.png","width":489,"height":78,"caption":"PiovanGroup"},"image":{"@id":"https:\/\/www.piovan.com\/#\/schema\/logo\/image\/"}}]}},"_links":{"self":[{"href":"https:\/\/www.piovan.com\/tr\/wp-json\/wp\/v2\/product\/5628"}],"collection":[{"href":"https:\/\/www.piovan.com\/tr\/wp-json\/wp\/v2\/product"}],"about":[{"href":"https:\/\/www.piovan.com\/tr\/wp-json\/wp\/v2\/types\/product"}],"version-history":[{"count":3,"href":"https:\/\/www.piovan.com\/tr\/wp-json\/wp\/v2\/product\/5628\/revisions"}],"predecessor-version":[{"id":11392,"href":"https:\/\/www.piovan.com\/tr\/wp-json\/wp\/v2\/product\/5628\/revisions\/11392"}],"wp:featuredmedia":[{"embeddable":true,"href":"https:\/\/www.piovan.com\/tr\/wp-json\/wp\/v2\/media\/11094"}],"wp:attachment":[{"href":"https:\/\/www.piovan.com\/tr\/wp-json\/wp\/v2\/media?parent=5628"}],"wp:term":[{"taxonomy":"post_tag","embeddable":true,"href":"https:\/\/www.piovan.com\/tr\/wp-json\/wp\/v2\/tags?post=5628"}],"curies":[{"name":"wp","href":"https:\/\/api.w.org\/{rel}","templated":true}]}}