{"id":5165,"date":"2021-11-12T17:42:25","date_gmt":"2021-11-12T16:42:25","guid":{"rendered":"https:\/\/www.piovan.com\/?post_type=product&#038;p=5165"},"modified":"2024-11-25T17:03:08","modified_gmt":"2024-11-25T16:03:08","slug":"bin-series","status":"publish","type":"product","link":"https:\/\/www.piovan.com\/tr\/product\/bin-series\/","title":{"rendered":"Bin Series"},"content":{"rendered":"<p>Haznenin g\u00f6vdesi paslanmaz \u00e7elikten yap\u0131lm\u0131\u015ft\u0131r ve zemine uygun farkl\u0131 y\u00fcksekliklerde ayaklarla birlikte tedarik edilir. Mod\u00fcler yap\u0131, m\u00fc\u015fterinin hazne kapasitesini yerinde de\u011fi\u015ftirmesine olanak tan\u0131r.<\/p>\n<p>Hammadde Haznesi a\u015fa\u011f\u0131dakilerle tamamlanabilir:<br \/>\n\u2022 Kolay hareket i\u00e7in tekerlekler veya yere sabitlemek i\u00e7in ayaklar<br \/>\n\u2022 Torba bo\u015faltma i\u00e7in manuel a\u00e7\u0131lan ve \u0131zgaral\u0131 \u00fcst kapak<br \/>\n\u2022 Kapa\u011fa yerle\u015ftirilen emi\u015f problar\u0131 i\u00e7in uygun iki ba\u011flant\u0131<br \/>\n\u2022 Talep \u00fczerine alt k\u0131sma emi\u015f kutusu monte edilebilir.<\/p>\n<p>A mobile, error-proof solution with a hardware key is also available, ensuring unique identification of the storage bin by the Winfactory 4.0 supervision software and preventing incorrect positioning when the storage bins are moved between loading and usage areas; ideal for customers in the medical or pharmaceutical sectors, or in environments where the production layout may increase the risk of human error.<\/p>\n<p>This solution guarantees the correct material-to-storage bin association, even when storage bins are repositioned, and is suitable for setting the recipe either locally or through MES, enhancing traceability and process control (Quality Systems).<\/p>","protected":false},"featured_media":13926,"template":"","tags":[108],"acf":[],"yoast_head":"<title>Bin Series - PiovanGroup<\/title>\n<meta name=\"robots\" content=\"index, follow, max-snippet:-1, max-image-preview:large, max-video-preview:-1\" \/>\n<link rel=\"canonical\" href=\"https:\/\/www.piovan.com\/tr\/product\/bin-series\/\" \/>\n<meta property=\"og:locale\" content=\"tr_TR\" \/>\n<meta property=\"og:type\" content=\"article\" \/>\n<meta property=\"og:title\" content=\"Bin Series - PiovanGroup\" \/>\n<meta property=\"og:description\" content=\"The body of the bin is made from stainless steel and is supplied complete with frames of different heights for floor positioning. Modular construction allows customer to change bin capacity on site. Bin series can be completed with: \u2022 Castors for easy moving or feet for fixing to the ground \u2022 Top lid with manual opening and grid for the bag unloading \u2022 Two connections suitable for suction probes inserting in the lid \u2022 Suction box can be installed at [&hellip;]\" \/>\n<meta property=\"og:url\" content=\"https:\/\/www.piovan.com\/tr\/product\/bin-series\/\" \/>\n<meta property=\"og:site_name\" content=\"PiovanGroup\" \/>\n<meta property=\"article:modified_time\" content=\"2024-11-25T16:03:08+00:00\" \/>\n<meta property=\"og:image\" content=\"https:\/\/www.piovan.com\/wp-content\/uploads\/Bin-Series-1.png\" \/>\n\t<meta property=\"og:image:width\" content=\"1200\" \/>\n\t<meta property=\"og:image:height\" content=\"1560\" \/>\n\t<meta property=\"og:image:type\" content=\"image\/png\" \/>\n<meta name=\"twitter:card\" content=\"summary_large_image\" \/>\n<script type=\"application\/ld+json\" class=\"yoast-schema-graph\">{\"@context\":\"https:\/\/schema.org\",\"@graph\":[{\"@type\":\"WebPage\",\"@id\":\"https:\/\/www.piovan.com\/product\/bin-series\/\",\"url\":\"https:\/\/www.piovan.com\/product\/bin-series\/\",\"name\":\"Bin Series - PiovanGroup\",\"isPartOf\":{\"@id\":\"https:\/\/www.piovan.com\/#website\"},\"datePublished\":\"2021-11-12T16:42:25+00:00\",\"dateModified\":\"2024-11-25T16:03:08+00:00\",\"breadcrumb\":{\"@id\":\"https:\/\/www.piovan.com\/product\/bin-series\/#breadcrumb\"},\"inLanguage\":\"tr\",\"potentialAction\":[{\"@type\":\"ReadAction\",\"target\":[\"https:\/\/www.piovan.com\/product\/bin-series\/\"]}]},{\"@type\":\"BreadcrumbList\",\"@id\":\"https:\/\/www.piovan.com\/product\/bin-series\/#breadcrumb\",\"itemListElement\":[{\"@type\":\"ListItem\",\"position\":1,\"name\":\"Home\",\"item\":\"https:\/\/www.piovan.com\/\"},{\"@type\":\"ListItem\",\"position\":2,\"name\":\"Plastic\",\"item\":\"https:\/\/www.piovan.com\/tr\/products\/plastic\/\"},{\"@type\":\"ListItem\",\"position\":3,\"name\":\"Storage\",\"item\":\"https:\/\/www.piovan.com\/tr\/products\/plastic\/storage\/\"},{\"@type\":\"ListItem\",\"position\":4,\"name\":\"Bin Series\"}]},{\"@type\":\"WebSite\",\"@id\":\"https:\/\/www.piovan.com\/#website\",\"url\":\"https:\/\/www.piovan.com\/\",\"name\":\"PiovanGroup\",\"description\":\"\",\"publisher\":{\"@id\":\"https:\/\/www.piovan.com\/#organization\"},\"potentialAction\":[{\"@type\":\"SearchAction\",\"target\":{\"@type\":\"EntryPoint\",\"urlTemplate\":\"https:\/\/www.piovan.com\/?s={search_term_string}\"},\"query-input\":\"required name=search_term_string\"}],\"inLanguage\":\"tr\"},{\"@type\":\"Organization\",\"@id\":\"https:\/\/www.piovan.com\/#organization\",\"name\":\"PiovanGroup\",\"url\":\"https:\/\/www.piovan.com\/\",\"logo\":{\"@type\":\"ImageObject\",\"inLanguage\":\"tr\",\"@id\":\"https:\/\/www.piovan.com\/#\/schema\/logo\/image\/\",\"url\":\"https:\/\/www.piovan.com\/wp-content\/uploads\/2021\/06\/logo@2x.png\",\"contentUrl\":\"https:\/\/www.piovan.com\/wp-content\/uploads\/2021\/06\/logo@2x.png\",\"width\":489,\"height\":78,\"caption\":\"PiovanGroup\"},\"image\":{\"@id\":\"https:\/\/www.piovan.com\/#\/schema\/logo\/image\/\"}}]}<\/script>","yoast_head_json":{"title":"Bin Series - PiovanGroup","robots":{"index":"index","follow":"follow","max-snippet":"max-snippet:-1","max-image-preview":"max-image-preview:large","max-video-preview":"max-video-preview:-1"},"canonical":"https:\/\/www.piovan.com\/tr\/product\/bin-series\/","og_locale":"tr_TR","og_type":"article","og_title":"Bin Series - PiovanGroup","og_description":"The body of the bin is made from stainless steel and is supplied complete with frames of different heights for floor positioning. Modular construction allows customer to change bin capacity on site. Bin series can be completed with: \u2022 Castors for easy moving or feet for fixing to the ground \u2022 Top lid with manual opening and grid for the bag unloading \u2022 Two connections suitable for suction probes inserting in the lid \u2022 Suction box can be installed at [&hellip;]","og_url":"https:\/\/www.piovan.com\/tr\/product\/bin-series\/","og_site_name":"PiovanGroup","article_modified_time":"2024-11-25T16:03:08+00:00","og_image":[{"width":1200,"height":1560,"url":"https:\/\/www.piovan.com\/wp-content\/uploads\/Bin-Series-1.png","type":"image\/png"}],"twitter_card":"summary_large_image","schema":{"@context":"https:\/\/schema.org","@graph":[{"@type":"WebPage","@id":"https:\/\/www.piovan.com\/product\/bin-series\/","url":"https:\/\/www.piovan.com\/product\/bin-series\/","name":"Bin Series - PiovanGroup","isPartOf":{"@id":"https:\/\/www.piovan.com\/#website"},"datePublished":"2021-11-12T16:42:25+00:00","dateModified":"2024-11-25T16:03:08+00:00","breadcrumb":{"@id":"https:\/\/www.piovan.com\/product\/bin-series\/#breadcrumb"},"inLanguage":"tr","potentialAction":[{"@type":"ReadAction","target":["https:\/\/www.piovan.com\/product\/bin-series\/"]}]},{"@type":"BreadcrumbList","@id":"https:\/\/www.piovan.com\/product\/bin-series\/#breadcrumb","itemListElement":[{"@type":"ListItem","position":1,"name":"Home","item":"https:\/\/www.piovan.com\/"},{"@type":"ListItem","position":2,"name":"Plastic","item":"https:\/\/www.piovan.com\/tr\/products\/plastic\/"},{"@type":"ListItem","position":3,"name":"Storage","item":"https:\/\/www.piovan.com\/tr\/products\/plastic\/storage\/"},{"@type":"ListItem","position":4,"name":"Bin Series"}]},{"@type":"WebSite","@id":"https:\/\/www.piovan.com\/#website","url":"https:\/\/www.piovan.com\/","name":"PiovanGroup","description":"","publisher":{"@id":"https:\/\/www.piovan.com\/#organization"},"potentialAction":[{"@type":"SearchAction","target":{"@type":"EntryPoint","urlTemplate":"https:\/\/www.piovan.com\/?s={search_term_string}"},"query-input":"required name=search_term_string"}],"inLanguage":"tr"},{"@type":"Organization","@id":"https:\/\/www.piovan.com\/#organization","name":"PiovanGroup","url":"https:\/\/www.piovan.com\/","logo":{"@type":"ImageObject","inLanguage":"tr","@id":"https:\/\/www.piovan.com\/#\/schema\/logo\/image\/","url":"https:\/\/www.piovan.com\/wp-content\/uploads\/2021\/06\/logo@2x.png","contentUrl":"https:\/\/www.piovan.com\/wp-content\/uploads\/2021\/06\/logo@2x.png","width":489,"height":78,"caption":"PiovanGroup"},"image":{"@id":"https:\/\/www.piovan.com\/#\/schema\/logo\/image\/"}}]}},"_links":{"self":[{"href":"https:\/\/www.piovan.com\/tr\/wp-json\/wp\/v2\/product\/5165"}],"collection":[{"href":"https:\/\/www.piovan.com\/tr\/wp-json\/wp\/v2\/product"}],"about":[{"href":"https:\/\/www.piovan.com\/tr\/wp-json\/wp\/v2\/types\/product"}],"version-history":[{"count":3,"href":"https:\/\/www.piovan.com\/tr\/wp-json\/wp\/v2\/product\/5165\/revisions"}],"predecessor-version":[{"id":13930,"href":"https:\/\/www.piovan.com\/tr\/wp-json\/wp\/v2\/product\/5165\/revisions\/13930"}],"wp:featuredmedia":[{"embeddable":true,"href":"https:\/\/www.piovan.com\/tr\/wp-json\/wp\/v2\/media\/13926"}],"wp:attachment":[{"href":"https:\/\/www.piovan.com\/tr\/wp-json\/wp\/v2\/media?parent=5165"}],"wp:term":[{"taxonomy":"post_tag","embeddable":true,"href":"https:\/\/www.piovan.com\/tr\/wp-json\/wp\/v2\/tags?post=5165"}],"curies":[{"name":"wp","href":"https:\/\/api.w.org\/{rel}","templated":true}]}}