{"id":5148,"date":"2021-11-12T17:13:00","date_gmt":"2021-11-12T16:13:00","guid":{"rendered":"https:\/\/www.piovan.com\/product\/winenergy-2\/"},"modified":"2025-02-26T16:41:31","modified_gmt":"2025-02-26T15:41:31","slug":"winfactory-4-0","status":"publish","type":"product","link":"https:\/\/www.piovan.com\/tr\/product\/winfactory-4-0\/","title":{"rendered":"Winfactory 4.0"},"content":{"rendered":"<p>Winfactory 4.0, Piovan taraf\u0131ndan dijital fabrika i\u00e7in geli\u015ftirilen \u00fcretim proses kontrol ve y\u00f6netim yaz\u0131l\u0131m\u0131d\u0131r.<br \/>\nDonan\u0131m ve yaz\u0131l\u0131m aras\u0131ndaki entegrasyon, otomatik re\u00e7ete kurulumu, insan hatalar\u0131n\u0131n \u00f6nlenmesi ve \u00fcretimin tekrarlanabilirli\u011fini sa\u011flar.<\/p>\n<p class=\" translation-block\">Depolama alan\u0131ndan bitmi\u015f \u00fcr\u00fcne kadar \u00fcretimi kontrol alt\u0131nda tutarak otomasyon sistemlerinin y\u00f6netimini sa\u011flar:<br>\n\u2022 Hammadde ve son \u00fcr\u00fcn gruplar\u0131<br>\n\u2022 Alarmlar<br>\n\u2022 Her Departman\u0131 desteklemek i\u00e7in KPI ve sorun giderme ara\u00e7lar\u0131.<\/p>\n<p>Winfactory 4.0, gerekli olmas\u0131 halinde kullan\u0131m k\u0131lavuzlar\u0131n\u0131 da i\u00e7erebilir.<\/p>\n<p>Winfactory 4.0\u2019\u0131n sekt\u00f6rler i\u00e7in \u00f6zel olarak geli\u015ftirilmi\u015f versiyonlar\u0131 mevcuttur:<br \/>\n\u2022 Automotive<br \/>\n\u2022 PET and preforms<br \/>\n\u2022 Flexible film<br \/>\n\u2022 Medical.<\/p>","protected":false},"featured_media":13746,"template":"","tags":[108],"acf":[],"yoast_head":"<title>Winfactory 4.0 - PiovanGroup<\/title>\n<meta name=\"robots\" content=\"index, follow, max-snippet:-1, max-image-preview:large, max-video-preview:-1\" \/>\n<link rel=\"canonical\" href=\"https:\/\/www.piovan.com\/tr\/product\/winfactory-4-0\/\" \/>\n<meta property=\"og:locale\" content=\"tr_TR\" \/>\n<meta property=\"og:type\" content=\"article\" \/>\n<meta property=\"og:title\" content=\"Winfactory 4.0 - PiovanGroup\" \/>\n<meta property=\"og:description\" content=\"Winfactory 4.0 is the production process control and management software developed by Piovan for the digital factory. The integration between hardware and software assures automatic recipe setup, prevention of human errors and production repeatability. It allows management of automation systems from the storage area to the finished product keeping everything under control: \u2022 Raw materials and final product batches \u2022 Alarms \u2022 KPI and troubleshooting tools for supporting every department. Winfactory 4.0, furthermore, can include equipment manuals in case is [&hellip;]\" \/>\n<meta property=\"og:url\" content=\"https:\/\/www.piovan.com\/tr\/product\/winfactory-4-0\/\" \/>\n<meta property=\"og:site_name\" content=\"PiovanGroup\" \/>\n<meta property=\"article:modified_time\" content=\"2025-02-26T15:41:31+00:00\" \/>\n<meta property=\"og:image\" content=\"https:\/\/www.piovan.com\/wp-content\/uploads\/Winfactory-4.0.png\" \/>\n\t<meta property=\"og:image:width\" content=\"1200\" \/>\n\t<meta property=\"og:image:height\" content=\"1560\" \/>\n\t<meta property=\"og:image:type\" content=\"image\/png\" \/>\n<meta name=\"twitter:card\" content=\"summary_large_image\" \/>\n<script type=\"application\/ld+json\" class=\"yoast-schema-graph\">{\"@context\":\"https:\/\/schema.org\",\"@graph\":[{\"@type\":\"WebPage\",\"@id\":\"https:\/\/www.piovan.com\/product\/winfactory-4-0\/\",\"url\":\"https:\/\/www.piovan.com\/product\/winfactory-4-0\/\",\"name\":\"Winfactory 4.0 - PiovanGroup\",\"isPartOf\":{\"@id\":\"https:\/\/www.piovan.com\/#website\"},\"datePublished\":\"2021-11-12T16:13:00+00:00\",\"dateModified\":\"2025-02-26T15:41:31+00:00\",\"breadcrumb\":{\"@id\":\"https:\/\/www.piovan.com\/product\/winfactory-4-0\/#breadcrumb\"},\"inLanguage\":\"tr\",\"potentialAction\":[{\"@type\":\"ReadAction\",\"target\":[\"https:\/\/www.piovan.com\/product\/winfactory-4-0\/\"]}]},{\"@type\":\"BreadcrumbList\",\"@id\":\"https:\/\/www.piovan.com\/product\/winfactory-4-0\/#breadcrumb\",\"itemListElement\":[{\"@type\":\"ListItem\",\"position\":1,\"name\":\"Home\",\"item\":\"https:\/\/www.piovan.com\/\"},{\"@type\":\"ListItem\",\"position\":2,\"name\":\"Plastic\",\"item\":\"https:\/\/www.piovan.com\/tr\/products\/plastic\/\"},{\"@type\":\"ListItem\",\"position\":3,\"name\":\"Software &amp; Control systems\",\"item\":\"https:\/\/www.piovan.com\/tr\/products\/plastic\/software\/\"},{\"@type\":\"ListItem\",\"position\":4,\"name\":\"Winfactory 4.0\"}]},{\"@type\":\"WebSite\",\"@id\":\"https:\/\/www.piovan.com\/#website\",\"url\":\"https:\/\/www.piovan.com\/\",\"name\":\"PiovanGroup\",\"description\":\"\",\"publisher\":{\"@id\":\"https:\/\/www.piovan.com\/#organization\"},\"potentialAction\":[{\"@type\":\"SearchAction\",\"target\":{\"@type\":\"EntryPoint\",\"urlTemplate\":\"https:\/\/www.piovan.com\/?s={search_term_string}\"},\"query-input\":\"required name=search_term_string\"}],\"inLanguage\":\"tr\"},{\"@type\":\"Organization\",\"@id\":\"https:\/\/www.piovan.com\/#organization\",\"name\":\"PiovanGroup\",\"url\":\"https:\/\/www.piovan.com\/\",\"logo\":{\"@type\":\"ImageObject\",\"inLanguage\":\"tr\",\"@id\":\"https:\/\/www.piovan.com\/#\/schema\/logo\/image\/\",\"url\":\"https:\/\/www.piovan.com\/wp-content\/uploads\/2021\/06\/logo@2x.png\",\"contentUrl\":\"https:\/\/www.piovan.com\/wp-content\/uploads\/2021\/06\/logo@2x.png\",\"width\":489,\"height\":78,\"caption\":\"PiovanGroup\"},\"image\":{\"@id\":\"https:\/\/www.piovan.com\/#\/schema\/logo\/image\/\"}}]}<\/script>","yoast_head_json":{"title":"Winfactory 4.0 - PiovanGroup","robots":{"index":"index","follow":"follow","max-snippet":"max-snippet:-1","max-image-preview":"max-image-preview:large","max-video-preview":"max-video-preview:-1"},"canonical":"https:\/\/www.piovan.com\/tr\/product\/winfactory-4-0\/","og_locale":"tr_TR","og_type":"article","og_title":"Winfactory 4.0 - PiovanGroup","og_description":"Winfactory 4.0 is the production process control and management software developed by Piovan for the digital factory. The integration between hardware and software assures automatic recipe setup, prevention of human errors and production repeatability. It allows management of automation systems from the storage area to the finished product keeping everything under control: \u2022 Raw materials and final product batches \u2022 Alarms \u2022 KPI and troubleshooting tools for supporting every department. Winfactory 4.0, furthermore, can include equipment manuals in case is [&hellip;]","og_url":"https:\/\/www.piovan.com\/tr\/product\/winfactory-4-0\/","og_site_name":"PiovanGroup","article_modified_time":"2025-02-26T15:41:31+00:00","og_image":[{"width":1200,"height":1560,"url":"https:\/\/www.piovan.com\/wp-content\/uploads\/Winfactory-4.0.png","type":"image\/png"}],"twitter_card":"summary_large_image","schema":{"@context":"https:\/\/schema.org","@graph":[{"@type":"WebPage","@id":"https:\/\/www.piovan.com\/product\/winfactory-4-0\/","url":"https:\/\/www.piovan.com\/product\/winfactory-4-0\/","name":"Winfactory 4.0 - PiovanGroup","isPartOf":{"@id":"https:\/\/www.piovan.com\/#website"},"datePublished":"2021-11-12T16:13:00+00:00","dateModified":"2025-02-26T15:41:31+00:00","breadcrumb":{"@id":"https:\/\/www.piovan.com\/product\/winfactory-4-0\/#breadcrumb"},"inLanguage":"tr","potentialAction":[{"@type":"ReadAction","target":["https:\/\/www.piovan.com\/product\/winfactory-4-0\/"]}]},{"@type":"BreadcrumbList","@id":"https:\/\/www.piovan.com\/product\/winfactory-4-0\/#breadcrumb","itemListElement":[{"@type":"ListItem","position":1,"name":"Home","item":"https:\/\/www.piovan.com\/"},{"@type":"ListItem","position":2,"name":"Plastic","item":"https:\/\/www.piovan.com\/tr\/products\/plastic\/"},{"@type":"ListItem","position":3,"name":"Software &amp; Control systems","item":"https:\/\/www.piovan.com\/tr\/products\/plastic\/software\/"},{"@type":"ListItem","position":4,"name":"Winfactory 4.0"}]},{"@type":"WebSite","@id":"https:\/\/www.piovan.com\/#website","url":"https:\/\/www.piovan.com\/","name":"PiovanGroup","description":"","publisher":{"@id":"https:\/\/www.piovan.com\/#organization"},"potentialAction":[{"@type":"SearchAction","target":{"@type":"EntryPoint","urlTemplate":"https:\/\/www.piovan.com\/?s={search_term_string}"},"query-input":"required name=search_term_string"}],"inLanguage":"tr"},{"@type":"Organization","@id":"https:\/\/www.piovan.com\/#organization","name":"PiovanGroup","url":"https:\/\/www.piovan.com\/","logo":{"@type":"ImageObject","inLanguage":"tr","@id":"https:\/\/www.piovan.com\/#\/schema\/logo\/image\/","url":"https:\/\/www.piovan.com\/wp-content\/uploads\/2021\/06\/logo@2x.png","contentUrl":"https:\/\/www.piovan.com\/wp-content\/uploads\/2021\/06\/logo@2x.png","width":489,"height":78,"caption":"PiovanGroup"},"image":{"@id":"https:\/\/www.piovan.com\/#\/schema\/logo\/image\/"}}]}},"_links":{"self":[{"href":"https:\/\/www.piovan.com\/tr\/wp-json\/wp\/v2\/product\/5148"}],"collection":[{"href":"https:\/\/www.piovan.com\/tr\/wp-json\/wp\/v2\/product"}],"about":[{"href":"https:\/\/www.piovan.com\/tr\/wp-json\/wp\/v2\/types\/product"}],"version-history":[{"count":5,"href":"https:\/\/www.piovan.com\/tr\/wp-json\/wp\/v2\/product\/5148\/revisions"}],"predecessor-version":[{"id":14572,"href":"https:\/\/www.piovan.com\/tr\/wp-json\/wp\/v2\/product\/5148\/revisions\/14572"}],"wp:featuredmedia":[{"embeddable":true,"href":"https:\/\/www.piovan.com\/tr\/wp-json\/wp\/v2\/media\/13746"}],"wp:attachment":[{"href":"https:\/\/www.piovan.com\/tr\/wp-json\/wp\/v2\/media?parent=5148"}],"wp:term":[{"taxonomy":"post_tag","embeddable":true,"href":"https:\/\/www.piovan.com\/tr\/wp-json\/wp\/v2\/tags?post=5148"}],"curies":[{"name":"wp","href":"https:\/\/api.w.org\/{rel}","templated":true}]}}