{"id":5112,"date":"2021-11-11T17:51:02","date_gmt":"2021-11-11T16:51:02","guid":{"rendered":"https:\/\/www.piovan.com\/product\/b-s30-2\/"},"modified":"2024-10-07T10:23:01","modified_gmt":"2024-10-07T08:23:01","slug":"t-nt","status":"publish","type":"product","link":"https:\/\/www.piovan.com\/tr\/product\/t-nt\/","title":{"rendered":"T | NT"},"content":{"rendered":"<p>Ekstr\u00fczyon ve termoform end\u00fcstrisinden elde edilen at\u0131klar\u0131 k\u0131rma i\u00e7in 12 standart k\u0131r\u0131c\u0131 modeli ve 70\u2019in \u00fczerinde versiyon bulunmaktad\u0131r. K\u0131r\u0131c\u0131lar, enerji tasarrufu ya da y\u00fcksek kesme g\u00fcc\u00fc i\u00e7in farkl\u0131 s\u00fcr\u00fcc\u00fc \u00fcnitelerine sahiptir. Kolay a\u00e7\u0131labilir ve temizlenebilir.<BR>\n<BR>\nModeller:<BR>\n\u2022 N40-70-T; N40-90-T; N40-120-T<BR>\n\u2022 N45-100-T; N45-160-T<BR>\n\u2022 S60-100-T; S60-160T<BR>\n\u2022 NT25-91<BR>\n\u2022 NT35-120; NT35-140; NT35-160<\/p>\n<p>Kesme haznesi: \u00f8 450 mm; \u00f8 475 mm; \u00f8 500 mm<BR>\n<BR>\nTeknik Detaylar:<BR>\n\u2022 Etkin \u00f6l\u00e7\u00fcdeki termoform levhalar\u0131 ve art\u0131klar\u0131 i\u00e7in tasarlanm\u0131\u015ft\u0131r<BR>\n\u2022 Termoform kapak levhalar\u0131 i\u00e7in uygunluk<BR>\n\u2022 12 ana model, 70\u2019in \u00fczerinde versiyon<BR>\n\u2022 Hat i\u00e7inde ve d\u0131\u015f\u0131nda k\u0131rma modelleri<BR>\n\u2022 Enerji tasarrufu ve y\u00fcksek kesme g\u00fcc\u00fc i\u00e7in farkl\u0131 motor \u00f6l\u00e7\u00fcleri<BR>\n\u2022 H\u0131zl\u0131 a\u00e7\u0131lma ve kolay temizlenebilme<BR>\n<BR>\nTasar\u0131m alan\u0131:<BR>\n\u2022 Termoform levhalar\u0131<\/p>","protected":false},"featured_media":13604,"template":"","tags":[108],"acf":[],"yoast_head":"<title>T | NT - PiovanGroup<\/title>\n<meta name=\"robots\" content=\"index, follow, max-snippet:-1, max-image-preview:large, max-video-preview:-1\" \/>\n<link rel=\"canonical\" href=\"https:\/\/www.piovan.com\/tr\/product\/t-nt\/\" \/>\n<meta property=\"og:locale\" content=\"tr_TR\" \/>\n<meta property=\"og:type\" content=\"article\" \/>\n<meta property=\"og:title\" content=\"T | NT - PiovanGroup\" \/>\n<meta property=\"og:description\" content=\"T and NT series are specifically designed for efficient reduction of thermoforming sheet, lids and scrap. The granulators can be integrated in the thermoforming line for in-line or off-line granulation according to customer\u2019s request. A wide range of motor size are available for the best balance between energy saving and cutting capacity.\" \/>\n<meta property=\"og:url\" content=\"https:\/\/www.piovan.com\/tr\/product\/t-nt\/\" \/>\n<meta property=\"og:site_name\" content=\"PiovanGroup\" \/>\n<meta property=\"article:modified_time\" content=\"2024-10-07T08:23:01+00:00\" \/>\n<meta property=\"og:image\" content=\"https:\/\/www.piovan.com\/wp-content\/uploads\/T-NT.png\" \/>\n\t<meta property=\"og:image:width\" content=\"1200\" \/>\n\t<meta property=\"og:image:height\" content=\"1560\" \/>\n\t<meta property=\"og:image:type\" content=\"image\/png\" \/>\n<meta name=\"twitter:card\" content=\"summary_large_image\" \/>\n<script type=\"application\/ld+json\" class=\"yoast-schema-graph\">{\"@context\":\"https:\/\/schema.org\",\"@graph\":[{\"@type\":\"WebPage\",\"@id\":\"https:\/\/www.piovan.com\/product\/t-nt\/\",\"url\":\"https:\/\/www.piovan.com\/product\/t-nt\/\",\"name\":\"T | NT - PiovanGroup\",\"isPartOf\":{\"@id\":\"https:\/\/www.piovan.com\/#website\"},\"datePublished\":\"2021-11-11T16:51:02+00:00\",\"dateModified\":\"2024-10-07T08:23:01+00:00\",\"breadcrumb\":{\"@id\":\"https:\/\/www.piovan.com\/product\/t-nt\/#breadcrumb\"},\"inLanguage\":\"tr\",\"potentialAction\":[{\"@type\":\"ReadAction\",\"target\":[\"https:\/\/www.piovan.com\/product\/t-nt\/\"]}]},{\"@type\":\"BreadcrumbList\",\"@id\":\"https:\/\/www.piovan.com\/product\/t-nt\/#breadcrumb\",\"itemListElement\":[{\"@type\":\"ListItem\",\"position\":1,\"name\":\"Home\",\"item\":\"https:\/\/www.piovan.com\/\"},{\"@type\":\"ListItem\",\"position\":2,\"name\":\"Plastic\",\"item\":\"https:\/\/www.piovan.com\/tr\/products\/plastic\/\"},{\"@type\":\"ListItem\",\"position\":3,\"name\":\"Granulation\",\"item\":\"https:\/\/www.piovan.com\/tr\/products\/plastic\/granulation\/\"},{\"@type\":\"ListItem\",\"position\":4,\"name\":\"T | NT\"}]},{\"@type\":\"WebSite\",\"@id\":\"https:\/\/www.piovan.com\/#website\",\"url\":\"https:\/\/www.piovan.com\/\",\"name\":\"PiovanGroup\",\"description\":\"\",\"publisher\":{\"@id\":\"https:\/\/www.piovan.com\/#organization\"},\"potentialAction\":[{\"@type\":\"SearchAction\",\"target\":{\"@type\":\"EntryPoint\",\"urlTemplate\":\"https:\/\/www.piovan.com\/?s={search_term_string}\"},\"query-input\":\"required name=search_term_string\"}],\"inLanguage\":\"tr\"},{\"@type\":\"Organization\",\"@id\":\"https:\/\/www.piovan.com\/#organization\",\"name\":\"PiovanGroup\",\"url\":\"https:\/\/www.piovan.com\/\",\"logo\":{\"@type\":\"ImageObject\",\"inLanguage\":\"tr\",\"@id\":\"https:\/\/www.piovan.com\/#\/schema\/logo\/image\/\",\"url\":\"https:\/\/www.piovan.com\/wp-content\/uploads\/2021\/06\/logo@2x.png\",\"contentUrl\":\"https:\/\/www.piovan.com\/wp-content\/uploads\/2021\/06\/logo@2x.png\",\"width\":489,\"height\":78,\"caption\":\"PiovanGroup\"},\"image\":{\"@id\":\"https:\/\/www.piovan.com\/#\/schema\/logo\/image\/\"}}]}<\/script>","yoast_head_json":{"title":"T | NT - PiovanGroup","robots":{"index":"index","follow":"follow","max-snippet":"max-snippet:-1","max-image-preview":"max-image-preview:large","max-video-preview":"max-video-preview:-1"},"canonical":"https:\/\/www.piovan.com\/tr\/product\/t-nt\/","og_locale":"tr_TR","og_type":"article","og_title":"T | NT - PiovanGroup","og_description":"T and NT series are specifically designed for efficient reduction of thermoforming sheet, lids and scrap. The granulators can be integrated in the thermoforming line for in-line or off-line granulation according to customer\u2019s request. A wide range of motor size are available for the best balance between energy saving and cutting capacity.","og_url":"https:\/\/www.piovan.com\/tr\/product\/t-nt\/","og_site_name":"PiovanGroup","article_modified_time":"2024-10-07T08:23:01+00:00","og_image":[{"width":1200,"height":1560,"url":"https:\/\/www.piovan.com\/wp-content\/uploads\/T-NT.png","type":"image\/png"}],"twitter_card":"summary_large_image","schema":{"@context":"https:\/\/schema.org","@graph":[{"@type":"WebPage","@id":"https:\/\/www.piovan.com\/product\/t-nt\/","url":"https:\/\/www.piovan.com\/product\/t-nt\/","name":"T | NT - PiovanGroup","isPartOf":{"@id":"https:\/\/www.piovan.com\/#website"},"datePublished":"2021-11-11T16:51:02+00:00","dateModified":"2024-10-07T08:23:01+00:00","breadcrumb":{"@id":"https:\/\/www.piovan.com\/product\/t-nt\/#breadcrumb"},"inLanguage":"tr","potentialAction":[{"@type":"ReadAction","target":["https:\/\/www.piovan.com\/product\/t-nt\/"]}]},{"@type":"BreadcrumbList","@id":"https:\/\/www.piovan.com\/product\/t-nt\/#breadcrumb","itemListElement":[{"@type":"ListItem","position":1,"name":"Home","item":"https:\/\/www.piovan.com\/"},{"@type":"ListItem","position":2,"name":"Plastic","item":"https:\/\/www.piovan.com\/tr\/products\/plastic\/"},{"@type":"ListItem","position":3,"name":"Granulation","item":"https:\/\/www.piovan.com\/tr\/products\/plastic\/granulation\/"},{"@type":"ListItem","position":4,"name":"T | NT"}]},{"@type":"WebSite","@id":"https:\/\/www.piovan.com\/#website","url":"https:\/\/www.piovan.com\/","name":"PiovanGroup","description":"","publisher":{"@id":"https:\/\/www.piovan.com\/#organization"},"potentialAction":[{"@type":"SearchAction","target":{"@type":"EntryPoint","urlTemplate":"https:\/\/www.piovan.com\/?s={search_term_string}"},"query-input":"required name=search_term_string"}],"inLanguage":"tr"},{"@type":"Organization","@id":"https:\/\/www.piovan.com\/#organization","name":"PiovanGroup","url":"https:\/\/www.piovan.com\/","logo":{"@type":"ImageObject","inLanguage":"tr","@id":"https:\/\/www.piovan.com\/#\/schema\/logo\/image\/","url":"https:\/\/www.piovan.com\/wp-content\/uploads\/2021\/06\/logo@2x.png","contentUrl":"https:\/\/www.piovan.com\/wp-content\/uploads\/2021\/06\/logo@2x.png","width":489,"height":78,"caption":"PiovanGroup"},"image":{"@id":"https:\/\/www.piovan.com\/#\/schema\/logo\/image\/"}}]}},"_links":{"self":[{"href":"https:\/\/www.piovan.com\/tr\/wp-json\/wp\/v2\/product\/5112"}],"collection":[{"href":"https:\/\/www.piovan.com\/tr\/wp-json\/wp\/v2\/product"}],"about":[{"href":"https:\/\/www.piovan.com\/tr\/wp-json\/wp\/v2\/types\/product"}],"version-history":[{"count":2,"href":"https:\/\/www.piovan.com\/tr\/wp-json\/wp\/v2\/product\/5112\/revisions"}],"predecessor-version":[{"id":13370,"href":"https:\/\/www.piovan.com\/tr\/wp-json\/wp\/v2\/product\/5112\/revisions\/13370"}],"wp:featuredmedia":[{"embeddable":true,"href":"https:\/\/www.piovan.com\/tr\/wp-json\/wp\/v2\/media\/13604"}],"wp:attachment":[{"href":"https:\/\/www.piovan.com\/tr\/wp-json\/wp\/v2\/media?parent=5112"}],"wp:term":[{"taxonomy":"post_tag","embeddable":true,"href":"https:\/\/www.piovan.com\/tr\/wp-json\/wp\/v2\/tags?post=5112"}],"curies":[{"name":"wp","href":"https:\/\/api.w.org\/{rel}","templated":true}]}}