{"id":5108,"date":"2021-11-11T17:38:28","date_gmt":"2021-11-11T16:38:28","guid":{"rendered":"https:\/\/www.piovan.com\/product\/n55-n60-2\/"},"modified":"2024-10-04T15:54:31","modified_gmt":"2024-10-04T13:54:31","slug":"b-s30","status":"publish","type":"product","link":"https:\/\/www.piovan.com\/tr\/product\/b-s30\/","title":{"rendered":"B-S30"},"content":{"rendered":"<p>30 serisi k\u0131r\u0131c\u0131lar, enjeksiyon ve \u015fi\u015firme makinalar\u0131n\u0131n yan\u0131nda, at\u0131klar\u0131n pres operasyonu i\u00e7in kullan\u0131lmaktad\u0131r. 1 standart modeli ve bir dizi versiyona sahiptir. B\u00fcy\u00fck besleme a\u011fz\u0131 ve g\u00fc\u00e7l\u00fc yap\u0131s\u0131 ile uzun kullan\u0131m \u00f6mr\u00fc ve g\u00fcvenilirli\u011fe sahiptir.<\/p>\n<p>Model: S30-50<BR>\n<BR>\nKesme haznesi: \u00f8 305 mm<BR>\n<BR>\nTeknik detaylar:<BR>\n\u2022 Enjeksiyon, \u015fi\u015firme ve ekstr\u00fczyon prosesleri i\u00e7in pres i\u015flemi<BR>\n\u2022 IP55 kontrol kabini ve elektrik motoru<BR>\n\u2022 \u00c7abuk a\u00e7\u0131labilme ve kolay temizlenebilme<BR>\n\u2022 D\u00fc\u015f\u00fck operasyon ses seviyesi sa\u011flayan tamamen kapal\u0131 yap\u0131<BR>\n\u2022 Her m\u00fc\u015fterinin gereksinimlerini kar\u015f\u0131lamak i\u00e7in geni\u015f besleme ve tahliye opsiyonlar\u0131<BR>\n\u2022 D\u00fc\u015f\u00fck enerji t\u00fcketimi, \u0131s\u0131 ve toz olu\u015fumunu sa\u011flayan geli\u015fmi\u015f makas kesim i\u015flemi<\/p>\n<p>Prosesler:<BR>\n\u2022 Enjeksiyon<BR>\n\u2022 \u015ei\u015firme<BR>\n\u2022 Ekstr\u00fczyon<BR>\n<BR>\nTasarlanma alan\u0131:<BR>\n\u2022 K\u00fc\u00e7\u00fck hurda ve yolluk par\u00e7alar\u0131<BR>\n\u2022 K\u00fc\u00e7\u00fck \u00e7apl\u0131 t\u00fcp ve profiler<BR>\n\u2022 Boyutu k\u00fc\u00e7\u00fclt\u00fclm\u00fc\u015f hurda par\u00e7alar\u0131<BR>\n\u2022 G\u00fc\u00e7 kablolar\u0131<\/p>","protected":false},"featured_media":13581,"template":"","tags":[108,41],"acf":[],"yoast_head":"<title>B-S30 - PiovanGroup<\/title>\n<meta name=\"robots\" content=\"index, follow, max-snippet:-1, max-image-preview:large, max-video-preview:-1\" \/>\n<link rel=\"canonical\" href=\"https:\/\/www.piovan.com\/tr\/product\/b-s30\/\" \/>\n<meta property=\"og:locale\" content=\"tr_TR\" \/>\n<meta property=\"og:type\" content=\"article\" \/>\n<meta property=\"og:title\" content=\"B-S30 - PiovanGroup\" \/>\n<meta property=\"og:description\" content=\"B-S30 series is suitable for a wide range of applications thanks to the robust construction and the highly efficient \u201cscissor\u201d cutting, with double inclination that reduces also heating and dust generation. The cleaning and maintenance operations can be easily performed thanks to the quick opening. A wide range of feed and discharge options are available to meet customer\u2019s requirements.\" \/>\n<meta property=\"og:url\" content=\"https:\/\/www.piovan.com\/tr\/product\/b-s30\/\" \/>\n<meta property=\"og:site_name\" content=\"PiovanGroup\" \/>\n<meta property=\"article:modified_time\" content=\"2024-10-04T13:54:31+00:00\" \/>\n<meta property=\"og:image\" content=\"https:\/\/www.piovan.com\/wp-content\/uploads\/S30.png\" \/>\n\t<meta property=\"og:image:width\" content=\"1200\" \/>\n\t<meta property=\"og:image:height\" content=\"1560\" \/>\n\t<meta property=\"og:image:type\" content=\"image\/png\" \/>\n<meta name=\"twitter:card\" content=\"summary_large_image\" \/>\n<script type=\"application\/ld+json\" class=\"yoast-schema-graph\">{\"@context\":\"https:\/\/schema.org\",\"@graph\":[{\"@type\":\"WebPage\",\"@id\":\"https:\/\/www.piovan.com\/product\/b-s30\/\",\"url\":\"https:\/\/www.piovan.com\/product\/b-s30\/\",\"name\":\"B-S30 - PiovanGroup\",\"isPartOf\":{\"@id\":\"https:\/\/www.piovan.com\/#website\"},\"datePublished\":\"2021-11-11T16:38:28+00:00\",\"dateModified\":\"2024-10-04T13:54:31+00:00\",\"breadcrumb\":{\"@id\":\"https:\/\/www.piovan.com\/product\/b-s30\/#breadcrumb\"},\"inLanguage\":\"tr\",\"potentialAction\":[{\"@type\":\"ReadAction\",\"target\":[\"https:\/\/www.piovan.com\/product\/b-s30\/\"]}]},{\"@type\":\"BreadcrumbList\",\"@id\":\"https:\/\/www.piovan.com\/product\/b-s30\/#breadcrumb\",\"itemListElement\":[{\"@type\":\"ListItem\",\"position\":1,\"name\":\"Home\",\"item\":\"https:\/\/www.piovan.com\/\"},{\"@type\":\"ListItem\",\"position\":2,\"name\":\"Plastic\",\"item\":\"https:\/\/www.piovan.com\/tr\/products\/plastic\/\"},{\"@type\":\"ListItem\",\"position\":3,\"name\":\"Granulation\",\"item\":\"https:\/\/www.piovan.com\/tr\/products\/plastic\/granulation\/\"},{\"@type\":\"ListItem\",\"position\":4,\"name\":\"B-S30\"}]},{\"@type\":\"WebSite\",\"@id\":\"https:\/\/www.piovan.com\/#website\",\"url\":\"https:\/\/www.piovan.com\/\",\"name\":\"PiovanGroup\",\"description\":\"\",\"publisher\":{\"@id\":\"https:\/\/www.piovan.com\/#organization\"},\"potentialAction\":[{\"@type\":\"SearchAction\",\"target\":{\"@type\":\"EntryPoint\",\"urlTemplate\":\"https:\/\/www.piovan.com\/?s={search_term_string}\"},\"query-input\":\"required name=search_term_string\"}],\"inLanguage\":\"tr\"},{\"@type\":\"Organization\",\"@id\":\"https:\/\/www.piovan.com\/#organization\",\"name\":\"PiovanGroup\",\"url\":\"https:\/\/www.piovan.com\/\",\"logo\":{\"@type\":\"ImageObject\",\"inLanguage\":\"tr\",\"@id\":\"https:\/\/www.piovan.com\/#\/schema\/logo\/image\/\",\"url\":\"https:\/\/www.piovan.com\/wp-content\/uploads\/2021\/06\/logo@2x.png\",\"contentUrl\":\"https:\/\/www.piovan.com\/wp-content\/uploads\/2021\/06\/logo@2x.png\",\"width\":489,\"height\":78,\"caption\":\"PiovanGroup\"},\"image\":{\"@id\":\"https:\/\/www.piovan.com\/#\/schema\/logo\/image\/\"}}]}<\/script>","yoast_head_json":{"title":"B-S30 - PiovanGroup","robots":{"index":"index","follow":"follow","max-snippet":"max-snippet:-1","max-image-preview":"max-image-preview:large","max-video-preview":"max-video-preview:-1"},"canonical":"https:\/\/www.piovan.com\/tr\/product\/b-s30\/","og_locale":"tr_TR","og_type":"article","og_title":"B-S30 - PiovanGroup","og_description":"B-S30 series is suitable for a wide range of applications thanks to the robust construction and the highly efficient \u201cscissor\u201d cutting, with double inclination that reduces also heating and dust generation. The cleaning and maintenance operations can be easily performed thanks to the quick opening. A wide range of feed and discharge options are available to meet customer\u2019s requirements.","og_url":"https:\/\/www.piovan.com\/tr\/product\/b-s30\/","og_site_name":"PiovanGroup","article_modified_time":"2024-10-04T13:54:31+00:00","og_image":[{"width":1200,"height":1560,"url":"https:\/\/www.piovan.com\/wp-content\/uploads\/S30.png","type":"image\/png"}],"twitter_card":"summary_large_image","schema":{"@context":"https:\/\/schema.org","@graph":[{"@type":"WebPage","@id":"https:\/\/www.piovan.com\/product\/b-s30\/","url":"https:\/\/www.piovan.com\/product\/b-s30\/","name":"B-S30 - PiovanGroup","isPartOf":{"@id":"https:\/\/www.piovan.com\/#website"},"datePublished":"2021-11-11T16:38:28+00:00","dateModified":"2024-10-04T13:54:31+00:00","breadcrumb":{"@id":"https:\/\/www.piovan.com\/product\/b-s30\/#breadcrumb"},"inLanguage":"tr","potentialAction":[{"@type":"ReadAction","target":["https:\/\/www.piovan.com\/product\/b-s30\/"]}]},{"@type":"BreadcrumbList","@id":"https:\/\/www.piovan.com\/product\/b-s30\/#breadcrumb","itemListElement":[{"@type":"ListItem","position":1,"name":"Home","item":"https:\/\/www.piovan.com\/"},{"@type":"ListItem","position":2,"name":"Plastic","item":"https:\/\/www.piovan.com\/tr\/products\/plastic\/"},{"@type":"ListItem","position":3,"name":"Granulation","item":"https:\/\/www.piovan.com\/tr\/products\/plastic\/granulation\/"},{"@type":"ListItem","position":4,"name":"B-S30"}]},{"@type":"WebSite","@id":"https:\/\/www.piovan.com\/#website","url":"https:\/\/www.piovan.com\/","name":"PiovanGroup","description":"","publisher":{"@id":"https:\/\/www.piovan.com\/#organization"},"potentialAction":[{"@type":"SearchAction","target":{"@type":"EntryPoint","urlTemplate":"https:\/\/www.piovan.com\/?s={search_term_string}"},"query-input":"required name=search_term_string"}],"inLanguage":"tr"},{"@type":"Organization","@id":"https:\/\/www.piovan.com\/#organization","name":"PiovanGroup","url":"https:\/\/www.piovan.com\/","logo":{"@type":"ImageObject","inLanguage":"tr","@id":"https:\/\/www.piovan.com\/#\/schema\/logo\/image\/","url":"https:\/\/www.piovan.com\/wp-content\/uploads\/2021\/06\/logo@2x.png","contentUrl":"https:\/\/www.piovan.com\/wp-content\/uploads\/2021\/06\/logo@2x.png","width":489,"height":78,"caption":"PiovanGroup"},"image":{"@id":"https:\/\/www.piovan.com\/#\/schema\/logo\/image\/"}}]}},"_links":{"self":[{"href":"https:\/\/www.piovan.com\/tr\/wp-json\/wp\/v2\/product\/5108"}],"collection":[{"href":"https:\/\/www.piovan.com\/tr\/wp-json\/wp\/v2\/product"}],"about":[{"href":"https:\/\/www.piovan.com\/tr\/wp-json\/wp\/v2\/types\/product"}],"version-history":[{"count":3,"href":"https:\/\/www.piovan.com\/tr\/wp-json\/wp\/v2\/product\/5108\/revisions"}],"predecessor-version":[{"id":13585,"href":"https:\/\/www.piovan.com\/tr\/wp-json\/wp\/v2\/product\/5108\/revisions\/13585"}],"wp:featuredmedia":[{"embeddable":true,"href":"https:\/\/www.piovan.com\/tr\/wp-json\/wp\/v2\/media\/13581"}],"wp:attachment":[{"href":"https:\/\/www.piovan.com\/tr\/wp-json\/wp\/v2\/media?parent=5108"}],"wp:term":[{"taxonomy":"post_tag","embeddable":true,"href":"https:\/\/www.piovan.com\/tr\/wp-json\/wp\/v2\/tags?post=5108"}],"curies":[{"name":"wp","href":"https:\/\/api.w.org\/{rel}","templated":true}]}}