{"id":5104,"date":"2021-11-11T17:36:01","date_gmt":"2021-11-11T16:36:01","guid":{"rendered":"https:\/\/www.piovan.com\/product\/n45-series-2\/"},"modified":"2024-10-07T09:28:58","modified_gmt":"2024-10-07T07:28:58","slug":"n55-n60","status":"publish","type":"product","link":"https:\/\/www.piovan.com\/tr\/product\/n55-n60\/","title":{"rendered":"N55 | N60"},"content":{"rendered":"<p>N\/S 60 serisi k\u0131r\u0131c\u0131lar plastik ve b\u00fcy\u00fck boydaki end\u00fcstriyel art\u0131klar\u0131, b\u00fcy\u00fck besleme a\u011fz\u0131 ile etkin bir k\u0131rma i\u015flemi i\u00e7in tasarlanm\u0131\u015ft\u0131r. Modern \u201c\u0130kiz makaslama\u201d sistemi ile enerji t\u00fcketimini d\u00fc\u015f\u00fcr\u00fcr ve toz olu\u015fumunu azalt\u0131r.<BR>\n<BR>\nModeller:<BR>\n\u2022 N60-100<BR>\n\u2022 S60-160<\/p>\n<p>Kesme haznesi: \u00f8 609 mm<BR>\n<BR>\nTeknik detaylar:<BR>\n\u2022 Plastik ve art\u0131klar i\u00e7in etkin k\u00fc\u00e7\u00fcltme \u00f6l\u00e7\u00fcs\u00fc<BR>\n\u2022 Kolay besleme i\u00e7in geni\u015f besleme a\u011fz\u0131<BR>\n\u2022 Hidrolik system ile kolay temizlenebilme ve bak\u0131m<BR>\n\u2022 Anti-titre\u015fim a\u011fz\u0131 ile \u00f6zel yap\u0131<BR>\n\u2022 Uzun s\u00fcreli g\u00fcvenilirlik i\u00e7in g\u00fc\u00e7l\u00fc yap\u0131<BR>\n\u2022 Modern \u201c\u0130kiz makaslama\u201d sistemi ile d\u00fc\u015f\u00fck enerji t\u00fcketimi ve toz olu\u015fumu<BR>\n\u2022 Her m\u00fc\u015fterinin gereksinimlerini kar\u015f\u0131lamak i\u00e7in geni\u015f besleme ve tahliye opsiyonlar\u0131<\/p>\n<p>Prosesler:<BR>\n\u2022 Enjeksiyon<BR>\n\u2022 \u015ei\u015firme<BR>\n\u2022 Ekstr\u00fczyon<BR>\n\u2022 D\u00f6n\u00fc\u015f prosesleri<BR>\n\u2022 Film<BR>\n\u2022 Geri d\u00f6n\u00fc\u015f\u00fcm<\/p>\n<p>Tasarlanma alan\u0131:<BR>\n\u2022 B\u00fcy\u00fck temizlenme ve d\u00f6k\u00fcm art\u0131klar\u0131<BR>\n\u2022 B\u00fcy\u00fck \u00e7apl\u0131 T\u00fcpler ve profiler<BR>\n\u2022 G\u00fc\u00e7 kablolar\u0131<BR>\n\u2022 B\u00fcy\u00fck plastik par\u00e7alar<BR>\n\u2022 Y\u0131\u011f\u0131n i\u00e7indeki k\u0131r\u0131lm\u0131\u015f \u015fi\u015feler<\/p>","protected":false},"featured_media":13596,"template":"","tags":[108,41],"acf":[],"yoast_head":"<title>N55 | N60 - PiovanGroup<\/title>\n<meta name=\"robots\" content=\"index, follow, max-snippet:-1, max-image-preview:large, max-video-preview:-1\" \/>\n<link rel=\"canonical\" href=\"https:\/\/www.piovan.com\/tr\/product\/n55-n60\/\" \/>\n<meta property=\"og:locale\" content=\"tr_TR\" \/>\n<meta property=\"og:type\" content=\"article\" \/>\n<meta property=\"og:title\" content=\"N55 | N60 - PiovanGroup\" \/>\n<meta property=\"og:description\" content=\"With a large feed opening, a highly robust structure and with powerful motors, the N55-N60 series are designed for heavy duty applications or extra large parts, with the maximum efficiency in size reduction and easy cleaning. The robust structure and blades guarantee a long operating life. The advance cutting action assures high efficiency and clean operation. A wide range of feed and discharge options are available to meet specific requirements.\" \/>\n<meta property=\"og:url\" content=\"https:\/\/www.piovan.com\/tr\/product\/n55-n60\/\" \/>\n<meta property=\"og:site_name\" content=\"PiovanGroup\" \/>\n<meta property=\"article:modified_time\" content=\"2024-10-07T07:28:58+00:00\" \/>\n<meta property=\"og:image\" content=\"https:\/\/www.piovan.com\/wp-content\/uploads\/N55-N60.png\" \/>\n\t<meta property=\"og:image:width\" content=\"1200\" \/>\n\t<meta property=\"og:image:height\" content=\"1560\" \/>\n\t<meta property=\"og:image:type\" content=\"image\/png\" \/>\n<meta name=\"twitter:card\" content=\"summary_large_image\" \/>\n<script type=\"application\/ld+json\" class=\"yoast-schema-graph\">{\"@context\":\"https:\/\/schema.org\",\"@graph\":[{\"@type\":\"WebPage\",\"@id\":\"https:\/\/www.piovan.com\/product\/n55-n60\/\",\"url\":\"https:\/\/www.piovan.com\/product\/n55-n60\/\",\"name\":\"N55 | N60 - PiovanGroup\",\"isPartOf\":{\"@id\":\"https:\/\/www.piovan.com\/#website\"},\"datePublished\":\"2021-11-11T16:36:01+00:00\",\"dateModified\":\"2024-10-07T07:28:58+00:00\",\"breadcrumb\":{\"@id\":\"https:\/\/www.piovan.com\/product\/n55-n60\/#breadcrumb\"},\"inLanguage\":\"tr\",\"potentialAction\":[{\"@type\":\"ReadAction\",\"target\":[\"https:\/\/www.piovan.com\/product\/n55-n60\/\"]}]},{\"@type\":\"BreadcrumbList\",\"@id\":\"https:\/\/www.piovan.com\/product\/n55-n60\/#breadcrumb\",\"itemListElement\":[{\"@type\":\"ListItem\",\"position\":1,\"name\":\"Home\",\"item\":\"https:\/\/www.piovan.com\/\"},{\"@type\":\"ListItem\",\"position\":2,\"name\":\"Plastic\",\"item\":\"https:\/\/www.piovan.com\/tr\/products\/plastic\/\"},{\"@type\":\"ListItem\",\"position\":3,\"name\":\"Granulation\",\"item\":\"https:\/\/www.piovan.com\/tr\/products\/plastic\/granulation\/\"},{\"@type\":\"ListItem\",\"position\":4,\"name\":\"N55 | N60\"}]},{\"@type\":\"WebSite\",\"@id\":\"https:\/\/www.piovan.com\/#website\",\"url\":\"https:\/\/www.piovan.com\/\",\"name\":\"PiovanGroup\",\"description\":\"\",\"publisher\":{\"@id\":\"https:\/\/www.piovan.com\/#organization\"},\"potentialAction\":[{\"@type\":\"SearchAction\",\"target\":{\"@type\":\"EntryPoint\",\"urlTemplate\":\"https:\/\/www.piovan.com\/?s={search_term_string}\"},\"query-input\":\"required name=search_term_string\"}],\"inLanguage\":\"tr\"},{\"@type\":\"Organization\",\"@id\":\"https:\/\/www.piovan.com\/#organization\",\"name\":\"PiovanGroup\",\"url\":\"https:\/\/www.piovan.com\/\",\"logo\":{\"@type\":\"ImageObject\",\"inLanguage\":\"tr\",\"@id\":\"https:\/\/www.piovan.com\/#\/schema\/logo\/image\/\",\"url\":\"https:\/\/www.piovan.com\/wp-content\/uploads\/2021\/06\/logo@2x.png\",\"contentUrl\":\"https:\/\/www.piovan.com\/wp-content\/uploads\/2021\/06\/logo@2x.png\",\"width\":489,\"height\":78,\"caption\":\"PiovanGroup\"},\"image\":{\"@id\":\"https:\/\/www.piovan.com\/#\/schema\/logo\/image\/\"}}]}<\/script>","yoast_head_json":{"title":"N55 | N60 - PiovanGroup","robots":{"index":"index","follow":"follow","max-snippet":"max-snippet:-1","max-image-preview":"max-image-preview:large","max-video-preview":"max-video-preview:-1"},"canonical":"https:\/\/www.piovan.com\/tr\/product\/n55-n60\/","og_locale":"tr_TR","og_type":"article","og_title":"N55 | N60 - PiovanGroup","og_description":"With a large feed opening, a highly robust structure and with powerful motors, the N55-N60 series are designed for heavy duty applications or extra large parts, with the maximum efficiency in size reduction and easy cleaning. The robust structure and blades guarantee a long operating life. The advance cutting action assures high efficiency and clean operation. A wide range of feed and discharge options are available to meet specific requirements.","og_url":"https:\/\/www.piovan.com\/tr\/product\/n55-n60\/","og_site_name":"PiovanGroup","article_modified_time":"2024-10-07T07:28:58+00:00","og_image":[{"width":1200,"height":1560,"url":"https:\/\/www.piovan.com\/wp-content\/uploads\/N55-N60.png","type":"image\/png"}],"twitter_card":"summary_large_image","schema":{"@context":"https:\/\/schema.org","@graph":[{"@type":"WebPage","@id":"https:\/\/www.piovan.com\/product\/n55-n60\/","url":"https:\/\/www.piovan.com\/product\/n55-n60\/","name":"N55 | N60 - PiovanGroup","isPartOf":{"@id":"https:\/\/www.piovan.com\/#website"},"datePublished":"2021-11-11T16:36:01+00:00","dateModified":"2024-10-07T07:28:58+00:00","breadcrumb":{"@id":"https:\/\/www.piovan.com\/product\/n55-n60\/#breadcrumb"},"inLanguage":"tr","potentialAction":[{"@type":"ReadAction","target":["https:\/\/www.piovan.com\/product\/n55-n60\/"]}]},{"@type":"BreadcrumbList","@id":"https:\/\/www.piovan.com\/product\/n55-n60\/#breadcrumb","itemListElement":[{"@type":"ListItem","position":1,"name":"Home","item":"https:\/\/www.piovan.com\/"},{"@type":"ListItem","position":2,"name":"Plastic","item":"https:\/\/www.piovan.com\/tr\/products\/plastic\/"},{"@type":"ListItem","position":3,"name":"Granulation","item":"https:\/\/www.piovan.com\/tr\/products\/plastic\/granulation\/"},{"@type":"ListItem","position":4,"name":"N55 | N60"}]},{"@type":"WebSite","@id":"https:\/\/www.piovan.com\/#website","url":"https:\/\/www.piovan.com\/","name":"PiovanGroup","description":"","publisher":{"@id":"https:\/\/www.piovan.com\/#organization"},"potentialAction":[{"@type":"SearchAction","target":{"@type":"EntryPoint","urlTemplate":"https:\/\/www.piovan.com\/?s={search_term_string}"},"query-input":"required name=search_term_string"}],"inLanguage":"tr"},{"@type":"Organization","@id":"https:\/\/www.piovan.com\/#organization","name":"PiovanGroup","url":"https:\/\/www.piovan.com\/","logo":{"@type":"ImageObject","inLanguage":"tr","@id":"https:\/\/www.piovan.com\/#\/schema\/logo\/image\/","url":"https:\/\/www.piovan.com\/wp-content\/uploads\/2021\/06\/logo@2x.png","contentUrl":"https:\/\/www.piovan.com\/wp-content\/uploads\/2021\/06\/logo@2x.png","width":489,"height":78,"caption":"PiovanGroup"},"image":{"@id":"https:\/\/www.piovan.com\/#\/schema\/logo\/image\/"}}]}},"_links":{"self":[{"href":"https:\/\/www.piovan.com\/tr\/wp-json\/wp\/v2\/product\/5104"}],"collection":[{"href":"https:\/\/www.piovan.com\/tr\/wp-json\/wp\/v2\/product"}],"about":[{"href":"https:\/\/www.piovan.com\/tr\/wp-json\/wp\/v2\/types\/product"}],"version-history":[{"count":3,"href":"https:\/\/www.piovan.com\/tr\/wp-json\/wp\/v2\/product\/5104\/revisions"}],"predecessor-version":[{"id":13600,"href":"https:\/\/www.piovan.com\/tr\/wp-json\/wp\/v2\/product\/5104\/revisions\/13600"}],"wp:featuredmedia":[{"embeddable":true,"href":"https:\/\/www.piovan.com\/tr\/wp-json\/wp\/v2\/media\/13596"}],"wp:attachment":[{"href":"https:\/\/www.piovan.com\/tr\/wp-json\/wp\/v2\/media?parent=5104"}],"wp:term":[{"taxonomy":"post_tag","embeddable":true,"href":"https:\/\/www.piovan.com\/tr\/wp-json\/wp\/v2\/tags?post=5104"}],"curies":[{"name":"wp","href":"https:\/\/api.w.org\/{rel}","templated":true}]}}