{"id":5096,"date":"2021-11-11T17:29:15","date_gmt":"2021-11-11T16:29:15","guid":{"rendered":"https:\/\/www.piovan.com\/product\/ka-2\/"},"modified":"2024-10-07T11:00:03","modified_gmt":"2024-10-07T09:00:03","slug":"trm","status":"publish","type":"product","link":"https:\/\/www.piovan.com\/tr\/product\/trm\/","title":{"rendered":"TRM"},"content":{"rendered":"<p>2 standart modele sahip par\u00e7alay\u0131c\u0131lar, enjeksiyon, \u015fi\u015firme ve ekstr\u00fczyon end\u00fcstrisindeki art\u0131klar\u0131 par\u00e7alamak i\u00e7in tasarlanm\u0131\u015ft\u0131r. Yeni rotary b\u0131\u00e7aklar\u0131 b\u00fcy\u00fck geri d\u00f6n\u00fc\u015f\u00fcm par\u00e7alar\u0131n\u0131 d\u00fc\u015f\u00fck enerji t\u00fcketimi ile y\u00fcksek verimlilikte par\u00e7alamaya yard\u0131mc\u0131 olur. Yeni TRM serisi par\u00e7alay\u0131c\u0131lar, otomatik operasyon program\u0131 ile birden fazla uygulamay\u0131 control eden PLC sistemi ile donat\u0131lm\u0131\u015ft\u0131r.\n<br><br>\nModeller:<br>\n\u2022 TRM600<br>\n\u2022 TRM900<br>\n\u2022 TRM1200<br>\n\u2022 TRM1500<\/p>\n<p>Prosesler:<br>\n\u2022 Enjeksiyon<br>\n\u2022 \u015ei\u015firme<br>\n\u2022 Film<br>\n\u2022 Geri d\u00f6n\u00fc\u015f\u00fcm<\/p>\n<p>Tasarlanma alan\u0131:<BR>\n\u2022 B\u00fcy\u00fck temizleme ve d\u00f6k\u00fcm art\u0131klar\u0131<BR>\n\u2022 B\u00fcy\u00fck \u00e7apl\u0131 t\u00fcp ve profiller<BR>\n\u2022 Y\u0131\u011f\u0131n i\u00e7indeki nemli ya da kuru \u015fi\u015fe k\u0131rma<BR>\n\u2022 Elektrik kablolar\u0131<BR>\n\u2022 Par\u00e7alanm\u0131\u015f lifler<BR>\n\u2022 Y\u0131\u011f\u0131n i\u00e7indeki nemli ya da kuru par\u00e7alanm\u0131\u015f par\u00e7alar<\/p>","protected":false},"featured_media":13609,"template":"","tags":[108,41],"acf":[],"yoast_head":"<title>TRM - PiovanGroup<\/title>\n<meta name=\"robots\" content=\"index, follow, max-snippet:-1, max-image-preview:large, max-video-preview:-1\" \/>\n<link rel=\"canonical\" href=\"https:\/\/www.piovan.com\/tr\/product\/trm\/\" \/>\n<meta property=\"og:locale\" content=\"tr_TR\" \/>\n<meta property=\"og:type\" content=\"article\" \/>\n<meta property=\"og:title\" content=\"TRM - PiovanGroup\" \/>\n<meta property=\"og:description\" content=\"The single shaft shredders are designed with a new and patented rotating blades fixing, featuring cutting angles which help recycle difficult components and achieve high production output with low energy consumption. The TRM series is suitable to recover plastic materials, films, car parts and also electrical cables, wood or paper. The control is PLC based allowing management of different applications thanks to multiple automatic programs.\" \/>\n<meta property=\"og:url\" content=\"https:\/\/www.piovan.com\/tr\/product\/trm\/\" \/>\n<meta property=\"og:site_name\" content=\"PiovanGroup\" \/>\n<meta property=\"article:modified_time\" content=\"2024-10-07T09:00:03+00:00\" \/>\n<meta property=\"og:image\" content=\"https:\/\/www.piovan.com\/wp-content\/uploads\/TRM.png\" \/>\n\t<meta property=\"og:image:width\" content=\"1200\" \/>\n\t<meta property=\"og:image:height\" content=\"1560\" \/>\n\t<meta property=\"og:image:type\" content=\"image\/png\" \/>\n<meta name=\"twitter:card\" content=\"summary_large_image\" \/>\n<script type=\"application\/ld+json\" class=\"yoast-schema-graph\">{\"@context\":\"https:\/\/schema.org\",\"@graph\":[{\"@type\":\"WebPage\",\"@id\":\"https:\/\/www.piovan.com\/product\/trm\/\",\"url\":\"https:\/\/www.piovan.com\/product\/trm\/\",\"name\":\"TRM - PiovanGroup\",\"isPartOf\":{\"@id\":\"https:\/\/www.piovan.com\/#website\"},\"datePublished\":\"2021-11-11T16:29:15+00:00\",\"dateModified\":\"2024-10-07T09:00:03+00:00\",\"breadcrumb\":{\"@id\":\"https:\/\/www.piovan.com\/product\/trm\/#breadcrumb\"},\"inLanguage\":\"tr\",\"potentialAction\":[{\"@type\":\"ReadAction\",\"target\":[\"https:\/\/www.piovan.com\/product\/trm\/\"]}]},{\"@type\":\"BreadcrumbList\",\"@id\":\"https:\/\/www.piovan.com\/product\/trm\/#breadcrumb\",\"itemListElement\":[{\"@type\":\"ListItem\",\"position\":1,\"name\":\"Home\",\"item\":\"https:\/\/www.piovan.com\/\"},{\"@type\":\"ListItem\",\"position\":2,\"name\":\"Plastic\",\"item\":\"https:\/\/www.piovan.com\/tr\/products\/plastic\/\"},{\"@type\":\"ListItem\",\"position\":3,\"name\":\"Granulation\",\"item\":\"https:\/\/www.piovan.com\/tr\/products\/plastic\/granulation\/\"},{\"@type\":\"ListItem\",\"position\":4,\"name\":\"TRM\"}]},{\"@type\":\"WebSite\",\"@id\":\"https:\/\/www.piovan.com\/#website\",\"url\":\"https:\/\/www.piovan.com\/\",\"name\":\"PiovanGroup\",\"description\":\"\",\"publisher\":{\"@id\":\"https:\/\/www.piovan.com\/#organization\"},\"potentialAction\":[{\"@type\":\"SearchAction\",\"target\":{\"@type\":\"EntryPoint\",\"urlTemplate\":\"https:\/\/www.piovan.com\/?s={search_term_string}\"},\"query-input\":\"required name=search_term_string\"}],\"inLanguage\":\"tr\"},{\"@type\":\"Organization\",\"@id\":\"https:\/\/www.piovan.com\/#organization\",\"name\":\"PiovanGroup\",\"url\":\"https:\/\/www.piovan.com\/\",\"logo\":{\"@type\":\"ImageObject\",\"inLanguage\":\"tr\",\"@id\":\"https:\/\/www.piovan.com\/#\/schema\/logo\/image\/\",\"url\":\"https:\/\/www.piovan.com\/wp-content\/uploads\/2021\/06\/logo@2x.png\",\"contentUrl\":\"https:\/\/www.piovan.com\/wp-content\/uploads\/2021\/06\/logo@2x.png\",\"width\":489,\"height\":78,\"caption\":\"PiovanGroup\"},\"image\":{\"@id\":\"https:\/\/www.piovan.com\/#\/schema\/logo\/image\/\"}}]}<\/script>","yoast_head_json":{"title":"TRM - PiovanGroup","robots":{"index":"index","follow":"follow","max-snippet":"max-snippet:-1","max-image-preview":"max-image-preview:large","max-video-preview":"max-video-preview:-1"},"canonical":"https:\/\/www.piovan.com\/tr\/product\/trm\/","og_locale":"tr_TR","og_type":"article","og_title":"TRM - PiovanGroup","og_description":"The single shaft shredders are designed with a new and patented rotating blades fixing, featuring cutting angles which help recycle difficult components and achieve high production output with low energy consumption. The TRM series is suitable to recover plastic materials, films, car parts and also electrical cables, wood or paper. The control is PLC based allowing management of different applications thanks to multiple automatic programs.","og_url":"https:\/\/www.piovan.com\/tr\/product\/trm\/","og_site_name":"PiovanGroup","article_modified_time":"2024-10-07T09:00:03+00:00","og_image":[{"width":1200,"height":1560,"url":"https:\/\/www.piovan.com\/wp-content\/uploads\/TRM.png","type":"image\/png"}],"twitter_card":"summary_large_image","schema":{"@context":"https:\/\/schema.org","@graph":[{"@type":"WebPage","@id":"https:\/\/www.piovan.com\/product\/trm\/","url":"https:\/\/www.piovan.com\/product\/trm\/","name":"TRM - PiovanGroup","isPartOf":{"@id":"https:\/\/www.piovan.com\/#website"},"datePublished":"2021-11-11T16:29:15+00:00","dateModified":"2024-10-07T09:00:03+00:00","breadcrumb":{"@id":"https:\/\/www.piovan.com\/product\/trm\/#breadcrumb"},"inLanguage":"tr","potentialAction":[{"@type":"ReadAction","target":["https:\/\/www.piovan.com\/product\/trm\/"]}]},{"@type":"BreadcrumbList","@id":"https:\/\/www.piovan.com\/product\/trm\/#breadcrumb","itemListElement":[{"@type":"ListItem","position":1,"name":"Home","item":"https:\/\/www.piovan.com\/"},{"@type":"ListItem","position":2,"name":"Plastic","item":"https:\/\/www.piovan.com\/tr\/products\/plastic\/"},{"@type":"ListItem","position":3,"name":"Granulation","item":"https:\/\/www.piovan.com\/tr\/products\/plastic\/granulation\/"},{"@type":"ListItem","position":4,"name":"TRM"}]},{"@type":"WebSite","@id":"https:\/\/www.piovan.com\/#website","url":"https:\/\/www.piovan.com\/","name":"PiovanGroup","description":"","publisher":{"@id":"https:\/\/www.piovan.com\/#organization"},"potentialAction":[{"@type":"SearchAction","target":{"@type":"EntryPoint","urlTemplate":"https:\/\/www.piovan.com\/?s={search_term_string}"},"query-input":"required name=search_term_string"}],"inLanguage":"tr"},{"@type":"Organization","@id":"https:\/\/www.piovan.com\/#organization","name":"PiovanGroup","url":"https:\/\/www.piovan.com\/","logo":{"@type":"ImageObject","inLanguage":"tr","@id":"https:\/\/www.piovan.com\/#\/schema\/logo\/image\/","url":"https:\/\/www.piovan.com\/wp-content\/uploads\/2021\/06\/logo@2x.png","contentUrl":"https:\/\/www.piovan.com\/wp-content\/uploads\/2021\/06\/logo@2x.png","width":489,"height":78,"caption":"PiovanGroup"},"image":{"@id":"https:\/\/www.piovan.com\/#\/schema\/logo\/image\/"}}]}},"_links":{"self":[{"href":"https:\/\/www.piovan.com\/tr\/wp-json\/wp\/v2\/product\/5096"}],"collection":[{"href":"https:\/\/www.piovan.com\/tr\/wp-json\/wp\/v2\/product"}],"about":[{"href":"https:\/\/www.piovan.com\/tr\/wp-json\/wp\/v2\/types\/product"}],"version-history":[{"count":3,"href":"https:\/\/www.piovan.com\/tr\/wp-json\/wp\/v2\/product\/5096\/revisions"}],"predecessor-version":[{"id":13611,"href":"https:\/\/www.piovan.com\/tr\/wp-json\/wp\/v2\/product\/5096\/revisions\/13611"}],"wp:featuredmedia":[{"embeddable":true,"href":"https:\/\/www.piovan.com\/tr\/wp-json\/wp\/v2\/media\/13609"}],"wp:attachment":[{"href":"https:\/\/www.piovan.com\/tr\/wp-json\/wp\/v2\/media?parent=5096"}],"wp:term":[{"taxonomy":"post_tag","embeddable":true,"href":"https:\/\/www.piovan.com\/tr\/wp-json\/wp\/v2\/tags?post=5096"}],"curies":[{"name":"wp","href":"https:\/\/api.w.org\/{rel}","templated":true}]}}