{"id":5090,"date":"2021-11-11T16:57:58","date_gmt":"2021-11-11T15:57:58","guid":{"rendered":"https:\/\/www.piovan.com\/product\/film-and-edge-trim-granulators-2\/"},"modified":"2024-10-07T11:13:50","modified_gmt":"2024-10-07T09:13:50","slug":"ka","status":"publish","type":"product","link":"https:\/\/www.piovan.com\/tr\/product\/ka\/","title":{"rendered":"KA"},"content":{"rendered":"<p>KA sistemi, \u00e7al\u0131\u015fma ortam\u0131ndeki havan\u0131n i\u00e7indeki tozu filtreleyerek gidererir ve ayn\u0131 zamanda kesme sesini azalt\u0131r. T\u00fcm M\u00fchendislik alanlar\u0131n\u0131n ihtiya\u00e7lar\u0131n\u0131 kar\u015f\u0131lamak i\u00e7in toplamda 6 modeli vard\u0131r. Konvey\u00f6r sistemi kolayca eri\u015filebilir ve yenilenebilir filtre kartu\u015flar\u0131 ile donat\u0131lm\u0131\u015ft\u0131r. Sistem mod\u00fcler, sa\u011flam ve kompaktt\u0131r. Aksesuarlar: antistatik barlar, metal ay\u0131r\u0131c\u0131lar, DPM \u00f6l\u00e7\u00fcm cihazlar\u0131, EC standartlar\u0131na uygun emniyet cihazlar\u0131. K\u0131r\u0131c\u0131\/shredder ile otomatik \u00e7al\u0131\u015fabilen aray\u00fcz.<\/p>\n<p>Modeller:<BR>\n\u2022 KA04<BR>\n\u2022 KA07<BR>\n\u2022 KA012<BR>\n\u2022 KA110<BR>\n\u2022 KA145<BR>\n\u2022 KA350<\/p>\n<p>Teknik detaylar:<BR>\n\u2022 \u00c7al\u0131\u015fma ko\u015fulalr\u0131nda ta\u015f\u0131ma ve filtrelenmi\u015f hava ile toz giderme i\u015felmine uygun Tasar\u0131m<BR>\n\u2022 T\u00fcm gereksinimleri kar\u015f\u0131lamak i\u00e7in bir\u00e7ok farkl\u0131 model<BR>\n\u2022 Malzeme tozunu ve sesi azaltmak i\u00e7in negatif bas\u0131n\u00e7 ta\u015f\u0131ma sistemi<BR>\n\u2022 Her plana uyum sa\u011flayabilecek mod\u00fcler ve g\u00fc\u00e7l\u00fc yap\u0131<BR>\n\u2022 Aksesuarlar: Antistatik barlar, metal ay\u0131r\u0131c\u0131lar ve DPM \u00f6l\u00e7erler<BR>\n\u2022 EC standartlar\u0131na uygun emniyet<BR>\n\u2022 Otomatik ve ba\u011f\u0131ms\u0131z k\u0131rma<\/p>\n<p>Tasarlanma alan\u0131:<BR>\n\u2022 Konvey\u00f6r sistemi ile e\u015fle\u015febilme<\/p>","protected":false},"featured_media":13612,"template":"","tags":[108,41],"acf":[],"yoast_head":"<title>KA - PiovanGroup<\/title>\n<meta name=\"robots\" content=\"index, follow, max-snippet:-1, max-image-preview:large, max-video-preview:-1\" \/>\n<link rel=\"canonical\" href=\"https:\/\/www.piovan.com\/tr\/product\/ka\/\" \/>\n<meta property=\"og:locale\" content=\"tr_TR\" \/>\n<meta property=\"og:type\" content=\"article\" \/>\n<meta property=\"og:title\" content=\"KA - PiovanGroup\" \/>\n<meta property=\"og:description\" content=\"KA series is designed for the extraction of regrind material under vacuum, minimizing the generation of dust and noise. The system includes a filtration system for the conveying air. The filtering cartridges can be easily replaced. The extraction system can be interconnected with the granulator control, or it can be independently operated. The structure is robust and compact and it can adapted to any plant layout.\" \/>\n<meta property=\"og:url\" content=\"https:\/\/www.piovan.com\/tr\/product\/ka\/\" \/>\n<meta property=\"og:site_name\" content=\"PiovanGroup\" \/>\n<meta property=\"article:modified_time\" content=\"2024-10-07T09:13:50+00:00\" \/>\n<meta property=\"og:image\" content=\"https:\/\/www.piovan.com\/wp-content\/uploads\/KA.png\" \/>\n\t<meta property=\"og:image:width\" content=\"1200\" \/>\n\t<meta property=\"og:image:height\" content=\"1560\" \/>\n\t<meta property=\"og:image:type\" content=\"image\/png\" \/>\n<meta name=\"twitter:card\" content=\"summary_large_image\" \/>\n<script type=\"application\/ld+json\" class=\"yoast-schema-graph\">{\"@context\":\"https:\/\/schema.org\",\"@graph\":[{\"@type\":\"WebPage\",\"@id\":\"https:\/\/www.piovan.com\/product\/ka\/\",\"url\":\"https:\/\/www.piovan.com\/product\/ka\/\",\"name\":\"KA - PiovanGroup\",\"isPartOf\":{\"@id\":\"https:\/\/www.piovan.com\/#website\"},\"datePublished\":\"2021-11-11T15:57:58+00:00\",\"dateModified\":\"2024-10-07T09:13:50+00:00\",\"breadcrumb\":{\"@id\":\"https:\/\/www.piovan.com\/product\/ka\/#breadcrumb\"},\"inLanguage\":\"tr\",\"potentialAction\":[{\"@type\":\"ReadAction\",\"target\":[\"https:\/\/www.piovan.com\/product\/ka\/\"]}]},{\"@type\":\"BreadcrumbList\",\"@id\":\"https:\/\/www.piovan.com\/product\/ka\/#breadcrumb\",\"itemListElement\":[{\"@type\":\"ListItem\",\"position\":1,\"name\":\"Home\",\"item\":\"https:\/\/www.piovan.com\/\"},{\"@type\":\"ListItem\",\"position\":2,\"name\":\"Plastic\",\"item\":\"https:\/\/www.piovan.com\/tr\/products\/plastic\/\"},{\"@type\":\"ListItem\",\"position\":3,\"name\":\"Granulation\",\"item\":\"https:\/\/www.piovan.com\/tr\/products\/plastic\/granulation\/\"},{\"@type\":\"ListItem\",\"position\":4,\"name\":\"KA\"}]},{\"@type\":\"WebSite\",\"@id\":\"https:\/\/www.piovan.com\/#website\",\"url\":\"https:\/\/www.piovan.com\/\",\"name\":\"PiovanGroup\",\"description\":\"\",\"publisher\":{\"@id\":\"https:\/\/www.piovan.com\/#organization\"},\"potentialAction\":[{\"@type\":\"SearchAction\",\"target\":{\"@type\":\"EntryPoint\",\"urlTemplate\":\"https:\/\/www.piovan.com\/?s={search_term_string}\"},\"query-input\":\"required name=search_term_string\"}],\"inLanguage\":\"tr\"},{\"@type\":\"Organization\",\"@id\":\"https:\/\/www.piovan.com\/#organization\",\"name\":\"PiovanGroup\",\"url\":\"https:\/\/www.piovan.com\/\",\"logo\":{\"@type\":\"ImageObject\",\"inLanguage\":\"tr\",\"@id\":\"https:\/\/www.piovan.com\/#\/schema\/logo\/image\/\",\"url\":\"https:\/\/www.piovan.com\/wp-content\/uploads\/2021\/06\/logo@2x.png\",\"contentUrl\":\"https:\/\/www.piovan.com\/wp-content\/uploads\/2021\/06\/logo@2x.png\",\"width\":489,\"height\":78,\"caption\":\"PiovanGroup\"},\"image\":{\"@id\":\"https:\/\/www.piovan.com\/#\/schema\/logo\/image\/\"}}]}<\/script>","yoast_head_json":{"title":"KA - PiovanGroup","robots":{"index":"index","follow":"follow","max-snippet":"max-snippet:-1","max-image-preview":"max-image-preview:large","max-video-preview":"max-video-preview:-1"},"canonical":"https:\/\/www.piovan.com\/tr\/product\/ka\/","og_locale":"tr_TR","og_type":"article","og_title":"KA - PiovanGroup","og_description":"KA series is designed for the extraction of regrind material under vacuum, minimizing the generation of dust and noise. The system includes a filtration system for the conveying air. The filtering cartridges can be easily replaced. The extraction system can be interconnected with the granulator control, or it can be independently operated. The structure is robust and compact and it can adapted to any plant layout.","og_url":"https:\/\/www.piovan.com\/tr\/product\/ka\/","og_site_name":"PiovanGroup","article_modified_time":"2024-10-07T09:13:50+00:00","og_image":[{"width":1200,"height":1560,"url":"https:\/\/www.piovan.com\/wp-content\/uploads\/KA.png","type":"image\/png"}],"twitter_card":"summary_large_image","schema":{"@context":"https:\/\/schema.org","@graph":[{"@type":"WebPage","@id":"https:\/\/www.piovan.com\/product\/ka\/","url":"https:\/\/www.piovan.com\/product\/ka\/","name":"KA - PiovanGroup","isPartOf":{"@id":"https:\/\/www.piovan.com\/#website"},"datePublished":"2021-11-11T15:57:58+00:00","dateModified":"2024-10-07T09:13:50+00:00","breadcrumb":{"@id":"https:\/\/www.piovan.com\/product\/ka\/#breadcrumb"},"inLanguage":"tr","potentialAction":[{"@type":"ReadAction","target":["https:\/\/www.piovan.com\/product\/ka\/"]}]},{"@type":"BreadcrumbList","@id":"https:\/\/www.piovan.com\/product\/ka\/#breadcrumb","itemListElement":[{"@type":"ListItem","position":1,"name":"Home","item":"https:\/\/www.piovan.com\/"},{"@type":"ListItem","position":2,"name":"Plastic","item":"https:\/\/www.piovan.com\/tr\/products\/plastic\/"},{"@type":"ListItem","position":3,"name":"Granulation","item":"https:\/\/www.piovan.com\/tr\/products\/plastic\/granulation\/"},{"@type":"ListItem","position":4,"name":"KA"}]},{"@type":"WebSite","@id":"https:\/\/www.piovan.com\/#website","url":"https:\/\/www.piovan.com\/","name":"PiovanGroup","description":"","publisher":{"@id":"https:\/\/www.piovan.com\/#organization"},"potentialAction":[{"@type":"SearchAction","target":{"@type":"EntryPoint","urlTemplate":"https:\/\/www.piovan.com\/?s={search_term_string}"},"query-input":"required name=search_term_string"}],"inLanguage":"tr"},{"@type":"Organization","@id":"https:\/\/www.piovan.com\/#organization","name":"PiovanGroup","url":"https:\/\/www.piovan.com\/","logo":{"@type":"ImageObject","inLanguage":"tr","@id":"https:\/\/www.piovan.com\/#\/schema\/logo\/image\/","url":"https:\/\/www.piovan.com\/wp-content\/uploads\/2021\/06\/logo@2x.png","contentUrl":"https:\/\/www.piovan.com\/wp-content\/uploads\/2021\/06\/logo@2x.png","width":489,"height":78,"caption":"PiovanGroup"},"image":{"@id":"https:\/\/www.piovan.com\/#\/schema\/logo\/image\/"}}]}},"_links":{"self":[{"href":"https:\/\/www.piovan.com\/tr\/wp-json\/wp\/v2\/product\/5090"}],"collection":[{"href":"https:\/\/www.piovan.com\/tr\/wp-json\/wp\/v2\/product"}],"about":[{"href":"https:\/\/www.piovan.com\/tr\/wp-json\/wp\/v2\/types\/product"}],"version-history":[{"count":2,"href":"https:\/\/www.piovan.com\/tr\/wp-json\/wp\/v2\/product\/5090\/revisions"}],"predecessor-version":[{"id":13375,"href":"https:\/\/www.piovan.com\/tr\/wp-json\/wp\/v2\/product\/5090\/revisions\/13375"}],"wp:featuredmedia":[{"embeddable":true,"href":"https:\/\/www.piovan.com\/tr\/wp-json\/wp\/v2\/media\/13612"}],"wp:attachment":[{"href":"https:\/\/www.piovan.com\/tr\/wp-json\/wp\/v2\/media?parent=5090"}],"wp:term":[{"taxonomy":"post_tag","embeddable":true,"href":"https:\/\/www.piovan.com\/tr\/wp-json\/wp\/v2\/tags?post=5090"}],"curies":[{"name":"wp","href":"https:\/\/api.w.org\/{rel}","templated":true}]}}