{"id":5082,"date":"2021-11-11T16:12:11","date_gmt":"2021-11-11T15:12:11","guid":{"rendered":"https:\/\/www.piovan.com\/product\/g17-series-2\/"},"modified":"2024-10-04T15:10:55","modified_gmt":"2024-10-04T13:10:55","slug":"g25","status":"publish","type":"product","link":"https:\/\/www.piovan.com\/tr\/product\/g25\/","title":{"rendered":"G25"},"content":{"rendered":"<p>Modeller:<BR>\n\u2022 G25-30<BR>\n\u2022 G25-45<BR>\n<BR>\nKesme Haznesi: \u00f8 250 mm<\/p>\n<p>Teknik detaylar:<BR>\n\u2022 Enjeksiyon, \u015fi\u015firme ve ekstr\u00fczyon proseslerinde press i\u015flemi i\u00e7in tasarlanma<BR>\n\u2022 4 standart model, 36\u2019dan fazla versiyon<BR>\n\u2022 Pervanenin d\u00f6nmesini sa\u011flayan yanal disk u\u00e7lar\u0131<BR>\n\u2022 IP55 kontrol kabini ve elektrik motoru<BR>\n\u2022 H\u0131zl\u0131 a\u00e7\u0131labilme ve temizlenebilme<BR>\n\u2022 B\u00fcy\u00fck \u00f6l\u00e7\u00fcde Avrupa standartlar\u0131na uygun ses seviyesi (EN 12012-1 ek A)<BR>\n\u2022 Her m\u00fc\u015fterinin gereksinimlerini kar\u015f\u0131lamak i\u00e7in geni\u015f besleme ve tahliye opsiyonlar\u0131<\/p>","protected":false},"featured_media":13578,"template":"","tags":[108],"acf":[],"yoast_head":"<title>G25 - PiovanGroup<\/title>\n<meta name=\"robots\" content=\"index, follow, max-snippet:-1, max-image-preview:large, max-video-preview:-1\" \/>\n<link rel=\"canonical\" href=\"https:\/\/www.piovan.com\/tr\/product\/g25\/\" \/>\n<meta property=\"og:locale\" content=\"tr_TR\" \/>\n<meta property=\"og:type\" content=\"article\" \/>\n<meta property=\"og:title\" content=\"G25 - PiovanGroup\" \/>\n<meta property=\"og:description\" content=\"The G25 series is designed mainly for installation beside the IMM; the adjustable rotating knives assure cutting efficiency and quality and reduce noise. The G25 series includes versatile machines, that can be easily installed and integrated in customer\u2019s systems, thanks to the compact dimensions, the low noise level largely within EN standards and the various discharge systems.\" \/>\n<meta property=\"og:url\" content=\"https:\/\/www.piovan.com\/tr\/product\/g25\/\" \/>\n<meta property=\"og:site_name\" content=\"PiovanGroup\" \/>\n<meta property=\"article:modified_time\" content=\"2024-10-04T13:10:55+00:00\" \/>\n<meta property=\"og:image\" content=\"https:\/\/www.piovan.com\/wp-content\/uploads\/G25-788x1024.png\" \/>\n\t<meta property=\"og:image:width\" content=\"788\" \/>\n\t<meta property=\"og:image:height\" content=\"1024\" \/>\n\t<meta property=\"og:image:type\" content=\"image\/png\" \/>\n<meta name=\"twitter:card\" content=\"summary_large_image\" \/>\n<script type=\"application\/ld+json\" class=\"yoast-schema-graph\">{\"@context\":\"https:\/\/schema.org\",\"@graph\":[{\"@type\":\"WebPage\",\"@id\":\"https:\/\/www.piovan.com\/product\/g25\/\",\"url\":\"https:\/\/www.piovan.com\/product\/g25\/\",\"name\":\"G25 - PiovanGroup\",\"isPartOf\":{\"@id\":\"https:\/\/www.piovan.com\/#website\"},\"datePublished\":\"2021-11-11T15:12:11+00:00\",\"dateModified\":\"2024-10-04T13:10:55+00:00\",\"breadcrumb\":{\"@id\":\"https:\/\/www.piovan.com\/product\/g25\/#breadcrumb\"},\"inLanguage\":\"tr\",\"potentialAction\":[{\"@type\":\"ReadAction\",\"target\":[\"https:\/\/www.piovan.com\/product\/g25\/\"]}]},{\"@type\":\"BreadcrumbList\",\"@id\":\"https:\/\/www.piovan.com\/product\/g25\/#breadcrumb\",\"itemListElement\":[{\"@type\":\"ListItem\",\"position\":1,\"name\":\"Home\",\"item\":\"https:\/\/www.piovan.com\/\"},{\"@type\":\"ListItem\",\"position\":2,\"name\":\"Plastic\",\"item\":\"https:\/\/www.piovan.com\/tr\/products\/plastic\/\"},{\"@type\":\"ListItem\",\"position\":3,\"name\":\"Granulation\",\"item\":\"https:\/\/www.piovan.com\/tr\/products\/plastic\/granulation\/\"},{\"@type\":\"ListItem\",\"position\":4,\"name\":\"G25\"}]},{\"@type\":\"WebSite\",\"@id\":\"https:\/\/www.piovan.com\/#website\",\"url\":\"https:\/\/www.piovan.com\/\",\"name\":\"PiovanGroup\",\"description\":\"\",\"publisher\":{\"@id\":\"https:\/\/www.piovan.com\/#organization\"},\"potentialAction\":[{\"@type\":\"SearchAction\",\"target\":{\"@type\":\"EntryPoint\",\"urlTemplate\":\"https:\/\/www.piovan.com\/?s={search_term_string}\"},\"query-input\":\"required name=search_term_string\"}],\"inLanguage\":\"tr\"},{\"@type\":\"Organization\",\"@id\":\"https:\/\/www.piovan.com\/#organization\",\"name\":\"PiovanGroup\",\"url\":\"https:\/\/www.piovan.com\/\",\"logo\":{\"@type\":\"ImageObject\",\"inLanguage\":\"tr\",\"@id\":\"https:\/\/www.piovan.com\/#\/schema\/logo\/image\/\",\"url\":\"https:\/\/www.piovan.com\/wp-content\/uploads\/2021\/06\/logo@2x.png\",\"contentUrl\":\"https:\/\/www.piovan.com\/wp-content\/uploads\/2021\/06\/logo@2x.png\",\"width\":489,\"height\":78,\"caption\":\"PiovanGroup\"},\"image\":{\"@id\":\"https:\/\/www.piovan.com\/#\/schema\/logo\/image\/\"}}]}<\/script>","yoast_head_json":{"title":"G25 - PiovanGroup","robots":{"index":"index","follow":"follow","max-snippet":"max-snippet:-1","max-image-preview":"max-image-preview:large","max-video-preview":"max-video-preview:-1"},"canonical":"https:\/\/www.piovan.com\/tr\/product\/g25\/","og_locale":"tr_TR","og_type":"article","og_title":"G25 - PiovanGroup","og_description":"The G25 series is designed mainly for installation beside the IMM; the adjustable rotating knives assure cutting efficiency and quality and reduce noise. The G25 series includes versatile machines, that can be easily installed and integrated in customer\u2019s systems, thanks to the compact dimensions, the low noise level largely within EN standards and the various discharge systems.","og_url":"https:\/\/www.piovan.com\/tr\/product\/g25\/","og_site_name":"PiovanGroup","article_modified_time":"2024-10-04T13:10:55+00:00","og_image":[{"width":788,"height":1024,"url":"https:\/\/www.piovan.com\/wp-content\/uploads\/G25-788x1024.png","type":"image\/png"}],"twitter_card":"summary_large_image","schema":{"@context":"https:\/\/schema.org","@graph":[{"@type":"WebPage","@id":"https:\/\/www.piovan.com\/product\/g25\/","url":"https:\/\/www.piovan.com\/product\/g25\/","name":"G25 - PiovanGroup","isPartOf":{"@id":"https:\/\/www.piovan.com\/#website"},"datePublished":"2021-11-11T15:12:11+00:00","dateModified":"2024-10-04T13:10:55+00:00","breadcrumb":{"@id":"https:\/\/www.piovan.com\/product\/g25\/#breadcrumb"},"inLanguage":"tr","potentialAction":[{"@type":"ReadAction","target":["https:\/\/www.piovan.com\/product\/g25\/"]}]},{"@type":"BreadcrumbList","@id":"https:\/\/www.piovan.com\/product\/g25\/#breadcrumb","itemListElement":[{"@type":"ListItem","position":1,"name":"Home","item":"https:\/\/www.piovan.com\/"},{"@type":"ListItem","position":2,"name":"Plastic","item":"https:\/\/www.piovan.com\/tr\/products\/plastic\/"},{"@type":"ListItem","position":3,"name":"Granulation","item":"https:\/\/www.piovan.com\/tr\/products\/plastic\/granulation\/"},{"@type":"ListItem","position":4,"name":"G25"}]},{"@type":"WebSite","@id":"https:\/\/www.piovan.com\/#website","url":"https:\/\/www.piovan.com\/","name":"PiovanGroup","description":"","publisher":{"@id":"https:\/\/www.piovan.com\/#organization"},"potentialAction":[{"@type":"SearchAction","target":{"@type":"EntryPoint","urlTemplate":"https:\/\/www.piovan.com\/?s={search_term_string}"},"query-input":"required name=search_term_string"}],"inLanguage":"tr"},{"@type":"Organization","@id":"https:\/\/www.piovan.com\/#organization","name":"PiovanGroup","url":"https:\/\/www.piovan.com\/","logo":{"@type":"ImageObject","inLanguage":"tr","@id":"https:\/\/www.piovan.com\/#\/schema\/logo\/image\/","url":"https:\/\/www.piovan.com\/wp-content\/uploads\/2021\/06\/logo@2x.png","contentUrl":"https:\/\/www.piovan.com\/wp-content\/uploads\/2021\/06\/logo@2x.png","width":489,"height":78,"caption":"PiovanGroup"},"image":{"@id":"https:\/\/www.piovan.com\/#\/schema\/logo\/image\/"}}]}},"_links":{"self":[{"href":"https:\/\/www.piovan.com\/tr\/wp-json\/wp\/v2\/product\/5082"}],"collection":[{"href":"https:\/\/www.piovan.com\/tr\/wp-json\/wp\/v2\/product"}],"about":[{"href":"https:\/\/www.piovan.com\/tr\/wp-json\/wp\/v2\/types\/product"}],"version-history":[{"count":3,"href":"https:\/\/www.piovan.com\/tr\/wp-json\/wp\/v2\/product\/5082\/revisions"}],"predecessor-version":[{"id":13580,"href":"https:\/\/www.piovan.com\/tr\/wp-json\/wp\/v2\/product\/5082\/revisions\/13580"}],"wp:featuredmedia":[{"embeddable":true,"href":"https:\/\/www.piovan.com\/tr\/wp-json\/wp\/v2\/media\/13578"}],"wp:attachment":[{"href":"https:\/\/www.piovan.com\/tr\/wp-json\/wp\/v2\/media?parent=5082"}],"wp:term":[{"taxonomy":"post_tag","embeddable":true,"href":"https:\/\/www.piovan.com\/tr\/wp-json\/wp\/v2\/tags?post=5082"}],"curies":[{"name":"wp","href":"https:\/\/api.w.org\/{rel}","templated":true}]}}