{"id":5074,"date":"2021-11-11T15:56:46","date_gmt":"2021-11-11T14:56:46","guid":{"rendered":"https:\/\/www.piovan.com\/product\/evolution-series-2\/"},"modified":"2024-10-07T10:16:49","modified_gmt":"2024-10-07T08:16:49","slug":"film-and-edge-trim","status":"publish","type":"product","link":"https:\/\/www.piovan.com\/tr\/product\/film-and-edge-trim\/","title":{"rendered":"Film ve kenar d\u00f6\u015feme k\u0131r\u0131c\u0131lar"},"content":{"rendered":"<p>Modeller:<BR>\n\u2022 N17-38-ET1<BR>\n\u2022 S25-30-ET1\/2<BR>\n\u2022 S25-45-ET1\/2<BR>\n\u2022 S30-50-ET2<BR>\n\u2022 S30-50-R<BR>\n\u2022 N40-70-R<BR>\n\u2022 N40-70-ET2<\/p>\n<p>Teknik Detaylar:<BR>\n\u2022 Etkin kenar d\u00f6\u015feme ve film red\u00fcksiyon \u00f6l\u00e7\u00fcs\u00fc tasar\u0131m\u0131<BR>\n\u2022 7 standart model, 30\u2019un \u00fczerinde versiyon<BR>\n\u2022 Enerji tasarrufu ve y\u00fcksek kesim g\u00fcc\u00fc i\u00e7in farkl\u0131 motor \u00f6l\u00e7\u00fcleri<BR>\n\u2022 H\u0131zl\u0131 a\u00e7\u0131lma ve kolay temizlenme<\/p>\n<p>Prosesler:<BR>\n\u2022 Ekstr\u00fczyon<BR>\n\u2022 Film<\/p>","protected":false},"featured_media":13601,"template":"","tags":[108,41],"acf":[],"yoast_head":"<title>Film ve kenar d\u00f6\u015feme k\u0131r\u0131c\u0131lar - PiovanGroup<\/title>\n<meta name=\"robots\" content=\"index, follow, max-snippet:-1, max-image-preview:large, max-video-preview:-1\" \/>\n<link rel=\"canonical\" href=\"https:\/\/www.piovan.com\/tr\/product\/film-and-edge-trim\/\" \/>\n<meta property=\"og:locale\" content=\"tr_TR\" \/>\n<meta property=\"og:type\" content=\"article\" \/>\n<meta property=\"og:title\" content=\"Film and edge trim - PiovanGroup\" \/>\n<meta property=\"og:description\" content=\"The machines of this family is designed specifically for applications in extrusion film. The different configurations can match all customer\u2019s requests, both in terms of energy saving and cutting power and efficiency. The feeding system is specifically designed for film and the granulator can be integrated in the line for immediate material recovering.\" \/>\n<meta property=\"og:url\" content=\"https:\/\/www.piovan.com\/tr\/product\/film-and-edge-trim\/\" \/>\n<meta property=\"og:site_name\" content=\"PiovanGroup\" \/>\n<meta property=\"article:modified_time\" content=\"2024-10-07T08:16:49+00:00\" \/>\n<meta property=\"og:image\" content=\"https:\/\/www.piovan.com\/wp-content\/uploads\/FILM-AND-EDGE-TRIM.png\" \/>\n\t<meta property=\"og:image:width\" content=\"1200\" \/>\n\t<meta property=\"og:image:height\" content=\"1560\" \/>\n\t<meta property=\"og:image:type\" content=\"image\/png\" \/>\n<meta name=\"twitter:card\" content=\"summary_large_image\" \/>\n<script type=\"application\/ld+json\" class=\"yoast-schema-graph\">{\"@context\":\"https:\/\/schema.org\",\"@graph\":[{\"@type\":\"WebPage\",\"@id\":\"https:\/\/www.piovan.com\/product\/film-and-edge-trim\/\",\"url\":\"https:\/\/www.piovan.com\/product\/film-and-edge-trim\/\",\"name\":\"Film and edge trim - PiovanGroup\",\"isPartOf\":{\"@id\":\"https:\/\/www.piovan.com\/#website\"},\"datePublished\":\"2021-11-11T14:56:46+00:00\",\"dateModified\":\"2024-10-07T08:16:49+00:00\",\"breadcrumb\":{\"@id\":\"https:\/\/www.piovan.com\/product\/film-and-edge-trim\/#breadcrumb\"},\"inLanguage\":\"tr\",\"potentialAction\":[{\"@type\":\"ReadAction\",\"target\":[\"https:\/\/www.piovan.com\/product\/film-and-edge-trim\/\"]}]},{\"@type\":\"BreadcrumbList\",\"@id\":\"https:\/\/www.piovan.com\/product\/film-and-edge-trim\/#breadcrumb\",\"itemListElement\":[{\"@type\":\"ListItem\",\"position\":1,\"name\":\"Home\",\"item\":\"https:\/\/www.piovan.com\/\"},{\"@type\":\"ListItem\",\"position\":2,\"name\":\"Plastic\",\"item\":\"https:\/\/www.piovan.com\/tr\/products\/plastic\/\"},{\"@type\":\"ListItem\",\"position\":3,\"name\":\"Granulation\",\"item\":\"https:\/\/www.piovan.com\/tr\/products\/plastic\/granulation\/\"},{\"@type\":\"ListItem\",\"position\":4,\"name\":\"Film and edge trim\"}]},{\"@type\":\"WebSite\",\"@id\":\"https:\/\/www.piovan.com\/#website\",\"url\":\"https:\/\/www.piovan.com\/\",\"name\":\"PiovanGroup\",\"description\":\"\",\"publisher\":{\"@id\":\"https:\/\/www.piovan.com\/#organization\"},\"potentialAction\":[{\"@type\":\"SearchAction\",\"target\":{\"@type\":\"EntryPoint\",\"urlTemplate\":\"https:\/\/www.piovan.com\/?s={search_term_string}\"},\"query-input\":\"required name=search_term_string\"}],\"inLanguage\":\"tr\"},{\"@type\":\"Organization\",\"@id\":\"https:\/\/www.piovan.com\/#organization\",\"name\":\"PiovanGroup\",\"url\":\"https:\/\/www.piovan.com\/\",\"logo\":{\"@type\":\"ImageObject\",\"inLanguage\":\"tr\",\"@id\":\"https:\/\/www.piovan.com\/#\/schema\/logo\/image\/\",\"url\":\"https:\/\/www.piovan.com\/wp-content\/uploads\/2021\/06\/logo@2x.png\",\"contentUrl\":\"https:\/\/www.piovan.com\/wp-content\/uploads\/2021\/06\/logo@2x.png\",\"width\":489,\"height\":78,\"caption\":\"PiovanGroup\"},\"image\":{\"@id\":\"https:\/\/www.piovan.com\/#\/schema\/logo\/image\/\"}}]}<\/script>","yoast_head_json":{"title":"Film ve kenar d\u00f6\u015feme k\u0131r\u0131c\u0131lar - PiovanGroup","robots":{"index":"index","follow":"follow","max-snippet":"max-snippet:-1","max-image-preview":"max-image-preview:large","max-video-preview":"max-video-preview:-1"},"canonical":"https:\/\/www.piovan.com\/tr\/product\/film-and-edge-trim\/","og_locale":"tr_TR","og_type":"article","og_title":"Film and edge trim - PiovanGroup","og_description":"The machines of this family is designed specifically for applications in extrusion film. The different configurations can match all customer\u2019s requests, both in terms of energy saving and cutting power and efficiency. The feeding system is specifically designed for film and the granulator can be integrated in the line for immediate material recovering.","og_url":"https:\/\/www.piovan.com\/tr\/product\/film-and-edge-trim\/","og_site_name":"PiovanGroup","article_modified_time":"2024-10-07T08:16:49+00:00","og_image":[{"width":1200,"height":1560,"url":"https:\/\/www.piovan.com\/wp-content\/uploads\/FILM-AND-EDGE-TRIM.png","type":"image\/png"}],"twitter_card":"summary_large_image","schema":{"@context":"https:\/\/schema.org","@graph":[{"@type":"WebPage","@id":"https:\/\/www.piovan.com\/product\/film-and-edge-trim\/","url":"https:\/\/www.piovan.com\/product\/film-and-edge-trim\/","name":"Film and edge trim - PiovanGroup","isPartOf":{"@id":"https:\/\/www.piovan.com\/#website"},"datePublished":"2021-11-11T14:56:46+00:00","dateModified":"2024-10-07T08:16:49+00:00","breadcrumb":{"@id":"https:\/\/www.piovan.com\/product\/film-and-edge-trim\/#breadcrumb"},"inLanguage":"tr","potentialAction":[{"@type":"ReadAction","target":["https:\/\/www.piovan.com\/product\/film-and-edge-trim\/"]}]},{"@type":"BreadcrumbList","@id":"https:\/\/www.piovan.com\/product\/film-and-edge-trim\/#breadcrumb","itemListElement":[{"@type":"ListItem","position":1,"name":"Home","item":"https:\/\/www.piovan.com\/"},{"@type":"ListItem","position":2,"name":"Plastic","item":"https:\/\/www.piovan.com\/tr\/products\/plastic\/"},{"@type":"ListItem","position":3,"name":"Granulation","item":"https:\/\/www.piovan.com\/tr\/products\/plastic\/granulation\/"},{"@type":"ListItem","position":4,"name":"Film and edge trim"}]},{"@type":"WebSite","@id":"https:\/\/www.piovan.com\/#website","url":"https:\/\/www.piovan.com\/","name":"PiovanGroup","description":"","publisher":{"@id":"https:\/\/www.piovan.com\/#organization"},"potentialAction":[{"@type":"SearchAction","target":{"@type":"EntryPoint","urlTemplate":"https:\/\/www.piovan.com\/?s={search_term_string}"},"query-input":"required name=search_term_string"}],"inLanguage":"tr"},{"@type":"Organization","@id":"https:\/\/www.piovan.com\/#organization","name":"PiovanGroup","url":"https:\/\/www.piovan.com\/","logo":{"@type":"ImageObject","inLanguage":"tr","@id":"https:\/\/www.piovan.com\/#\/schema\/logo\/image\/","url":"https:\/\/www.piovan.com\/wp-content\/uploads\/2021\/06\/logo@2x.png","contentUrl":"https:\/\/www.piovan.com\/wp-content\/uploads\/2021\/06\/logo@2x.png","width":489,"height":78,"caption":"PiovanGroup"},"image":{"@id":"https:\/\/www.piovan.com\/#\/schema\/logo\/image\/"}}]}},"_links":{"self":[{"href":"https:\/\/www.piovan.com\/tr\/wp-json\/wp\/v2\/product\/5074"}],"collection":[{"href":"https:\/\/www.piovan.com\/tr\/wp-json\/wp\/v2\/product"}],"about":[{"href":"https:\/\/www.piovan.com\/tr\/wp-json\/wp\/v2\/types\/product"}],"version-history":[{"count":3,"href":"https:\/\/www.piovan.com\/tr\/wp-json\/wp\/v2\/product\/5074\/revisions"}],"predecessor-version":[{"id":13603,"href":"https:\/\/www.piovan.com\/tr\/wp-json\/wp\/v2\/product\/5074\/revisions\/13603"}],"wp:featuredmedia":[{"embeddable":true,"href":"https:\/\/www.piovan.com\/tr\/wp-json\/wp\/v2\/media\/13601"}],"wp:attachment":[{"href":"https:\/\/www.piovan.com\/tr\/wp-json\/wp\/v2\/media?parent=5074"}],"wp:term":[{"taxonomy":"post_tag","embeddable":true,"href":"https:\/\/www.piovan.com\/tr\/wp-json\/wp\/v2\/tags?post=5074"}],"curies":[{"name":"wp","href":"https:\/\/api.w.org\/{rel}","templated":true}]}}