{"id":5050,"date":"2021-11-10T18:27:39","date_gmt":"2021-11-10T17:27:39","guid":{"rendered":"https:\/\/www.piovan.com\/?post_type=product&#038;p=5050"},"modified":"2025-01-07T15:39:46","modified_gmt":"2025-01-07T14:39:46","slug":"s-series","status":"publish","type":"product","link":"https:\/\/www.piovan.com\/tr\/product\/s-series\/","title":{"rendered":"S and SBL Series"},"content":{"rendered":"<p class=\" translation-block\">S and SBL series, single phase hopper loaders incorporate the vacuum<br>\r\nblower with a conveying capacity up to 200 kg\/h and 20 m distance.<\/p>\n<p class=\" translation-block\">S tek a\u015famal\u0131 silo y\u00fckleyiciler vakumlu motor i\u00e7erir. Bu \u00fcr\u00fcnler saatte 200 kg h\u0131zla malzeme y\u00fckleyebilir ve mesafe 20 metreye ula\u015fabilir. S serisi y\u00fckleyiciler g\u00fc\u00e7l\u00fc bir mikroi\u015flemci i\u00e7eren yeni bir tu\u015f tak\u0131m\u0131 kontrol\u00fcne de sahiptir.\n<br>\nEkran ve klavye, t\u00fcm i\u015flevlere kolay ve h\u0131zl\u0131 eri\u015fim sa\u011flar. RS485 seri ileti\u015fim portu (modbus protokol\u00fc) standart olarak bulunmaktad\u0131r.<\/p>\n<p>Piovan tek a\u015famal\u0131 y\u00fckleyicilerin y\u00fcksek g\u00fcvenilirli\u011fi, standart yap\u0131land\u0131rmada bulunan ve vakumlu pompan\u0131n ya\u015fam\u0131n\u0131 \u00f6nemli \u00f6l\u00e7\u00fcde art\u0131ran iki d\u00fczenekle sa\u011flan\u0131r:<br>\n\u2022 f\u0131r\u00e7alar\u0131n a\u015f\u0131nmas\u0131n\u0131 ve motorun zarar g\u00f6rmesi riskini azaltan yumu\u015fak ba\u015flatma i\u015flevi.<br>\n\u2022 f\u0131r\u00e7alar\u0131n de\u011fi\u015ftirilmesi gerekti\u011fini belirten uyar\u0131 sinyalleri.<\/p>\n<p>S and SBL series has a natural long lifespan thanks to:<br \/>\n\u2022 high quality material, such as stainless steel<br \/>\nStandart model:<BR>\n\u25cf 1 kW \u00e7ift ad\u0131ml\u0131 vakumlu motor<BR>\n\u25cf ka\u011f\u0131t veya kuma\u015f filtre<BR>\n\u25cf otomatik filtre temizleme cihaz\u0131 (bas\u0131n\u00e7l\u0131 hava ile)<BR>\n\u25cf filtre temizleme hava \u00e7\u0131k\u0131\u015f\u0131 ve paslanmaz \u00e7elik a\u011f korumal\u0131 denetleme kapa\u011f\u0131<BR>\n\u25cf manyetik d\u00fczey sens\u00f6r\u00fc<BR>\n\u25cf seri port ve \u00e7al\u0131\u015fma durumu g\u00f6stergeleri ile alarmlar i\u00e7in LED'ler dahil olmak \u00fczere tu\u015f tak\u0131ml\u0131 kontrol kutusu<BR>\n\u25cf esnek konumland\u0131rma i\u00e7in 360\u00b0 d\u00f6n\u00fc\u015f sa\u011flayan al\u00fcminyum flan\u015f\n<BR><br \/>\n\u2022 brush-less motors available on request (SBL Series)<\/p>","protected":false},"featured_media":13004,"template":"","tags":[108],"acf":[],"yoast_head":"<title>S and SBL Series - PiovanGroup<\/title>\n<meta name=\"robots\" content=\"index, follow, max-snippet:-1, max-image-preview:large, max-video-preview:-1\" \/>\n<link rel=\"canonical\" href=\"https:\/\/www.piovan.com\/tr\/product\/s-series\/\" \/>\n<meta property=\"og:locale\" content=\"tr_TR\" \/>\n<meta property=\"og:type\" content=\"article\" \/>\n<meta property=\"og:title\" content=\"S and SBL Series - PiovanGroup\" \/>\n<meta property=\"og:description\" content=\"S and SBL series, single phase hopper loaders incorporate the vacuum blower with a conveying capacity up to 200 kg\/h and 20 m distance. S series loaders are equipped with a keypad with microprocessor for: \u2022 Ease of use \u2022 Full automation \u2022 Self monitoring. The display, keyboard and MODBUS\/RS485 grant a simple and quick access to all the functions. S and SBL series has a natural long lifespan thanks to: \u2022 high quality material, such as stainless steel \u2022 [&hellip;]\" \/>\n<meta property=\"og:url\" content=\"https:\/\/www.piovan.com\/tr\/product\/s-series\/\" \/>\n<meta property=\"og:site_name\" content=\"PiovanGroup\" \/>\n<meta property=\"article:modified_time\" content=\"2025-01-07T14:39:46+00:00\" \/>\n<meta property=\"og:image\" content=\"https:\/\/www.piovan.com\/wp-content\/uploads\/S-Series_1200x1560px-copia.png\" \/>\n\t<meta property=\"og:image:width\" content=\"1200\" \/>\n\t<meta property=\"og:image:height\" content=\"1560\" \/>\n\t<meta property=\"og:image:type\" content=\"image\/png\" \/>\n<meta name=\"twitter:card\" content=\"summary_large_image\" \/>\n<script type=\"application\/ld+json\" class=\"yoast-schema-graph\">{\"@context\":\"https:\/\/schema.org\",\"@graph\":[{\"@type\":\"WebPage\",\"@id\":\"https:\/\/www.piovan.com\/product\/s-series\/\",\"url\":\"https:\/\/www.piovan.com\/product\/s-series\/\",\"name\":\"S and SBL Series - PiovanGroup\",\"isPartOf\":{\"@id\":\"https:\/\/www.piovan.com\/#website\"},\"datePublished\":\"2021-11-10T17:27:39+00:00\",\"dateModified\":\"2025-01-07T14:39:46+00:00\",\"breadcrumb\":{\"@id\":\"https:\/\/www.piovan.com\/product\/s-series\/#breadcrumb\"},\"inLanguage\":\"tr\",\"potentialAction\":[{\"@type\":\"ReadAction\",\"target\":[\"https:\/\/www.piovan.com\/product\/s-series\/\"]}]},{\"@type\":\"BreadcrumbList\",\"@id\":\"https:\/\/www.piovan.com\/product\/s-series\/#breadcrumb\",\"itemListElement\":[{\"@type\":\"ListItem\",\"position\":1,\"name\":\"Home\",\"item\":\"https:\/\/www.piovan.com\/\"},{\"@type\":\"ListItem\",\"position\":2,\"name\":\"Plastic\",\"item\":\"https:\/\/www.piovan.com\/tr\/products\/plastic\/\"},{\"@type\":\"ListItem\",\"position\":3,\"name\":\"Feeding &amp; Conveying\",\"item\":\"https:\/\/www.piovan.com\/tr\/products\/plastic\/feeding-conveying\/\"},{\"@type\":\"ListItem\",\"position\":4,\"name\":\"S and SBL Series\"}]},{\"@type\":\"WebSite\",\"@id\":\"https:\/\/www.piovan.com\/#website\",\"url\":\"https:\/\/www.piovan.com\/\",\"name\":\"PiovanGroup\",\"description\":\"\",\"publisher\":{\"@id\":\"https:\/\/www.piovan.com\/#organization\"},\"potentialAction\":[{\"@type\":\"SearchAction\",\"target\":{\"@type\":\"EntryPoint\",\"urlTemplate\":\"https:\/\/www.piovan.com\/?s={search_term_string}\"},\"query-input\":\"required name=search_term_string\"}],\"inLanguage\":\"tr\"},{\"@type\":\"Organization\",\"@id\":\"https:\/\/www.piovan.com\/#organization\",\"name\":\"PiovanGroup\",\"url\":\"https:\/\/www.piovan.com\/\",\"logo\":{\"@type\":\"ImageObject\",\"inLanguage\":\"tr\",\"@id\":\"https:\/\/www.piovan.com\/#\/schema\/logo\/image\/\",\"url\":\"https:\/\/www.piovan.com\/wp-content\/uploads\/2021\/06\/logo@2x.png\",\"contentUrl\":\"https:\/\/www.piovan.com\/wp-content\/uploads\/2021\/06\/logo@2x.png\",\"width\":489,\"height\":78,\"caption\":\"PiovanGroup\"},\"image\":{\"@id\":\"https:\/\/www.piovan.com\/#\/schema\/logo\/image\/\"}}]}<\/script>","yoast_head_json":{"title":"S and SBL Series - PiovanGroup","robots":{"index":"index","follow":"follow","max-snippet":"max-snippet:-1","max-image-preview":"max-image-preview:large","max-video-preview":"max-video-preview:-1"},"canonical":"https:\/\/www.piovan.com\/tr\/product\/s-series\/","og_locale":"tr_TR","og_type":"article","og_title":"S and SBL Series - PiovanGroup","og_description":"S and SBL series, single phase hopper loaders incorporate the vacuum blower with a conveying capacity up to 200 kg\/h and 20 m distance. S series loaders are equipped with a keypad with microprocessor for: \u2022 Ease of use \u2022 Full automation \u2022 Self monitoring. The display, keyboard and MODBUS\/RS485 grant a simple and quick access to all the functions. S and SBL series has a natural long lifespan thanks to: \u2022 high quality material, such as stainless steel \u2022 [&hellip;]","og_url":"https:\/\/www.piovan.com\/tr\/product\/s-series\/","og_site_name":"PiovanGroup","article_modified_time":"2025-01-07T14:39:46+00:00","og_image":[{"width":1200,"height":1560,"url":"https:\/\/www.piovan.com\/wp-content\/uploads\/S-Series_1200x1560px-copia.png","type":"image\/png"}],"twitter_card":"summary_large_image","schema":{"@context":"https:\/\/schema.org","@graph":[{"@type":"WebPage","@id":"https:\/\/www.piovan.com\/product\/s-series\/","url":"https:\/\/www.piovan.com\/product\/s-series\/","name":"S and SBL Series - PiovanGroup","isPartOf":{"@id":"https:\/\/www.piovan.com\/#website"},"datePublished":"2021-11-10T17:27:39+00:00","dateModified":"2025-01-07T14:39:46+00:00","breadcrumb":{"@id":"https:\/\/www.piovan.com\/product\/s-series\/#breadcrumb"},"inLanguage":"tr","potentialAction":[{"@type":"ReadAction","target":["https:\/\/www.piovan.com\/product\/s-series\/"]}]},{"@type":"BreadcrumbList","@id":"https:\/\/www.piovan.com\/product\/s-series\/#breadcrumb","itemListElement":[{"@type":"ListItem","position":1,"name":"Home","item":"https:\/\/www.piovan.com\/"},{"@type":"ListItem","position":2,"name":"Plastic","item":"https:\/\/www.piovan.com\/tr\/products\/plastic\/"},{"@type":"ListItem","position":3,"name":"Feeding &amp; Conveying","item":"https:\/\/www.piovan.com\/tr\/products\/plastic\/feeding-conveying\/"},{"@type":"ListItem","position":4,"name":"S and SBL Series"}]},{"@type":"WebSite","@id":"https:\/\/www.piovan.com\/#website","url":"https:\/\/www.piovan.com\/","name":"PiovanGroup","description":"","publisher":{"@id":"https:\/\/www.piovan.com\/#organization"},"potentialAction":[{"@type":"SearchAction","target":{"@type":"EntryPoint","urlTemplate":"https:\/\/www.piovan.com\/?s={search_term_string}"},"query-input":"required name=search_term_string"}],"inLanguage":"tr"},{"@type":"Organization","@id":"https:\/\/www.piovan.com\/#organization","name":"PiovanGroup","url":"https:\/\/www.piovan.com\/","logo":{"@type":"ImageObject","inLanguage":"tr","@id":"https:\/\/www.piovan.com\/#\/schema\/logo\/image\/","url":"https:\/\/www.piovan.com\/wp-content\/uploads\/2021\/06\/logo@2x.png","contentUrl":"https:\/\/www.piovan.com\/wp-content\/uploads\/2021\/06\/logo@2x.png","width":489,"height":78,"caption":"PiovanGroup"},"image":{"@id":"https:\/\/www.piovan.com\/#\/schema\/logo\/image\/"}}]}},"_links":{"self":[{"href":"https:\/\/www.piovan.com\/tr\/wp-json\/wp\/v2\/product\/5050"}],"collection":[{"href":"https:\/\/www.piovan.com\/tr\/wp-json\/wp\/v2\/product"}],"about":[{"href":"https:\/\/www.piovan.com\/tr\/wp-json\/wp\/v2\/types\/product"}],"version-history":[{"count":3,"href":"https:\/\/www.piovan.com\/tr\/wp-json\/wp\/v2\/product\/5050\/revisions"}],"predecessor-version":[{"id":14149,"href":"https:\/\/www.piovan.com\/tr\/wp-json\/wp\/v2\/product\/5050\/revisions\/14149"}],"wp:featuredmedia":[{"embeddable":true,"href":"https:\/\/www.piovan.com\/tr\/wp-json\/wp\/v2\/media\/13004"}],"wp:attachment":[{"href":"https:\/\/www.piovan.com\/tr\/wp-json\/wp\/v2\/media?parent=5050"}],"wp:term":[{"taxonomy":"post_tag","embeddable":true,"href":"https:\/\/www.piovan.com\/tr\/wp-json\/wp\/v2\/tags?post=5050"}],"curies":[{"name":"wp","href":"https:\/\/api.w.org\/{rel}","templated":true}]}}