{"id":5040,"date":"2021-11-10T17:17:08","date_gmt":"2021-11-10T16:17:08","guid":{"rendered":"https:\/\/www.piovan.com\/?post_type=product&#038;p=5040"},"modified":"2025-01-07T14:56:46","modified_gmt":"2025-01-07T13:56:46","slug":"ryng","status":"publish","type":"product","link":"https:\/\/www.piovan.com\/tr\/product\/ryng\/","title":{"rendered":"Ryng"},"content":{"rendered":"<p>Besleme hatt\u0131n\u0131n \u00fcretkenli\u011fini ve verimlili\u011fini \u00f6l\u00e7mek i\u00e7in son derece basit bir sistem.<\/p>\n<p>Piovan, konteyn\u0131rdan siloya aktar\u0131lan malzemenin miktar\u0131n\u0131 an\u0131nda ve hassas bir \u015fekilde \u00f6l\u00e7erek operat\u00f6rlerin makinenin \u00e7al\u0131\u015fma parametreleri \u00fczerinde h\u0131zla i\u015flem yapabilmesini sa\u011flamak ve en \u00f6nemlisi makinenin etkin \u00fcretkenli\u011fi hakk\u0131nda bilgi sahibi olabilmek i\u00e7in \u201cRyng\u201d adl\u0131 \u00f6zel bir \u00fcretim izleme sistemi tasarlad\u0131 ve \u00fcretti. Ryng y\u00fckleme konteyn\u0131r\u0131 ile depolama silosu aras\u0131na tak\u0131lan ve i\u00e7inde y\u00fcksek hassasiyetli bir tart\u0131 cihaz\u0131 i\u00e7eren bir bile\u015fen olarak yap\u0131land\u0131r\u0131lm\u0131\u015ft\u0131r.<\/p>\n<p>Sistem toplad\u0131\u011f\u0131 verileri \u201cfiltreleyen\u201d ve \u201cyorumlayan\u201d, sonu\u00e7 olarak aktar\u0131lan malzemenin ger\u00e7ek miktar\u0131n\u0131 g\u00f6steren \u00f6zel algoritmalara g\u00f6re ayarlanm\u0131\u015f tescilli bir yaz\u0131l\u0131m kullan\u0131r. Ryng konteyn\u0131r\u0131n siloya y\u00fckledi\u011fi malzemenin miktar\u0131n\u0131 \u00f6l\u00e7erek do\u011frudan sahadan al\u0131nan bilgileri sa\u011flar, b\u00f6ylelikle makinenin beklenen \u00fcretimi ile ger\u00e7ek \u00fcretimi aras\u0131nda istedi\u011finiz zaman ger\u00e7ek zamanl\u0131 kar\u015f\u0131la\u015ft\u0131rmalar yapman\u0131za yard\u0131mc\u0131 olur.<\/p>\n<p>Buna ek olarak yaz\u0131l\u0131m makinenin normal \u00e7al\u0131\u015fmas\u0131na ba\u011fl\u0131 olarak besleyici sisteminde hissedilen ka\u00e7\u0131n\u0131lmaz titre\u015fimlerden kaynaklanacak t\u00fcm \u00f6l\u00e7\u00fcm dalgalanmalar\u0131n\u0131 hari\u00e7 tutacak ya da minimuma indirecek \u015fekilde programlanm\u0131\u015ft\u0131r. B\u00f6ylelikle sistem y\u00fcksek hassasiyetli \u00f6l\u00e7\u00fcm sonu\u00e7lar\u0131 verir (en fazla %1 hata oran\u0131 ile).<\/p>","protected":false},"featured_media":13001,"template":"","tags":[108,41],"acf":[],"yoast_head":"<title>Ryng - PiovanGroup<\/title>\n<meta name=\"robots\" content=\"index, follow, max-snippet:-1, max-image-preview:large, max-video-preview:-1\" \/>\n<link rel=\"canonical\" href=\"https:\/\/www.piovan.com\/tr\/product\/ryng\/\" \/>\n<meta property=\"og:locale\" content=\"tr_TR\" \/>\n<meta property=\"og:type\" content=\"article\" \/>\n<meta property=\"og:title\" content=\"Ryng - PiovanGroup\" \/>\n<meta property=\"og:description\" content=\"Ryng is the best solution for real time production monitoring and the usage of raw material. It integrates a high precision load-cell that measures the weight of material loaded into the receiver. The system precision is 1% in typical installation sites with vibration. All the throughput information are recorded also in Winfactory 4.0, to make possible advance analysis of consumptions and material batch tracking.\" \/>\n<meta property=\"og:url\" content=\"https:\/\/www.piovan.com\/tr\/product\/ryng\/\" \/>\n<meta property=\"og:site_name\" content=\"PiovanGroup\" \/>\n<meta property=\"article:modified_time\" content=\"2025-01-07T13:56:46+00:00\" \/>\n<meta property=\"og:image\" content=\"https:\/\/www.piovan.com\/wp-content\/uploads\/Ryng_1200x1560px-copia.png\" \/>\n\t<meta property=\"og:image:width\" content=\"1200\" \/>\n\t<meta property=\"og:image:height\" content=\"1560\" \/>\n\t<meta property=\"og:image:type\" content=\"image\/png\" \/>\n<meta name=\"twitter:card\" content=\"summary_large_image\" \/>\n<script type=\"application\/ld+json\" class=\"yoast-schema-graph\">{\"@context\":\"https:\/\/schema.org\",\"@graph\":[{\"@type\":\"WebPage\",\"@id\":\"https:\/\/www.piovan.com\/product\/ryng\/\",\"url\":\"https:\/\/www.piovan.com\/product\/ryng\/\",\"name\":\"Ryng - PiovanGroup\",\"isPartOf\":{\"@id\":\"https:\/\/www.piovan.com\/#website\"},\"datePublished\":\"2021-11-10T16:17:08+00:00\",\"dateModified\":\"2025-01-07T13:56:46+00:00\",\"breadcrumb\":{\"@id\":\"https:\/\/www.piovan.com\/product\/ryng\/#breadcrumb\"},\"inLanguage\":\"tr\",\"potentialAction\":[{\"@type\":\"ReadAction\",\"target\":[\"https:\/\/www.piovan.com\/product\/ryng\/\"]}]},{\"@type\":\"BreadcrumbList\",\"@id\":\"https:\/\/www.piovan.com\/product\/ryng\/#breadcrumb\",\"itemListElement\":[{\"@type\":\"ListItem\",\"position\":1,\"name\":\"Home\",\"item\":\"https:\/\/www.piovan.com\/\"},{\"@type\":\"ListItem\",\"position\":2,\"name\":\"Plastic\",\"item\":\"https:\/\/www.piovan.com\/tr\/products\/plastic\/\"},{\"@type\":\"ListItem\",\"position\":3,\"name\":\"Feeding &amp; Conveying\",\"item\":\"https:\/\/www.piovan.com\/tr\/products\/plastic\/feeding-conveying\/\"},{\"@type\":\"ListItem\",\"position\":4,\"name\":\"Ryng\"}]},{\"@type\":\"WebSite\",\"@id\":\"https:\/\/www.piovan.com\/#website\",\"url\":\"https:\/\/www.piovan.com\/\",\"name\":\"PiovanGroup\",\"description\":\"\",\"publisher\":{\"@id\":\"https:\/\/www.piovan.com\/#organization\"},\"potentialAction\":[{\"@type\":\"SearchAction\",\"target\":{\"@type\":\"EntryPoint\",\"urlTemplate\":\"https:\/\/www.piovan.com\/?s={search_term_string}\"},\"query-input\":\"required name=search_term_string\"}],\"inLanguage\":\"tr\"},{\"@type\":\"Organization\",\"@id\":\"https:\/\/www.piovan.com\/#organization\",\"name\":\"PiovanGroup\",\"url\":\"https:\/\/www.piovan.com\/\",\"logo\":{\"@type\":\"ImageObject\",\"inLanguage\":\"tr\",\"@id\":\"https:\/\/www.piovan.com\/#\/schema\/logo\/image\/\",\"url\":\"https:\/\/www.piovan.com\/wp-content\/uploads\/2021\/06\/logo@2x.png\",\"contentUrl\":\"https:\/\/www.piovan.com\/wp-content\/uploads\/2021\/06\/logo@2x.png\",\"width\":489,\"height\":78,\"caption\":\"PiovanGroup\"},\"image\":{\"@id\":\"https:\/\/www.piovan.com\/#\/schema\/logo\/image\/\"}}]}<\/script>","yoast_head_json":{"title":"Ryng - PiovanGroup","robots":{"index":"index","follow":"follow","max-snippet":"max-snippet:-1","max-image-preview":"max-image-preview:large","max-video-preview":"max-video-preview:-1"},"canonical":"https:\/\/www.piovan.com\/tr\/product\/ryng\/","og_locale":"tr_TR","og_type":"article","og_title":"Ryng - PiovanGroup","og_description":"Ryng is the best solution for real time production monitoring and the usage of raw material. It integrates a high precision load-cell that measures the weight of material loaded into the receiver. The system precision is 1% in typical installation sites with vibration. All the throughput information are recorded also in Winfactory 4.0, to make possible advance analysis of consumptions and material batch tracking.","og_url":"https:\/\/www.piovan.com\/tr\/product\/ryng\/","og_site_name":"PiovanGroup","article_modified_time":"2025-01-07T13:56:46+00:00","og_image":[{"width":1200,"height":1560,"url":"https:\/\/www.piovan.com\/wp-content\/uploads\/Ryng_1200x1560px-copia.png","type":"image\/png"}],"twitter_card":"summary_large_image","schema":{"@context":"https:\/\/schema.org","@graph":[{"@type":"WebPage","@id":"https:\/\/www.piovan.com\/product\/ryng\/","url":"https:\/\/www.piovan.com\/product\/ryng\/","name":"Ryng - PiovanGroup","isPartOf":{"@id":"https:\/\/www.piovan.com\/#website"},"datePublished":"2021-11-10T16:17:08+00:00","dateModified":"2025-01-07T13:56:46+00:00","breadcrumb":{"@id":"https:\/\/www.piovan.com\/product\/ryng\/#breadcrumb"},"inLanguage":"tr","potentialAction":[{"@type":"ReadAction","target":["https:\/\/www.piovan.com\/product\/ryng\/"]}]},{"@type":"BreadcrumbList","@id":"https:\/\/www.piovan.com\/product\/ryng\/#breadcrumb","itemListElement":[{"@type":"ListItem","position":1,"name":"Home","item":"https:\/\/www.piovan.com\/"},{"@type":"ListItem","position":2,"name":"Plastic","item":"https:\/\/www.piovan.com\/tr\/products\/plastic\/"},{"@type":"ListItem","position":3,"name":"Feeding &amp; Conveying","item":"https:\/\/www.piovan.com\/tr\/products\/plastic\/feeding-conveying\/"},{"@type":"ListItem","position":4,"name":"Ryng"}]},{"@type":"WebSite","@id":"https:\/\/www.piovan.com\/#website","url":"https:\/\/www.piovan.com\/","name":"PiovanGroup","description":"","publisher":{"@id":"https:\/\/www.piovan.com\/#organization"},"potentialAction":[{"@type":"SearchAction","target":{"@type":"EntryPoint","urlTemplate":"https:\/\/www.piovan.com\/?s={search_term_string}"},"query-input":"required name=search_term_string"}],"inLanguage":"tr"},{"@type":"Organization","@id":"https:\/\/www.piovan.com\/#organization","name":"PiovanGroup","url":"https:\/\/www.piovan.com\/","logo":{"@type":"ImageObject","inLanguage":"tr","@id":"https:\/\/www.piovan.com\/#\/schema\/logo\/image\/","url":"https:\/\/www.piovan.com\/wp-content\/uploads\/2021\/06\/logo@2x.png","contentUrl":"https:\/\/www.piovan.com\/wp-content\/uploads\/2021\/06\/logo@2x.png","width":489,"height":78,"caption":"PiovanGroup"},"image":{"@id":"https:\/\/www.piovan.com\/#\/schema\/logo\/image\/"}}]}},"_links":{"self":[{"href":"https:\/\/www.piovan.com\/tr\/wp-json\/wp\/v2\/product\/5040"}],"collection":[{"href":"https:\/\/www.piovan.com\/tr\/wp-json\/wp\/v2\/product"}],"about":[{"href":"https:\/\/www.piovan.com\/tr\/wp-json\/wp\/v2\/types\/product"}],"version-history":[{"count":3,"href":"https:\/\/www.piovan.com\/tr\/wp-json\/wp\/v2\/product\/5040\/revisions"}],"predecessor-version":[{"id":14140,"href":"https:\/\/www.piovan.com\/tr\/wp-json\/wp\/v2\/product\/5040\/revisions\/14140"}],"wp:featuredmedia":[{"embeddable":true,"href":"https:\/\/www.piovan.com\/tr\/wp-json\/wp\/v2\/media\/13001"}],"wp:attachment":[{"href":"https:\/\/www.piovan.com\/tr\/wp-json\/wp\/v2\/media?parent=5040"}],"wp:term":[{"taxonomy":"post_tag","embeddable":true,"href":"https:\/\/www.piovan.com\/tr\/wp-json\/wp\/v2\/tags?post=5040"}],"curies":[{"name":"wp","href":"https:\/\/api.w.org\/{rel}","templated":true}]}}