{"id":4993,"date":"2021-11-10T15:21:41","date_gmt":"2021-11-10T14:21:41","guid":{"rendered":"https:\/\/www.piovan.com\/?post_type=product&#038;p=4993"},"modified":"2025-02-26T11:27:23","modified_gmt":"2025-02-26T10:27:23","slug":"easylink","status":"publish","type":"product","link":"https:\/\/www.piovan.com\/tr\/product\/easylink\/","title":{"rendered":"Easylink+"},"content":{"rendered":"<p>Yeni Easylink + \u00fcr\u00fcn yelpazesi, ana kollar\u0131n m\u00fckemmel temizli\u011fini garanti etmek ve kontaminasyonu \u00f6nlemek i\u00e7in alt giri\u015fe entegre edilmi\u015f son teknoloji \u00fcr\u00fcn\u00fc bir temizleme sistemine sahiptir. Yeni ana kollar, daha fazla a\u015f\u0131nma direnci i\u00e7in \u00f6zel bir sertle\u015ftirme i\u015flemi ile \u00fcretilmektedir.<\/p>\n<p>60 giri\u015f \/ \u00e7\u0131k\u0131\u015fl\u0131 en b\u00fcy\u00fck modellerde bile zemin alan\u0131 gereksinimi minimaldir. Easylink +, optimum operat\u00f6r g\u00fcvenli\u011fi i\u00e7in hareketli par\u00e7alara eri\u015filemeyen kompakt, dikey bir tasar\u0131ma sahiptir.<\/p>\n<p>Kirlenmenin yoklu\u011funun kritik oldu\u011fu uygulamalarda, art\u0131k her gran\u00fclden kalan gran\u00fcllere kar\u015f\u0131 bariyer olarak bir s\u00fcrg\u00fcl\u00fc kap\u0131 monte edilebilir. Pn\u00f6matik ba\u011flant\u0131 pozisyonlar\u0131, malzeme kayna\u011f\u0131n\u0131n do\u011fru se\u00e7imini sa\u011flamak i\u00e7in enkoder kontroll\u00fcd\u00fcr. S\u00fcr\u00fcc\u00fcler h\u0131zl\u0131 ve hassas hareketler i\u00e7in inverterlerle donat\u0131lm\u0131\u015ft\u0131r.<\/p>\n<p class=\" translation-block\">Bir Easylink + kaplin istasyonu 60 kayna\u011fa ve 60 hedefe kadar kontrol edebilir ve sonraki a\u00e7\u0131l\u0131mlar se\u00e7ene\u011fini a\u00e7\u0131k tutarak giri\u015flerin veya \u00e7\u0131k\u0131\u015flar\u0131n t\u00fcm\u00fcn\u00fc veya baz\u0131lar\u0131n\u0131 kullanarak yap\u0131land\u0131r\u0131labilir.<\/p>\n<p>Easylink + g\u00fcvenilir, eksiksiz malzeme izlenebilirli\u011fi i\u00e7in gereklidir.<\/p>\n<p>Winfactory 4.0 ile entegrasyon \u015funlar\u0131 sa\u011flar:<BR>\n\u2022 malzemelerin maksimum izlenebilirli\u011fi<BR>\n\u2022 otomatik ula\u015f\u0131m ve hat temizleme s\u00fcreleri ayar\u0131<BR>\n\u2022 otomatik yeniden sipari\u015f fonksiyonu ile hammadde stok izleme<BR>\n\u2022 ta\u015f\u0131nabilir cihazlardan uzak ba\u011flant\u0131<\/p>","protected":false},"featured_media":5301,"template":"","tags":[108,41],"acf":[],"yoast_head":"<title>Easylink+ - PiovanGroup<\/title>\n<meta name=\"robots\" content=\"index, follow, max-snippet:-1, max-image-preview:large, max-video-preview:-1\" \/>\n<link rel=\"canonical\" href=\"https:\/\/www.piovan.com\/tr\/product\/easylink\/\" \/>\n<meta property=\"og:locale\" content=\"tr_TR\" \/>\n<meta property=\"og:type\" content=\"article\" \/>\n<meta property=\"og:title\" content=\"Easylink+ - PiovanGroup\" \/>\n<meta property=\"og:description\" content=\"Automatic coupling station able to manage up to 60 inlets\/outlets with pipe size from 40 to 76 mm with minimum footprint. Designed for easy maintenance, it is totally safe for the operators both during regular functioning and service activities. The geometries, the advanced cleaning systems and the wear resistant materials assure the constant production quality in most demanding conditions. Integration with Winfactory 4.0 allows: \u2022 maximum traceability of materials \u2022 automatic setting of transport and line cleaning times Easylink+ is [&hellip;]\" \/>\n<meta property=\"og:url\" content=\"https:\/\/www.piovan.com\/tr\/product\/easylink\/\" \/>\n<meta property=\"og:site_name\" content=\"PiovanGroup\" \/>\n<meta property=\"article:modified_time\" content=\"2025-02-26T10:27:23+00:00\" \/>\n<meta property=\"og:image\" content=\"https:\/\/www.piovan.com\/wp-content\/uploads\/Product_1200x1560px_0007_Easylink.png\" \/>\n\t<meta property=\"og:image:width\" content=\"1200\" \/>\n\t<meta property=\"og:image:height\" content=\"1560\" \/>\n\t<meta property=\"og:image:type\" content=\"image\/png\" \/>\n<meta name=\"twitter:card\" content=\"summary_large_image\" \/>\n<script type=\"application\/ld+json\" class=\"yoast-schema-graph\">{\"@context\":\"https:\/\/schema.org\",\"@graph\":[{\"@type\":\"WebPage\",\"@id\":\"https:\/\/www.piovan.com\/product\/easylink\/\",\"url\":\"https:\/\/www.piovan.com\/product\/easylink\/\",\"name\":\"Easylink+ - PiovanGroup\",\"isPartOf\":{\"@id\":\"https:\/\/www.piovan.com\/#website\"},\"datePublished\":\"2021-11-10T14:21:41+00:00\",\"dateModified\":\"2025-02-26T10:27:23+00:00\",\"breadcrumb\":{\"@id\":\"https:\/\/www.piovan.com\/product\/easylink\/#breadcrumb\"},\"inLanguage\":\"tr\",\"potentialAction\":[{\"@type\":\"ReadAction\",\"target\":[\"https:\/\/www.piovan.com\/product\/easylink\/\"]}]},{\"@type\":\"BreadcrumbList\",\"@id\":\"https:\/\/www.piovan.com\/product\/easylink\/#breadcrumb\",\"itemListElement\":[{\"@type\":\"ListItem\",\"position\":1,\"name\":\"Home\",\"item\":\"https:\/\/www.piovan.com\/\"},{\"@type\":\"ListItem\",\"position\":2,\"name\":\"Plastic\",\"item\":\"https:\/\/www.piovan.com\/tr\/products\/plastic\/\"},{\"@type\":\"ListItem\",\"position\":3,\"name\":\"Feeding &amp; Conveying\",\"item\":\"https:\/\/www.piovan.com\/tr\/products\/plastic\/feeding-conveying\/\"},{\"@type\":\"ListItem\",\"position\":4,\"name\":\"Easylink+\"}]},{\"@type\":\"WebSite\",\"@id\":\"https:\/\/www.piovan.com\/#website\",\"url\":\"https:\/\/www.piovan.com\/\",\"name\":\"PiovanGroup\",\"description\":\"\",\"publisher\":{\"@id\":\"https:\/\/www.piovan.com\/#organization\"},\"potentialAction\":[{\"@type\":\"SearchAction\",\"target\":{\"@type\":\"EntryPoint\",\"urlTemplate\":\"https:\/\/www.piovan.com\/?s={search_term_string}\"},\"query-input\":\"required name=search_term_string\"}],\"inLanguage\":\"tr\"},{\"@type\":\"Organization\",\"@id\":\"https:\/\/www.piovan.com\/#organization\",\"name\":\"PiovanGroup\",\"url\":\"https:\/\/www.piovan.com\/\",\"logo\":{\"@type\":\"ImageObject\",\"inLanguage\":\"tr\",\"@id\":\"https:\/\/www.piovan.com\/#\/schema\/logo\/image\/\",\"url\":\"https:\/\/www.piovan.com\/wp-content\/uploads\/2021\/06\/logo@2x.png\",\"contentUrl\":\"https:\/\/www.piovan.com\/wp-content\/uploads\/2021\/06\/logo@2x.png\",\"width\":489,\"height\":78,\"caption\":\"PiovanGroup\"},\"image\":{\"@id\":\"https:\/\/www.piovan.com\/#\/schema\/logo\/image\/\"}}]}<\/script>","yoast_head_json":{"title":"Easylink+ - PiovanGroup","robots":{"index":"index","follow":"follow","max-snippet":"max-snippet:-1","max-image-preview":"max-image-preview:large","max-video-preview":"max-video-preview:-1"},"canonical":"https:\/\/www.piovan.com\/tr\/product\/easylink\/","og_locale":"tr_TR","og_type":"article","og_title":"Easylink+ - PiovanGroup","og_description":"Automatic coupling station able to manage up to 60 inlets\/outlets with pipe size from 40 to 76 mm with minimum footprint. Designed for easy maintenance, it is totally safe for the operators both during regular functioning and service activities. The geometries, the advanced cleaning systems and the wear resistant materials assure the constant production quality in most demanding conditions. Integration with Winfactory 4.0 allows: \u2022 maximum traceability of materials \u2022 automatic setting of transport and line cleaning times Easylink+ is [&hellip;]","og_url":"https:\/\/www.piovan.com\/tr\/product\/easylink\/","og_site_name":"PiovanGroup","article_modified_time":"2025-02-26T10:27:23+00:00","og_image":[{"width":1200,"height":1560,"url":"https:\/\/www.piovan.com\/wp-content\/uploads\/Product_1200x1560px_0007_Easylink.png","type":"image\/png"}],"twitter_card":"summary_large_image","schema":{"@context":"https:\/\/schema.org","@graph":[{"@type":"WebPage","@id":"https:\/\/www.piovan.com\/product\/easylink\/","url":"https:\/\/www.piovan.com\/product\/easylink\/","name":"Easylink+ - PiovanGroup","isPartOf":{"@id":"https:\/\/www.piovan.com\/#website"},"datePublished":"2021-11-10T14:21:41+00:00","dateModified":"2025-02-26T10:27:23+00:00","breadcrumb":{"@id":"https:\/\/www.piovan.com\/product\/easylink\/#breadcrumb"},"inLanguage":"tr","potentialAction":[{"@type":"ReadAction","target":["https:\/\/www.piovan.com\/product\/easylink\/"]}]},{"@type":"BreadcrumbList","@id":"https:\/\/www.piovan.com\/product\/easylink\/#breadcrumb","itemListElement":[{"@type":"ListItem","position":1,"name":"Home","item":"https:\/\/www.piovan.com\/"},{"@type":"ListItem","position":2,"name":"Plastic","item":"https:\/\/www.piovan.com\/tr\/products\/plastic\/"},{"@type":"ListItem","position":3,"name":"Feeding &amp; Conveying","item":"https:\/\/www.piovan.com\/tr\/products\/plastic\/feeding-conveying\/"},{"@type":"ListItem","position":4,"name":"Easylink+"}]},{"@type":"WebSite","@id":"https:\/\/www.piovan.com\/#website","url":"https:\/\/www.piovan.com\/","name":"PiovanGroup","description":"","publisher":{"@id":"https:\/\/www.piovan.com\/#organization"},"potentialAction":[{"@type":"SearchAction","target":{"@type":"EntryPoint","urlTemplate":"https:\/\/www.piovan.com\/?s={search_term_string}"},"query-input":"required name=search_term_string"}],"inLanguage":"tr"},{"@type":"Organization","@id":"https:\/\/www.piovan.com\/#organization","name":"PiovanGroup","url":"https:\/\/www.piovan.com\/","logo":{"@type":"ImageObject","inLanguage":"tr","@id":"https:\/\/www.piovan.com\/#\/schema\/logo\/image\/","url":"https:\/\/www.piovan.com\/wp-content\/uploads\/2021\/06\/logo@2x.png","contentUrl":"https:\/\/www.piovan.com\/wp-content\/uploads\/2021\/06\/logo@2x.png","width":489,"height":78,"caption":"PiovanGroup"},"image":{"@id":"https:\/\/www.piovan.com\/#\/schema\/logo\/image\/"}}]}},"_links":{"self":[{"href":"https:\/\/www.piovan.com\/tr\/wp-json\/wp\/v2\/product\/4993"}],"collection":[{"href":"https:\/\/www.piovan.com\/tr\/wp-json\/wp\/v2\/product"}],"about":[{"href":"https:\/\/www.piovan.com\/tr\/wp-json\/wp\/v2\/types\/product"}],"version-history":[{"count":3,"href":"https:\/\/www.piovan.com\/tr\/wp-json\/wp\/v2\/product\/4993\/revisions"}],"predecessor-version":[{"id":14524,"href":"https:\/\/www.piovan.com\/tr\/wp-json\/wp\/v2\/product\/4993\/revisions\/14524"}],"wp:featuredmedia":[{"embeddable":true,"href":"https:\/\/www.piovan.com\/tr\/wp-json\/wp\/v2\/media\/5301"}],"wp:attachment":[{"href":"https:\/\/www.piovan.com\/tr\/wp-json\/wp\/v2\/media?parent=4993"}],"wp:term":[{"taxonomy":"post_tag","embeddable":true,"href":"https:\/\/www.piovan.com\/tr\/wp-json\/wp\/v2\/tags?post=4993"}],"curies":[{"name":"wp","href":"https:\/\/api.w.org\/{rel}","templated":true}]}}