{"id":4986,"date":"2021-11-10T11:59:42","date_gmt":"2021-11-10T10:59:42","guid":{"rendered":"https:\/\/www.piovan.com\/?post_type=product&#038;p=4986"},"modified":"2025-10-20T18:14:52","modified_gmt":"2025-10-20T16:14:52","slug":"easy3","status":"publish","type":"product","link":"https:\/\/www.piovan.com\/tr\/product\/easy3\/","title":{"rendered":"Easy3 | Easy3+"},"content":{"rendered":"<p>Tek kablolu da\u011f\u0131t\u0131lm\u0131\u015f Easy3 kontrol birimi, 1,5 ila 140 litre aras\u0131nda hacimlere sahip \u00e7ok geni\u015f gran\u00fcl al\u0131c\u0131 se\u00e7enekleriyle birlikte sunulur.<\/p>\n<p>\u00dc\u00e7 farkl\u0131 vakumlu al\u0131c\u0131 modeli bulunmaktad\u0131r: tamamen paslanmaz \u00e7elik gran\u00fcl al\u0131c\u0131 (C modelleri), 3 g\u00f6zetleme caml\u0131 model (SR modelleri) ve caml\u0131 b\u00f6lmeli yap\u0131land\u0131rmaya sahip model (GR \u00fcniteler).<BR>\nBuna ek olarak \u00fcr\u00fcn se\u00e7enekleri aras\u0131nda y\u00fcksek s\u0131cakl\u0131k veya a\u015f\u0131nd\u0131r\u0131c\u0131 malzeme i\u015flemeye y\u00f6nelik \u00f6zel modeller bulunmaktad\u0131r. Al\u0131c\u0131lar ba\u011f\u0131ms\u0131z bir \u015fekilde \u00e7al\u0131\u015fabilir veya merkezi bir Easy3System ta\u015f\u0131ma sistemine dahil edilebilir.<\/p>\n<p>Ba\u015fl\u0131ca \u00f6zellikler:<BR>\n\u2022 Etkili ve h\u0131zl\u0131 temizlik i\u015flemleri (elektrik kablolar\u0131n\u0131n ve vakumlu borular\u0131n \u00e7\u0131kar\u0131lmas\u0131na gerek kalmadan kapa\u011f\u0131n kolayl\u0131kla a\u00e7\u0131lmas\u0131n\u0131 sa\u011flayan yeni al\u0131c\u0131 ve filtreleme seti tasar\u0131m\u0131).<BR>\n\u2022 M\u00fckemmel yal\u0131t\u0131m (\u00f6zel a\u015f\u0131nma \u00f6nleyici contal\u0131 yeni tahliye kapa\u011f\u0131 tasar\u0131m\u0131).<BR>\n\u2022 Daha az bak\u0131m i\u015flemi ve y\u00fcksek filtre g\u00fcvenilirli\u011fi.<BR>\n\u2022 Kontrol kutusunda entegre olarak bulunan ve fabrikada \u00f6nceden ayarlanan manyetik sens\u00f6r i\u00e7in \u00e7al\u0131\u015fma garantisi.<BR>\n\u2022 Maksimum kullan\u0131m kolayl\u0131\u011f\u0131 (elektrik kablolar\u0131 ve pn\u00f6matik bile\u015fenler i\u00e7eren \u00f6zel kompakt kutu).<BR>\n\u2022 Uzun kullan\u0131m s\u00fcresi.<\/p>\n<p>Se\u00e7enekler:<BR>\n\u2022 Kartu\u015f filtre<BR>\n\u2022 Kuma\u015f filtre<BR>\n\u2022 Tu\u015f tak\u0131m\u0131<BR>\n\u2022 Akustik alarm<BR>\n\u2022 Dozaj valfi<BR>\n\u2022 NAS sistemleri i\u00e7in valf<\/p>","protected":false},"featured_media":13010,"template":"","tags":[108],"acf":[],"yoast_head":"<title>Easy3 | Easy3+ - PiovanGroup<\/title>\n<meta name=\"robots\" content=\"index, follow, max-snippet:-1, max-image-preview:large, max-video-preview:-1\" \/>\n<link rel=\"canonical\" href=\"https:\/\/www.piovan.com\/tr\/product\/easy3\/\" \/>\n<meta property=\"og:locale\" content=\"tr_TR\" \/>\n<meta property=\"og:type\" content=\"article\" \/>\n<meta property=\"og:title\" content=\"Easy3 | Easy3+ - PiovanGroup\" \/>\n<meta property=\"og:description\" content=\"Easy3+ controls up to 8 vacuum units, 64 receivers, one devices tagging system or Easylink coupling station and up to 8 silos. The practical 7\u201d touch screen assures ease of use specially if integrated with the remote monitor that shows clearly the status of the system. The wide range of interfaces assures easy integration and easy accessibility to logs or updates. Easy3, in conjunction with Winfactory, allows to associate easily the raw material batch with the final product produced, simplifying [&hellip;]\" \/>\n<meta property=\"og:url\" content=\"https:\/\/www.piovan.com\/tr\/product\/easy3\/\" \/>\n<meta property=\"og:site_name\" content=\"PiovanGroup\" \/>\n<meta property=\"article:modified_time\" content=\"2025-10-20T16:14:52+00:00\" \/>\n<meta property=\"og:image\" content=\"https:\/\/www.piovan.com\/wp-content\/uploads\/Easy3_1200x1560px-copia.png\" \/>\n\t<meta property=\"og:image:width\" content=\"1200\" \/>\n\t<meta property=\"og:image:height\" content=\"1560\" \/>\n\t<meta property=\"og:image:type\" content=\"image\/png\" \/>\n<meta name=\"twitter:card\" content=\"summary_large_image\" \/>\n<script type=\"application\/ld+json\" class=\"yoast-schema-graph\">{\"@context\":\"https:\/\/schema.org\",\"@graph\":[{\"@type\":\"WebPage\",\"@id\":\"https:\/\/www.piovan.com\/product\/easy3\/\",\"url\":\"https:\/\/www.piovan.com\/product\/easy3\/\",\"name\":\"Easy3 | Easy3+ - PiovanGroup\",\"isPartOf\":{\"@id\":\"https:\/\/www.piovan.com\/#website\"},\"datePublished\":\"2021-11-10T10:59:42+00:00\",\"dateModified\":\"2025-10-20T16:14:52+00:00\",\"breadcrumb\":{\"@id\":\"https:\/\/www.piovan.com\/product\/easy3\/#breadcrumb\"},\"inLanguage\":\"tr\",\"potentialAction\":[{\"@type\":\"ReadAction\",\"target\":[\"https:\/\/www.piovan.com\/product\/easy3\/\"]}]},{\"@type\":\"BreadcrumbList\",\"@id\":\"https:\/\/www.piovan.com\/product\/easy3\/#breadcrumb\",\"itemListElement\":[{\"@type\":\"ListItem\",\"position\":1,\"name\":\"Home\",\"item\":\"https:\/\/www.piovan.com\/\"},{\"@type\":\"ListItem\",\"position\":2,\"name\":\"Plastic\",\"item\":\"https:\/\/www.piovan.com\/tr\/products\/plastic\/\"},{\"@type\":\"ListItem\",\"position\":3,\"name\":\"Feeding &amp; Conveying\",\"item\":\"https:\/\/www.piovan.com\/tr\/products\/plastic\/feeding-conveying\/\"},{\"@type\":\"ListItem\",\"position\":4,\"name\":\"Easy3 | Easy3+\"}]},{\"@type\":\"WebSite\",\"@id\":\"https:\/\/www.piovan.com\/#website\",\"url\":\"https:\/\/www.piovan.com\/\",\"name\":\"PiovanGroup\",\"description\":\"\",\"publisher\":{\"@id\":\"https:\/\/www.piovan.com\/#organization\"},\"potentialAction\":[{\"@type\":\"SearchAction\",\"target\":{\"@type\":\"EntryPoint\",\"urlTemplate\":\"https:\/\/www.piovan.com\/?s={search_term_string}\"},\"query-input\":\"required name=search_term_string\"}],\"inLanguage\":\"tr\"},{\"@type\":\"Organization\",\"@id\":\"https:\/\/www.piovan.com\/#organization\",\"name\":\"PiovanGroup\",\"url\":\"https:\/\/www.piovan.com\/\",\"logo\":{\"@type\":\"ImageObject\",\"inLanguage\":\"tr\",\"@id\":\"https:\/\/www.piovan.com\/#\/schema\/logo\/image\/\",\"url\":\"https:\/\/www.piovan.com\/wp-content\/uploads\/2021\/06\/logo@2x.png\",\"contentUrl\":\"https:\/\/www.piovan.com\/wp-content\/uploads\/2021\/06\/logo@2x.png\",\"width\":489,\"height\":78,\"caption\":\"PiovanGroup\"},\"image\":{\"@id\":\"https:\/\/www.piovan.com\/#\/schema\/logo\/image\/\"}}]}<\/script>","yoast_head_json":{"title":"Easy3 | Easy3+ - PiovanGroup","robots":{"index":"index","follow":"follow","max-snippet":"max-snippet:-1","max-image-preview":"max-image-preview:large","max-video-preview":"max-video-preview:-1"},"canonical":"https:\/\/www.piovan.com\/tr\/product\/easy3\/","og_locale":"tr_TR","og_type":"article","og_title":"Easy3 | Easy3+ - PiovanGroup","og_description":"Easy3+ controls up to 8 vacuum units, 64 receivers, one devices tagging system or Easylink coupling station and up to 8 silos. The practical 7\u201d touch screen assures ease of use specially if integrated with the remote monitor that shows clearly the status of the system. The wide range of interfaces assures easy integration and easy accessibility to logs or updates. Easy3, in conjunction with Winfactory, allows to associate easily the raw material batch with the final product produced, simplifying [&hellip;]","og_url":"https:\/\/www.piovan.com\/tr\/product\/easy3\/","og_site_name":"PiovanGroup","article_modified_time":"2025-10-20T16:14:52+00:00","og_image":[{"width":1200,"height":1560,"url":"https:\/\/www.piovan.com\/wp-content\/uploads\/Easy3_1200x1560px-copia.png","type":"image\/png"}],"twitter_card":"summary_large_image","schema":{"@context":"https:\/\/schema.org","@graph":[{"@type":"WebPage","@id":"https:\/\/www.piovan.com\/product\/easy3\/","url":"https:\/\/www.piovan.com\/product\/easy3\/","name":"Easy3 | Easy3+ - PiovanGroup","isPartOf":{"@id":"https:\/\/www.piovan.com\/#website"},"datePublished":"2021-11-10T10:59:42+00:00","dateModified":"2025-10-20T16:14:52+00:00","breadcrumb":{"@id":"https:\/\/www.piovan.com\/product\/easy3\/#breadcrumb"},"inLanguage":"tr","potentialAction":[{"@type":"ReadAction","target":["https:\/\/www.piovan.com\/product\/easy3\/"]}]},{"@type":"BreadcrumbList","@id":"https:\/\/www.piovan.com\/product\/easy3\/#breadcrumb","itemListElement":[{"@type":"ListItem","position":1,"name":"Home","item":"https:\/\/www.piovan.com\/"},{"@type":"ListItem","position":2,"name":"Plastic","item":"https:\/\/www.piovan.com\/tr\/products\/plastic\/"},{"@type":"ListItem","position":3,"name":"Feeding &amp; Conveying","item":"https:\/\/www.piovan.com\/tr\/products\/plastic\/feeding-conveying\/"},{"@type":"ListItem","position":4,"name":"Easy3 | Easy3+"}]},{"@type":"WebSite","@id":"https:\/\/www.piovan.com\/#website","url":"https:\/\/www.piovan.com\/","name":"PiovanGroup","description":"","publisher":{"@id":"https:\/\/www.piovan.com\/#organization"},"potentialAction":[{"@type":"SearchAction","target":{"@type":"EntryPoint","urlTemplate":"https:\/\/www.piovan.com\/?s={search_term_string}"},"query-input":"required name=search_term_string"}],"inLanguage":"tr"},{"@type":"Organization","@id":"https:\/\/www.piovan.com\/#organization","name":"PiovanGroup","url":"https:\/\/www.piovan.com\/","logo":{"@type":"ImageObject","inLanguage":"tr","@id":"https:\/\/www.piovan.com\/#\/schema\/logo\/image\/","url":"https:\/\/www.piovan.com\/wp-content\/uploads\/2021\/06\/logo@2x.png","contentUrl":"https:\/\/www.piovan.com\/wp-content\/uploads\/2021\/06\/logo@2x.png","width":489,"height":78,"caption":"PiovanGroup"},"image":{"@id":"https:\/\/www.piovan.com\/#\/schema\/logo\/image\/"}}]}},"_links":{"self":[{"href":"https:\/\/www.piovan.com\/tr\/wp-json\/wp\/v2\/product\/4986"}],"collection":[{"href":"https:\/\/www.piovan.com\/tr\/wp-json\/wp\/v2\/product"}],"about":[{"href":"https:\/\/www.piovan.com\/tr\/wp-json\/wp\/v2\/types\/product"}],"version-history":[{"count":3,"href":"https:\/\/www.piovan.com\/tr\/wp-json\/wp\/v2\/product\/4986\/revisions"}],"predecessor-version":[{"id":15795,"href":"https:\/\/www.piovan.com\/tr\/wp-json\/wp\/v2\/product\/4986\/revisions\/15795"}],"wp:featuredmedia":[{"embeddable":true,"href":"https:\/\/www.piovan.com\/tr\/wp-json\/wp\/v2\/media\/13010"}],"wp:attachment":[{"href":"https:\/\/www.piovan.com\/tr\/wp-json\/wp\/v2\/media?parent=4986"}],"wp:term":[{"taxonomy":"post_tag","embeddable":true,"href":"https:\/\/www.piovan.com\/tr\/wp-json\/wp\/v2\/tags?post=4986"}],"curies":[{"name":"wp","href":"https:\/\/api.w.org\/{rel}","templated":true}]}}