{"id":4922,"date":"2021-11-09T14:50:01","date_gmt":"2021-11-09T13:50:01","guid":{"rendered":"https:\/\/www.piovan.com\/?post_type=product&#038;p=4922"},"modified":"2025-01-09T16:17:47","modified_gmt":"2025-01-09T15:17:47","slug":"rpa","status":"publish","type":"product","link":"https:\/\/www.piovan.com\/tr\/product\/rpa\/","title":{"rendered":"RPA"},"content":{"rendered":"<p>Piovan Kal\u0131p Kurutucular \u201315\u00b0C'ye varan \u00c7iy Noktalar\u0131na sahip, nemi giderilmi\u015f hava ak\u0131\u015f\u0131 \u00fcretir ve kal\u0131p alan\u0131nda yo\u011fu\u015fma olu\u015fumunu \u00f6nler. Bu kurutucular 400 ile 2500 m3\/saat aras\u0131ndaki i\u015fleme aral\u0131\u011f\u0131yla kapal\u0131 ve a\u00e7\u0131k devre modlar\u0131nda bir veya daha fazla \u00fcretim makinesiyle birlikte \u00e7al\u0131\u015fabilirler.<br \/>\n<BR><\/p>\n<p>Is\u0131tma ve rejenerasyon prosesi kontrol alt\u0131nda<BR>\n\u00dcnitede PID algoritmas\u0131na sahip bir mikroi\u015flemci kontrol cihaz\u0131 bulunur; bu cihaz, kal\u0131p kurutucunun \u00e7al\u0131\u015fmas\u0131n\u0131 hassas bir \u015fekilde d\u00fczenleyerek tutarl\u0131 bir \u00e7iy noktas\u0131yla birlikte rejenerasyon hava s\u0131cakl\u0131\u011f\u0131n\u0131n izlenmesini sa\u011flar.<br \/>\n\u0130ste\u011fe ba\u011fl\u0131 olarak proses hava s\u0131cakl\u0131\u011f\u0131 i\u00e7in ekstra bir kontrol paneli sa\u011flanmaktad\u0131r. RPA kal\u0131p kurutucular tropik iklimler dahil olmak \u00fczere t\u00fcm \u00e7al\u0131\u015fma ko\u015fullar\u0131nda maksimum performans ve g\u00fcvenilirlik sa\u011flar. Bu kurutucular 45\u00b0C'ye varan ortam s\u0131cakl\u0131klar\u0131 i\u00e7in tasarlanm\u0131\u015ft\u0131r ve y\u00fcksek nem seviyelerinde ('a kadar) bile \u00e7al\u0131\u015fabilir.<br \/>\n\u00c7al\u0131\u015ft\u0131rma s\u00fcreleri ve yanl\u0131\u015f \u00e7al\u0131\u015ft\u0131rma hatalar\u0131 s\u0131f\u0131ra indirilmi\u015ftir; t\u00fcm RPA kurutucular \u00e7al\u0131\u015fmaya tamamen haz\u0131rd\u0131r ve hi\u00e7bir ayar veya d\u00fczenleme gerektirmez.\n<BR><br \/>\n\u00c7ok Y\u00f6nl\u00fcl\u00fck<BR>\nPiovan kal\u0131p kurutucular son derece d\u00fc\u015f\u00fck bak\u0131m gereksinimleriyle \u00f6ne \u00e7\u0131kar. Proses filtrelerine kolayl\u0131kla eri\u015filebilir ve filtre temizli\u011fi son derece kolay ve h\u0131zl\u0131 bir i\u015flemdir. Kompakt boyutlar\u0131 sayesinde RPA \u00fcniteler var olan makinelerle kolayl\u0131kla entegre edilerek tesis kullan\u0131m\u0131n\u0131n optimize edilmesine yard\u0131mc\u0131 olabilir.<\/p>\n<p>Kapsaml\u0131 uygulama se\u00e7enekleri<BR>\nRPA kal\u0131p kurutucular k\u00fc\u00e7\u00fck, orta ve b\u00fcy\u00fck kal\u0131plar i\u00e7in nemi giderilmi\u015f hava sa\u011flar.\n\u015eu uygulamalar i\u00e7in idealdir:<br \/>\n\u2022 h\u0131zl\u0131 d\u00f6ng\u00fcl\u00fc IMM\u2019lerin kal\u0131p kaplamalar\u0131<BR>\n\u2022 \u00fcflemeli kal\u0131plama makinelerinin kal\u0131p kaplamalar\u0131<BR>\n\u2022 PET IMM'lerin kal\u0131p kaplamalar\u0131 ve robot alan\u0131<br \/>\n\u00dcnite bir veya daha fazla i\u015fleme makinesiyle birlikte \u00e7al\u0131\u015fabilir ve yaln\u0131zca ba\u011flant\u0131 borular\u0131n\u0131n y\u00f6nlendirilmesiyle yere ya da asma kata yerle\u015ftirilebilir. Piovan iste\u011fe ba\u011fl\u0131 olarak RPA \u00fcnitesi, kal\u0131p kaplamas\u0131 ve ara ba\u011flant\u0131 borular\u0131 i\u00e7eren komple bir kal\u0131p nem giderme paketi sunmaktad\u0131r.<\/p>\n<p>Se\u00e7enekler<BR>\n\u2022 Kal\u0131p tahliye pompas\u0131 (RPA 400-800)***<BR>\n\u2022 Son so\u011futucu (PET IMM\u2019ler i\u00e7in \u00f6nerilir)<BR>\n\u2022 \u00d6zellikle s\u0131cak ko\u015fullar i\u00e7in ideal kapal\u0131 devre modeli<BR>\n\u2022 Proses s\u0131cakl\u0131k kontrol\u00fc<BR>\n\u2022 Kal\u0131p ortam ko\u015fullar\u0131n\u0131 kontrol eden kal\u0131p kaplamas\u0131\n<BR><br \/>\n*** 1200\u00f72400 modelleri i\u00e7in standart uygulama<\/p>","protected":false},"featured_media":13410,"template":"","tags":[108],"acf":[],"yoast_head":"<title>RPA - PiovanGroup<\/title>\n<meta name=\"robots\" content=\"index, follow, max-snippet:-1, max-image-preview:large, max-video-preview:-1\" \/>\n<link rel=\"canonical\" href=\"https:\/\/www.piovan.com\/tr\/product\/rpa\/\" \/>\n<meta property=\"og:locale\" content=\"tr_TR\" \/>\n<meta property=\"og:type\" content=\"article\" \/>\n<meta property=\"og:title\" content=\"RPA - PiovanGroup\" \/>\n<meta property=\"og:description\" content=\"Piovan Mould Dryers is ideal to prevent condensation in the mould area. They can operate in open or closed loop and for single or multiple machines. Consistent dew point is assured by the PID control. Designed for fast start-up, do not need settings by operators. They are ideally suited for: \u2022 Mould enclosures of fast-cycle IMM\u2019s \u2022 Mould enclosures of blow moulding machines \u2022 Mould enclosures and robot area of PET IMM\u2019s. The drying action is obtained with the combination [&hellip;]\" \/>\n<meta property=\"og:url\" content=\"https:\/\/www.piovan.com\/tr\/product\/rpa\/\" \/>\n<meta property=\"og:site_name\" content=\"PiovanGroup\" \/>\n<meta property=\"article:modified_time\" content=\"2025-01-09T15:17:47+00:00\" \/>\n<meta property=\"og:image\" content=\"https:\/\/www.piovan.com\/wp-content\/uploads\/RPA-1800-739x1024.png\" \/>\n\t<meta property=\"og:image:width\" content=\"739\" \/>\n\t<meta property=\"og:image:height\" content=\"1024\" \/>\n\t<meta property=\"og:image:type\" content=\"image\/png\" \/>\n<meta name=\"twitter:card\" content=\"summary_large_image\" \/>\n<script type=\"application\/ld+json\" class=\"yoast-schema-graph\">{\"@context\":\"https:\/\/schema.org\",\"@graph\":[{\"@type\":\"WebPage\",\"@id\":\"https:\/\/www.piovan.com\/product\/rpa\/\",\"url\":\"https:\/\/www.piovan.com\/product\/rpa\/\",\"name\":\"RPA - PiovanGroup\",\"isPartOf\":{\"@id\":\"https:\/\/www.piovan.com\/#website\"},\"datePublished\":\"2021-11-09T13:50:01+00:00\",\"dateModified\":\"2025-01-09T15:17:47+00:00\",\"breadcrumb\":{\"@id\":\"https:\/\/www.piovan.com\/product\/rpa\/#breadcrumb\"},\"inLanguage\":\"tr\",\"potentialAction\":[{\"@type\":\"ReadAction\",\"target\":[\"https:\/\/www.piovan.com\/product\/rpa\/\"]}]},{\"@type\":\"BreadcrumbList\",\"@id\":\"https:\/\/www.piovan.com\/product\/rpa\/#breadcrumb\",\"itemListElement\":[{\"@type\":\"ListItem\",\"position\":1,\"name\":\"Home\",\"item\":\"https:\/\/www.piovan.com\/\"},{\"@type\":\"ListItem\",\"position\":2,\"name\":\"Plastic\",\"item\":\"https:\/\/www.piovan.com\/tr\/products\/plastic\/\"},{\"@type\":\"ListItem\",\"position\":3,\"name\":\"Drying &amp; Dehumidifying\",\"item\":\"https:\/\/www.piovan.com\/tr\/products\/plastic\/drying-dehumidifying\/\"},{\"@type\":\"ListItem\",\"position\":4,\"name\":\"RPA\"}]},{\"@type\":\"WebSite\",\"@id\":\"https:\/\/www.piovan.com\/#website\",\"url\":\"https:\/\/www.piovan.com\/\",\"name\":\"PiovanGroup\",\"description\":\"\",\"publisher\":{\"@id\":\"https:\/\/www.piovan.com\/#organization\"},\"potentialAction\":[{\"@type\":\"SearchAction\",\"target\":{\"@type\":\"EntryPoint\",\"urlTemplate\":\"https:\/\/www.piovan.com\/?s={search_term_string}\"},\"query-input\":\"required name=search_term_string\"}],\"inLanguage\":\"tr\"},{\"@type\":\"Organization\",\"@id\":\"https:\/\/www.piovan.com\/#organization\",\"name\":\"PiovanGroup\",\"url\":\"https:\/\/www.piovan.com\/\",\"logo\":{\"@type\":\"ImageObject\",\"inLanguage\":\"tr\",\"@id\":\"https:\/\/www.piovan.com\/#\/schema\/logo\/image\/\",\"url\":\"https:\/\/www.piovan.com\/wp-content\/uploads\/2021\/06\/logo@2x.png\",\"contentUrl\":\"https:\/\/www.piovan.com\/wp-content\/uploads\/2021\/06\/logo@2x.png\",\"width\":489,\"height\":78,\"caption\":\"PiovanGroup\"},\"image\":{\"@id\":\"https:\/\/www.piovan.com\/#\/schema\/logo\/image\/\"}}]}<\/script>","yoast_head_json":{"title":"RPA - PiovanGroup","robots":{"index":"index","follow":"follow","max-snippet":"max-snippet:-1","max-image-preview":"max-image-preview:large","max-video-preview":"max-video-preview:-1"},"canonical":"https:\/\/www.piovan.com\/tr\/product\/rpa\/","og_locale":"tr_TR","og_type":"article","og_title":"RPA - PiovanGroup","og_description":"Piovan Mould Dryers is ideal to prevent condensation in the mould area. They can operate in open or closed loop and for single or multiple machines. Consistent dew point is assured by the PID control. Designed for fast start-up, do not need settings by operators. They are ideally suited for: \u2022 Mould enclosures of fast-cycle IMM\u2019s \u2022 Mould enclosures of blow moulding machines \u2022 Mould enclosures and robot area of PET IMM\u2019s. The drying action is obtained with the combination [&hellip;]","og_url":"https:\/\/www.piovan.com\/tr\/product\/rpa\/","og_site_name":"PiovanGroup","article_modified_time":"2025-01-09T15:17:47+00:00","og_image":[{"width":739,"height":1024,"url":"https:\/\/www.piovan.com\/wp-content\/uploads\/RPA-1800-739x1024.png","type":"image\/png"}],"twitter_card":"summary_large_image","schema":{"@context":"https:\/\/schema.org","@graph":[{"@type":"WebPage","@id":"https:\/\/www.piovan.com\/product\/rpa\/","url":"https:\/\/www.piovan.com\/product\/rpa\/","name":"RPA - PiovanGroup","isPartOf":{"@id":"https:\/\/www.piovan.com\/#website"},"datePublished":"2021-11-09T13:50:01+00:00","dateModified":"2025-01-09T15:17:47+00:00","breadcrumb":{"@id":"https:\/\/www.piovan.com\/product\/rpa\/#breadcrumb"},"inLanguage":"tr","potentialAction":[{"@type":"ReadAction","target":["https:\/\/www.piovan.com\/product\/rpa\/"]}]},{"@type":"BreadcrumbList","@id":"https:\/\/www.piovan.com\/product\/rpa\/#breadcrumb","itemListElement":[{"@type":"ListItem","position":1,"name":"Home","item":"https:\/\/www.piovan.com\/"},{"@type":"ListItem","position":2,"name":"Plastic","item":"https:\/\/www.piovan.com\/tr\/products\/plastic\/"},{"@type":"ListItem","position":3,"name":"Drying &amp; Dehumidifying","item":"https:\/\/www.piovan.com\/tr\/products\/plastic\/drying-dehumidifying\/"},{"@type":"ListItem","position":4,"name":"RPA"}]},{"@type":"WebSite","@id":"https:\/\/www.piovan.com\/#website","url":"https:\/\/www.piovan.com\/","name":"PiovanGroup","description":"","publisher":{"@id":"https:\/\/www.piovan.com\/#organization"},"potentialAction":[{"@type":"SearchAction","target":{"@type":"EntryPoint","urlTemplate":"https:\/\/www.piovan.com\/?s={search_term_string}"},"query-input":"required name=search_term_string"}],"inLanguage":"tr"},{"@type":"Organization","@id":"https:\/\/www.piovan.com\/#organization","name":"PiovanGroup","url":"https:\/\/www.piovan.com\/","logo":{"@type":"ImageObject","inLanguage":"tr","@id":"https:\/\/www.piovan.com\/#\/schema\/logo\/image\/","url":"https:\/\/www.piovan.com\/wp-content\/uploads\/2021\/06\/logo@2x.png","contentUrl":"https:\/\/www.piovan.com\/wp-content\/uploads\/2021\/06\/logo@2x.png","width":489,"height":78,"caption":"PiovanGroup"},"image":{"@id":"https:\/\/www.piovan.com\/#\/schema\/logo\/image\/"}}]}},"_links":{"self":[{"href":"https:\/\/www.piovan.com\/tr\/wp-json\/wp\/v2\/product\/4922"}],"collection":[{"href":"https:\/\/www.piovan.com\/tr\/wp-json\/wp\/v2\/product"}],"about":[{"href":"https:\/\/www.piovan.com\/tr\/wp-json\/wp\/v2\/types\/product"}],"version-history":[{"count":3,"href":"https:\/\/www.piovan.com\/tr\/wp-json\/wp\/v2\/product\/4922\/revisions"}],"predecessor-version":[{"id":14203,"href":"https:\/\/www.piovan.com\/tr\/wp-json\/wp\/v2\/product\/4922\/revisions\/14203"}],"wp:featuredmedia":[{"embeddable":true,"href":"https:\/\/www.piovan.com\/tr\/wp-json\/wp\/v2\/media\/13410"}],"wp:attachment":[{"href":"https:\/\/www.piovan.com\/tr\/wp-json\/wp\/v2\/media?parent=4922"}],"wp:term":[{"taxonomy":"post_tag","embeddable":true,"href":"https:\/\/www.piovan.com\/tr\/wp-json\/wp\/v2\/tags?post=4922"}],"curies":[{"name":"wp","href":"https:\/\/api.w.org\/{rel}","templated":true}]}}