{"id":4919,"date":"2021-11-09T14:32:52","date_gmt":"2021-11-09T13:32:52","guid":{"rendered":"https:\/\/www.piovan.com\/?post_type=product&#038;p=4919"},"modified":"2025-01-09T16:08:22","modified_gmt":"2025-01-09T15:08:22","slug":"puretech","status":"publish","type":"product","link":"https:\/\/www.piovan.com\/tr\/product\/puretech\/","title":{"rendered":"PureTech"},"content":{"rendered":"<p>Genesys kurutucularda proses havas\u0131ndaki VOC'lerin azalt\u0131lmas\u0131na olanak tan\u0131yan PureTech filtresi Piovan\u2019\u0131n y\u00fcksek teknoloji patentli bir \u00fcr\u00fcn\u00fcd\u00fcr. Bu filtre \u00f6zellikle geri d\u00f6n\u00fc\u015f\u00fcm hammadde kullan\u0131lan \u0131s\u0131tma veya enjeksiyon i\u015flemleri s\u0131ras\u0131nda gereklidir.<BR>\n<BR>\nNormalde rPET'de bulunan NIAS (kas\u0131tl\u0131 olarak eklenmeyen maddeler) yabanc\u0131 malzemelerden (ka\u011f\u0131t, metal, cam, organikler, \u00e7evresel toz ve kum), katk\u0131 maddelerinden ve farkl\u0131 kar\u0131\u015fmayan polimerlerden (PS, PVC, PE, PP, ABS vb.) ay\u0131klama hatalar\u0131ndan ve paketleme bile\u015fenlerinden kaynaklan\u0131r. \u00d6zellikle Benzen, tereftalik gruplar\u0131n hidroklorik gibi asitlerle yeniden d\u00fczenlenmesinden elde edilir, bu da PVC'nin klor bile\u015feninden gelir.<BR>\n<BR>\nPureTech filtreleri, proses havas\u0131ndaki NIAS miktar\u0131n\u0131 s\u00fcrekli olarak azalt\u0131r. Boru, kondansat\u00f6r y\u00fczeyleri ve silikajerlere yerle\u015febilecek madde miktar\u0131n\u0131 s\u0131n\u0131rlayarak \u00fcretim hatt\u0131n\u0131n \u00f6mr\u00fcn\u00fc maksimize etme avantaj\u0131 sunar.<BR>\n<BR>\nPureTech filtreleri, maksimum g\u00fcvenli\u011fi sa\u011flamak i\u00e7in FDA (G\u0131da ve \u0130la\u00e7 Dairesi) onayl\u0131 aktif karbon h\u00fccresi, paslanmaz \u00e7elik g\u00f6vde, nanoteknolojik ka\u011f\u0131t katman ve contalardan olu\u015fur.<\/p>\n<p>\u00d6zellikleri:<BR>\n\u2022 Y\u00fcksek performansl\u0131 filtre<BR>\n\u2022 150 \u00b0 C'ye kadar \u00e7al\u0131\u015fma s\u0131cakl\u0131\u011f\u0131<BR>\n\u2022 G\u0131da ve medikal uygulamalar\u0131 i\u00e7in uygundur<\/p>","protected":false},"featured_media":13433,"template":"","tags":[108],"acf":[],"yoast_head":"<title>PureTech - PiovanGroup<\/title>\n<meta name=\"robots\" content=\"index, follow, max-snippet:-1, max-image-preview:large, max-video-preview:-1\" \/>\n<link rel=\"canonical\" href=\"https:\/\/www.piovan.com\/tr\/product\/puretech\/\" \/>\n<meta property=\"og:locale\" content=\"tr_TR\" \/>\n<meta property=\"og:type\" content=\"article\" \/>\n<meta property=\"og:title\" content=\"PureTech - PiovanGroup\" \/>\n<meta property=\"og:description\" content=\"PureTech is a high-tech filter that combines the mechanical dust filtration of particles \u2265 8 \u03bcm and a chemical filtration of volatiles. The filter is made with a stainless steel frame that contains a chamber for the activated carbon and the paper layer with a nanotech finishing of the surface; the seals are FDA approved for maximum safety. PureTech filters provide a reduction of VOC that can be present in the process air and consequently in the final products. This [&hellip;]\" \/>\n<meta property=\"og:url\" content=\"https:\/\/www.piovan.com\/tr\/product\/puretech\/\" \/>\n<meta property=\"og:site_name\" content=\"PiovanGroup\" \/>\n<meta property=\"article:modified_time\" content=\"2025-01-09T15:08:22+00:00\" \/>\n<meta property=\"og:image\" content=\"https:\/\/www.piovan.com\/wp-content\/uploads\/PureTech.png\" \/>\n\t<meta property=\"og:image:width\" content=\"1200\" \/>\n\t<meta property=\"og:image:height\" content=\"1560\" \/>\n\t<meta property=\"og:image:type\" content=\"image\/png\" \/>\n<meta name=\"twitter:card\" content=\"summary_large_image\" \/>\n<script type=\"application\/ld+json\" class=\"yoast-schema-graph\">{\"@context\":\"https:\/\/schema.org\",\"@graph\":[{\"@type\":\"WebPage\",\"@id\":\"https:\/\/www.piovan.com\/product\/puretech\/\",\"url\":\"https:\/\/www.piovan.com\/product\/puretech\/\",\"name\":\"PureTech - PiovanGroup\",\"isPartOf\":{\"@id\":\"https:\/\/www.piovan.com\/#website\"},\"datePublished\":\"2021-11-09T13:32:52+00:00\",\"dateModified\":\"2025-01-09T15:08:22+00:00\",\"breadcrumb\":{\"@id\":\"https:\/\/www.piovan.com\/product\/puretech\/#breadcrumb\"},\"inLanguage\":\"tr\",\"potentialAction\":[{\"@type\":\"ReadAction\",\"target\":[\"https:\/\/www.piovan.com\/product\/puretech\/\"]}]},{\"@type\":\"BreadcrumbList\",\"@id\":\"https:\/\/www.piovan.com\/product\/puretech\/#breadcrumb\",\"itemListElement\":[{\"@type\":\"ListItem\",\"position\":1,\"name\":\"Home\",\"item\":\"https:\/\/www.piovan.com\/\"},{\"@type\":\"ListItem\",\"position\":2,\"name\":\"Plastic\",\"item\":\"https:\/\/www.piovan.com\/tr\/products\/plastic\/\"},{\"@type\":\"ListItem\",\"position\":3,\"name\":\"Drying &amp; Dehumidifying\",\"item\":\"https:\/\/www.piovan.com\/tr\/products\/plastic\/drying-dehumidifying\/\"},{\"@type\":\"ListItem\",\"position\":4,\"name\":\"PureTech\"}]},{\"@type\":\"WebSite\",\"@id\":\"https:\/\/www.piovan.com\/#website\",\"url\":\"https:\/\/www.piovan.com\/\",\"name\":\"PiovanGroup\",\"description\":\"\",\"publisher\":{\"@id\":\"https:\/\/www.piovan.com\/#organization\"},\"potentialAction\":[{\"@type\":\"SearchAction\",\"target\":{\"@type\":\"EntryPoint\",\"urlTemplate\":\"https:\/\/www.piovan.com\/?s={search_term_string}\"},\"query-input\":\"required name=search_term_string\"}],\"inLanguage\":\"tr\"},{\"@type\":\"Organization\",\"@id\":\"https:\/\/www.piovan.com\/#organization\",\"name\":\"PiovanGroup\",\"url\":\"https:\/\/www.piovan.com\/\",\"logo\":{\"@type\":\"ImageObject\",\"inLanguage\":\"tr\",\"@id\":\"https:\/\/www.piovan.com\/#\/schema\/logo\/image\/\",\"url\":\"https:\/\/www.piovan.com\/wp-content\/uploads\/2021\/06\/logo@2x.png\",\"contentUrl\":\"https:\/\/www.piovan.com\/wp-content\/uploads\/2021\/06\/logo@2x.png\",\"width\":489,\"height\":78,\"caption\":\"PiovanGroup\"},\"image\":{\"@id\":\"https:\/\/www.piovan.com\/#\/schema\/logo\/image\/\"}}]}<\/script>","yoast_head_json":{"title":"PureTech - PiovanGroup","robots":{"index":"index","follow":"follow","max-snippet":"max-snippet:-1","max-image-preview":"max-image-preview:large","max-video-preview":"max-video-preview:-1"},"canonical":"https:\/\/www.piovan.com\/tr\/product\/puretech\/","og_locale":"tr_TR","og_type":"article","og_title":"PureTech - PiovanGroup","og_description":"PureTech is a high-tech filter that combines the mechanical dust filtration of particles \u2265 8 \u03bcm and a chemical filtration of volatiles. The filter is made with a stainless steel frame that contains a chamber for the activated carbon and the paper layer with a nanotech finishing of the surface; the seals are FDA approved for maximum safety. PureTech filters provide a reduction of VOC that can be present in the process air and consequently in the final products. This [&hellip;]","og_url":"https:\/\/www.piovan.com\/tr\/product\/puretech\/","og_site_name":"PiovanGroup","article_modified_time":"2025-01-09T15:08:22+00:00","og_image":[{"width":1200,"height":1560,"url":"https:\/\/www.piovan.com\/wp-content\/uploads\/PureTech.png","type":"image\/png"}],"twitter_card":"summary_large_image","schema":{"@context":"https:\/\/schema.org","@graph":[{"@type":"WebPage","@id":"https:\/\/www.piovan.com\/product\/puretech\/","url":"https:\/\/www.piovan.com\/product\/puretech\/","name":"PureTech - PiovanGroup","isPartOf":{"@id":"https:\/\/www.piovan.com\/#website"},"datePublished":"2021-11-09T13:32:52+00:00","dateModified":"2025-01-09T15:08:22+00:00","breadcrumb":{"@id":"https:\/\/www.piovan.com\/product\/puretech\/#breadcrumb"},"inLanguage":"tr","potentialAction":[{"@type":"ReadAction","target":["https:\/\/www.piovan.com\/product\/puretech\/"]}]},{"@type":"BreadcrumbList","@id":"https:\/\/www.piovan.com\/product\/puretech\/#breadcrumb","itemListElement":[{"@type":"ListItem","position":1,"name":"Home","item":"https:\/\/www.piovan.com\/"},{"@type":"ListItem","position":2,"name":"Plastic","item":"https:\/\/www.piovan.com\/tr\/products\/plastic\/"},{"@type":"ListItem","position":3,"name":"Drying &amp; Dehumidifying","item":"https:\/\/www.piovan.com\/tr\/products\/plastic\/drying-dehumidifying\/"},{"@type":"ListItem","position":4,"name":"PureTech"}]},{"@type":"WebSite","@id":"https:\/\/www.piovan.com\/#website","url":"https:\/\/www.piovan.com\/","name":"PiovanGroup","description":"","publisher":{"@id":"https:\/\/www.piovan.com\/#organization"},"potentialAction":[{"@type":"SearchAction","target":{"@type":"EntryPoint","urlTemplate":"https:\/\/www.piovan.com\/?s={search_term_string}"},"query-input":"required name=search_term_string"}],"inLanguage":"tr"},{"@type":"Organization","@id":"https:\/\/www.piovan.com\/#organization","name":"PiovanGroup","url":"https:\/\/www.piovan.com\/","logo":{"@type":"ImageObject","inLanguage":"tr","@id":"https:\/\/www.piovan.com\/#\/schema\/logo\/image\/","url":"https:\/\/www.piovan.com\/wp-content\/uploads\/2021\/06\/logo@2x.png","contentUrl":"https:\/\/www.piovan.com\/wp-content\/uploads\/2021\/06\/logo@2x.png","width":489,"height":78,"caption":"PiovanGroup"},"image":{"@id":"https:\/\/www.piovan.com\/#\/schema\/logo\/image\/"}}]}},"_links":{"self":[{"href":"https:\/\/www.piovan.com\/tr\/wp-json\/wp\/v2\/product\/4919"}],"collection":[{"href":"https:\/\/www.piovan.com\/tr\/wp-json\/wp\/v2\/product"}],"about":[{"href":"https:\/\/www.piovan.com\/tr\/wp-json\/wp\/v2\/types\/product"}],"version-history":[{"count":3,"href":"https:\/\/www.piovan.com\/tr\/wp-json\/wp\/v2\/product\/4919\/revisions"}],"predecessor-version":[{"id":14200,"href":"https:\/\/www.piovan.com\/tr\/wp-json\/wp\/v2\/product\/4919\/revisions\/14200"}],"wp:featuredmedia":[{"embeddable":true,"href":"https:\/\/www.piovan.com\/tr\/wp-json\/wp\/v2\/media\/13433"}],"wp:attachment":[{"href":"https:\/\/www.piovan.com\/tr\/wp-json\/wp\/v2\/media?parent=4919"}],"wp:term":[{"taxonomy":"post_tag","embeddable":true,"href":"https:\/\/www.piovan.com\/tr\/wp-json\/wp\/v2\/tags?post=4919"}],"curies":[{"name":"wp","href":"https:\/\/api.w.org\/{rel}","templated":true}]}}