{"id":4909,"date":"2021-11-09T14:11:51","date_gmt":"2021-11-09T13:11:51","guid":{"rendered":"https:\/\/www.piovan.com\/?post_type=product&#038;p=4909"},"modified":"2025-02-26T14:39:16","modified_gmt":"2025-02-26T13:39:16","slug":"modula","status":"publish","type":"product","link":"https:\/\/www.piovan.com\/tr\/product\/modula\/","title":{"rendered":"Modula"},"content":{"rendered":"<p>Modula, her bir silo i\u00e7in t\u00fcm \u00e7al\u0131\u015fma parametrelerini otomatik olarak ayarlar ve kontrol eder b\u00f6ylece yaln\u0131zca gerekli olan toplam enerji miktar\u0131n\u0131 kullan\u0131r. Hava ak\u0131\u015f\u0131 anl\u0131k olarak ve silodan siloya ba\u011f\u0131ms\u0131z olarak ayarlanabilir ve kontrol edilebilir. Buna ek olarak, toplam hava ak\u0131\u015f\u0131 merkezi kurutma \u00fcnitesi taraf\u0131ndan otomatik olarak mod\u00fcle edilerek optimum \u00e7al\u0131\u015fma ko\u015fullar\u0131 elde edilir.<\/p>\n<p class=\" translation-block\">Modula \u015fu \u00f6zelliklerle donat\u0131lm\u0131\u015ft\u0131r: <br>\n\u2022 Enerji tasarrufu i\u00e7in kendi kendine ayarlama <br>\n\u2022 \u0130nvert\u00f6r kontroll\u00fc blower <br>\n\u2022 Malzeme veritaban\u0131 y\u00f6netimi <br><\/p>","protected":false},"featured_media":13419,"template":"","tags":[108],"acf":[],"yoast_head":"<title>Modula - PiovanGroup<\/title>\n<meta name=\"robots\" content=\"index, follow, max-snippet:-1, max-image-preview:large, max-video-preview:-1\" \/>\n<link rel=\"canonical\" href=\"https:\/\/www.piovan.com\/tr\/product\/modula\/\" \/>\n<meta property=\"og:locale\" content=\"tr_TR\" \/>\n<meta property=\"og:type\" content=\"article\" \/>\n<meta property=\"og:title\" content=\"Modula - PiovanGroup\" \/>\n<meta property=\"og:description\" content=\"Modula automatically adjusts and controls all operating parameters for each individual hopper and hence uses only the overall amount of energy strictly required. The airflow can be adjusted and controlled instantaneously and independently hopper by hopper. In addition, total airflow is modulated automatically by the central drying unit, resulting in optimum process operating conditions. Modula is characterised by: \u2022 Self-modulating operation for 50% energy savings \u2022 Inverter controlled process blower \u2022 Material database management\" \/>\n<meta property=\"og:url\" content=\"https:\/\/www.piovan.com\/tr\/product\/modula\/\" \/>\n<meta property=\"og:site_name\" content=\"PiovanGroup\" \/>\n<meta property=\"article:modified_time\" content=\"2025-02-26T13:39:16+00:00\" \/>\n<meta property=\"og:image\" content=\"https:\/\/www.piovan.com\/wp-content\/uploads\/PTU-PTUN.png\" \/>\n\t<meta property=\"og:image:width\" content=\"1200\" \/>\n\t<meta property=\"og:image:height\" content=\"1560\" \/>\n\t<meta property=\"og:image:type\" content=\"image\/png\" \/>\n<meta name=\"twitter:card\" content=\"summary_large_image\" \/>\n<script type=\"application\/ld+json\" class=\"yoast-schema-graph\">{\"@context\":\"https:\/\/schema.org\",\"@graph\":[{\"@type\":\"WebPage\",\"@id\":\"https:\/\/www.piovan.com\/product\/modula\/\",\"url\":\"https:\/\/www.piovan.com\/product\/modula\/\",\"name\":\"Modula - PiovanGroup\",\"isPartOf\":{\"@id\":\"https:\/\/www.piovan.com\/#website\"},\"datePublished\":\"2021-11-09T13:11:51+00:00\",\"dateModified\":\"2025-02-26T13:39:16+00:00\",\"breadcrumb\":{\"@id\":\"https:\/\/www.piovan.com\/product\/modula\/#breadcrumb\"},\"inLanguage\":\"tr\",\"potentialAction\":[{\"@type\":\"ReadAction\",\"target\":[\"https:\/\/www.piovan.com\/product\/modula\/\"]}]},{\"@type\":\"BreadcrumbList\",\"@id\":\"https:\/\/www.piovan.com\/product\/modula\/#breadcrumb\",\"itemListElement\":[{\"@type\":\"ListItem\",\"position\":1,\"name\":\"Home\",\"item\":\"https:\/\/www.piovan.com\/\"},{\"@type\":\"ListItem\",\"position\":2,\"name\":\"Plastic\",\"item\":\"https:\/\/www.piovan.com\/tr\/products\/plastic\/\"},{\"@type\":\"ListItem\",\"position\":3,\"name\":\"Drying &amp; Dehumidifying\",\"item\":\"https:\/\/www.piovan.com\/tr\/products\/plastic\/drying-dehumidifying\/\"},{\"@type\":\"ListItem\",\"position\":4,\"name\":\"Modula\"}]},{\"@type\":\"WebSite\",\"@id\":\"https:\/\/www.piovan.com\/#website\",\"url\":\"https:\/\/www.piovan.com\/\",\"name\":\"PiovanGroup\",\"description\":\"\",\"publisher\":{\"@id\":\"https:\/\/www.piovan.com\/#organization\"},\"potentialAction\":[{\"@type\":\"SearchAction\",\"target\":{\"@type\":\"EntryPoint\",\"urlTemplate\":\"https:\/\/www.piovan.com\/?s={search_term_string}\"},\"query-input\":\"required name=search_term_string\"}],\"inLanguage\":\"tr\"},{\"@type\":\"Organization\",\"@id\":\"https:\/\/www.piovan.com\/#organization\",\"name\":\"PiovanGroup\",\"url\":\"https:\/\/www.piovan.com\/\",\"logo\":{\"@type\":\"ImageObject\",\"inLanguage\":\"tr\",\"@id\":\"https:\/\/www.piovan.com\/#\/schema\/logo\/image\/\",\"url\":\"https:\/\/www.piovan.com\/wp-content\/uploads\/2021\/06\/logo@2x.png\",\"contentUrl\":\"https:\/\/www.piovan.com\/wp-content\/uploads\/2021\/06\/logo@2x.png\",\"width\":489,\"height\":78,\"caption\":\"PiovanGroup\"},\"image\":{\"@id\":\"https:\/\/www.piovan.com\/#\/schema\/logo\/image\/\"}}]}<\/script>","yoast_head_json":{"title":"Modula - PiovanGroup","robots":{"index":"index","follow":"follow","max-snippet":"max-snippet:-1","max-image-preview":"max-image-preview:large","max-video-preview":"max-video-preview:-1"},"canonical":"https:\/\/www.piovan.com\/tr\/product\/modula\/","og_locale":"tr_TR","og_type":"article","og_title":"Modula - PiovanGroup","og_description":"Modula automatically adjusts and controls all operating parameters for each individual hopper and hence uses only the overall amount of energy strictly required. The airflow can be adjusted and controlled instantaneously and independently hopper by hopper. In addition, total airflow is modulated automatically by the central drying unit, resulting in optimum process operating conditions. Modula is characterised by: \u2022 Self-modulating operation for 50% energy savings \u2022 Inverter controlled process blower \u2022 Material database management","og_url":"https:\/\/www.piovan.com\/tr\/product\/modula\/","og_site_name":"PiovanGroup","article_modified_time":"2025-02-26T13:39:16+00:00","og_image":[{"width":1200,"height":1560,"url":"https:\/\/www.piovan.com\/wp-content\/uploads\/PTU-PTUN.png","type":"image\/png"}],"twitter_card":"summary_large_image","schema":{"@context":"https:\/\/schema.org","@graph":[{"@type":"WebPage","@id":"https:\/\/www.piovan.com\/product\/modula\/","url":"https:\/\/www.piovan.com\/product\/modula\/","name":"Modula - PiovanGroup","isPartOf":{"@id":"https:\/\/www.piovan.com\/#website"},"datePublished":"2021-11-09T13:11:51+00:00","dateModified":"2025-02-26T13:39:16+00:00","breadcrumb":{"@id":"https:\/\/www.piovan.com\/product\/modula\/#breadcrumb"},"inLanguage":"tr","potentialAction":[{"@type":"ReadAction","target":["https:\/\/www.piovan.com\/product\/modula\/"]}]},{"@type":"BreadcrumbList","@id":"https:\/\/www.piovan.com\/product\/modula\/#breadcrumb","itemListElement":[{"@type":"ListItem","position":1,"name":"Home","item":"https:\/\/www.piovan.com\/"},{"@type":"ListItem","position":2,"name":"Plastic","item":"https:\/\/www.piovan.com\/tr\/products\/plastic\/"},{"@type":"ListItem","position":3,"name":"Drying &amp; Dehumidifying","item":"https:\/\/www.piovan.com\/tr\/products\/plastic\/drying-dehumidifying\/"},{"@type":"ListItem","position":4,"name":"Modula"}]},{"@type":"WebSite","@id":"https:\/\/www.piovan.com\/#website","url":"https:\/\/www.piovan.com\/","name":"PiovanGroup","description":"","publisher":{"@id":"https:\/\/www.piovan.com\/#organization"},"potentialAction":[{"@type":"SearchAction","target":{"@type":"EntryPoint","urlTemplate":"https:\/\/www.piovan.com\/?s={search_term_string}"},"query-input":"required name=search_term_string"}],"inLanguage":"tr"},{"@type":"Organization","@id":"https:\/\/www.piovan.com\/#organization","name":"PiovanGroup","url":"https:\/\/www.piovan.com\/","logo":{"@type":"ImageObject","inLanguage":"tr","@id":"https:\/\/www.piovan.com\/#\/schema\/logo\/image\/","url":"https:\/\/www.piovan.com\/wp-content\/uploads\/2021\/06\/logo@2x.png","contentUrl":"https:\/\/www.piovan.com\/wp-content\/uploads\/2021\/06\/logo@2x.png","width":489,"height":78,"caption":"PiovanGroup"},"image":{"@id":"https:\/\/www.piovan.com\/#\/schema\/logo\/image\/"}}]}},"_links":{"self":[{"href":"https:\/\/www.piovan.com\/tr\/wp-json\/wp\/v2\/product\/4909"}],"collection":[{"href":"https:\/\/www.piovan.com\/tr\/wp-json\/wp\/v2\/product"}],"about":[{"href":"https:\/\/www.piovan.com\/tr\/wp-json\/wp\/v2\/types\/product"}],"version-history":[{"count":3,"href":"https:\/\/www.piovan.com\/tr\/wp-json\/wp\/v2\/product\/4909\/revisions"}],"predecessor-version":[{"id":14547,"href":"https:\/\/www.piovan.com\/tr\/wp-json\/wp\/v2\/product\/4909\/revisions\/14547"}],"wp:featuredmedia":[{"embeddable":true,"href":"https:\/\/www.piovan.com\/tr\/wp-json\/wp\/v2\/media\/13419"}],"wp:attachment":[{"href":"https:\/\/www.piovan.com\/tr\/wp-json\/wp\/v2\/media?parent=4909"}],"wp:term":[{"taxonomy":"post_tag","embeddable":true,"href":"https:\/\/www.piovan.com\/tr\/wp-json\/wp\/v2\/tags?post=4909"}],"curies":[{"name":"wp","href":"https:\/\/api.w.org\/{rel}","templated":true}]}}