{"id":4902,"date":"2021-11-09T14:01:51","date_gmt":"2021-11-09T13:01:51","guid":{"rendered":"https:\/\/www.piovan.com\/?post_type=product&#038;p=4902"},"modified":"2024-09-19T16:06:35","modified_gmt":"2024-09-19T14:06:35","slug":"hr-hrm","status":"publish","type":"product","link":"https:\/\/www.piovan.com\/tr\/product\/hr-hrm\/","title":{"rendered":"HR | HRM"},"content":{"rendered":"<p>Bal pete\u011fi \u015feklindeki nem giderici rotor teknolojisinden yararlanan HR Serisi, k\u00fc\u00e7\u00fck ve orta \u00f6l\u00e7ekli \u00fcretim \u00e7al\u0131\u015fmalar\u0131nda maksimum enerji verimlili\u011fi ve uygulama \u00e7ok y\u00f6nl\u00fcl\u00fc\u011f\u00fc sa\u011flayabilir. Sabit \u00c7iy Noktas\u0131 de\u011feriyle 50 ile 300 m3\/saat aras\u0131nda de\u011fi\u015fen hava ak\u0131\u015f\u0131. Petek \u015feklindeki yap\u0131n\u0131n i\u00e7 y\u00fczeyini kaplayan nem giderici malzeme (zeolit molek\u00fcler elekler), geni\u015f bir emme kapasitesi ve s\u0131f\u0131r toz yay\u0131l\u0131m\u0131 garantisi sa\u011flar. Y\u00fcksek performans ve sabit \u00e7iy noktas\u0131 d\u00fczeyi i\u00e7in s\u00fcrekli rejenerasyon prosesi ve kapal\u0131 devre so\u011futma a\u015famas\u0131.<\/p>\n<p>M\u00fc\u015fteri odakl\u0131 \u00e7\u00f6z\u00fcmler:\n<BR><br \/>\nG\u00fc\u00e7 tasarrufu sa\u011flayan uygulama \u00e7ok y\u00f6nl\u00fcl\u00fc\u011f\u00fc<BR>\nSo\u011futma suyu veya bas\u0131n\u00e7l\u0131 hava t\u00fcketimi veya ba\u011flant\u0131s\u0131 i\u00e7in masraf gerektirmez. \u00dcnite yaln\u0131zca elektrikle \u00e7al\u0131\u015f\u0131r.\n<BR><br \/>\nAk\u0131ll\u0131 enerji y\u00f6netimi:<br \/>\n\u2022 bal pete\u011fi rotor \u00e7\u00f6z\u00fcm\u00fc ve tam rejenerasyon hava kazan\u0131m\u0131<BR>\n\u2022 Ak\u0131ll\u0131 Enerji Y\u00f6neticisi: IES sistemi, i\u015fleme makinesinin ge\u00e7erli gereklilikleri do\u011frultusunda enerji kullan\u0131m\u0131n\u0131 optimize eder ve ayarlar<BR>\n\u2022 Ak\u0131ll\u0131 Malzeme Kurutma: Termal malzeme bozunmas\u0131n\u0131 veya a\u015f\u0131r\u0131 kurumay\u0131 \u00f6nlemek i\u00e7in enerji kullan\u0131m\u0131n\u0131 optimize eder ve ayarlar<\/p>\n<p>Esnek ve mod\u00fcler yap\u0131land\u0131rma<BR>\n100 - 800 dm\u00b3 kapasiteli silolar. Kurutma silosu, i\u015fleme makinesine veya yan\u0131na tak\u0131labilir ya da bir arabaya yerle\u015ftirilebilir. Tek silolu ve PTU \u00e7ok silolu modeller mevcuttur HR Serisi, ayarlanan s\u0131cakl\u0131\u011f\u0131 sabit tutan bir mikroi\u015flemci sistemine sahiptir. Kontrol tu\u015f tak\u0131m\u0131n\u0131 kullanarak parametreleri ve \u00e7al\u0131\u015fma modlar\u0131n\u0131 g\u00f6r\u00fcnt\u00fclemek ve ayarlamak veya uyar\u0131 mesajlar\u0131n\u0131 g\u00f6rmek m\u00fcmk\u00fcnd\u00fcr. Proses s\u0131cakl\u0131\u011f\u0131 se\u00e7ildikten sonra, mikroi\u015flemci \u00e7al\u0131\u015fma s\u0131cakl\u0131klar\u0131 aral\u0131\u011f\u0131 i\u00e7inden emniyetli s\u0131cakl\u0131\u011f\u0131 otomatik olarak ayarlar ve b\u00f6ylelikle maksimum \u00e7al\u0131\u015fma g\u00fcvenli\u011fi sa\u011flar.<\/p>","protected":false},"featured_media":13149,"template":"","tags":[108],"acf":[],"yoast_head":"<title>HR | HRM - PiovanGroup<\/title>\n<meta name=\"robots\" content=\"index, follow, max-snippet:-1, max-image-preview:large, max-video-preview:-1\" \/>\n<link rel=\"canonical\" href=\"https:\/\/www.piovan.com\/tr\/product\/hr-hrm\/\" \/>\n<meta property=\"og:locale\" content=\"tr_TR\" \/>\n<meta property=\"og:type\" content=\"article\" \/>\n<meta property=\"og:title\" content=\"HR | HRM - PiovanGroup\" \/>\n<meta property=\"og:description\" content=\"By adopting the honeycomb desiccant rotor technology, the HR Series is able to ensure versatility for small and medium productions. The technology is characterised by constant dew point and clean process thanks to \u2022 large absorbing capacity \u2022 zero dust emission \u2022 continuous regeneration process and close loop cooling phase. HR and HRM dryers are also flexible since they operate with single or multiple hoppers and can be installed beside the process machine or on a mobile frame.\" \/>\n<meta property=\"og:url\" content=\"https:\/\/www.piovan.com\/tr\/product\/hr-hrm\/\" \/>\n<meta property=\"og:site_name\" content=\"PiovanGroup\" \/>\n<meta property=\"article:modified_time\" content=\"2024-09-19T14:06:35+00:00\" \/>\n<meta property=\"og:image\" content=\"https:\/\/www.piovan.com\/wp-content\/uploads\/HR-HRM_1200x1560px.png\" \/>\n\t<meta property=\"og:image:width\" content=\"1200\" \/>\n\t<meta property=\"og:image:height\" content=\"1560\" \/>\n\t<meta property=\"og:image:type\" content=\"image\/png\" \/>\n<meta name=\"twitter:card\" content=\"summary_large_image\" \/>\n<script type=\"application\/ld+json\" class=\"yoast-schema-graph\">{\"@context\":\"https:\/\/schema.org\",\"@graph\":[{\"@type\":\"WebPage\",\"@id\":\"https:\/\/www.piovan.com\/product\/hr-hrm\/\",\"url\":\"https:\/\/www.piovan.com\/product\/hr-hrm\/\",\"name\":\"HR | HRM - PiovanGroup\",\"isPartOf\":{\"@id\":\"https:\/\/www.piovan.com\/#website\"},\"datePublished\":\"2021-11-09T13:01:51+00:00\",\"dateModified\":\"2024-09-19T14:06:35+00:00\",\"breadcrumb\":{\"@id\":\"https:\/\/www.piovan.com\/product\/hr-hrm\/#breadcrumb\"},\"inLanguage\":\"tr\",\"potentialAction\":[{\"@type\":\"ReadAction\",\"target\":[\"https:\/\/www.piovan.com\/product\/hr-hrm\/\"]}]},{\"@type\":\"BreadcrumbList\",\"@id\":\"https:\/\/www.piovan.com\/product\/hr-hrm\/#breadcrumb\",\"itemListElement\":[{\"@type\":\"ListItem\",\"position\":1,\"name\":\"Home\",\"item\":\"https:\/\/www.piovan.com\/\"},{\"@type\":\"ListItem\",\"position\":2,\"name\":\"Plastic\",\"item\":\"https:\/\/www.piovan.com\/tr\/products\/plastic\/\"},{\"@type\":\"ListItem\",\"position\":3,\"name\":\"Drying &amp; Dehumidifying\",\"item\":\"https:\/\/www.piovan.com\/tr\/products\/plastic\/drying-dehumidifying\/\"},{\"@type\":\"ListItem\",\"position\":4,\"name\":\"HR | HRM\"}]},{\"@type\":\"WebSite\",\"@id\":\"https:\/\/www.piovan.com\/#website\",\"url\":\"https:\/\/www.piovan.com\/\",\"name\":\"PiovanGroup\",\"description\":\"\",\"publisher\":{\"@id\":\"https:\/\/www.piovan.com\/#organization\"},\"potentialAction\":[{\"@type\":\"SearchAction\",\"target\":{\"@type\":\"EntryPoint\",\"urlTemplate\":\"https:\/\/www.piovan.com\/?s={search_term_string}\"},\"query-input\":\"required name=search_term_string\"}],\"inLanguage\":\"tr\"},{\"@type\":\"Organization\",\"@id\":\"https:\/\/www.piovan.com\/#organization\",\"name\":\"PiovanGroup\",\"url\":\"https:\/\/www.piovan.com\/\",\"logo\":{\"@type\":\"ImageObject\",\"inLanguage\":\"tr\",\"@id\":\"https:\/\/www.piovan.com\/#\/schema\/logo\/image\/\",\"url\":\"https:\/\/www.piovan.com\/wp-content\/uploads\/2021\/06\/logo@2x.png\",\"contentUrl\":\"https:\/\/www.piovan.com\/wp-content\/uploads\/2021\/06\/logo@2x.png\",\"width\":489,\"height\":78,\"caption\":\"PiovanGroup\"},\"image\":{\"@id\":\"https:\/\/www.piovan.com\/#\/schema\/logo\/image\/\"}}]}<\/script>","yoast_head_json":{"title":"HR | HRM - PiovanGroup","robots":{"index":"index","follow":"follow","max-snippet":"max-snippet:-1","max-image-preview":"max-image-preview:large","max-video-preview":"max-video-preview:-1"},"canonical":"https:\/\/www.piovan.com\/tr\/product\/hr-hrm\/","og_locale":"tr_TR","og_type":"article","og_title":"HR | HRM - PiovanGroup","og_description":"By adopting the honeycomb desiccant rotor technology, the HR Series is able to ensure versatility for small and medium productions. The technology is characterised by constant dew point and clean process thanks to \u2022 large absorbing capacity \u2022 zero dust emission \u2022 continuous regeneration process and close loop cooling phase. HR and HRM dryers are also flexible since they operate with single or multiple hoppers and can be installed beside the process machine or on a mobile frame.","og_url":"https:\/\/www.piovan.com\/tr\/product\/hr-hrm\/","og_site_name":"PiovanGroup","article_modified_time":"2024-09-19T14:06:35+00:00","og_image":[{"width":1200,"height":1560,"url":"https:\/\/www.piovan.com\/wp-content\/uploads\/HR-HRM_1200x1560px.png","type":"image\/png"}],"twitter_card":"summary_large_image","schema":{"@context":"https:\/\/schema.org","@graph":[{"@type":"WebPage","@id":"https:\/\/www.piovan.com\/product\/hr-hrm\/","url":"https:\/\/www.piovan.com\/product\/hr-hrm\/","name":"HR | HRM - PiovanGroup","isPartOf":{"@id":"https:\/\/www.piovan.com\/#website"},"datePublished":"2021-11-09T13:01:51+00:00","dateModified":"2024-09-19T14:06:35+00:00","breadcrumb":{"@id":"https:\/\/www.piovan.com\/product\/hr-hrm\/#breadcrumb"},"inLanguage":"tr","potentialAction":[{"@type":"ReadAction","target":["https:\/\/www.piovan.com\/product\/hr-hrm\/"]}]},{"@type":"BreadcrumbList","@id":"https:\/\/www.piovan.com\/product\/hr-hrm\/#breadcrumb","itemListElement":[{"@type":"ListItem","position":1,"name":"Home","item":"https:\/\/www.piovan.com\/"},{"@type":"ListItem","position":2,"name":"Plastic","item":"https:\/\/www.piovan.com\/tr\/products\/plastic\/"},{"@type":"ListItem","position":3,"name":"Drying &amp; Dehumidifying","item":"https:\/\/www.piovan.com\/tr\/products\/plastic\/drying-dehumidifying\/"},{"@type":"ListItem","position":4,"name":"HR | HRM"}]},{"@type":"WebSite","@id":"https:\/\/www.piovan.com\/#website","url":"https:\/\/www.piovan.com\/","name":"PiovanGroup","description":"","publisher":{"@id":"https:\/\/www.piovan.com\/#organization"},"potentialAction":[{"@type":"SearchAction","target":{"@type":"EntryPoint","urlTemplate":"https:\/\/www.piovan.com\/?s={search_term_string}"},"query-input":"required name=search_term_string"}],"inLanguage":"tr"},{"@type":"Organization","@id":"https:\/\/www.piovan.com\/#organization","name":"PiovanGroup","url":"https:\/\/www.piovan.com\/","logo":{"@type":"ImageObject","inLanguage":"tr","@id":"https:\/\/www.piovan.com\/#\/schema\/logo\/image\/","url":"https:\/\/www.piovan.com\/wp-content\/uploads\/2021\/06\/logo@2x.png","contentUrl":"https:\/\/www.piovan.com\/wp-content\/uploads\/2021\/06\/logo@2x.png","width":489,"height":78,"caption":"PiovanGroup"},"image":{"@id":"https:\/\/www.piovan.com\/#\/schema\/logo\/image\/"}}]}},"_links":{"self":[{"href":"https:\/\/www.piovan.com\/tr\/wp-json\/wp\/v2\/product\/4902"}],"collection":[{"href":"https:\/\/www.piovan.com\/tr\/wp-json\/wp\/v2\/product"}],"about":[{"href":"https:\/\/www.piovan.com\/tr\/wp-json\/wp\/v2\/types\/product"}],"version-history":[{"count":2,"href":"https:\/\/www.piovan.com\/tr\/wp-json\/wp\/v2\/product\/4902\/revisions"}],"predecessor-version":[{"id":13151,"href":"https:\/\/www.piovan.com\/tr\/wp-json\/wp\/v2\/product\/4902\/revisions\/13151"}],"wp:featuredmedia":[{"embeddable":true,"href":"https:\/\/www.piovan.com\/tr\/wp-json\/wp\/v2\/media\/13149"}],"wp:attachment":[{"href":"https:\/\/www.piovan.com\/tr\/wp-json\/wp\/v2\/media?parent=4902"}],"wp:term":[{"taxonomy":"post_tag","embeddable":true,"href":"https:\/\/www.piovan.com\/tr\/wp-json\/wp\/v2\/tags?post=4902"}],"curies":[{"name":"wp","href":"https:\/\/api.w.org\/{rel}","templated":true}]}}