{"id":4877,"date":"2021-11-09T10:57:35","date_gmt":"2021-11-09T09:57:35","guid":{"rendered":"https:\/\/www.piovan.com\/?post_type=product&#038;p=4877"},"modified":"2024-09-30T17:05:57","modified_gmt":"2024-09-30T15:05:57","slug":"g-esp","status":"publish","type":"product","link":"https:\/\/www.piovan.com\/tr\/product\/g-esp\/","title":{"rendered":"G | ESP"},"content":{"rendered":"<p>G ve ESN serisi S\u0131cak Hava Kurutucular\u0131, higroskopik olmayan termoplastik malzemelerdeki y\u00fczey nemini gidermek i\u00e7in kullan\u0131l\u0131r; y\u00fcksek malzeme t\u00fcketimi oran\u0131 i\u00e7eren uygulamalar i\u00e7in uygundur. Kurutucu silonun yan\u0131na tak\u0131lan \u0131s\u0131t\u0131c\u0131, \u00fcfleyici ve kontrol tertibat\u0131 tek bir kurutma \u00fcnitesi olu\u015fturur. ESN s\u0131cak hava \u00fcretici, \u00f6zel y\u00fcksek s\u0131cakl\u0131kl\u0131 esnek veya rijit borular kullan\u0131larak yal\u0131t\u0131ml\u0131 kurutma silosuna ba\u011flanan ayr\u0131 bir \u00fcnitedir. S\u0131cak hava kurutucu ve silo, genellikle zemine yerle\u015ftirilir ve bir veya daha fazla i\u015fleme makinesine hizmet edebilir. S\u0131cakl\u0131k kontrol\u00fc elektronik bir termostat ile ger\u00e7ekle\u015ftirilir. Emniyet termostat\u0131 se\u00e7enek olarak sunulur.\n<br><\/br>\n<strong>M\u00fc\u015fteri odakl\u0131 \u00e7\u00f6z\u00fcmler<\/strong>:<br><\/p>\n<p class=\" translation-block\"><strong>G serisi<\/strong><br>\nEsnek yap\u0131land\u0131rma<br>\n\u25cf Do\u011frudan enjeksiyon kal\u0131plama makinelerine veya ekstr\u00fcderlere tak\u0131labilir ya da mobilite i\u00e7in yere\/arabaya monte edilebilir<br>\n\u25cf S\u0131cak hava jenerat\u00f6r\u00fc ayr\u0131 bir \u00fcnitedir<br>\n\u25cf Bir veya daha fazla i\u015fleme makinesine hizmet edebilir<br>\n\u25cf 10 - 3000 dm3 kapasiteli silolar<\/p>\n<p class=\" translation-block\"><strong>ESN serisi<\/strong><br>\nEsnek yap\u0131land\u0131rma<br>\n\u25cf Silolar kontaminasyon ve korozyon riskini ortadan kald\u0131rmak i\u00e7in paslanmaz \u00e7elik olarak \u00fcretilir<br>\n\u25cf Hassas yap\u0131, silo i\u00e7inde termal da\u011f\u0131l\u0131m olmamas\u0131n\u0131 ve s\u0131cakl\u0131\u011f\u0131n homojen bir \u015fekilde da\u011f\u0131lmas\u0131n\u0131 garanti eder<\/p>","protected":false},"featured_media":13443,"template":"","tags":[108],"acf":[],"yoast_head":"<title>G | ESP - PiovanGroup<\/title>\n<meta name=\"robots\" content=\"index, follow, max-snippet:-1, max-image-preview:large, max-video-preview:-1\" \/>\n<link rel=\"canonical\" href=\"https:\/\/www.piovan.com\/tr\/product\/g-esp\/\" \/>\n<meta property=\"og:locale\" content=\"tr_TR\" \/>\n<meta property=\"og:type\" content=\"article\" \/>\n<meta property=\"og:title\" content=\"G | ESP - PiovanGroup\" \/>\n<meta property=\"og:description\" content=\"The drying solution for nonhygroscopic thermoplastic materials characterised by high flexibility, with hopper capacity from 10 to 3,000 litres. G series \u2022 installation on IMM or extruders for direct feeding \u2022 floor installation on trolley to feed multiple machines. ESP \u2022 configuration with separate air generator unit \u2022 for single or multiple machine feeding\" \/>\n<meta property=\"og:url\" content=\"https:\/\/www.piovan.com\/tr\/product\/g-esp\/\" \/>\n<meta property=\"og:site_name\" content=\"PiovanGroup\" \/>\n<meta property=\"article:modified_time\" content=\"2024-09-30T15:05:57+00:00\" \/>\n<meta property=\"og:image\" content=\"https:\/\/www.piovan.com\/wp-content\/uploads\/G-ESP.png\" \/>\n\t<meta property=\"og:image:width\" content=\"1200\" \/>\n\t<meta property=\"og:image:height\" content=\"1560\" \/>\n\t<meta property=\"og:image:type\" content=\"image\/png\" \/>\n<meta name=\"twitter:card\" content=\"summary_large_image\" \/>\n<script type=\"application\/ld+json\" class=\"yoast-schema-graph\">{\"@context\":\"https:\/\/schema.org\",\"@graph\":[{\"@type\":\"WebPage\",\"@id\":\"https:\/\/www.piovan.com\/product\/g-esp\/\",\"url\":\"https:\/\/www.piovan.com\/product\/g-esp\/\",\"name\":\"G | ESP - PiovanGroup\",\"isPartOf\":{\"@id\":\"https:\/\/www.piovan.com\/#website\"},\"datePublished\":\"2021-11-09T09:57:35+00:00\",\"dateModified\":\"2024-09-30T15:05:57+00:00\",\"breadcrumb\":{\"@id\":\"https:\/\/www.piovan.com\/product\/g-esp\/#breadcrumb\"},\"inLanguage\":\"tr\",\"potentialAction\":[{\"@type\":\"ReadAction\",\"target\":[\"https:\/\/www.piovan.com\/product\/g-esp\/\"]}]},{\"@type\":\"BreadcrumbList\",\"@id\":\"https:\/\/www.piovan.com\/product\/g-esp\/#breadcrumb\",\"itemListElement\":[{\"@type\":\"ListItem\",\"position\":1,\"name\":\"Home\",\"item\":\"https:\/\/www.piovan.com\/\"},{\"@type\":\"ListItem\",\"position\":2,\"name\":\"Plastic\",\"item\":\"https:\/\/www.piovan.com\/tr\/products\/plastic\/\"},{\"@type\":\"ListItem\",\"position\":3,\"name\":\"Drying &amp; Dehumidifying\",\"item\":\"https:\/\/www.piovan.com\/tr\/products\/plastic\/drying-dehumidifying\/\"},{\"@type\":\"ListItem\",\"position\":4,\"name\":\"G | ESP\"}]},{\"@type\":\"WebSite\",\"@id\":\"https:\/\/www.piovan.com\/#website\",\"url\":\"https:\/\/www.piovan.com\/\",\"name\":\"PiovanGroup\",\"description\":\"\",\"publisher\":{\"@id\":\"https:\/\/www.piovan.com\/#organization\"},\"potentialAction\":[{\"@type\":\"SearchAction\",\"target\":{\"@type\":\"EntryPoint\",\"urlTemplate\":\"https:\/\/www.piovan.com\/?s={search_term_string}\"},\"query-input\":\"required name=search_term_string\"}],\"inLanguage\":\"tr\"},{\"@type\":\"Organization\",\"@id\":\"https:\/\/www.piovan.com\/#organization\",\"name\":\"PiovanGroup\",\"url\":\"https:\/\/www.piovan.com\/\",\"logo\":{\"@type\":\"ImageObject\",\"inLanguage\":\"tr\",\"@id\":\"https:\/\/www.piovan.com\/#\/schema\/logo\/image\/\",\"url\":\"https:\/\/www.piovan.com\/wp-content\/uploads\/2021\/06\/logo@2x.png\",\"contentUrl\":\"https:\/\/www.piovan.com\/wp-content\/uploads\/2021\/06\/logo@2x.png\",\"width\":489,\"height\":78,\"caption\":\"PiovanGroup\"},\"image\":{\"@id\":\"https:\/\/www.piovan.com\/#\/schema\/logo\/image\/\"}}]}<\/script>","yoast_head_json":{"title":"G | ESP - PiovanGroup","robots":{"index":"index","follow":"follow","max-snippet":"max-snippet:-1","max-image-preview":"max-image-preview:large","max-video-preview":"max-video-preview:-1"},"canonical":"https:\/\/www.piovan.com\/tr\/product\/g-esp\/","og_locale":"tr_TR","og_type":"article","og_title":"G | ESP - PiovanGroup","og_description":"The drying solution for nonhygroscopic thermoplastic materials characterised by high flexibility, with hopper capacity from 10 to 3,000 litres. G series \u2022 installation on IMM or extruders for direct feeding \u2022 floor installation on trolley to feed multiple machines. ESP \u2022 configuration with separate air generator unit \u2022 for single or multiple machine feeding","og_url":"https:\/\/www.piovan.com\/tr\/product\/g-esp\/","og_site_name":"PiovanGroup","article_modified_time":"2024-09-30T15:05:57+00:00","og_image":[{"width":1200,"height":1560,"url":"https:\/\/www.piovan.com\/wp-content\/uploads\/G-ESP.png","type":"image\/png"}],"twitter_card":"summary_large_image","schema":{"@context":"https:\/\/schema.org","@graph":[{"@type":"WebPage","@id":"https:\/\/www.piovan.com\/product\/g-esp\/","url":"https:\/\/www.piovan.com\/product\/g-esp\/","name":"G | ESP - PiovanGroup","isPartOf":{"@id":"https:\/\/www.piovan.com\/#website"},"datePublished":"2021-11-09T09:57:35+00:00","dateModified":"2024-09-30T15:05:57+00:00","breadcrumb":{"@id":"https:\/\/www.piovan.com\/product\/g-esp\/#breadcrumb"},"inLanguage":"tr","potentialAction":[{"@type":"ReadAction","target":["https:\/\/www.piovan.com\/product\/g-esp\/"]}]},{"@type":"BreadcrumbList","@id":"https:\/\/www.piovan.com\/product\/g-esp\/#breadcrumb","itemListElement":[{"@type":"ListItem","position":1,"name":"Home","item":"https:\/\/www.piovan.com\/"},{"@type":"ListItem","position":2,"name":"Plastic","item":"https:\/\/www.piovan.com\/tr\/products\/plastic\/"},{"@type":"ListItem","position":3,"name":"Drying &amp; Dehumidifying","item":"https:\/\/www.piovan.com\/tr\/products\/plastic\/drying-dehumidifying\/"},{"@type":"ListItem","position":4,"name":"G | ESP"}]},{"@type":"WebSite","@id":"https:\/\/www.piovan.com\/#website","url":"https:\/\/www.piovan.com\/","name":"PiovanGroup","description":"","publisher":{"@id":"https:\/\/www.piovan.com\/#organization"},"potentialAction":[{"@type":"SearchAction","target":{"@type":"EntryPoint","urlTemplate":"https:\/\/www.piovan.com\/?s={search_term_string}"},"query-input":"required name=search_term_string"}],"inLanguage":"tr"},{"@type":"Organization","@id":"https:\/\/www.piovan.com\/#organization","name":"PiovanGroup","url":"https:\/\/www.piovan.com\/","logo":{"@type":"ImageObject","inLanguage":"tr","@id":"https:\/\/www.piovan.com\/#\/schema\/logo\/image\/","url":"https:\/\/www.piovan.com\/wp-content\/uploads\/2021\/06\/logo@2x.png","contentUrl":"https:\/\/www.piovan.com\/wp-content\/uploads\/2021\/06\/logo@2x.png","width":489,"height":78,"caption":"PiovanGroup"},"image":{"@id":"https:\/\/www.piovan.com\/#\/schema\/logo\/image\/"}}]}},"_links":{"self":[{"href":"https:\/\/www.piovan.com\/tr\/wp-json\/wp\/v2\/product\/4877"}],"collection":[{"href":"https:\/\/www.piovan.com\/tr\/wp-json\/wp\/v2\/product"}],"about":[{"href":"https:\/\/www.piovan.com\/tr\/wp-json\/wp\/v2\/types\/product"}],"version-history":[{"count":3,"href":"https:\/\/www.piovan.com\/tr\/wp-json\/wp\/v2\/product\/4877\/revisions"}],"predecessor-version":[{"id":13446,"href":"https:\/\/www.piovan.com\/tr\/wp-json\/wp\/v2\/product\/4877\/revisions\/13446"}],"wp:featuredmedia":[{"embeddable":true,"href":"https:\/\/www.piovan.com\/tr\/wp-json\/wp\/v2\/media\/13443"}],"wp:attachment":[{"href":"https:\/\/www.piovan.com\/tr\/wp-json\/wp\/v2\/media?parent=4877"}],"wp:term":[{"taxonomy":"post_tag","embeddable":true,"href":"https:\/\/www.piovan.com\/tr\/wp-json\/wp\/v2\/tags?post=4877"}],"curies":[{"name":"wp","href":"https:\/\/api.w.org\/{rel}","templated":true}]}}