{"id":4860,"date":"2021-11-09T10:09:19","date_gmt":"2021-11-09T09:09:19","guid":{"rendered":"https:\/\/www.piovan.com\/?post_type=product&#038;p=4860"},"modified":"2026-02-16T15:49:25","modified_gmt":"2026-02-16T14:49:25","slug":"dpa","status":"publish","type":"product","link":"https:\/\/www.piovan.com\/tr\/product\/dpa\/","title":{"rendered":"DPA"},"content":{"rendered":"<p>Yeni Piovan DPA Serisi Kurutucular, higroskopik polimerlerin i\u015flenmesi i\u00e7in bas\u0131n\u00e7l\u0131 havadan yararlan\u0131r. 0,5 ile 25 kg\/saat aras\u0131nda de\u011fi\u015fen kurutma kapasitelerine ve ortalama -25\u00b0C \u00c7iy Noktas\u0131 de\u011ferine (nem giderici kuleler i\u00e7eren yap\u0131land\u0131rmada -40\u00b0C'ye kadar indirilebilir) sahip 6 model.<\/p>\n<p>Enerji kullan\u0131m\u0131 optimizasyonu<BR>\nKontrol cihaz\u0131, hava ak\u0131\u015f\u0131n\u0131n 7 d\u00fczeyde y\u00f6netilmesini sa\u011flar ve kurutucunun \u00e7al\u0131\u015fmas\u0131n\u0131 mevcut malzeme miktar\u0131na g\u00f6re otomatik olarak ayarlar. B\u00f6ylelikle sistem enerji ve bas\u0131n\u00e7l\u0131 hava israf\u0131n\u0131 \u00f6nler.<br \/>\nDPA kurutuculara enerji tasarrufu sa\u011flayan Ak\u0131ll\u0131 Malzeme Kurutma (IMD) cihaz\u0131 eklenebilir: Bu cihaz, kurutma prosesinin optimum \u015fekilde y\u00f6netilmesini sa\u011flayarak malzemenin a\u015f\u0131r\u0131 \u0131s\u0131nmas\u0131n\u0131 veya termal bozunmaya u\u011framas\u0131n\u0131 \u00f6nler. Gran\u00fcl t\u00fcketimine g\u00f6re ayar noktas\u0131n\u0131n y\u00f6netilmesini sa\u011flar ve kurutucu silodaki hava ak\u0131\u015f\u0131n\u0131 otomatik olarak azaltarak gerekli enerji t\u00fcketimini de d\u00fc\u015f\u00fcr\u00fcr (Plus i\u015flevi).\n<BR><br \/>\n\u00c7al\u0131\u015fma parametrelerinde kendi kendine uyarlama<BR>\nStandart yap\u0131land\u0131rmada bulunan Malzeme Veritaban\u0131 sayesinde kontrol cihaz\u0131 malzeme se\u00e7ildikten hemen sonra proses ko\u015fullar\u0131n\u0131 otomatik olarak d\u00fczenler ve saatlik \u00fcretim ayarlan\u0131r. Optimum i\u015fleme i\u00e7in \u00f6nceden tan\u0131mlanm\u0131\u015f ayar de\u011ferleriyle birlikte 50 malzeme i\u00e7eren a\u00e7\u0131k Malzeme Veritaban\u0131, m\u00fc\u015fterinin \u00fcretimi do\u011frultusunda de\u011fi\u015ftirilebilir, \u00f6zelle\u015ftirilebilir ve yeni verilerle entegre edilebilir.<\/p>\n<p>Do\u011fru nem giderme kontrol\u00fc<BR>\nDPA kurutucular\u0131n elektronik sistemlerinde Kurutma Kontrol\u00fc i\u015flevi bulunur. Bu i\u015flev, kurutma silonun y\u00fckleme s\u00fcrelerini ve kurutma s\u00fcrelerini s\u00fcrekli olarak kontrol eder ve kritik olaylara ili\u015fkin sinyaller verir.<br><br \/>\nMaksimum denetim olana\u011f\u0131<BR>\nTemizlik ve malzeme de\u011fi\u015ftirme i\u015flemlerini kolayla\u015ft\u0131rmak ve h\u0131zland\u0131rmak i\u00e7in kurutma silosuna \u00e7\u0131kar\u0131labilir bir da\u011f\u0131tma konisi tak\u0131lm\u0131\u015ft\u0131r.\n<BR><br \/>\n-40\u00b0C'ye varan \u00c7iy Noktas\u0131 de\u011ferleri<BR>\n\u00fcnitenin uygulama aral\u0131\u011f\u0131n\u0131n geni\u015fletilmesini sa\u011flayan nem giderici kuleler (taraf\u0131ndan) ile sa\u011flan\u0131r. Rejenerasyon prosesi, bas\u0131n\u00e7l\u0131 hava beslemesi arac\u0131l\u0131\u011f\u0131yla \u0131s\u0131 olmadan ger\u00e7ekle\u015ftirilir.<\/p>","protected":false},"featured_media":13442,"template":"","tags":[108],"acf":[],"yoast_head":"<title>DPA - PiovanGroup<\/title>\n<meta name=\"robots\" content=\"index, follow, max-snippet:-1, max-image-preview:large, max-video-preview:-1\" \/>\n<link rel=\"canonical\" href=\"https:\/\/www.piovan.com\/tr\/product\/dpa\/\" \/>\n<meta property=\"og:locale\" content=\"tr_TR\" \/>\n<meta property=\"og:type\" content=\"article\" \/>\n<meta property=\"og:title\" content=\"DPA - PiovanGroup\" \/>\n<meta property=\"og:description\" content=\"DPA Series use compressed air for drying hygroscopic polymers. The running parameters can be easily loaded from the internal database. With the use of desiccant cartridges DPA can reach lower Dew Point values (up to \u201340\u00b0C). For the models with glass hopper, the removable cone allows easy and fast cleaning operations. The control manages the airflow in 7 increments and adjusts the dryer&#039;s functioning according to the material throughput. The system thus avoids wastage of energy and compressed air. DPA [&hellip;]\" \/>\n<meta property=\"og:url\" content=\"https:\/\/www.piovan.com\/tr\/product\/dpa\/\" \/>\n<meta property=\"og:site_name\" content=\"PiovanGroup\" \/>\n<meta property=\"article:modified_time\" content=\"2026-02-16T14:49:25+00:00\" \/>\n<meta property=\"og:image\" content=\"https:\/\/www.piovan.com\/wp-content\/uploads\/DPA-1.png\" \/>\n\t<meta property=\"og:image:width\" content=\"1200\" \/>\n\t<meta property=\"og:image:height\" content=\"1560\" \/>\n\t<meta property=\"og:image:type\" content=\"image\/png\" \/>\n<meta name=\"twitter:card\" content=\"summary_large_image\" \/>\n<script type=\"application\/ld+json\" class=\"yoast-schema-graph\">{\"@context\":\"https:\/\/schema.org\",\"@graph\":[{\"@type\":\"WebPage\",\"@id\":\"https:\/\/www.piovan.com\/product\/dpa\/\",\"url\":\"https:\/\/www.piovan.com\/product\/dpa\/\",\"name\":\"DPA - PiovanGroup\",\"isPartOf\":{\"@id\":\"https:\/\/www.piovan.com\/#website\"},\"datePublished\":\"2021-11-09T09:09:19+00:00\",\"dateModified\":\"2026-02-16T14:49:25+00:00\",\"breadcrumb\":{\"@id\":\"https:\/\/www.piovan.com\/product\/dpa\/#breadcrumb\"},\"inLanguage\":\"tr\",\"potentialAction\":[{\"@type\":\"ReadAction\",\"target\":[\"https:\/\/www.piovan.com\/product\/dpa\/\"]}]},{\"@type\":\"BreadcrumbList\",\"@id\":\"https:\/\/www.piovan.com\/product\/dpa\/#breadcrumb\",\"itemListElement\":[{\"@type\":\"ListItem\",\"position\":1,\"name\":\"Home\",\"item\":\"https:\/\/www.piovan.com\/\"},{\"@type\":\"ListItem\",\"position\":2,\"name\":\"Plastic\",\"item\":\"https:\/\/www.piovan.com\/tr\/products\/plastic\/\"},{\"@type\":\"ListItem\",\"position\":3,\"name\":\"Drying &amp; Dehumidifying\",\"item\":\"https:\/\/www.piovan.com\/tr\/products\/plastic\/drying-dehumidifying\/\"},{\"@type\":\"ListItem\",\"position\":4,\"name\":\"DPA\"}]},{\"@type\":\"WebSite\",\"@id\":\"https:\/\/www.piovan.com\/#website\",\"url\":\"https:\/\/www.piovan.com\/\",\"name\":\"PiovanGroup\",\"description\":\"\",\"publisher\":{\"@id\":\"https:\/\/www.piovan.com\/#organization\"},\"potentialAction\":[{\"@type\":\"SearchAction\",\"target\":{\"@type\":\"EntryPoint\",\"urlTemplate\":\"https:\/\/www.piovan.com\/?s={search_term_string}\"},\"query-input\":\"required name=search_term_string\"}],\"inLanguage\":\"tr\"},{\"@type\":\"Organization\",\"@id\":\"https:\/\/www.piovan.com\/#organization\",\"name\":\"PiovanGroup\",\"url\":\"https:\/\/www.piovan.com\/\",\"logo\":{\"@type\":\"ImageObject\",\"inLanguage\":\"tr\",\"@id\":\"https:\/\/www.piovan.com\/#\/schema\/logo\/image\/\",\"url\":\"https:\/\/www.piovan.com\/wp-content\/uploads\/2021\/06\/logo@2x.png\",\"contentUrl\":\"https:\/\/www.piovan.com\/wp-content\/uploads\/2021\/06\/logo@2x.png\",\"width\":489,\"height\":78,\"caption\":\"PiovanGroup\"},\"image\":{\"@id\":\"https:\/\/www.piovan.com\/#\/schema\/logo\/image\/\"}}]}<\/script>","yoast_head_json":{"title":"DPA - PiovanGroup","robots":{"index":"index","follow":"follow","max-snippet":"max-snippet:-1","max-image-preview":"max-image-preview:large","max-video-preview":"max-video-preview:-1"},"canonical":"https:\/\/www.piovan.com\/tr\/product\/dpa\/","og_locale":"tr_TR","og_type":"article","og_title":"DPA - PiovanGroup","og_description":"DPA Series use compressed air for drying hygroscopic polymers. The running parameters can be easily loaded from the internal database. With the use of desiccant cartridges DPA can reach lower Dew Point values (up to \u201340\u00b0C). For the models with glass hopper, the removable cone allows easy and fast cleaning operations. The control manages the airflow in 7 increments and adjusts the dryer's functioning according to the material throughput. The system thus avoids wastage of energy and compressed air. DPA [&hellip;]","og_url":"https:\/\/www.piovan.com\/tr\/product\/dpa\/","og_site_name":"PiovanGroup","article_modified_time":"2026-02-16T14:49:25+00:00","og_image":[{"width":1200,"height":1560,"url":"https:\/\/www.piovan.com\/wp-content\/uploads\/DPA-1.png","type":"image\/png"}],"twitter_card":"summary_large_image","schema":{"@context":"https:\/\/schema.org","@graph":[{"@type":"WebPage","@id":"https:\/\/www.piovan.com\/product\/dpa\/","url":"https:\/\/www.piovan.com\/product\/dpa\/","name":"DPA - PiovanGroup","isPartOf":{"@id":"https:\/\/www.piovan.com\/#website"},"datePublished":"2021-11-09T09:09:19+00:00","dateModified":"2026-02-16T14:49:25+00:00","breadcrumb":{"@id":"https:\/\/www.piovan.com\/product\/dpa\/#breadcrumb"},"inLanguage":"tr","potentialAction":[{"@type":"ReadAction","target":["https:\/\/www.piovan.com\/product\/dpa\/"]}]},{"@type":"BreadcrumbList","@id":"https:\/\/www.piovan.com\/product\/dpa\/#breadcrumb","itemListElement":[{"@type":"ListItem","position":1,"name":"Home","item":"https:\/\/www.piovan.com\/"},{"@type":"ListItem","position":2,"name":"Plastic","item":"https:\/\/www.piovan.com\/tr\/products\/plastic\/"},{"@type":"ListItem","position":3,"name":"Drying &amp; Dehumidifying","item":"https:\/\/www.piovan.com\/tr\/products\/plastic\/drying-dehumidifying\/"},{"@type":"ListItem","position":4,"name":"DPA"}]},{"@type":"WebSite","@id":"https:\/\/www.piovan.com\/#website","url":"https:\/\/www.piovan.com\/","name":"PiovanGroup","description":"","publisher":{"@id":"https:\/\/www.piovan.com\/#organization"},"potentialAction":[{"@type":"SearchAction","target":{"@type":"EntryPoint","urlTemplate":"https:\/\/www.piovan.com\/?s={search_term_string}"},"query-input":"required name=search_term_string"}],"inLanguage":"tr"},{"@type":"Organization","@id":"https:\/\/www.piovan.com\/#organization","name":"PiovanGroup","url":"https:\/\/www.piovan.com\/","logo":{"@type":"ImageObject","inLanguage":"tr","@id":"https:\/\/www.piovan.com\/#\/schema\/logo\/image\/","url":"https:\/\/www.piovan.com\/wp-content\/uploads\/2021\/06\/logo@2x.png","contentUrl":"https:\/\/www.piovan.com\/wp-content\/uploads\/2021\/06\/logo@2x.png","width":489,"height":78,"caption":"PiovanGroup"},"image":{"@id":"https:\/\/www.piovan.com\/#\/schema\/logo\/image\/"}}]}},"_links":{"self":[{"href":"https:\/\/www.piovan.com\/tr\/wp-json\/wp\/v2\/product\/4860"}],"collection":[{"href":"https:\/\/www.piovan.com\/tr\/wp-json\/wp\/v2\/product"}],"about":[{"href":"https:\/\/www.piovan.com\/tr\/wp-json\/wp\/v2\/types\/product"}],"version-history":[{"count":3,"href":"https:\/\/www.piovan.com\/tr\/wp-json\/wp\/v2\/product\/4860\/revisions"}],"predecessor-version":[{"id":16229,"href":"https:\/\/www.piovan.com\/tr\/wp-json\/wp\/v2\/product\/4860\/revisions\/16229"}],"wp:featuredmedia":[{"embeddable":true,"href":"https:\/\/www.piovan.com\/tr\/wp-json\/wp\/v2\/media\/13442"}],"wp:attachment":[{"href":"https:\/\/www.piovan.com\/tr\/wp-json\/wp\/v2\/media?parent=4860"}],"wp:term":[{"taxonomy":"post_tag","embeddable":true,"href":"https:\/\/www.piovan.com\/tr\/wp-json\/wp\/v2\/tags?post=4860"}],"curies":[{"name":"wp","href":"https:\/\/api.w.org\/{rel}","templated":true}]}}