{"id":4842,"date":"2021-11-09T09:42:18","date_gmt":"2021-11-09T08:42:18","guid":{"rendered":"https:\/\/www.piovan.com\/?post_type=product&#038;p=4842"},"modified":"2025-01-07T16:54:38","modified_gmt":"2025-01-07T15:54:38","slug":"dp-619-622","status":"publish","type":"product","link":"https:\/\/www.piovan.com\/tr\/product\/dp-619-622\/","title":{"rendered":"DP 619-622"},"content":{"rendered":"<p>200 ile 800 m3\/saat aras\u0131 hava ak\u0131\u015f h\u0131z\u0131 ve \u201355\u00b0C'den d\u00fc\u015f\u00fck bir \u00e7iy noktas\u0131na sahip besleme havas\u0131 i\u00e7eren \u00e7ift nem gidericili kule modelleri. Proses hava s\u0131cakl\u0131\u011f\u0131 150\u00b0C'ye kadar ayarlanabilir (HT modeli i\u00e7in 200\u00b0C).<\/p>\n<p>M\u00dc\u015eTER\u0130 ODAKLI \u00c7\u00d6Z\u00dcMLER:<BR>\n\nHassasiyet<BR>\nKendi kendine ayarlanan PID algoritmas\u0131na sahip elektronik proses s\u0131cakl\u0131\u011f\u0131 kontrol\u00fc y\u00fcksek hassasiyet sa\u011flar.<\/p>\n<p>Kolay kullan\u0131m<BR>\n\u2022 Kolay ve eksiksiz operat\u00f6r arabirimi.<BR>\n\u2022 Mikroi\u015flemci kontrol\u00fc.<BR>\n\u2022 Operat\u00f6r\u00fcn dilinde geni\u015f ekran. Makinenin \u00e7al\u0131\u015fma durumunu ve olas\u0131 t\u00fcm alarm ya da uyar\u0131 mesajlar\u0131n\u0131 g\u00f6sterir.<BR>\n\u2022 Ana ekrandan a\u015fa\u011f\u0131daki kurutucu parametreleri takip edilebilir: Kurutma s\u0131cakl\u0131\u011f\u0131, Ayar noktas\u0131, \u00c7iy Noktas\u0131 de\u011feri<\/p>\n<p>Esnek ve mod\u00fcler yap\u0131land\u0131rma<BR>\n\u2022 Operat\u00f6r silolar\u0131n say\u0131s\u0131n\u0131 istedi\u011fi zaman kolayl\u0131kla art\u0131rabilir. Silo kapasitesi 300 ile 2500 dm\u00b3 aras\u0131ndad\u0131r; tekli veya merkezile\u015ftirilmi\u015f sistemler mevcuttur.<BR>\n\u2022 Ak\u0131ll\u0131 Enerji Y\u00f6neticisi: IES sistemi, i\u015fleme makinesinin ge\u00e7erli gereklilikleri do\u011frultusunda enerji kullan\u0131m\u0131n\u0131 optimize eder ve ayarlar.<BR>\n\u2022 Ak\u0131ll\u0131 Malzeme Kurutma: Termal malzeme bozunmas\u0131n\u0131 veya a\u015f\u0131r\u0131 kurumay\u0131 \u00f6nlemek i\u00e7in enerji kullan\u0131m\u0131n\u0131 optimize eder ve ayarlar.<\/p>","protected":false},"featured_media":13166,"template":"","tags":[108],"acf":[],"yoast_head":"<title>DP 619-622 - PiovanGroup<\/title>\n<meta name=\"robots\" content=\"index, follow, max-snippet:-1, max-image-preview:large, max-video-preview:-1\" \/>\n<link rel=\"canonical\" href=\"https:\/\/www.piovan.com\/tr\/product\/dp-619-622\/\" \/>\n<meta property=\"og:locale\" content=\"tr_TR\" \/>\n<meta property=\"og:type\" content=\"article\" \/>\n<meta property=\"og:title\" content=\"DP 619-622 - PiovanGroup\" \/>\n<meta property=\"og:description\" content=\"DP is characterised by dew point lower than-55 \u00b0C and process air temperature up to 200 \u00b0C (HT version). Microprocessor control with self-adjusting PID algorithm for high precision. DP is easy to use thanks to a large display available in the operator\u2019s language with the status of the machine and key parameters accessible from the main screen. Hoppers capacity goes from 300 to 2500 dm3, single or multiple and their number can be easily changed at any time.\" \/>\n<meta property=\"og:url\" content=\"https:\/\/www.piovan.com\/tr\/product\/dp-619-622\/\" \/>\n<meta property=\"og:site_name\" content=\"PiovanGroup\" \/>\n<meta property=\"article:modified_time\" content=\"2025-01-07T15:54:38+00:00\" \/>\n<meta property=\"og:image\" content=\"https:\/\/www.piovan.com\/wp-content\/uploads\/DP-619-622_1200x1560px.png\" \/>\n\t<meta property=\"og:image:width\" content=\"1200\" \/>\n\t<meta property=\"og:image:height\" content=\"1560\" \/>\n\t<meta property=\"og:image:type\" content=\"image\/png\" \/>\n<meta name=\"twitter:card\" content=\"summary_large_image\" \/>\n<script type=\"application\/ld+json\" class=\"yoast-schema-graph\">{\"@context\":\"https:\/\/schema.org\",\"@graph\":[{\"@type\":\"WebPage\",\"@id\":\"https:\/\/www.piovan.com\/product\/dp-619-622\/\",\"url\":\"https:\/\/www.piovan.com\/product\/dp-619-622\/\",\"name\":\"DP 619-622 - PiovanGroup\",\"isPartOf\":{\"@id\":\"https:\/\/www.piovan.com\/#website\"},\"datePublished\":\"2021-11-09T08:42:18+00:00\",\"dateModified\":\"2025-01-07T15:54:38+00:00\",\"breadcrumb\":{\"@id\":\"https:\/\/www.piovan.com\/product\/dp-619-622\/#breadcrumb\"},\"inLanguage\":\"tr\",\"potentialAction\":[{\"@type\":\"ReadAction\",\"target\":[\"https:\/\/www.piovan.com\/product\/dp-619-622\/\"]}]},{\"@type\":\"BreadcrumbList\",\"@id\":\"https:\/\/www.piovan.com\/product\/dp-619-622\/#breadcrumb\",\"itemListElement\":[{\"@type\":\"ListItem\",\"position\":1,\"name\":\"Home\",\"item\":\"https:\/\/www.piovan.com\/\"},{\"@type\":\"ListItem\",\"position\":2,\"name\":\"Plastic\",\"item\":\"https:\/\/www.piovan.com\/tr\/products\/plastic\/\"},{\"@type\":\"ListItem\",\"position\":3,\"name\":\"Drying &amp; Dehumidifying\",\"item\":\"https:\/\/www.piovan.com\/tr\/products\/plastic\/drying-dehumidifying\/\"},{\"@type\":\"ListItem\",\"position\":4,\"name\":\"DP 619-622\"}]},{\"@type\":\"WebSite\",\"@id\":\"https:\/\/www.piovan.com\/#website\",\"url\":\"https:\/\/www.piovan.com\/\",\"name\":\"PiovanGroup\",\"description\":\"\",\"publisher\":{\"@id\":\"https:\/\/www.piovan.com\/#organization\"},\"potentialAction\":[{\"@type\":\"SearchAction\",\"target\":{\"@type\":\"EntryPoint\",\"urlTemplate\":\"https:\/\/www.piovan.com\/?s={search_term_string}\"},\"query-input\":\"required name=search_term_string\"}],\"inLanguage\":\"tr\"},{\"@type\":\"Organization\",\"@id\":\"https:\/\/www.piovan.com\/#organization\",\"name\":\"PiovanGroup\",\"url\":\"https:\/\/www.piovan.com\/\",\"logo\":{\"@type\":\"ImageObject\",\"inLanguage\":\"tr\",\"@id\":\"https:\/\/www.piovan.com\/#\/schema\/logo\/image\/\",\"url\":\"https:\/\/www.piovan.com\/wp-content\/uploads\/2021\/06\/logo@2x.png\",\"contentUrl\":\"https:\/\/www.piovan.com\/wp-content\/uploads\/2021\/06\/logo@2x.png\",\"width\":489,\"height\":78,\"caption\":\"PiovanGroup\"},\"image\":{\"@id\":\"https:\/\/www.piovan.com\/#\/schema\/logo\/image\/\"}}]}<\/script>","yoast_head_json":{"title":"DP 619-622 - PiovanGroup","robots":{"index":"index","follow":"follow","max-snippet":"max-snippet:-1","max-image-preview":"max-image-preview:large","max-video-preview":"max-video-preview:-1"},"canonical":"https:\/\/www.piovan.com\/tr\/product\/dp-619-622\/","og_locale":"tr_TR","og_type":"article","og_title":"DP 619-622 - PiovanGroup","og_description":"DP is characterised by dew point lower than-55 \u00b0C and process air temperature up to 200 \u00b0C (HT version). Microprocessor control with self-adjusting PID algorithm for high precision. DP is easy to use thanks to a large display available in the operator\u2019s language with the status of the machine and key parameters accessible from the main screen. Hoppers capacity goes from 300 to 2500 dm3, single or multiple and their number can be easily changed at any time.","og_url":"https:\/\/www.piovan.com\/tr\/product\/dp-619-622\/","og_site_name":"PiovanGroup","article_modified_time":"2025-01-07T15:54:38+00:00","og_image":[{"width":1200,"height":1560,"url":"https:\/\/www.piovan.com\/wp-content\/uploads\/DP-619-622_1200x1560px.png","type":"image\/png"}],"twitter_card":"summary_large_image","schema":{"@context":"https:\/\/schema.org","@graph":[{"@type":"WebPage","@id":"https:\/\/www.piovan.com\/product\/dp-619-622\/","url":"https:\/\/www.piovan.com\/product\/dp-619-622\/","name":"DP 619-622 - PiovanGroup","isPartOf":{"@id":"https:\/\/www.piovan.com\/#website"},"datePublished":"2021-11-09T08:42:18+00:00","dateModified":"2025-01-07T15:54:38+00:00","breadcrumb":{"@id":"https:\/\/www.piovan.com\/product\/dp-619-622\/#breadcrumb"},"inLanguage":"tr","potentialAction":[{"@type":"ReadAction","target":["https:\/\/www.piovan.com\/product\/dp-619-622\/"]}]},{"@type":"BreadcrumbList","@id":"https:\/\/www.piovan.com\/product\/dp-619-622\/#breadcrumb","itemListElement":[{"@type":"ListItem","position":1,"name":"Home","item":"https:\/\/www.piovan.com\/"},{"@type":"ListItem","position":2,"name":"Plastic","item":"https:\/\/www.piovan.com\/tr\/products\/plastic\/"},{"@type":"ListItem","position":3,"name":"Drying &amp; Dehumidifying","item":"https:\/\/www.piovan.com\/tr\/products\/plastic\/drying-dehumidifying\/"},{"@type":"ListItem","position":4,"name":"DP 619-622"}]},{"@type":"WebSite","@id":"https:\/\/www.piovan.com\/#website","url":"https:\/\/www.piovan.com\/","name":"PiovanGroup","description":"","publisher":{"@id":"https:\/\/www.piovan.com\/#organization"},"potentialAction":[{"@type":"SearchAction","target":{"@type":"EntryPoint","urlTemplate":"https:\/\/www.piovan.com\/?s={search_term_string}"},"query-input":"required name=search_term_string"}],"inLanguage":"tr"},{"@type":"Organization","@id":"https:\/\/www.piovan.com\/#organization","name":"PiovanGroup","url":"https:\/\/www.piovan.com\/","logo":{"@type":"ImageObject","inLanguage":"tr","@id":"https:\/\/www.piovan.com\/#\/schema\/logo\/image\/","url":"https:\/\/www.piovan.com\/wp-content\/uploads\/2021\/06\/logo@2x.png","contentUrl":"https:\/\/www.piovan.com\/wp-content\/uploads\/2021\/06\/logo@2x.png","width":489,"height":78,"caption":"PiovanGroup"},"image":{"@id":"https:\/\/www.piovan.com\/#\/schema\/logo\/image\/"}}]}},"_links":{"self":[{"href":"https:\/\/www.piovan.com\/tr\/wp-json\/wp\/v2\/product\/4842"}],"collection":[{"href":"https:\/\/www.piovan.com\/tr\/wp-json\/wp\/v2\/product"}],"about":[{"href":"https:\/\/www.piovan.com\/tr\/wp-json\/wp\/v2\/types\/product"}],"version-history":[{"count":3,"href":"https:\/\/www.piovan.com\/tr\/wp-json\/wp\/v2\/product\/4842\/revisions"}],"predecessor-version":[{"id":14168,"href":"https:\/\/www.piovan.com\/tr\/wp-json\/wp\/v2\/product\/4842\/revisions\/14168"}],"wp:featuredmedia":[{"embeddable":true,"href":"https:\/\/www.piovan.com\/tr\/wp-json\/wp\/v2\/media\/13166"}],"wp:attachment":[{"href":"https:\/\/www.piovan.com\/tr\/wp-json\/wp\/v2\/media?parent=4842"}],"wp:term":[{"taxonomy":"post_tag","embeddable":true,"href":"https:\/\/www.piovan.com\/tr\/wp-json\/wp\/v2\/tags?post=4842"}],"curies":[{"name":"wp","href":"https:\/\/api.w.org\/{rel}","templated":true}]}}