{"id":4807,"date":"2021-11-09T08:02:51","date_gmt":"2021-11-09T07:02:51","guid":{"rendered":"https:\/\/www.piovan.com\/?post_type=product&#038;p=4807"},"modified":"2024-09-19T11:06:40","modified_gmt":"2024-09-19T09:06:40","slug":"aipc","status":"publish","type":"product","link":"https:\/\/www.piovan.com\/tr\/product\/aipc\/","title":{"rendered":"AIPC"},"content":{"rendered":"<p>AIPC (Automatic Injection Pressure Control), Otomatik Enjeksiyon Bas\u0131nc\u0131 Kontrol\u00fcn\u00fc temsil eder.<\/p>\n<p>PET'deki kal\u0131nt\u0131 nemin \u00e7ok yenilik\u00e7i bir kontrol\u00fcd\u00fcr, bu sayede GP serisinin herhangi bir Piovan kurutma sistemi \u00f6n kal\u0131pl\u0131 enjeksiyonlu kal\u0131plama makinesine ba\u011flanabilir.<\/p>\n<p>AIPC, enjeksiyon bas\u0131nc\u0131n\u0131 ger\u00e7ek zamanl\u0131 okuma ve istenen de\u011fere stabilize etme yetene\u011fine sahiptir.<\/p>\n<p>Piovan Ar-Ge taraf\u0131ndan \u00f6zel olarak geli\u015ftirilen yeni algoritma, proses havas\u0131n\u0131n hava ak\u0131\u015f\u0131n\u0131, s\u0131cakl\u0131\u011f\u0131n\u0131 ve \u00e7i\u011f noktas\u0131n\u0131 s\u00fcrekli olarak ayarlayabilir, b\u00f6ylece enjeksiyon bas\u0131nc\u0131 m\u00fcmk\u00fcn olan en y\u00fcksek seviyede tutulabilir.<br \/>\nBu \u00f6zellik, \u00f6zellikle yeni preform formatlar\u0131 daha ince duvarlar gerektirdi\u011finden ve dolay\u0131s\u0131yla nem ve enjeksiyon bas\u0131nc\u0131n\u0131n kontroll\u00fc ko\u015fullar\u0131ndan dolay\u0131 \u00f6zellikle de\u011ferlidir.<br \/>\nAIPC, yenili\u011fi bekleyen bir patenttir.<\/p>","protected":false},"featured_media":13123,"template":"","tags":[108],"acf":[],"yoast_head":"<title>AIPC - PiovanGroup<\/title>\n<meta name=\"robots\" content=\"index, follow, max-snippet:-1, max-image-preview:large, max-video-preview:-1\" \/>\n<link rel=\"canonical\" href=\"https:\/\/www.piovan.com\/tr\/product\/aipc\/\" \/>\n<meta property=\"og:locale\" content=\"tr_TR\" \/>\n<meta property=\"og:type\" content=\"article\" \/>\n<meta property=\"og:title\" content=\"AIPC - PiovanGroup\" \/>\n<meta property=\"og:description\" content=\"AIPC is an innovative control by means of which any Piovan drying system of the GenesysNext series can be connected to the preform injection moulding machine. AIPC has the capability of reading the injection pressure in real time and of stabilizing it to the desired value. The new algorithm specifically developed by Piovan R&amp;D can constantly adjust airflow, temperature and dewpoint of the process air, so that the injection pressure be kept at the highest possible level of constancy. AIPC [&hellip;]\" \/>\n<meta property=\"og:url\" content=\"https:\/\/www.piovan.com\/tr\/product\/aipc\/\" \/>\n<meta property=\"og:site_name\" content=\"PiovanGroup\" \/>\n<meta property=\"article:modified_time\" content=\"2024-09-19T09:06:40+00:00\" \/>\n<meta property=\"og:image\" content=\"https:\/\/www.piovan.com\/wp-content\/uploads\/AIPC_1200x1560px.png\" \/>\n\t<meta property=\"og:image:width\" content=\"1200\" \/>\n\t<meta property=\"og:image:height\" content=\"1560\" \/>\n\t<meta property=\"og:image:type\" content=\"image\/png\" \/>\n<meta name=\"twitter:card\" content=\"summary_large_image\" \/>\n<script type=\"application\/ld+json\" class=\"yoast-schema-graph\">{\"@context\":\"https:\/\/schema.org\",\"@graph\":[{\"@type\":\"WebPage\",\"@id\":\"https:\/\/www.piovan.com\/product\/aipc\/\",\"url\":\"https:\/\/www.piovan.com\/product\/aipc\/\",\"name\":\"AIPC - PiovanGroup\",\"isPartOf\":{\"@id\":\"https:\/\/www.piovan.com\/#website\"},\"datePublished\":\"2021-11-09T07:02:51+00:00\",\"dateModified\":\"2024-09-19T09:06:40+00:00\",\"breadcrumb\":{\"@id\":\"https:\/\/www.piovan.com\/product\/aipc\/#breadcrumb\"},\"inLanguage\":\"tr\",\"potentialAction\":[{\"@type\":\"ReadAction\",\"target\":[\"https:\/\/www.piovan.com\/product\/aipc\/\"]}]},{\"@type\":\"BreadcrumbList\",\"@id\":\"https:\/\/www.piovan.com\/product\/aipc\/#breadcrumb\",\"itemListElement\":[{\"@type\":\"ListItem\",\"position\":1,\"name\":\"Home\",\"item\":\"https:\/\/www.piovan.com\/\"},{\"@type\":\"ListItem\",\"position\":2,\"name\":\"Plastic\",\"item\":\"https:\/\/www.piovan.com\/tr\/products\/plastic\/\"},{\"@type\":\"ListItem\",\"position\":3,\"name\":\"Drying &amp; Dehumidifying\",\"item\":\"https:\/\/www.piovan.com\/tr\/products\/plastic\/drying-dehumidifying\/\"},{\"@type\":\"ListItem\",\"position\":4,\"name\":\"AIPC\"}]},{\"@type\":\"WebSite\",\"@id\":\"https:\/\/www.piovan.com\/#website\",\"url\":\"https:\/\/www.piovan.com\/\",\"name\":\"PiovanGroup\",\"description\":\"\",\"publisher\":{\"@id\":\"https:\/\/www.piovan.com\/#organization\"},\"potentialAction\":[{\"@type\":\"SearchAction\",\"target\":{\"@type\":\"EntryPoint\",\"urlTemplate\":\"https:\/\/www.piovan.com\/?s={search_term_string}\"},\"query-input\":\"required name=search_term_string\"}],\"inLanguage\":\"tr\"},{\"@type\":\"Organization\",\"@id\":\"https:\/\/www.piovan.com\/#organization\",\"name\":\"PiovanGroup\",\"url\":\"https:\/\/www.piovan.com\/\",\"logo\":{\"@type\":\"ImageObject\",\"inLanguage\":\"tr\",\"@id\":\"https:\/\/www.piovan.com\/#\/schema\/logo\/image\/\",\"url\":\"https:\/\/www.piovan.com\/wp-content\/uploads\/2021\/06\/logo@2x.png\",\"contentUrl\":\"https:\/\/www.piovan.com\/wp-content\/uploads\/2021\/06\/logo@2x.png\",\"width\":489,\"height\":78,\"caption\":\"PiovanGroup\"},\"image\":{\"@id\":\"https:\/\/www.piovan.com\/#\/schema\/logo\/image\/\"}}]}<\/script>","yoast_head_json":{"title":"AIPC - PiovanGroup","robots":{"index":"index","follow":"follow","max-snippet":"max-snippet:-1","max-image-preview":"max-image-preview:large","max-video-preview":"max-video-preview:-1"},"canonical":"https:\/\/www.piovan.com\/tr\/product\/aipc\/","og_locale":"tr_TR","og_type":"article","og_title":"AIPC - PiovanGroup","og_description":"AIPC is an innovative control by means of which any Piovan drying system of the GenesysNext series can be connected to the preform injection moulding machine. AIPC has the capability of reading the injection pressure in real time and of stabilizing it to the desired value. The new algorithm specifically developed by Piovan R&amp;D can constantly adjust airflow, temperature and dewpoint of the process air, so that the injection pressure be kept at the highest possible level of constancy. AIPC [&hellip;]","og_url":"https:\/\/www.piovan.com\/tr\/product\/aipc\/","og_site_name":"PiovanGroup","article_modified_time":"2024-09-19T09:06:40+00:00","og_image":[{"width":1200,"height":1560,"url":"https:\/\/www.piovan.com\/wp-content\/uploads\/AIPC_1200x1560px.png","type":"image\/png"}],"twitter_card":"summary_large_image","schema":{"@context":"https:\/\/schema.org","@graph":[{"@type":"WebPage","@id":"https:\/\/www.piovan.com\/product\/aipc\/","url":"https:\/\/www.piovan.com\/product\/aipc\/","name":"AIPC - PiovanGroup","isPartOf":{"@id":"https:\/\/www.piovan.com\/#website"},"datePublished":"2021-11-09T07:02:51+00:00","dateModified":"2024-09-19T09:06:40+00:00","breadcrumb":{"@id":"https:\/\/www.piovan.com\/product\/aipc\/#breadcrumb"},"inLanguage":"tr","potentialAction":[{"@type":"ReadAction","target":["https:\/\/www.piovan.com\/product\/aipc\/"]}]},{"@type":"BreadcrumbList","@id":"https:\/\/www.piovan.com\/product\/aipc\/#breadcrumb","itemListElement":[{"@type":"ListItem","position":1,"name":"Home","item":"https:\/\/www.piovan.com\/"},{"@type":"ListItem","position":2,"name":"Plastic","item":"https:\/\/www.piovan.com\/tr\/products\/plastic\/"},{"@type":"ListItem","position":3,"name":"Drying &amp; Dehumidifying","item":"https:\/\/www.piovan.com\/tr\/products\/plastic\/drying-dehumidifying\/"},{"@type":"ListItem","position":4,"name":"AIPC"}]},{"@type":"WebSite","@id":"https:\/\/www.piovan.com\/#website","url":"https:\/\/www.piovan.com\/","name":"PiovanGroup","description":"","publisher":{"@id":"https:\/\/www.piovan.com\/#organization"},"potentialAction":[{"@type":"SearchAction","target":{"@type":"EntryPoint","urlTemplate":"https:\/\/www.piovan.com\/?s={search_term_string}"},"query-input":"required name=search_term_string"}],"inLanguage":"tr"},{"@type":"Organization","@id":"https:\/\/www.piovan.com\/#organization","name":"PiovanGroup","url":"https:\/\/www.piovan.com\/","logo":{"@type":"ImageObject","inLanguage":"tr","@id":"https:\/\/www.piovan.com\/#\/schema\/logo\/image\/","url":"https:\/\/www.piovan.com\/wp-content\/uploads\/2021\/06\/logo@2x.png","contentUrl":"https:\/\/www.piovan.com\/wp-content\/uploads\/2021\/06\/logo@2x.png","width":489,"height":78,"caption":"PiovanGroup"},"image":{"@id":"https:\/\/www.piovan.com\/#\/schema\/logo\/image\/"}}]}},"_links":{"self":[{"href":"https:\/\/www.piovan.com\/tr\/wp-json\/wp\/v2\/product\/4807"}],"collection":[{"href":"https:\/\/www.piovan.com\/tr\/wp-json\/wp\/v2\/product"}],"about":[{"href":"https:\/\/www.piovan.com\/tr\/wp-json\/wp\/v2\/types\/product"}],"version-history":[{"count":2,"href":"https:\/\/www.piovan.com\/tr\/wp-json\/wp\/v2\/product\/4807\/revisions"}],"predecessor-version":[{"id":13128,"href":"https:\/\/www.piovan.com\/tr\/wp-json\/wp\/v2\/product\/4807\/revisions\/13128"}],"wp:featuredmedia":[{"embeddable":true,"href":"https:\/\/www.piovan.com\/tr\/wp-json\/wp\/v2\/media\/13123"}],"wp:attachment":[{"href":"https:\/\/www.piovan.com\/tr\/wp-json\/wp\/v2\/media?parent=4807"}],"wp:term":[{"taxonomy":"post_tag","embeddable":true,"href":"https:\/\/www.piovan.com\/tr\/wp-json\/wp\/v2\/tags?post=4807"}],"curies":[{"name":"wp","href":"https:\/\/api.w.org\/{rel}","templated":true}]}}