{"id":4799,"date":"2021-11-09T07:56:46","date_gmt":"2021-11-09T06:56:46","guid":{"rendered":"https:\/\/www.piovan.com\/?post_type=product&#038;p=4799"},"modified":"2025-02-26T16:02:21","modified_gmt":"2025-02-26T15:02:21","slug":"quantum","status":"publish","type":"product","link":"https:\/\/www.piovan.com\/tr\/product\/quantum\/","title":{"rendered":"Quantum"},"content":{"rendered":"<p>Enjeksiyonlu d\u00f6k\u00fcm makinelerinin ve ekstriderlerin yolunu k\u00f6kl\u00fc bir \u015fekilde de\u011fi\u015ftiren Quantum g\u00f6vde yenilikleri, malzemelerin kar\u0131\u015f\u0131m\u0131yla beslenir (temiz, geri d\u00f6n\u00fc\u015f\u00fcml\u00fc, masterbatch ve eklentileri). Bu yenilikler, \u00fcretimin etkilili\u011fi, \u00f6zelli\u011fi iyile\u015ftirilmi\u015f tasar\u0131mlar\u0131, yenilik\u00e7i teknolojileri ve kullan\u0131c\u0131 i\u00e7in somut avantajlara d\u00f6n\u00fc\u015fen y\u00fcksek performansl\u0131 bile\u015fenleri art\u0131rmada katk\u0131 sa\u011flar.<\/p>\n<p>Quantumdan, Paketleme, Otomotiv, End\u00fcstri ve Elektronik, Bina ve Yap\u0131, Dokuma, Mobilya, Oyuncak ve Z\u00fccaciye, T\u0131p ve Eczac\u0131l\u0131k, Geri d\u00f6n\u00fc\u015f\u00fcm ve Bile\u015fenleri gibi t\u00fcm uygulama \u00e7evrelerinde yararlan\u0131l\u0131r.<\/p>\n<p>Esnekli\u011fi iki ay\u0131rt edici ve e\u015fsiz \u00f6zelli\u011finden gelir. <BR>\n<BR>\nYeni nesil kar\u0131\u015ft\u0131r\u0131c\u0131lar\na. \u0130\u015fleme malzemesi ile temasa ge\u00e7en t\u00fcm y\u00fczeyler paslanmaz \u00e7eliktir ve t\u0131p ve yiyecek ve i\u00e7ecek sekt\u00f6r\u00fcnde bulunanlar gibi en kritik \u00e7evrelerde bulunabilir. D\u00fc\u015f\u00fck sertlik, fiziksel ko\u015fullar\u0131n de\u011fi\u015fimini engelleyerek polimer taneciklerin benzer bir \u015fekilde i\u015flenmesine izin verir ve k\u0131r\u0131lmay\u0131 \u00f6nler. B\u00f6ylece Quantum ham maddenin fiziksel \u00f6zelliklerini ve b\u00f6ylece plastik \u00fcr\u00fcn\u00fcn kalitesini korur. <BR>\nb. Her kar\u0131\u015ft\u0131r\u0131c\u0131 bo\u015faltmak ya da temizlemek i\u00e7in kolayca \u00e7\u0131kar\u0131labilecek 6 dozlama istasyonu ile \u00e7al\u0131\u015f\u0131r. Her dozlama istasyonu tek bir i\u00e7erik i\u00e7in ayr\u0131lm\u0131\u015ft\u0131r\u2014 ana madde ya da katk\u0131 maddesi olabilir; kolayca \u00e7\u0131karmak b\u00f6ylece malzeme de\u011fi\u015fikliklerine yard\u0131mc\u0131 olur ve tozdan ve at\u0131ktan dolay\u0131 kirlenmeksizin en uygun \u00e7al\u0131\u015fma ko\u015fullar\u0131 sa\u011flar. Bu uygulamalar\u0131n da\u011f\u0131lmas\u0131 i\u00e7in kar\u0131\u015ft\u0131r\u0131c\u0131ya ihtiyac\u0131 yoktur ve bireysel bir operat\u00f6r ile elle yap\u0131labilir. Dozlama istasyonlar\u0131 fabrikada t\u00fcm Quantum kar\u0131\u015ft\u0131r\u0131c\u0131larda kullan\u0131labilir.<\/p>\n<p>Winfactory 4.0 ile Entegrasyon<BR>\n<BR>\nKontrol sistemi, Piovan taraf\u0131ndan geli\u015ftirilen uygulama lisans\u0131 ile \u00e7al\u0131\u015fan end\u00fcstriyel denetim yaz\u0131l\u0131m\u0131 olan Winfactory 4.0 ile uyum i\u00e7in tasarlan\u0131r, farkl\u0131 uygulama \u00e7evrelerinde birle\u015ftirilmi\u015f bilginin \u00e7\u0131kt\u0131s\u0131d\u0131r. Winfactory 4.0 t\u00fcm Quantum kar\u0131\u015ft\u0131r\u0131c\u0131lar\u0131 fabrikada \u015funlar i\u00e7in ara y\u00fczleyebilir:  payla\u015f\u0131m y\u00f6ntemleri, y\u00f6netim malzemesi ve \u00fcretim dizileri ve izleme hammaddeleri; bunlar \u00fcr\u00fcn sertifikasyonu \u00f6zellikle yiyecek ve i\u00e7ecekte ve t\u0131bbi-eczac\u0131l\u0131k ile ilgili i\u00e7in temel bilgidir.<\/p>","protected":false},"featured_media":13570,"template":"","tags":[108,41],"acf":[],"yoast_head":"<title>Quantum - PiovanGroup<\/title>\n<meta name=\"robots\" content=\"index, follow, max-snippet:-1, max-image-preview:large, max-video-preview:-1\" \/>\n<link rel=\"canonical\" href=\"https:\/\/www.piovan.com\/tr\/product\/quantum\/\" \/>\n<meta property=\"og:locale\" content=\"tr_TR\" \/>\n<meta property=\"og:type\" content=\"article\" \/>\n<meta property=\"og:title\" content=\"Quantum - PiovanGroup\" \/>\n<meta property=\"og:description\" content=\"Quantum are gravimetric blenders suitable for all plastic materials, immune to vibrations and easy to use. All the surfaces that come into contact with the process material are stainless steel and can be used in the most critical environments, like the medical and food packaging sectors. Its semispherical shape assures perfect mixing without stagnation. The range can have up to 6 dosing stations, which can be easily removed, for emptying or cleaning. The mixer can be installed remotely over the [&hellip;]\" \/>\n<meta property=\"og:url\" content=\"https:\/\/www.piovan.com\/tr\/product\/quantum\/\" \/>\n<meta property=\"og:site_name\" content=\"PiovanGroup\" \/>\n<meta property=\"article:modified_time\" content=\"2025-02-26T15:02:21+00:00\" \/>\n<meta property=\"og:image\" content=\"https:\/\/www.piovan.com\/wp-content\/uploads\/Quantum-1.png\" \/>\n\t<meta property=\"og:image:width\" content=\"1200\" \/>\n\t<meta property=\"og:image:height\" content=\"1560\" \/>\n\t<meta property=\"og:image:type\" content=\"image\/png\" \/>\n<meta name=\"twitter:card\" content=\"summary_large_image\" \/>\n<script type=\"application\/ld+json\" class=\"yoast-schema-graph\">{\"@context\":\"https:\/\/schema.org\",\"@graph\":[{\"@type\":\"WebPage\",\"@id\":\"https:\/\/www.piovan.com\/product\/quantum\/\",\"url\":\"https:\/\/www.piovan.com\/product\/quantum\/\",\"name\":\"Quantum - PiovanGroup\",\"isPartOf\":{\"@id\":\"https:\/\/www.piovan.com\/#website\"},\"datePublished\":\"2021-11-09T06:56:46+00:00\",\"dateModified\":\"2025-02-26T15:02:21+00:00\",\"breadcrumb\":{\"@id\":\"https:\/\/www.piovan.com\/product\/quantum\/#breadcrumb\"},\"inLanguage\":\"tr\",\"potentialAction\":[{\"@type\":\"ReadAction\",\"target\":[\"https:\/\/www.piovan.com\/product\/quantum\/\"]}]},{\"@type\":\"BreadcrumbList\",\"@id\":\"https:\/\/www.piovan.com\/product\/quantum\/#breadcrumb\",\"itemListElement\":[{\"@type\":\"ListItem\",\"position\":1,\"name\":\"Home\",\"item\":\"https:\/\/www.piovan.com\/\"},{\"@type\":\"ListItem\",\"position\":2,\"name\":\"Plastic\",\"item\":\"https:\/\/www.piovan.com\/tr\/products\/plastic\/\"},{\"@type\":\"ListItem\",\"position\":3,\"name\":\"Dosing &amp; Blending\",\"item\":\"https:\/\/www.piovan.com\/tr\/products\/plastic\/dosing-blending\/\"},{\"@type\":\"ListItem\",\"position\":4,\"name\":\"Quantum\"}]},{\"@type\":\"WebSite\",\"@id\":\"https:\/\/www.piovan.com\/#website\",\"url\":\"https:\/\/www.piovan.com\/\",\"name\":\"PiovanGroup\",\"description\":\"\",\"publisher\":{\"@id\":\"https:\/\/www.piovan.com\/#organization\"},\"potentialAction\":[{\"@type\":\"SearchAction\",\"target\":{\"@type\":\"EntryPoint\",\"urlTemplate\":\"https:\/\/www.piovan.com\/?s={search_term_string}\"},\"query-input\":\"required name=search_term_string\"}],\"inLanguage\":\"tr\"},{\"@type\":\"Organization\",\"@id\":\"https:\/\/www.piovan.com\/#organization\",\"name\":\"PiovanGroup\",\"url\":\"https:\/\/www.piovan.com\/\",\"logo\":{\"@type\":\"ImageObject\",\"inLanguage\":\"tr\",\"@id\":\"https:\/\/www.piovan.com\/#\/schema\/logo\/image\/\",\"url\":\"https:\/\/www.piovan.com\/wp-content\/uploads\/2021\/06\/logo@2x.png\",\"contentUrl\":\"https:\/\/www.piovan.com\/wp-content\/uploads\/2021\/06\/logo@2x.png\",\"width\":489,\"height\":78,\"caption\":\"PiovanGroup\"},\"image\":{\"@id\":\"https:\/\/www.piovan.com\/#\/schema\/logo\/image\/\"}}]}<\/script>","yoast_head_json":{"title":"Quantum - PiovanGroup","robots":{"index":"index","follow":"follow","max-snippet":"max-snippet:-1","max-image-preview":"max-image-preview:large","max-video-preview":"max-video-preview:-1"},"canonical":"https:\/\/www.piovan.com\/tr\/product\/quantum\/","og_locale":"tr_TR","og_type":"article","og_title":"Quantum - PiovanGroup","og_description":"Quantum are gravimetric blenders suitable for all plastic materials, immune to vibrations and easy to use. All the surfaces that come into contact with the process material are stainless steel and can be used in the most critical environments, like the medical and food packaging sectors. Its semispherical shape assures perfect mixing without stagnation. The range can have up to 6 dosing stations, which can be easily removed, for emptying or cleaning. The mixer can be installed remotely over the [&hellip;]","og_url":"https:\/\/www.piovan.com\/tr\/product\/quantum\/","og_site_name":"PiovanGroup","article_modified_time":"2025-02-26T15:02:21+00:00","og_image":[{"width":1200,"height":1560,"url":"https:\/\/www.piovan.com\/wp-content\/uploads\/Quantum-1.png","type":"image\/png"}],"twitter_card":"summary_large_image","schema":{"@context":"https:\/\/schema.org","@graph":[{"@type":"WebPage","@id":"https:\/\/www.piovan.com\/product\/quantum\/","url":"https:\/\/www.piovan.com\/product\/quantum\/","name":"Quantum - PiovanGroup","isPartOf":{"@id":"https:\/\/www.piovan.com\/#website"},"datePublished":"2021-11-09T06:56:46+00:00","dateModified":"2025-02-26T15:02:21+00:00","breadcrumb":{"@id":"https:\/\/www.piovan.com\/product\/quantum\/#breadcrumb"},"inLanguage":"tr","potentialAction":[{"@type":"ReadAction","target":["https:\/\/www.piovan.com\/product\/quantum\/"]}]},{"@type":"BreadcrumbList","@id":"https:\/\/www.piovan.com\/product\/quantum\/#breadcrumb","itemListElement":[{"@type":"ListItem","position":1,"name":"Home","item":"https:\/\/www.piovan.com\/"},{"@type":"ListItem","position":2,"name":"Plastic","item":"https:\/\/www.piovan.com\/tr\/products\/plastic\/"},{"@type":"ListItem","position":3,"name":"Dosing &amp; Blending","item":"https:\/\/www.piovan.com\/tr\/products\/plastic\/dosing-blending\/"},{"@type":"ListItem","position":4,"name":"Quantum"}]},{"@type":"WebSite","@id":"https:\/\/www.piovan.com\/#website","url":"https:\/\/www.piovan.com\/","name":"PiovanGroup","description":"","publisher":{"@id":"https:\/\/www.piovan.com\/#organization"},"potentialAction":[{"@type":"SearchAction","target":{"@type":"EntryPoint","urlTemplate":"https:\/\/www.piovan.com\/?s={search_term_string}"},"query-input":"required name=search_term_string"}],"inLanguage":"tr"},{"@type":"Organization","@id":"https:\/\/www.piovan.com\/#organization","name":"PiovanGroup","url":"https:\/\/www.piovan.com\/","logo":{"@type":"ImageObject","inLanguage":"tr","@id":"https:\/\/www.piovan.com\/#\/schema\/logo\/image\/","url":"https:\/\/www.piovan.com\/wp-content\/uploads\/2021\/06\/logo@2x.png","contentUrl":"https:\/\/www.piovan.com\/wp-content\/uploads\/2021\/06\/logo@2x.png","width":489,"height":78,"caption":"PiovanGroup"},"image":{"@id":"https:\/\/www.piovan.com\/#\/schema\/logo\/image\/"}}]}},"_links":{"self":[{"href":"https:\/\/www.piovan.com\/tr\/wp-json\/wp\/v2\/product\/4799"}],"collection":[{"href":"https:\/\/www.piovan.com\/tr\/wp-json\/wp\/v2\/product"}],"about":[{"href":"https:\/\/www.piovan.com\/tr\/wp-json\/wp\/v2\/types\/product"}],"version-history":[{"count":3,"href":"https:\/\/www.piovan.com\/tr\/wp-json\/wp\/v2\/product\/4799\/revisions"}],"predecessor-version":[{"id":14556,"href":"https:\/\/www.piovan.com\/tr\/wp-json\/wp\/v2\/product\/4799\/revisions\/14556"}],"wp:featuredmedia":[{"embeddable":true,"href":"https:\/\/www.piovan.com\/tr\/wp-json\/wp\/v2\/media\/13570"}],"wp:attachment":[{"href":"https:\/\/www.piovan.com\/tr\/wp-json\/wp\/v2\/media?parent=4799"}],"wp:term":[{"taxonomy":"post_tag","embeddable":true,"href":"https:\/\/www.piovan.com\/tr\/wp-json\/wp\/v2\/tags?post=4799"}],"curies":[{"name":"wp","href":"https:\/\/api.w.org\/{rel}","templated":true}]}}