{"id":4791,"date":"2021-11-09T07:43:16","date_gmt":"2021-11-09T06:43:16","guid":{"rendered":"https:\/\/www.piovan.com\/product\/mdw-gravimetric-batch-blenders-2\/"},"modified":"2024-10-04T12:44:59","modified_gmt":"2024-10-04T10:44:59","slug":"quantum-e","status":"publish","type":"product","link":"https:\/\/www.piovan.com\/tr\/product\/quantum-e\/","title":{"rendered":"Quantum E"},"content":{"rendered":"<p>Bu yenilik\u00e7i dozajlama sistemi, ekstr\u00fczyon proseslerinde y\u00fcksek do\u011fruluk, \u00e7ok y\u00f6nl\u00fcl\u00fck ve hassasiyet sa\u011flamak i\u00e7in geli\u015ftirildi, hem gravimetrik toplu teknolojinin hem de a\u011f\u0131rl\u0131k kayb\u0131 sistemlerinin avantajlar\u0131n\u0131 artt\u0131rd\u0131.<BR>\n<BR>\n8 dozlama istasyonu sayesinde Quantum E, daha \u00f6nce hi\u00e7 elde edilemedi\u011fi \u00e7ok y\u00f6nl\u00fc kullan\u0131ma imk\u00e2n verir: her bir istasyon kompleks manevra gerektirmeden basit bir mekanik i\u015flemle veya operat\u00f6r ve yak\u0131nlardaki ekipman i\u00e7in tam g\u00fcvenlik ko\u015fullar\u0131nda eklenir veya de\u011fi\u015ftirilir.<\/p>\n<p>Quantum E dozlama sistemi, dozajlama kap\u0131s\u0131n\u0131n yeni trapez \u015fekli sayesinde, her bir bile\u015fenin tam izlenebilirli\u011fini ve her \u00e7evrimin tekrarlanabilirli\u011fini sa\u011flayacak \u015fekilde tasarlanm\u0131\u015f ve in\u015fa edilmi\u015ftir; bu da h\u0131zl\u0131 bo\u015faltma cihaz\u0131n\u0131n entegrasyonu sayesinde ger\u00e7ekle\u015fir.<BR>\n<BR>\nPatentli k\u00fcresel dozajlaman\u0131n \u00f6zel tasar\u0131m\u0131, \u00e7ift y\u00fck h\u00fccreleriyle, \u00e7e\u015fitli katk\u0131 maddelerinin tamamen homojen ve hassas kar\u0131\u015f\u0131m\u0131 haz\u0131rlar.<BR>\n<BR>\nQuantum E, \u00fc\u00e7 farkl\u0131 modelde mevcuttur - QE200 - QE600 - QE1200 - ekstr\u00fczyonun herhangi bir uygulama alan\u0131n\u0131 kar\u015f\u0131lamak i\u00e7in farkl\u0131 ba\u015flang\u0131\u00e7 konfig\u00fcrasyonlar\u0131na sahiptir ve hem tekli ekstr\u00fczyon hem de ko-ekstr\u00fczyon hatlar\u0131 i\u00e7in uygundur.<\/p>\n<p>Geli\u015fmi\u015f kontrol sistemi<BR>\nQuantum E'nin kullan\u0131m\u0131 basit ve sezgiseldir: control yeni nesil bir PLC sistemi vas\u0131tas\u0131yla sa\u011flan\u0131rken, yeni bir HMI operat\u00f6re prosesin ger\u00e7ek zamanl\u0131 olarak \u00e7al\u0131\u015fmas\u0131n\u0131 ve toplam ekstr\u00fczyon kontrol\u00fc i\u00e7in t\u00fcm i\u015fletme parametrelerini g\u00f6rmesini sa\u011flamaktad\u0131r.<BR>\n<BR>\nKontrol arabirimi, 7 \"veya 15\" renkli dokunmatik ekran paneliyle 11 dilde mevcuttur ve bir sistemin 1 ila 11 katmana y\u00f6netilmesini sa\u011flar.<\/p>\n<p>Winfactory 4.0 ve TeleService ile entegrasyon sa\u011flan\u0131r<BR>\nQuantum E, Industry 4.0 Ak\u0131ll\u0131 Fabrikas\u0131 i\u00e7in geli\u015ftirilen yeni \u00fcretim s\u00fcreci izleme yaz\u0131l\u0131m\u0131 olan Winfactory 4.0 ile tam entegrasyona haz\u0131rd\u0131r.<BR>\n\n15 in\u00e7 dokunmatik ekran paneliyle \u00e7al\u0131\u015fan Winfactory 4.0, bitki y\u00f6netimi ve malzeme ve enerji t\u00fcketiminin do\u011fru \u00f6l\u00e7\u00fclmesine olanak tan\u0131r. Piovan'\u0131n uzaktan teknik destek servisi arac\u0131l\u0131\u011f\u0131yla TeleService i\u015flevini ger\u00e7ekle\u015ftirmek i\u00e7in blender yap\u0131s\u0131na bir di\u011fer 4 in\u00e7 renkli dokunmatik ekran yerle\u015ftirilmi\u015ftir.<\/p>","protected":false},"featured_media":13567,"template":"","tags":[108],"acf":[],"yoast_head":"<title>Quantum E - PiovanGroup<\/title>\n<meta name=\"robots\" content=\"index, follow, max-snippet:-1, max-image-preview:large, max-video-preview:-1\" \/>\n<link rel=\"canonical\" href=\"https:\/\/www.piovan.com\/tr\/product\/quantum-e\/\" \/>\n<meta property=\"og:locale\" content=\"tr_TR\" \/>\n<meta property=\"og:type\" content=\"article\" \/>\n<meta property=\"og:title\" content=\"Quantum E - PiovanGroup\" \/>\n<meta property=\"og:description\" content=\"Quantum E is a simple and effective solution for dosing and control of the extrusion process. Its control is by means of latest-generation PLC, with colour touch screens up to 15\u201d, for total extrusion control in real-time. Quantum E is very versatile thanks to 8 dosing stations: each station is added or replaced by a simple mechanical operation without the need for complex manoeuvring and in conditions of complete safety for the operator and nearby equipment. Quantum E has been [&hellip;]\" \/>\n<meta property=\"og:url\" content=\"https:\/\/www.piovan.com\/tr\/product\/quantum-e\/\" \/>\n<meta property=\"og:site_name\" content=\"PiovanGroup\" \/>\n<meta property=\"article:modified_time\" content=\"2024-10-04T10:44:59+00:00\" \/>\n<meta property=\"og:image\" content=\"https:\/\/www.piovan.com\/wp-content\/uploads\/QuantumE.png\" \/>\n\t<meta property=\"og:image:width\" content=\"1200\" \/>\n\t<meta property=\"og:image:height\" content=\"1560\" \/>\n\t<meta property=\"og:image:type\" content=\"image\/png\" \/>\n<meta name=\"twitter:card\" content=\"summary_large_image\" \/>\n<script type=\"application\/ld+json\" class=\"yoast-schema-graph\">{\"@context\":\"https:\/\/schema.org\",\"@graph\":[{\"@type\":\"WebPage\",\"@id\":\"https:\/\/www.piovan.com\/product\/quantum-e\/\",\"url\":\"https:\/\/www.piovan.com\/product\/quantum-e\/\",\"name\":\"Quantum E - PiovanGroup\",\"isPartOf\":{\"@id\":\"https:\/\/www.piovan.com\/#website\"},\"datePublished\":\"2021-11-09T06:43:16+00:00\",\"dateModified\":\"2024-10-04T10:44:59+00:00\",\"breadcrumb\":{\"@id\":\"https:\/\/www.piovan.com\/product\/quantum-e\/#breadcrumb\"},\"inLanguage\":\"tr\",\"potentialAction\":[{\"@type\":\"ReadAction\",\"target\":[\"https:\/\/www.piovan.com\/product\/quantum-e\/\"]}]},{\"@type\":\"BreadcrumbList\",\"@id\":\"https:\/\/www.piovan.com\/product\/quantum-e\/#breadcrumb\",\"itemListElement\":[{\"@type\":\"ListItem\",\"position\":1,\"name\":\"Home\",\"item\":\"https:\/\/www.piovan.com\/\"},{\"@type\":\"ListItem\",\"position\":2,\"name\":\"Plastic\",\"item\":\"https:\/\/www.piovan.com\/tr\/products\/plastic\/\"},{\"@type\":\"ListItem\",\"position\":3,\"name\":\"Dosing &amp; Blending\",\"item\":\"https:\/\/www.piovan.com\/tr\/products\/plastic\/dosing-blending\/\"},{\"@type\":\"ListItem\",\"position\":4,\"name\":\"Quantum E\"}]},{\"@type\":\"WebSite\",\"@id\":\"https:\/\/www.piovan.com\/#website\",\"url\":\"https:\/\/www.piovan.com\/\",\"name\":\"PiovanGroup\",\"description\":\"\",\"publisher\":{\"@id\":\"https:\/\/www.piovan.com\/#organization\"},\"potentialAction\":[{\"@type\":\"SearchAction\",\"target\":{\"@type\":\"EntryPoint\",\"urlTemplate\":\"https:\/\/www.piovan.com\/?s={search_term_string}\"},\"query-input\":\"required name=search_term_string\"}],\"inLanguage\":\"tr\"},{\"@type\":\"Organization\",\"@id\":\"https:\/\/www.piovan.com\/#organization\",\"name\":\"PiovanGroup\",\"url\":\"https:\/\/www.piovan.com\/\",\"logo\":{\"@type\":\"ImageObject\",\"inLanguage\":\"tr\",\"@id\":\"https:\/\/www.piovan.com\/#\/schema\/logo\/image\/\",\"url\":\"https:\/\/www.piovan.com\/wp-content\/uploads\/2021\/06\/logo@2x.png\",\"contentUrl\":\"https:\/\/www.piovan.com\/wp-content\/uploads\/2021\/06\/logo@2x.png\",\"width\":489,\"height\":78,\"caption\":\"PiovanGroup\"},\"image\":{\"@id\":\"https:\/\/www.piovan.com\/#\/schema\/logo\/image\/\"}}]}<\/script>","yoast_head_json":{"title":"Quantum E - PiovanGroup","robots":{"index":"index","follow":"follow","max-snippet":"max-snippet:-1","max-image-preview":"max-image-preview:large","max-video-preview":"max-video-preview:-1"},"canonical":"https:\/\/www.piovan.com\/tr\/product\/quantum-e\/","og_locale":"tr_TR","og_type":"article","og_title":"Quantum E - PiovanGroup","og_description":"Quantum E is a simple and effective solution for dosing and control of the extrusion process. Its control is by means of latest-generation PLC, with colour touch screens up to 15\u201d, for total extrusion control in real-time. Quantum E is very versatile thanks to 8 dosing stations: each station is added or replaced by a simple mechanical operation without the need for complex manoeuvring and in conditions of complete safety for the operator and nearby equipment. Quantum E has been [&hellip;]","og_url":"https:\/\/www.piovan.com\/tr\/product\/quantum-e\/","og_site_name":"PiovanGroup","article_modified_time":"2024-10-04T10:44:59+00:00","og_image":[{"width":1200,"height":1560,"url":"https:\/\/www.piovan.com\/wp-content\/uploads\/QuantumE.png","type":"image\/png"}],"twitter_card":"summary_large_image","schema":{"@context":"https:\/\/schema.org","@graph":[{"@type":"WebPage","@id":"https:\/\/www.piovan.com\/product\/quantum-e\/","url":"https:\/\/www.piovan.com\/product\/quantum-e\/","name":"Quantum E - PiovanGroup","isPartOf":{"@id":"https:\/\/www.piovan.com\/#website"},"datePublished":"2021-11-09T06:43:16+00:00","dateModified":"2024-10-04T10:44:59+00:00","breadcrumb":{"@id":"https:\/\/www.piovan.com\/product\/quantum-e\/#breadcrumb"},"inLanguage":"tr","potentialAction":[{"@type":"ReadAction","target":["https:\/\/www.piovan.com\/product\/quantum-e\/"]}]},{"@type":"BreadcrumbList","@id":"https:\/\/www.piovan.com\/product\/quantum-e\/#breadcrumb","itemListElement":[{"@type":"ListItem","position":1,"name":"Home","item":"https:\/\/www.piovan.com\/"},{"@type":"ListItem","position":2,"name":"Plastic","item":"https:\/\/www.piovan.com\/tr\/products\/plastic\/"},{"@type":"ListItem","position":3,"name":"Dosing &amp; Blending","item":"https:\/\/www.piovan.com\/tr\/products\/plastic\/dosing-blending\/"},{"@type":"ListItem","position":4,"name":"Quantum E"}]},{"@type":"WebSite","@id":"https:\/\/www.piovan.com\/#website","url":"https:\/\/www.piovan.com\/","name":"PiovanGroup","description":"","publisher":{"@id":"https:\/\/www.piovan.com\/#organization"},"potentialAction":[{"@type":"SearchAction","target":{"@type":"EntryPoint","urlTemplate":"https:\/\/www.piovan.com\/?s={search_term_string}"},"query-input":"required name=search_term_string"}],"inLanguage":"tr"},{"@type":"Organization","@id":"https:\/\/www.piovan.com\/#organization","name":"PiovanGroup","url":"https:\/\/www.piovan.com\/","logo":{"@type":"ImageObject","inLanguage":"tr","@id":"https:\/\/www.piovan.com\/#\/schema\/logo\/image\/","url":"https:\/\/www.piovan.com\/wp-content\/uploads\/2021\/06\/logo@2x.png","contentUrl":"https:\/\/www.piovan.com\/wp-content\/uploads\/2021\/06\/logo@2x.png","width":489,"height":78,"caption":"PiovanGroup"},"image":{"@id":"https:\/\/www.piovan.com\/#\/schema\/logo\/image\/"}}]}},"_links":{"self":[{"href":"https:\/\/www.piovan.com\/tr\/wp-json\/wp\/v2\/product\/4791"}],"collection":[{"href":"https:\/\/www.piovan.com\/tr\/wp-json\/wp\/v2\/product"}],"about":[{"href":"https:\/\/www.piovan.com\/tr\/wp-json\/wp\/v2\/types\/product"}],"version-history":[{"count":3,"href":"https:\/\/www.piovan.com\/tr\/wp-json\/wp\/v2\/product\/4791\/revisions"}],"predecessor-version":[{"id":13569,"href":"https:\/\/www.piovan.com\/tr\/wp-json\/wp\/v2\/product\/4791\/revisions\/13569"}],"wp:featuredmedia":[{"embeddable":true,"href":"https:\/\/www.piovan.com\/tr\/wp-json\/wp\/v2\/media\/13567"}],"wp:attachment":[{"href":"https:\/\/www.piovan.com\/tr\/wp-json\/wp\/v2\/media?parent=4791"}],"wp:term":[{"taxonomy":"post_tag","embeddable":true,"href":"https:\/\/www.piovan.com\/tr\/wp-json\/wp\/v2\/tags?post=4791"}],"curies":[{"name":"wp","href":"https:\/\/api.w.org\/{rel}","templated":true}]}}