{"id":4775,"date":"2021-11-09T07:31:29","date_gmt":"2021-11-09T06:31:29","guid":{"rendered":"https:\/\/www.piovan.com\/product\/lybra-lv-lvr-2\/"},"modified":"2025-02-26T15:56:21","modified_gmt":"2025-02-26T14:56:21","slug":"mdp-mdp2","status":"publish","type":"product","link":"https:\/\/www.piovan.com\/tr\/product\/mdp-mdp2\/","title":{"rendered":"MDP | MDP2"},"content":{"rendered":"<p>Tek veya \u00e7ift istasyonlu vol\u00fcmetrik dozajlama \u00fcniteleri, 0,005 ila 150 kg\/saat aras\u0131nda de\u011fi\u015fen kapasitede \u00e7al\u0131\u015fmaktad\u0131r. Masterbatch, katk\u0131 maddeleri ve geri d\u00f6n\u00fc\u015f\u00fcm malzemeleri dozajlamak i\u00e7in tasarlanm\u0131\u015ft\u0131r.<\/p>\n<p>Kompak tasar\u0131m\u0131 ve kullan\u0131c\u0131 dostu yaz\u0131l\u0131m\u0131 ile maksimum kullan\u0131m kolayl\u0131\u011f\u0131 sa\u011flar. Mikroi\u015flemci kontrol\u00fc kolay bir konfig\u00fcrasyon sa\u011flar ve \u00fcretilecek\nkar\u0131\u015f\u0131m\u0131n h\u0131zl\u0131 bir \u015fekilde se\u00e7ilmesi i\u00e7in depolanan re\u00e7ete say\u0131s\u0131 99 adet\u2019e kadar \u00e7\u0131kabilir.<\/p>","protected":false},"featured_media":13556,"template":"","tags":[108],"acf":[],"yoast_head":"<title>MDP | MDP2 - PiovanGroup<\/title>\n<meta name=\"robots\" content=\"index, follow, max-snippet:-1, max-image-preview:large, max-video-preview:-1\" \/>\n<link rel=\"canonical\" href=\"https:\/\/www.piovan.com\/tr\/product\/mdp-mdp2\/\" \/>\n<meta property=\"og:locale\" content=\"tr_TR\" \/>\n<meta property=\"og:type\" content=\"article\" \/>\n<meta property=\"og:title\" content=\"MDP | MDP2 - PiovanGroup\" \/>\n<meta property=\"og:description\" content=\"Single or double-station volumetric dosing units, with a throughput ranging from 0.005 up to 150 kg\/h. Designed to dose masterbatch, additives and regrind into the processing screw. The combination of the construction design and the user-friendly software ensures maximum ease of use. The microprocessor control allows an easy configuration and the number of recipes stored can be up to 99, for quick selection of the blend to be produced.\" \/>\n<meta property=\"og:url\" content=\"https:\/\/www.piovan.com\/tr\/product\/mdp-mdp2\/\" \/>\n<meta property=\"og:site_name\" content=\"PiovanGroup\" \/>\n<meta property=\"article:modified_time\" content=\"2025-02-26T14:56:21+00:00\" \/>\n<meta property=\"og:image\" content=\"https:\/\/www.piovan.com\/wp-content\/uploads\/MDP-MDP2.png\" \/>\n\t<meta property=\"og:image:width\" content=\"1200\" \/>\n\t<meta property=\"og:image:height\" content=\"1560\" \/>\n\t<meta property=\"og:image:type\" content=\"image\/png\" \/>\n<meta name=\"twitter:card\" content=\"summary_large_image\" \/>\n<script type=\"application\/ld+json\" class=\"yoast-schema-graph\">{\"@context\":\"https:\/\/schema.org\",\"@graph\":[{\"@type\":\"WebPage\",\"@id\":\"https:\/\/www.piovan.com\/product\/mdp-mdp2\/\",\"url\":\"https:\/\/www.piovan.com\/product\/mdp-mdp2\/\",\"name\":\"MDP | MDP2 - PiovanGroup\",\"isPartOf\":{\"@id\":\"https:\/\/www.piovan.com\/#website\"},\"datePublished\":\"2021-11-09T06:31:29+00:00\",\"dateModified\":\"2025-02-26T14:56:21+00:00\",\"breadcrumb\":{\"@id\":\"https:\/\/www.piovan.com\/product\/mdp-mdp2\/#breadcrumb\"},\"inLanguage\":\"tr\",\"potentialAction\":[{\"@type\":\"ReadAction\",\"target\":[\"https:\/\/www.piovan.com\/product\/mdp-mdp2\/\"]}]},{\"@type\":\"BreadcrumbList\",\"@id\":\"https:\/\/www.piovan.com\/product\/mdp-mdp2\/#breadcrumb\",\"itemListElement\":[{\"@type\":\"ListItem\",\"position\":1,\"name\":\"Home\",\"item\":\"https:\/\/www.piovan.com\/\"},{\"@type\":\"ListItem\",\"position\":2,\"name\":\"Plastic\",\"item\":\"https:\/\/www.piovan.com\/tr\/products\/plastic\/\"},{\"@type\":\"ListItem\",\"position\":3,\"name\":\"Dosing &amp; Blending\",\"item\":\"https:\/\/www.piovan.com\/tr\/products\/plastic\/dosing-blending\/\"},{\"@type\":\"ListItem\",\"position\":4,\"name\":\"MDP | MDP2\"}]},{\"@type\":\"WebSite\",\"@id\":\"https:\/\/www.piovan.com\/#website\",\"url\":\"https:\/\/www.piovan.com\/\",\"name\":\"PiovanGroup\",\"description\":\"\",\"publisher\":{\"@id\":\"https:\/\/www.piovan.com\/#organization\"},\"potentialAction\":[{\"@type\":\"SearchAction\",\"target\":{\"@type\":\"EntryPoint\",\"urlTemplate\":\"https:\/\/www.piovan.com\/?s={search_term_string}\"},\"query-input\":\"required name=search_term_string\"}],\"inLanguage\":\"tr\"},{\"@type\":\"Organization\",\"@id\":\"https:\/\/www.piovan.com\/#organization\",\"name\":\"PiovanGroup\",\"url\":\"https:\/\/www.piovan.com\/\",\"logo\":{\"@type\":\"ImageObject\",\"inLanguage\":\"tr\",\"@id\":\"https:\/\/www.piovan.com\/#\/schema\/logo\/image\/\",\"url\":\"https:\/\/www.piovan.com\/wp-content\/uploads\/2021\/06\/logo@2x.png\",\"contentUrl\":\"https:\/\/www.piovan.com\/wp-content\/uploads\/2021\/06\/logo@2x.png\",\"width\":489,\"height\":78,\"caption\":\"PiovanGroup\"},\"image\":{\"@id\":\"https:\/\/www.piovan.com\/#\/schema\/logo\/image\/\"}}]}<\/script>","yoast_head_json":{"title":"MDP | MDP2 - PiovanGroup","robots":{"index":"index","follow":"follow","max-snippet":"max-snippet:-1","max-image-preview":"max-image-preview:large","max-video-preview":"max-video-preview:-1"},"canonical":"https:\/\/www.piovan.com\/tr\/product\/mdp-mdp2\/","og_locale":"tr_TR","og_type":"article","og_title":"MDP | MDP2 - PiovanGroup","og_description":"Single or double-station volumetric dosing units, with a throughput ranging from 0.005 up to 150 kg\/h. Designed to dose masterbatch, additives and regrind into the processing screw. The combination of the construction design and the user-friendly software ensures maximum ease of use. The microprocessor control allows an easy configuration and the number of recipes stored can be up to 99, for quick selection of the blend to be produced.","og_url":"https:\/\/www.piovan.com\/tr\/product\/mdp-mdp2\/","og_site_name":"PiovanGroup","article_modified_time":"2025-02-26T14:56:21+00:00","og_image":[{"width":1200,"height":1560,"url":"https:\/\/www.piovan.com\/wp-content\/uploads\/MDP-MDP2.png","type":"image\/png"}],"twitter_card":"summary_large_image","schema":{"@context":"https:\/\/schema.org","@graph":[{"@type":"WebPage","@id":"https:\/\/www.piovan.com\/product\/mdp-mdp2\/","url":"https:\/\/www.piovan.com\/product\/mdp-mdp2\/","name":"MDP | MDP2 - PiovanGroup","isPartOf":{"@id":"https:\/\/www.piovan.com\/#website"},"datePublished":"2021-11-09T06:31:29+00:00","dateModified":"2025-02-26T14:56:21+00:00","breadcrumb":{"@id":"https:\/\/www.piovan.com\/product\/mdp-mdp2\/#breadcrumb"},"inLanguage":"tr","potentialAction":[{"@type":"ReadAction","target":["https:\/\/www.piovan.com\/product\/mdp-mdp2\/"]}]},{"@type":"BreadcrumbList","@id":"https:\/\/www.piovan.com\/product\/mdp-mdp2\/#breadcrumb","itemListElement":[{"@type":"ListItem","position":1,"name":"Home","item":"https:\/\/www.piovan.com\/"},{"@type":"ListItem","position":2,"name":"Plastic","item":"https:\/\/www.piovan.com\/tr\/products\/plastic\/"},{"@type":"ListItem","position":3,"name":"Dosing &amp; Blending","item":"https:\/\/www.piovan.com\/tr\/products\/plastic\/dosing-blending\/"},{"@type":"ListItem","position":4,"name":"MDP | MDP2"}]},{"@type":"WebSite","@id":"https:\/\/www.piovan.com\/#website","url":"https:\/\/www.piovan.com\/","name":"PiovanGroup","description":"","publisher":{"@id":"https:\/\/www.piovan.com\/#organization"},"potentialAction":[{"@type":"SearchAction","target":{"@type":"EntryPoint","urlTemplate":"https:\/\/www.piovan.com\/?s={search_term_string}"},"query-input":"required name=search_term_string"}],"inLanguage":"tr"},{"@type":"Organization","@id":"https:\/\/www.piovan.com\/#organization","name":"PiovanGroup","url":"https:\/\/www.piovan.com\/","logo":{"@type":"ImageObject","inLanguage":"tr","@id":"https:\/\/www.piovan.com\/#\/schema\/logo\/image\/","url":"https:\/\/www.piovan.com\/wp-content\/uploads\/2021\/06\/logo@2x.png","contentUrl":"https:\/\/www.piovan.com\/wp-content\/uploads\/2021\/06\/logo@2x.png","width":489,"height":78,"caption":"PiovanGroup"},"image":{"@id":"https:\/\/www.piovan.com\/#\/schema\/logo\/image\/"}}]}},"_links":{"self":[{"href":"https:\/\/www.piovan.com\/tr\/wp-json\/wp\/v2\/product\/4775"}],"collection":[{"href":"https:\/\/www.piovan.com\/tr\/wp-json\/wp\/v2\/product"}],"about":[{"href":"https:\/\/www.piovan.com\/tr\/wp-json\/wp\/v2\/types\/product"}],"version-history":[{"count":3,"href":"https:\/\/www.piovan.com\/tr\/wp-json\/wp\/v2\/product\/4775\/revisions"}],"predecessor-version":[{"id":14554,"href":"https:\/\/www.piovan.com\/tr\/wp-json\/wp\/v2\/product\/4775\/revisions\/14554"}],"wp:featuredmedia":[{"embeddable":true,"href":"https:\/\/www.piovan.com\/tr\/wp-json\/wp\/v2\/media\/13556"}],"wp:attachment":[{"href":"https:\/\/www.piovan.com\/tr\/wp-json\/wp\/v2\/media?parent=4775"}],"wp:term":[{"taxonomy":"post_tag","embeddable":true,"href":"https:\/\/www.piovan.com\/tr\/wp-json\/wp\/v2\/tags?post=4775"}],"curies":[{"name":"wp","href":"https:\/\/api.w.org\/{rel}","templated":true}]}}