{"id":4768,"date":"2021-11-08T19:30:12","date_gmt":"2021-11-08T18:30:12","guid":{"rendered":"https:\/\/www.piovan.com\/?post_type=product&#038;p=4768"},"modified":"2025-01-09T16:53:39","modified_gmt":"2025-01-09T15:53:39","slug":"lybra-lv-lvr","status":"publish","type":"product","link":"https:\/\/www.piovan.com\/tr\/product\/lybra-lv-lvr\/","title":{"rendered":"Lybra LV - LVR"},"content":{"rendered":"<p>\u00dcnite farkl\u0131 kapasitelerde olabilecek ve farkl\u0131 \u00fcretim ihtiya\u00e7lar\u0131n\u0131 kar\u015f\u0131lamak \u00fczere uyarlanabilecek iki adede kadar ba\u011f\u0131ms\u0131z dozlama istasyonu bar\u0131nd\u0131rabilir.<\/p>\n<p>Her bir dozlama istasyonu onlarca g\/saat ile 170 kg\/saat aras\u0131nda de\u011fi\u015fen farkl\u0131 kapasitelere g\u00f6re yap\u0131land\u0131r\u0131labilir.\n<BR><br \/>\n\u00dcnite 7 in\u00e7 dokunmatik ekranl\u0131 bir mikroi\u015flemci kontrol sistemi i\u00e7erir. Sezgisel grafik arabirimler\ni\u00e7eren tek bir ekran operat\u00f6r\u00fcn b\u00fct\u00fcn sistemin i\u015flemlerini kontrol etmesini, \u00f6n ayarl\u0131 dozlama de\u011ferlerini ger\u00e7ek de\u011ferlerle kar\u015f\u0131la\u015ft\u0131rmas\u0131n\u0131, anl\u0131k \u00fcretim de\u011ferlerini kontrol etmesini ve \u00fcnitenin t\u00fcm i\u015flevlerine eri\u015fmesini sa\u011flar.<\/p>\n<p>Harici denetim sistemlerine ba\u011flant\u0131 (Ethernet ile) ayarlar\u0131n indirilmesini ve d\u0131\u015fa aktar\u0131lmas\u0131n\u0131 sa\u011flarken, ayn\u0131 zamanda \u00fcniteyi uzaktan kontrol etme se\u00e7ene\u011fi sunar.<br \/>\nDozlama burgusu d\u00fc\u015f\u00fck y\u00fczde oranlara sahip malzeme dozlama i\u015flemlerini y\u00fcksek bir hassasiyet ve tekrarlanabilirlik d\u00fczeyiyle kontrol etmek amac\u0131yla, tek, ikili veya \u00fc\u00e7l\u00fc sarmal \u015faftl\u0131 3 yap\u0131land\u0131rma ile sunulur.<\/p>\n<p>Ba\u015fl\u0131ca \u00f6zellikler:<BR>\n\u2022 A\u00e7\u0131l\u0131 burgu d\u00fczene\u011fi<BR>\n\u2022 P\u00fcr\u00fczs\u00fcz i\u00e7 y\u00fczeyli merkezi blok<BR>\n\u2022 Entegre kontrol ve kapal\u0131 devre d\u00f6n\u00fc\u015f \u00f6zellikli f\u0131r\u00e7as\u0131z motor<BR>\n\u2022 2 yap\u0131land\u0131rma: 1 istasyon (LV1) veya 2 istasyon (LV2)<BR>\n\u2022 \u0130ste\u011fe ba\u011fl\u0131 entegre kar\u0131\u015ft\u0131r\u0131c\u0131 \u00fcnite<BR>\n\u2022 \u0130ste\u011fe ba\u011fl\u0131 \u00f6zel yeniden \u00f6\u011f\u00fctme istasyonu 40 dm3<\/p>","protected":false},"featured_media":13452,"template":"","tags":[108],"acf":[],"yoast_head":"<title>Lybra LV - LVR - PiovanGroup<\/title>\n<meta name=\"robots\" content=\"index, follow, max-snippet:-1, max-image-preview:large, max-video-preview:-1\" \/>\n<link rel=\"canonical\" href=\"https:\/\/www.piovan.com\/tr\/product\/lybra-lv-lvr\/\" \/>\n<meta property=\"og:locale\" content=\"tr_TR\" \/>\n<meta property=\"og:type\" content=\"article\" \/>\n<meta property=\"og:title\" content=\"Lybra LV - LVR - PiovanGroup\" \/>\n<meta property=\"og:description\" content=\"Lybra LV is a volumetric precise and flexible doser. It is also available in water-cooled version under the name of LVR. The dosing auger is available in 3 configurations, single, dual or triple flight screws, assures high levels of accuracy and repeatability. The intuitive graphical user interface allows the operator to control the main parameters such as actual and set values or instantaneous production and access all unit\u2019s functions. Designed to simplify the change of materials, dosing stations can be [&hellip;]\" \/>\n<meta property=\"og:url\" content=\"https:\/\/www.piovan.com\/tr\/product\/lybra-lv-lvr\/\" \/>\n<meta property=\"og:site_name\" content=\"PiovanGroup\" \/>\n<meta property=\"article:modified_time\" content=\"2025-01-09T15:53:39+00:00\" \/>\n<meta property=\"og:image\" content=\"https:\/\/www.piovan.com\/wp-content\/uploads\/Lybra-LV.png\" \/>\n\t<meta property=\"og:image:width\" content=\"1200\" \/>\n\t<meta property=\"og:image:height\" content=\"1560\" \/>\n\t<meta property=\"og:image:type\" content=\"image\/png\" \/>\n<meta name=\"twitter:card\" content=\"summary_large_image\" \/>\n<script type=\"application\/ld+json\" class=\"yoast-schema-graph\">{\"@context\":\"https:\/\/schema.org\",\"@graph\":[{\"@type\":\"WebPage\",\"@id\":\"https:\/\/www.piovan.com\/product\/lybra-lv-lvr\/\",\"url\":\"https:\/\/www.piovan.com\/product\/lybra-lv-lvr\/\",\"name\":\"Lybra LV - LVR - PiovanGroup\",\"isPartOf\":{\"@id\":\"https:\/\/www.piovan.com\/#website\"},\"datePublished\":\"2021-11-08T18:30:12+00:00\",\"dateModified\":\"2025-01-09T15:53:39+00:00\",\"breadcrumb\":{\"@id\":\"https:\/\/www.piovan.com\/product\/lybra-lv-lvr\/#breadcrumb\"},\"inLanguage\":\"tr\",\"potentialAction\":[{\"@type\":\"ReadAction\",\"target\":[\"https:\/\/www.piovan.com\/product\/lybra-lv-lvr\/\"]}]},{\"@type\":\"BreadcrumbList\",\"@id\":\"https:\/\/www.piovan.com\/product\/lybra-lv-lvr\/#breadcrumb\",\"itemListElement\":[{\"@type\":\"ListItem\",\"position\":1,\"name\":\"Home\",\"item\":\"https:\/\/www.piovan.com\/\"},{\"@type\":\"ListItem\",\"position\":2,\"name\":\"Plastic\",\"item\":\"https:\/\/www.piovan.com\/tr\/products\/plastic\/\"},{\"@type\":\"ListItem\",\"position\":3,\"name\":\"Dosing &amp; Blending\",\"item\":\"https:\/\/www.piovan.com\/tr\/products\/plastic\/dosing-blending\/\"},{\"@type\":\"ListItem\",\"position\":4,\"name\":\"Lybra LV - LVR\"}]},{\"@type\":\"WebSite\",\"@id\":\"https:\/\/www.piovan.com\/#website\",\"url\":\"https:\/\/www.piovan.com\/\",\"name\":\"PiovanGroup\",\"description\":\"\",\"publisher\":{\"@id\":\"https:\/\/www.piovan.com\/#organization\"},\"potentialAction\":[{\"@type\":\"SearchAction\",\"target\":{\"@type\":\"EntryPoint\",\"urlTemplate\":\"https:\/\/www.piovan.com\/?s={search_term_string}\"},\"query-input\":\"required name=search_term_string\"}],\"inLanguage\":\"tr\"},{\"@type\":\"Organization\",\"@id\":\"https:\/\/www.piovan.com\/#organization\",\"name\":\"PiovanGroup\",\"url\":\"https:\/\/www.piovan.com\/\",\"logo\":{\"@type\":\"ImageObject\",\"inLanguage\":\"tr\",\"@id\":\"https:\/\/www.piovan.com\/#\/schema\/logo\/image\/\",\"url\":\"https:\/\/www.piovan.com\/wp-content\/uploads\/2021\/06\/logo@2x.png\",\"contentUrl\":\"https:\/\/www.piovan.com\/wp-content\/uploads\/2021\/06\/logo@2x.png\",\"width\":489,\"height\":78,\"caption\":\"PiovanGroup\"},\"image\":{\"@id\":\"https:\/\/www.piovan.com\/#\/schema\/logo\/image\/\"}}]}<\/script>","yoast_head_json":{"title":"Lybra LV - LVR - PiovanGroup","robots":{"index":"index","follow":"follow","max-snippet":"max-snippet:-1","max-image-preview":"max-image-preview:large","max-video-preview":"max-video-preview:-1"},"canonical":"https:\/\/www.piovan.com\/tr\/product\/lybra-lv-lvr\/","og_locale":"tr_TR","og_type":"article","og_title":"Lybra LV - LVR - PiovanGroup","og_description":"Lybra LV is a volumetric precise and flexible doser. It is also available in water-cooled version under the name of LVR. The dosing auger is available in 3 configurations, single, dual or triple flight screws, assures high levels of accuracy and repeatability. The intuitive graphical user interface allows the operator to control the main parameters such as actual and set values or instantaneous production and access all unit\u2019s functions. Designed to simplify the change of materials, dosing stations can be [&hellip;]","og_url":"https:\/\/www.piovan.com\/tr\/product\/lybra-lv-lvr\/","og_site_name":"PiovanGroup","article_modified_time":"2025-01-09T15:53:39+00:00","og_image":[{"width":1200,"height":1560,"url":"https:\/\/www.piovan.com\/wp-content\/uploads\/Lybra-LV.png","type":"image\/png"}],"twitter_card":"summary_large_image","schema":{"@context":"https:\/\/schema.org","@graph":[{"@type":"WebPage","@id":"https:\/\/www.piovan.com\/product\/lybra-lv-lvr\/","url":"https:\/\/www.piovan.com\/product\/lybra-lv-lvr\/","name":"Lybra LV - LVR - PiovanGroup","isPartOf":{"@id":"https:\/\/www.piovan.com\/#website"},"datePublished":"2021-11-08T18:30:12+00:00","dateModified":"2025-01-09T15:53:39+00:00","breadcrumb":{"@id":"https:\/\/www.piovan.com\/product\/lybra-lv-lvr\/#breadcrumb"},"inLanguage":"tr","potentialAction":[{"@type":"ReadAction","target":["https:\/\/www.piovan.com\/product\/lybra-lv-lvr\/"]}]},{"@type":"BreadcrumbList","@id":"https:\/\/www.piovan.com\/product\/lybra-lv-lvr\/#breadcrumb","itemListElement":[{"@type":"ListItem","position":1,"name":"Home","item":"https:\/\/www.piovan.com\/"},{"@type":"ListItem","position":2,"name":"Plastic","item":"https:\/\/www.piovan.com\/tr\/products\/plastic\/"},{"@type":"ListItem","position":3,"name":"Dosing &amp; Blending","item":"https:\/\/www.piovan.com\/tr\/products\/plastic\/dosing-blending\/"},{"@type":"ListItem","position":4,"name":"Lybra LV - LVR"}]},{"@type":"WebSite","@id":"https:\/\/www.piovan.com\/#website","url":"https:\/\/www.piovan.com\/","name":"PiovanGroup","description":"","publisher":{"@id":"https:\/\/www.piovan.com\/#organization"},"potentialAction":[{"@type":"SearchAction","target":{"@type":"EntryPoint","urlTemplate":"https:\/\/www.piovan.com\/?s={search_term_string}"},"query-input":"required name=search_term_string"}],"inLanguage":"tr"},{"@type":"Organization","@id":"https:\/\/www.piovan.com\/#organization","name":"PiovanGroup","url":"https:\/\/www.piovan.com\/","logo":{"@type":"ImageObject","inLanguage":"tr","@id":"https:\/\/www.piovan.com\/#\/schema\/logo\/image\/","url":"https:\/\/www.piovan.com\/wp-content\/uploads\/2021\/06\/logo@2x.png","contentUrl":"https:\/\/www.piovan.com\/wp-content\/uploads\/2021\/06\/logo@2x.png","width":489,"height":78,"caption":"PiovanGroup"},"image":{"@id":"https:\/\/www.piovan.com\/#\/schema\/logo\/image\/"}}]}},"_links":{"self":[{"href":"https:\/\/www.piovan.com\/tr\/wp-json\/wp\/v2\/product\/4768"}],"collection":[{"href":"https:\/\/www.piovan.com\/tr\/wp-json\/wp\/v2\/product"}],"about":[{"href":"https:\/\/www.piovan.com\/tr\/wp-json\/wp\/v2\/types\/product"}],"version-history":[{"count":4,"href":"https:\/\/www.piovan.com\/tr\/wp-json\/wp\/v2\/product\/4768\/revisions"}],"predecessor-version":[{"id":14206,"href":"https:\/\/www.piovan.com\/tr\/wp-json\/wp\/v2\/product\/4768\/revisions\/14206"}],"wp:featuredmedia":[{"embeddable":true,"href":"https:\/\/www.piovan.com\/tr\/wp-json\/wp\/v2\/media\/13452"}],"wp:attachment":[{"href":"https:\/\/www.piovan.com\/tr\/wp-json\/wp\/v2\/media?parent=4768"}],"wp:term":[{"taxonomy":"post_tag","embeddable":true,"href":"https:\/\/www.piovan.com\/tr\/wp-json\/wp\/v2\/tags?post=4768"}],"curies":[{"name":"wp","href":"https:\/\/api.w.org\/{rel}","templated":true}]}}