{"id":4761,"date":"2021-11-08T19:21:23","date_gmt":"2021-11-08T18:21:23","guid":{"rendered":"https:\/\/www.piovan.com\/?post_type=product&#038;p=4761"},"modified":"2025-01-09T17:04:50","modified_gmt":"2025-01-09T16:04:50","slug":"lybra-lg-lgr","status":"publish","type":"product","link":"https:\/\/www.piovan.com\/tr\/product\/lybra-lg-lgr\/","title":{"rendered":"Lybra LG - LGR"},"content":{"rendered":"<p>\u00dcnite farkl\u0131 kapasitelerde olabilecek ve farkl\u0131 \u00fcretim ihtiya\u00e7lar\u0131n\u0131 kar\u015f\u0131lamak \u00fczere uyarlanabilecek iki adede kadar ba\u011f\u0131ms\u0131z dozlama istasyonu bar\u0131nd\u0131rabilir.<\/p>\n<p>Her bir dozlama istasyonu onlarca g\/saat ile 170 kg\/saat aras\u0131nda de\u011fi\u015fen farkl\u0131 kapasitelere g\u00f6re yap\u0131land\u0131r\u0131labilir. Her dozlama istasyonu, dozlama pervanesi taraf\u0131ndan \u00fcnitenin statik kar\u0131\u015ft\u0131r\u0131c\u0131s\u0131na beslenen malzeme miktar\u0131n\u0131 \u00f6l\u00e7mek i\u00e7in tescilli bir a\u011f\u0131rl\u0131k kayb\u0131 kontrol cihaz\u0131yla donat\u0131lm\u0131\u015ft\u0131r.\n<BR><br \/>\n\u00dcnite 7 in\u00e7 dokunmatik ekranl\u0131 bir mikroi\u015flemci kontrol sistemi i\u00e7erir. Sezgisel grafik arabirimler\ni\u00e7eren tek bir ekran operat\u00f6r\u00fcn b\u00fct\u00fcn sistemin i\u015flemlerini kontrol etmesini, \u00f6n ayarl\u0131 dozlama de\u011ferlerini ger\u00e7ek de\u011ferlerle kar\u015f\u0131la\u015ft\u0131rmas\u0131n\u0131, anl\u0131k \u00fcretim de\u011ferlerini kontrol etmesini ve \u00fcnitenin t\u00fcm i\u015flevlerine eri\u015fmesini sa\u011flar.<\/p>\n<p>Harici denetim sistemlerine ba\u011flant\u0131 (Ethernet ile) ayarlar\u0131n indirilmesini ve d\u0131\u015fa aktar\u0131lmas\u0131n\u0131 sa\u011flarken, ayn\u0131 zamanda \u00fcniteyi uzaktan kontrol etme se\u00e7ene\u011fi sunar.<br \/>\nDozlama burgusu d\u00fc\u015f\u00fck y\u00fczde oranlara sahip malzeme dozlama i\u015flemlerini y\u00fcksek bir hassasiyet ve tekrarlanabilirlik d\u00fczeyiyle kontrol etmek amac\u0131yla, tek, ikili veya \u00fc\u00e7l\u00fc sarmal \u015faftl\u0131 3 yap\u0131land\u0131rma ile sunulur.<\/p>\n<p>Ba\u015fl\u0131ca \u00f6zellikler:<BR>\n\u2022 Tescilli a\u011f\u0131rl\u0131k kayb\u0131 kontrol\u00fc<BR>\n\u2022 A\u00e7\u0131l\u0131 burgu d\u00fczene\u011fi<BR>\n\u2022 P\u00fcr\u00fczs\u00fcz i\u00e7 y\u00fczeyli merkezi blok<BR>\n\u2022 Entegre kontrol ve kapal\u0131 devre d\u00f6n\u00fc\u015f \u00f6zellikli f\u0131r\u00e7as\u0131z motor<BR>\n\u2022 Yaln\u0131zca masterbatch silo i\u00e7in ikili y\u00fck h\u00fccresi<BR>\n\u2022 2 yap\u0131land\u0131rma: 1 istasyon (LG1) veya 2 istasyon (LG2)<BR>\n\u2022 \u00d6zel masterbatch y\u00fckleyici destek braketi<\/p>","protected":false},"featured_media":13448,"template":"","tags":[108,41],"acf":[],"yoast_head":"<title>Lybra LG - LGR - PiovanGroup<\/title>\n<meta name=\"robots\" content=\"index, follow, max-snippet:-1, max-image-preview:large, max-video-preview:-1\" \/>\n<link rel=\"canonical\" href=\"https:\/\/www.piovan.com\/tr\/product\/lybra-lg-lgr\/\" \/>\n<meta property=\"og:locale\" content=\"tr_TR\" \/>\n<meta property=\"og:type\" content=\"article\" \/>\n<meta property=\"og:title\" content=\"Lybra LG - LGR - PiovanGroup\" \/>\n<meta property=\"og:description\" content=\"Lybra LG is a gravimetric doser which is precise and flexible. It is also available in cooled version under the name of LGR. The dosing auger available in 3 configurations, single, dual or triple flight screws, assures high level of accuracy and repeatability. The intuitive graphical user interface allows the operator to control the main parameters such as actual and set values or instantaneous production and access all unit\u2019s functions. Lybra LG\/LGR can be easily integrated in supervision system and [&hellip;]\" \/>\n<meta property=\"og:url\" content=\"https:\/\/www.piovan.com\/tr\/product\/lybra-lg-lgr\/\" \/>\n<meta property=\"og:site_name\" content=\"PiovanGroup\" \/>\n<meta property=\"article:modified_time\" content=\"2025-01-09T16:04:50+00:00\" \/>\n<meta property=\"og:image\" content=\"https:\/\/www.piovan.com\/wp-content\/uploads\/Lybra-LG.png\" \/>\n\t<meta property=\"og:image:width\" content=\"1200\" \/>\n\t<meta property=\"og:image:height\" content=\"1560\" \/>\n\t<meta property=\"og:image:type\" content=\"image\/png\" \/>\n<meta name=\"twitter:card\" content=\"summary_large_image\" \/>\n<script type=\"application\/ld+json\" class=\"yoast-schema-graph\">{\"@context\":\"https:\/\/schema.org\",\"@graph\":[{\"@type\":\"WebPage\",\"@id\":\"https:\/\/www.piovan.com\/product\/lybra-lg-lgr\/\",\"url\":\"https:\/\/www.piovan.com\/product\/lybra-lg-lgr\/\",\"name\":\"Lybra LG - LGR - PiovanGroup\",\"isPartOf\":{\"@id\":\"https:\/\/www.piovan.com\/#website\"},\"datePublished\":\"2021-11-08T18:21:23+00:00\",\"dateModified\":\"2025-01-09T16:04:50+00:00\",\"breadcrumb\":{\"@id\":\"https:\/\/www.piovan.com\/product\/lybra-lg-lgr\/#breadcrumb\"},\"inLanguage\":\"tr\",\"potentialAction\":[{\"@type\":\"ReadAction\",\"target\":[\"https:\/\/www.piovan.com\/product\/lybra-lg-lgr\/\"]}]},{\"@type\":\"BreadcrumbList\",\"@id\":\"https:\/\/www.piovan.com\/product\/lybra-lg-lgr\/#breadcrumb\",\"itemListElement\":[{\"@type\":\"ListItem\",\"position\":1,\"name\":\"Home\",\"item\":\"https:\/\/www.piovan.com\/\"},{\"@type\":\"ListItem\",\"position\":2,\"name\":\"Plastic\",\"item\":\"https:\/\/www.piovan.com\/tr\/products\/plastic\/\"},{\"@type\":\"ListItem\",\"position\":3,\"name\":\"Dosing &amp; Blending\",\"item\":\"https:\/\/www.piovan.com\/tr\/products\/plastic\/dosing-blending\/\"},{\"@type\":\"ListItem\",\"position\":4,\"name\":\"Lybra LG - LGR\"}]},{\"@type\":\"WebSite\",\"@id\":\"https:\/\/www.piovan.com\/#website\",\"url\":\"https:\/\/www.piovan.com\/\",\"name\":\"PiovanGroup\",\"description\":\"\",\"publisher\":{\"@id\":\"https:\/\/www.piovan.com\/#organization\"},\"potentialAction\":[{\"@type\":\"SearchAction\",\"target\":{\"@type\":\"EntryPoint\",\"urlTemplate\":\"https:\/\/www.piovan.com\/?s={search_term_string}\"},\"query-input\":\"required name=search_term_string\"}],\"inLanguage\":\"tr\"},{\"@type\":\"Organization\",\"@id\":\"https:\/\/www.piovan.com\/#organization\",\"name\":\"PiovanGroup\",\"url\":\"https:\/\/www.piovan.com\/\",\"logo\":{\"@type\":\"ImageObject\",\"inLanguage\":\"tr\",\"@id\":\"https:\/\/www.piovan.com\/#\/schema\/logo\/image\/\",\"url\":\"https:\/\/www.piovan.com\/wp-content\/uploads\/2021\/06\/logo@2x.png\",\"contentUrl\":\"https:\/\/www.piovan.com\/wp-content\/uploads\/2021\/06\/logo@2x.png\",\"width\":489,\"height\":78,\"caption\":\"PiovanGroup\"},\"image\":{\"@id\":\"https:\/\/www.piovan.com\/#\/schema\/logo\/image\/\"}}]}<\/script>","yoast_head_json":{"title":"Lybra LG - LGR - PiovanGroup","robots":{"index":"index","follow":"follow","max-snippet":"max-snippet:-1","max-image-preview":"max-image-preview:large","max-video-preview":"max-video-preview:-1"},"canonical":"https:\/\/www.piovan.com\/tr\/product\/lybra-lg-lgr\/","og_locale":"tr_TR","og_type":"article","og_title":"Lybra LG - LGR - PiovanGroup","og_description":"Lybra LG is a gravimetric doser which is precise and flexible. It is also available in cooled version under the name of LGR. The dosing auger available in 3 configurations, single, dual or triple flight screws, assures high level of accuracy and repeatability. The intuitive graphical user interface allows the operator to control the main parameters such as actual and set values or instantaneous production and access all unit\u2019s functions. Lybra LG\/LGR can be easily integrated in supervision system and [&hellip;]","og_url":"https:\/\/www.piovan.com\/tr\/product\/lybra-lg-lgr\/","og_site_name":"PiovanGroup","article_modified_time":"2025-01-09T16:04:50+00:00","og_image":[{"width":1200,"height":1560,"url":"https:\/\/www.piovan.com\/wp-content\/uploads\/Lybra-LG.png","type":"image\/png"}],"twitter_card":"summary_large_image","schema":{"@context":"https:\/\/schema.org","@graph":[{"@type":"WebPage","@id":"https:\/\/www.piovan.com\/product\/lybra-lg-lgr\/","url":"https:\/\/www.piovan.com\/product\/lybra-lg-lgr\/","name":"Lybra LG - LGR - PiovanGroup","isPartOf":{"@id":"https:\/\/www.piovan.com\/#website"},"datePublished":"2021-11-08T18:21:23+00:00","dateModified":"2025-01-09T16:04:50+00:00","breadcrumb":{"@id":"https:\/\/www.piovan.com\/product\/lybra-lg-lgr\/#breadcrumb"},"inLanguage":"tr","potentialAction":[{"@type":"ReadAction","target":["https:\/\/www.piovan.com\/product\/lybra-lg-lgr\/"]}]},{"@type":"BreadcrumbList","@id":"https:\/\/www.piovan.com\/product\/lybra-lg-lgr\/#breadcrumb","itemListElement":[{"@type":"ListItem","position":1,"name":"Home","item":"https:\/\/www.piovan.com\/"},{"@type":"ListItem","position":2,"name":"Plastic","item":"https:\/\/www.piovan.com\/tr\/products\/plastic\/"},{"@type":"ListItem","position":3,"name":"Dosing &amp; Blending","item":"https:\/\/www.piovan.com\/tr\/products\/plastic\/dosing-blending\/"},{"@type":"ListItem","position":4,"name":"Lybra LG - LGR"}]},{"@type":"WebSite","@id":"https:\/\/www.piovan.com\/#website","url":"https:\/\/www.piovan.com\/","name":"PiovanGroup","description":"","publisher":{"@id":"https:\/\/www.piovan.com\/#organization"},"potentialAction":[{"@type":"SearchAction","target":{"@type":"EntryPoint","urlTemplate":"https:\/\/www.piovan.com\/?s={search_term_string}"},"query-input":"required name=search_term_string"}],"inLanguage":"tr"},{"@type":"Organization","@id":"https:\/\/www.piovan.com\/#organization","name":"PiovanGroup","url":"https:\/\/www.piovan.com\/","logo":{"@type":"ImageObject","inLanguage":"tr","@id":"https:\/\/www.piovan.com\/#\/schema\/logo\/image\/","url":"https:\/\/www.piovan.com\/wp-content\/uploads\/2021\/06\/logo@2x.png","contentUrl":"https:\/\/www.piovan.com\/wp-content\/uploads\/2021\/06\/logo@2x.png","width":489,"height":78,"caption":"PiovanGroup"},"image":{"@id":"https:\/\/www.piovan.com\/#\/schema\/logo\/image\/"}}]}},"_links":{"self":[{"href":"https:\/\/www.piovan.com\/tr\/wp-json\/wp\/v2\/product\/4761"}],"collection":[{"href":"https:\/\/www.piovan.com\/tr\/wp-json\/wp\/v2\/product"}],"about":[{"href":"https:\/\/www.piovan.com\/tr\/wp-json\/wp\/v2\/types\/product"}],"version-history":[{"count":3,"href":"https:\/\/www.piovan.com\/tr\/wp-json\/wp\/v2\/product\/4761\/revisions"}],"predecessor-version":[{"id":14209,"href":"https:\/\/www.piovan.com\/tr\/wp-json\/wp\/v2\/product\/4761\/revisions\/14209"}],"wp:featuredmedia":[{"embeddable":true,"href":"https:\/\/www.piovan.com\/tr\/wp-json\/wp\/v2\/media\/13448"}],"wp:attachment":[{"href":"https:\/\/www.piovan.com\/tr\/wp-json\/wp\/v2\/media?parent=4761"}],"wp:term":[{"taxonomy":"post_tag","embeddable":true,"href":"https:\/\/www.piovan.com\/tr\/wp-json\/wp\/v2\/tags?post=4761"}],"curies":[{"name":"wp","href":"https:\/\/api.w.org\/{rel}","templated":true}]}}