{"id":15655,"date":"2025-09-24T16:50:56","date_gmt":"2025-09-24T14:50:56","guid":{"rendered":"https:\/\/www.piovan.com\/?post_type=product&#038;p=15655"},"modified":"2025-10-14T09:47:41","modified_gmt":"2025-10-14T07:47:41","slug":"quantum-med","status":"publish","type":"product","link":"https:\/\/www.piovan.com\/tr\/product\/quantum-med\/","title":{"rendered":"Quantum Med"},"content":{"rendered":"<p class=\" translation-block\">Quantum Med, medical ve kozmetik ambalajlama end\u00fcstrileri i\u00e7in geli\u015ftirilmi\u015f y\u00fcksek hassasiyetli bir gravimetrik kar\u0131\u015ft\u0131r\u0131c\u0131d\u0131r.\nQuantum serisinden t\u00fcretilen bu \u00fcr\u00fcn, maksimum hassasiyet ve \u0130yi \u00dcretim Uygulamalar\u0131 standartlar\u0131na tam uyum i\u00e7in tasarlanm\u0131\u015ft\u0131r.<\/p>\n<p>Kolay temizlik ve kontaminasyonu \u00f6nlemek i\u00e7in tasarlanan Quantum Med, kolayca \u00e7\u0131kar\u0131labilir bile\u015fenlere ve paslanmaz \u00e7elik y\u00fczeylere sahiptir. Kolay s\u00f6k\u00fcl\u00fcp tak\u0131labilen hazneleri sayesinde g\u00fcvenli malzeme de\u011fi\u015fimine olanak tan\u0131yarak duru\u015f s\u00fcresini en aza indirir.<\/p>\n<p>Sistem, optimum temizlik i\u00e7in bir izleme cam\u0131 ve basitle\u015ftirilmi\u015f pn\u00f6matik sistem ile \u00e7\u0131kar\u0131labilir bir kar\u0131\u015f\u0131m haznesi i\u00e7erir<\/p>\n<p>Quantum Med, t\u00fcm bile\u015fenleri 15 kg'dan a\u011f\u0131r olmayan, maksimum eri\u015fim y\u00fcksekli\u011fi 1,7 metre olan ve operat\u00f6r g\u00fcvenli\u011fini sa\u011flayan ergonomik bir tasar\u0131ma sahiptir. Geli\u015fmi\u015f g\u00fcvenlik sistemi, kar\u0131\u015f\u0131m hazne kap\u0131s\u0131 a\u00e7\u0131ld\u0131\u011f\u0131nda bas\u0131n\u00e7l\u0131 hava beslemesinin otomatik olarak kesilmesini ve pn\u00f6matik hatlar\u0131n havaland\u0131r\u0131lmas\u0131n\u0131 i\u00e7erir.<\/p>\n<p>Quantum Med, \u00fcretim s\u00fcrecinin tam olarak belgelenmesini sa\u011flayan ve \u0130yi \u00dcretim Uygulamalar\u0131 gerekliliklerini destekleyen Piovan Medikal \u0130zleme Sistemi ile birlikte tedarik edilebilir.<\/p>\n<p>Quantum Med, Winfactory izleme ve denetim sistemi ile entegre olarak, hatas\u0131z sistem kurulumu ve kar\u0131\u015f\u0131m izlenebilirli\u011fi sa\u011flar.<\/p>","protected":false},"featured_media":15689,"template":"","tags":[194,108],"acf":[],"yoast_head":"<title>Quantum Med - PiovanGroup<\/title>\n<meta name=\"description\" content=\"Quantum Med is a high-precision gravimetricblender developed for the medicaland pharmaceutical packaging industries.\" \/>\n<meta name=\"robots\" content=\"index, follow, max-snippet:-1, max-image-preview:large, max-video-preview:-1\" \/>\n<link rel=\"canonical\" href=\"https:\/\/www.piovan.com\/tr\/product\/quantum-med\/\" \/>\n<meta property=\"og:locale\" content=\"tr_TR\" \/>\n<meta property=\"og:type\" content=\"article\" \/>\n<meta property=\"og:title\" content=\"Quantum Med - PiovanGroup\" \/>\n<meta property=\"og:description\" content=\"Quantum Med is a high-precision gravimetricblender developed for the medicaland pharmaceutical packaging industries.\" \/>\n<meta property=\"og:url\" content=\"https:\/\/www.piovan.com\/tr\/product\/quantum-med\/\" \/>\n<meta property=\"og:site_name\" content=\"PiovanGroup\" \/>\n<meta property=\"article:modified_time\" content=\"2025-10-14T07:47:41+00:00\" \/>\n<meta property=\"og:image\" content=\"https:\/\/www.piovan.com\/wp-content\/uploads\/Product_1200x1560px_0008_QuantumMed.png\" \/>\n\t<meta property=\"og:image:width\" content=\"1200\" \/>\n\t<meta property=\"og:image:height\" content=\"1560\" \/>\n\t<meta property=\"og:image:type\" content=\"image\/png\" \/>\n<meta name=\"twitter:card\" content=\"summary_large_image\" \/>\n<script type=\"application\/ld+json\" class=\"yoast-schema-graph\">{\"@context\":\"https:\/\/schema.org\",\"@graph\":[{\"@type\":\"WebPage\",\"@id\":\"https:\/\/www.piovan.com\/product\/quantum-med\/\",\"url\":\"https:\/\/www.piovan.com\/product\/quantum-med\/\",\"name\":\"Quantum Med - PiovanGroup\",\"isPartOf\":{\"@id\":\"https:\/\/www.piovan.com\/#website\"},\"datePublished\":\"2025-09-24T14:50:56+00:00\",\"dateModified\":\"2025-10-14T07:47:41+00:00\",\"description\":\"Quantum Med is a high-precision gravimetricblender developed for the medicaland pharmaceutical packaging industries.\",\"breadcrumb\":{\"@id\":\"https:\/\/www.piovan.com\/product\/quantum-med\/#breadcrumb\"},\"inLanguage\":\"tr\",\"potentialAction\":[{\"@type\":\"ReadAction\",\"target\":[\"https:\/\/www.piovan.com\/product\/quantum-med\/\"]}]},{\"@type\":\"BreadcrumbList\",\"@id\":\"https:\/\/www.piovan.com\/product\/quantum-med\/#breadcrumb\",\"itemListElement\":[{\"@type\":\"ListItem\",\"position\":1,\"name\":\"Home\",\"item\":\"https:\/\/www.piovan.com\/\"},{\"@type\":\"ListItem\",\"position\":2,\"name\":\"Plastic\",\"item\":\"https:\/\/www.piovan.com\/tr\/products\/plastic\/\"},{\"@type\":\"ListItem\",\"position\":3,\"name\":\"Dosing &amp; Blending\",\"item\":\"https:\/\/www.piovan.com\/tr\/products\/plastic\/dosing-blending\/\"},{\"@type\":\"ListItem\",\"position\":4,\"name\":\"Quantum Med\"}]},{\"@type\":\"WebSite\",\"@id\":\"https:\/\/www.piovan.com\/#website\",\"url\":\"https:\/\/www.piovan.com\/\",\"name\":\"PiovanGroup\",\"description\":\"\",\"publisher\":{\"@id\":\"https:\/\/www.piovan.com\/#organization\"},\"potentialAction\":[{\"@type\":\"SearchAction\",\"target\":{\"@type\":\"EntryPoint\",\"urlTemplate\":\"https:\/\/www.piovan.com\/?s={search_term_string}\"},\"query-input\":\"required name=search_term_string\"}],\"inLanguage\":\"tr\"},{\"@type\":\"Organization\",\"@id\":\"https:\/\/www.piovan.com\/#organization\",\"name\":\"PiovanGroup\",\"url\":\"https:\/\/www.piovan.com\/\",\"logo\":{\"@type\":\"ImageObject\",\"inLanguage\":\"tr\",\"@id\":\"https:\/\/www.piovan.com\/#\/schema\/logo\/image\/\",\"url\":\"https:\/\/www.piovan.com\/wp-content\/uploads\/2021\/06\/logo@2x.png\",\"contentUrl\":\"https:\/\/www.piovan.com\/wp-content\/uploads\/2021\/06\/logo@2x.png\",\"width\":489,\"height\":78,\"caption\":\"PiovanGroup\"},\"image\":{\"@id\":\"https:\/\/www.piovan.com\/#\/schema\/logo\/image\/\"}}]}<\/script>","yoast_head_json":{"title":"Quantum Med - PiovanGroup","description":"Quantum Med is a high-precision gravimetricblender developed for the medicaland pharmaceutical packaging industries.","robots":{"index":"index","follow":"follow","max-snippet":"max-snippet:-1","max-image-preview":"max-image-preview:large","max-video-preview":"max-video-preview:-1"},"canonical":"https:\/\/www.piovan.com\/tr\/product\/quantum-med\/","og_locale":"tr_TR","og_type":"article","og_title":"Quantum Med - PiovanGroup","og_description":"Quantum Med is a high-precision gravimetricblender developed for the medicaland pharmaceutical packaging industries.","og_url":"https:\/\/www.piovan.com\/tr\/product\/quantum-med\/","og_site_name":"PiovanGroup","article_modified_time":"2025-10-14T07:47:41+00:00","og_image":[{"width":1200,"height":1560,"url":"https:\/\/www.piovan.com\/wp-content\/uploads\/Product_1200x1560px_0008_QuantumMed.png","type":"image\/png"}],"twitter_card":"summary_large_image","schema":{"@context":"https:\/\/schema.org","@graph":[{"@type":"WebPage","@id":"https:\/\/www.piovan.com\/product\/quantum-med\/","url":"https:\/\/www.piovan.com\/product\/quantum-med\/","name":"Quantum Med - PiovanGroup","isPartOf":{"@id":"https:\/\/www.piovan.com\/#website"},"datePublished":"2025-09-24T14:50:56+00:00","dateModified":"2025-10-14T07:47:41+00:00","description":"Quantum Med is a high-precision gravimetricblender developed for the medicaland pharmaceutical packaging industries.","breadcrumb":{"@id":"https:\/\/www.piovan.com\/product\/quantum-med\/#breadcrumb"},"inLanguage":"tr","potentialAction":[{"@type":"ReadAction","target":["https:\/\/www.piovan.com\/product\/quantum-med\/"]}]},{"@type":"BreadcrumbList","@id":"https:\/\/www.piovan.com\/product\/quantum-med\/#breadcrumb","itemListElement":[{"@type":"ListItem","position":1,"name":"Home","item":"https:\/\/www.piovan.com\/"},{"@type":"ListItem","position":2,"name":"Plastic","item":"https:\/\/www.piovan.com\/tr\/products\/plastic\/"},{"@type":"ListItem","position":3,"name":"Dosing &amp; Blending","item":"https:\/\/www.piovan.com\/tr\/products\/plastic\/dosing-blending\/"},{"@type":"ListItem","position":4,"name":"Quantum Med"}]},{"@type":"WebSite","@id":"https:\/\/www.piovan.com\/#website","url":"https:\/\/www.piovan.com\/","name":"PiovanGroup","description":"","publisher":{"@id":"https:\/\/www.piovan.com\/#organization"},"potentialAction":[{"@type":"SearchAction","target":{"@type":"EntryPoint","urlTemplate":"https:\/\/www.piovan.com\/?s={search_term_string}"},"query-input":"required name=search_term_string"}],"inLanguage":"tr"},{"@type":"Organization","@id":"https:\/\/www.piovan.com\/#organization","name":"PiovanGroup","url":"https:\/\/www.piovan.com\/","logo":{"@type":"ImageObject","inLanguage":"tr","@id":"https:\/\/www.piovan.com\/#\/schema\/logo\/image\/","url":"https:\/\/www.piovan.com\/wp-content\/uploads\/2021\/06\/logo@2x.png","contentUrl":"https:\/\/www.piovan.com\/wp-content\/uploads\/2021\/06\/logo@2x.png","width":489,"height":78,"caption":"PiovanGroup"},"image":{"@id":"https:\/\/www.piovan.com\/#\/schema\/logo\/image\/"}}]}},"_links":{"self":[{"href":"https:\/\/www.piovan.com\/tr\/wp-json\/wp\/v2\/product\/15655"}],"collection":[{"href":"https:\/\/www.piovan.com\/tr\/wp-json\/wp\/v2\/product"}],"about":[{"href":"https:\/\/www.piovan.com\/tr\/wp-json\/wp\/v2\/types\/product"}],"version-history":[{"count":4,"href":"https:\/\/www.piovan.com\/tr\/wp-json\/wp\/v2\/product\/15655\/revisions"}],"predecessor-version":[{"id":15753,"href":"https:\/\/www.piovan.com\/tr\/wp-json\/wp\/v2\/product\/15655\/revisions\/15753"}],"wp:featuredmedia":[{"embeddable":true,"href":"https:\/\/www.piovan.com\/tr\/wp-json\/wp\/v2\/media\/15689"}],"wp:attachment":[{"href":"https:\/\/www.piovan.com\/tr\/wp-json\/wp\/v2\/media?parent=15655"}],"wp:term":[{"taxonomy":"post_tag","embeddable":true,"href":"https:\/\/www.piovan.com\/tr\/wp-json\/wp\/v2\/tags?post=15655"}],"curies":[{"name":"wp","href":"https:\/\/api.w.org\/{rel}","templated":true}]}}