{"id":15653,"date":"2025-09-24T16:51:38","date_gmt":"2025-09-24T14:51:38","guid":{"rendered":"https:\/\/www.piovan.com\/?post_type=product&#038;p=15653"},"modified":"2025-10-09T17:21:48","modified_gmt":"2025-10-09T15:21:48","slug":"easylinkevo","status":"publish","type":"product","link":"https:\/\/www.piovan.com\/tr\/product\/easylinkevo\/","title":{"rendered":"EasylinkEvo"},"content":{"rendered":"<p>EasylinkEvo is the new automatic coupling station, capable of managing up to 60 inlets\/outlets with duct diameters ranging from 40 to 76 mm, while maintaining a minimal footprint.<\/p>\n<p>60 giri\u015f \/ \u00e7\u0131k\u0131\u015fl\u0131 en b\u00fcy\u00fck modellerde bile zemin alan\u0131 gereksinimi minimaldir. Easylink +, optimum operat\u00f6r g\u00fcvenli\u011fi i\u00e7in hareketli par\u00e7alara eri\u015filemeyen kompakt, dikey bir tasar\u0131ma sahiptir.<\/p>\n<p>Compared to the previous version, EasylinkEvo is now equipped with 230V brushless motors with direct drive transmission.<\/p>\n<p>The inlet positioning encoding systems are integrated directly into their respective rotating plates.<\/p>\n<p>The new mechanical design and reduced system complexity allow for significantly reduced positioning times, setting a new benchmark in the market.<\/p>\n<p>Kirlenmenin yoklu\u011funun kritik oldu\u011fu uygulamalarda, art\u0131k her gran\u00fclden kalan gran\u00fcllere kar\u015f\u0131 bariyer olarak bir s\u00fcrg\u00fcl\u00fc kap\u0131 monte edilebilir. Pn\u00f6matik ba\u011flant\u0131 pozisyonlar\u0131, malzeme kayna\u011f\u0131n\u0131n do\u011fru se\u00e7imini sa\u011flamak i\u00e7in enkoder kontroll\u00fcd\u00fcr. S\u00fcr\u00fcc\u00fcler h\u0131zl\u0131 ve hassas hareketler i\u00e7in inverterlerle donat\u0131lm\u0131\u015ft\u0131r.<\/p>\n<p>Bir Easylink + kaplin istasyonu 60 kayna\u011fa ve 60 hedefe kadar kontrol edebilir ve sonraki a\u00e7\u0131l\u0131mlar se\u00e7ene\u011fini a\u00e7\u0131k tutarak giri\u015flerin veya \u00e7\u0131k\u0131\u015flar\u0131n t\u00fcm\u00fcn\u00fc veya baz\u0131lar\u0131n\u0131 kullanarak yap\u0131land\u0131r\u0131labilir.<\/p>\n<p class=\" translation-block\">\u2022 maximum traceability of materials<br>\r\n\u2022 automatic setting of transport and line cleaning times.<\/p>\n<p>EasylinkEvo is available with supporting frame for floor or mezzanine installation. All the internal pipe routing is realised with rigid piping, without any flexible hose.<br \/>\nThe sturdy, welded frame is engineered to withstand the dynamic loads of the new drive system.<br \/>\nIn the version with transparent panels, these are fitted with hinges to facilitate maintenance and inspection.<\/p>","protected":false},"featured_media":15681,"template":"","tags":[194,108],"acf":[],"yoast_head":"<title>EasylinkEvo - PiovanGroup<\/title>\n<meta name=\"description\" content=\"EasylinkEvo is the new automatic coupling station, capable of managing up to 60 inlets\/outlets with duct diameters ranging from 40 to 76 mm, while maintaining a minimal footprint.\" \/>\n<meta name=\"robots\" content=\"index, follow, max-snippet:-1, max-image-preview:large, max-video-preview:-1\" \/>\n<link rel=\"canonical\" href=\"https:\/\/www.piovan.com\/tr\/product\/easylinkevo\/\" \/>\n<meta property=\"og:locale\" content=\"tr_TR\" \/>\n<meta property=\"og:type\" content=\"article\" \/>\n<meta property=\"og:title\" content=\"EasylinkEvo - PiovanGroup\" \/>\n<meta property=\"og:description\" content=\"EasylinkEvo is the new automatic coupling station, capable of managing up to 60 inlets\/outlets with duct diameters ranging from 40 to 76 mm, while maintaining a minimal footprint.\" \/>\n<meta property=\"og:url\" content=\"https:\/\/www.piovan.com\/tr\/product\/easylinkevo\/\" \/>\n<meta property=\"og:site_name\" content=\"PiovanGroup\" \/>\n<meta property=\"article:modified_time\" content=\"2025-10-09T15:21:48+00:00\" \/>\n<meta property=\"og:image\" content=\"https:\/\/www.piovan.com\/wp-content\/uploads\/EasylinkEVO_1200x1560px.png\" \/>\n\t<meta property=\"og:image:width\" content=\"1200\" \/>\n\t<meta property=\"og:image:height\" content=\"1560\" \/>\n\t<meta property=\"og:image:type\" content=\"image\/png\" \/>\n<meta name=\"twitter:card\" content=\"summary_large_image\" \/>\n<script type=\"application\/ld+json\" class=\"yoast-schema-graph\">{\"@context\":\"https:\/\/schema.org\",\"@graph\":[{\"@type\":\"WebPage\",\"@id\":\"https:\/\/www.piovan.com\/product\/easylinkevo\/\",\"url\":\"https:\/\/www.piovan.com\/product\/easylinkevo\/\",\"name\":\"EasylinkEvo - PiovanGroup\",\"isPartOf\":{\"@id\":\"https:\/\/www.piovan.com\/#website\"},\"datePublished\":\"2025-09-24T14:51:38+00:00\",\"dateModified\":\"2025-10-09T15:21:48+00:00\",\"description\":\"EasylinkEvo is the new automatic coupling station, capable of managing up to 60 inlets\/outlets with duct diameters ranging from 40 to 76 mm, while maintaining a minimal footprint.\",\"breadcrumb\":{\"@id\":\"https:\/\/www.piovan.com\/product\/easylinkevo\/#breadcrumb\"},\"inLanguage\":\"tr\",\"potentialAction\":[{\"@type\":\"ReadAction\",\"target\":[\"https:\/\/www.piovan.com\/product\/easylinkevo\/\"]}]},{\"@type\":\"BreadcrumbList\",\"@id\":\"https:\/\/www.piovan.com\/product\/easylinkevo\/#breadcrumb\",\"itemListElement\":[{\"@type\":\"ListItem\",\"position\":1,\"name\":\"Home\",\"item\":\"https:\/\/www.piovan.com\/\"},{\"@type\":\"ListItem\",\"position\":2,\"name\":\"Plastic\",\"item\":\"https:\/\/www.piovan.com\/tr\/products\/plastic\/\"},{\"@type\":\"ListItem\",\"position\":3,\"name\":\"Feeding &amp; Conveying\",\"item\":\"https:\/\/www.piovan.com\/tr\/products\/plastic\/feeding-conveying\/\"},{\"@type\":\"ListItem\",\"position\":4,\"name\":\"EasylinkEvo\"}]},{\"@type\":\"WebSite\",\"@id\":\"https:\/\/www.piovan.com\/#website\",\"url\":\"https:\/\/www.piovan.com\/\",\"name\":\"PiovanGroup\",\"description\":\"\",\"publisher\":{\"@id\":\"https:\/\/www.piovan.com\/#organization\"},\"potentialAction\":[{\"@type\":\"SearchAction\",\"target\":{\"@type\":\"EntryPoint\",\"urlTemplate\":\"https:\/\/www.piovan.com\/?s={search_term_string}\"},\"query-input\":\"required name=search_term_string\"}],\"inLanguage\":\"tr\"},{\"@type\":\"Organization\",\"@id\":\"https:\/\/www.piovan.com\/#organization\",\"name\":\"PiovanGroup\",\"url\":\"https:\/\/www.piovan.com\/\",\"logo\":{\"@type\":\"ImageObject\",\"inLanguage\":\"tr\",\"@id\":\"https:\/\/www.piovan.com\/#\/schema\/logo\/image\/\",\"url\":\"https:\/\/www.piovan.com\/wp-content\/uploads\/2021\/06\/logo@2x.png\",\"contentUrl\":\"https:\/\/www.piovan.com\/wp-content\/uploads\/2021\/06\/logo@2x.png\",\"width\":489,\"height\":78,\"caption\":\"PiovanGroup\"},\"image\":{\"@id\":\"https:\/\/www.piovan.com\/#\/schema\/logo\/image\/\"}}]}<\/script>","yoast_head_json":{"title":"EasylinkEvo - PiovanGroup","description":"EasylinkEvo is the new automatic coupling station, capable of managing up to 60 inlets\/outlets with duct diameters ranging from 40 to 76 mm, while maintaining a minimal footprint.","robots":{"index":"index","follow":"follow","max-snippet":"max-snippet:-1","max-image-preview":"max-image-preview:large","max-video-preview":"max-video-preview:-1"},"canonical":"https:\/\/www.piovan.com\/tr\/product\/easylinkevo\/","og_locale":"tr_TR","og_type":"article","og_title":"EasylinkEvo - PiovanGroup","og_description":"EasylinkEvo is the new automatic coupling station, capable of managing up to 60 inlets\/outlets with duct diameters ranging from 40 to 76 mm, while maintaining a minimal footprint.","og_url":"https:\/\/www.piovan.com\/tr\/product\/easylinkevo\/","og_site_name":"PiovanGroup","article_modified_time":"2025-10-09T15:21:48+00:00","og_image":[{"width":1200,"height":1560,"url":"https:\/\/www.piovan.com\/wp-content\/uploads\/EasylinkEVO_1200x1560px.png","type":"image\/png"}],"twitter_card":"summary_large_image","schema":{"@context":"https:\/\/schema.org","@graph":[{"@type":"WebPage","@id":"https:\/\/www.piovan.com\/product\/easylinkevo\/","url":"https:\/\/www.piovan.com\/product\/easylinkevo\/","name":"EasylinkEvo - PiovanGroup","isPartOf":{"@id":"https:\/\/www.piovan.com\/#website"},"datePublished":"2025-09-24T14:51:38+00:00","dateModified":"2025-10-09T15:21:48+00:00","description":"EasylinkEvo is the new automatic coupling station, capable of managing up to 60 inlets\/outlets with duct diameters ranging from 40 to 76 mm, while maintaining a minimal footprint.","breadcrumb":{"@id":"https:\/\/www.piovan.com\/product\/easylinkevo\/#breadcrumb"},"inLanguage":"tr","potentialAction":[{"@type":"ReadAction","target":["https:\/\/www.piovan.com\/product\/easylinkevo\/"]}]},{"@type":"BreadcrumbList","@id":"https:\/\/www.piovan.com\/product\/easylinkevo\/#breadcrumb","itemListElement":[{"@type":"ListItem","position":1,"name":"Home","item":"https:\/\/www.piovan.com\/"},{"@type":"ListItem","position":2,"name":"Plastic","item":"https:\/\/www.piovan.com\/tr\/products\/plastic\/"},{"@type":"ListItem","position":3,"name":"Feeding &amp; Conveying","item":"https:\/\/www.piovan.com\/tr\/products\/plastic\/feeding-conveying\/"},{"@type":"ListItem","position":4,"name":"EasylinkEvo"}]},{"@type":"WebSite","@id":"https:\/\/www.piovan.com\/#website","url":"https:\/\/www.piovan.com\/","name":"PiovanGroup","description":"","publisher":{"@id":"https:\/\/www.piovan.com\/#organization"},"potentialAction":[{"@type":"SearchAction","target":{"@type":"EntryPoint","urlTemplate":"https:\/\/www.piovan.com\/?s={search_term_string}"},"query-input":"required name=search_term_string"}],"inLanguage":"tr"},{"@type":"Organization","@id":"https:\/\/www.piovan.com\/#organization","name":"PiovanGroup","url":"https:\/\/www.piovan.com\/","logo":{"@type":"ImageObject","inLanguage":"tr","@id":"https:\/\/www.piovan.com\/#\/schema\/logo\/image\/","url":"https:\/\/www.piovan.com\/wp-content\/uploads\/2021\/06\/logo@2x.png","contentUrl":"https:\/\/www.piovan.com\/wp-content\/uploads\/2021\/06\/logo@2x.png","width":489,"height":78,"caption":"PiovanGroup"},"image":{"@id":"https:\/\/www.piovan.com\/#\/schema\/logo\/image\/"}}]}},"_links":{"self":[{"href":"https:\/\/www.piovan.com\/tr\/wp-json\/wp\/v2\/product\/15653"}],"collection":[{"href":"https:\/\/www.piovan.com\/tr\/wp-json\/wp\/v2\/product"}],"about":[{"href":"https:\/\/www.piovan.com\/tr\/wp-json\/wp\/v2\/types\/product"}],"version-history":[{"count":3,"href":"https:\/\/www.piovan.com\/tr\/wp-json\/wp\/v2\/product\/15653\/revisions"}],"predecessor-version":[{"id":15737,"href":"https:\/\/www.piovan.com\/tr\/wp-json\/wp\/v2\/product\/15653\/revisions\/15737"}],"wp:featuredmedia":[{"embeddable":true,"href":"https:\/\/www.piovan.com\/tr\/wp-json\/wp\/v2\/media\/15681"}],"wp:attachment":[{"href":"https:\/\/www.piovan.com\/tr\/wp-json\/wp\/v2\/media?parent=15653"}],"wp:term":[{"taxonomy":"post_tag","embeddable":true,"href":"https:\/\/www.piovan.com\/tr\/wp-json\/wp\/v2\/tags?post=15653"}],"curies":[{"name":"wp","href":"https:\/\/api.w.org\/{rel}","templated":true}]}}