{"id":13394,"date":"2024-10-01T16:17:52","date_gmt":"2024-10-01T14:17:52","guid":{"rendered":"https:\/\/www.piovan.com\/?post_type=product&#038;p=13394"},"modified":"2024-12-11T11:02:48","modified_gmt":"2024-12-11T10:02:48","slug":"deduster","status":"publish","type":"product","link":"https:\/\/www.piovan.com\/tr\/product\/deduster\/","title":{"rendered":"DeDuster\u00ae"},"content":{"rendered":"<p>Baz\u0131 toz ve kirleticiler do\u011fal olarak olu\u015furken, di\u011ferleri \u00fcr\u00fcnlerin i\u015flenme \u015fekli nedeniyle ortaya \u00e7\u0131kar. Geri d\u00f6n\u00fc\u015f\u00fcm plastiklerin \u00f6\u011f\u00fct\u00fclmesi i\u015flemi do\u011fal olarak toz ve \u015feritler \u00fcretir; hem ince par\u00e7ac\u0131klar (toz) hem de melek sa\u00e7\u0131 (\u015feritler) ta\u015f\u0131ma hatlar\u0131ndaki s\u00fcrt\u00fcnme nedeniyle olu\u015fur. Seyreltik faz sistemleri b\u00fcy\u00fck miktarda toz ve \u015feritler olu\u015fturur; h\u0131z ne kadar y\u00fcksekse, toz miktar\u0131 da o kadar fazla olur. Dirsekler de s\u00fcrt\u00fcnmeye neden olur ve daha fazla toz ve \u015ferit olu\u015fumuna yol a\u00e7ar. Yo\u011fun faz veya yava\u015f hareket sistemlerindeki y\u00fcksek bas\u0131n\u00e7, duvar s\u00fcrt\u00fcnmesi ve peletler aras\u0131ndaki s\u00fcrt\u00fcnme nedeniyle \u00e7ok ince toz olu\u015fturur. S\u0131cakl\u0131k, pelet \u015fekli ve \u00fcr\u00fcn \u00f6zellikleri de toz olu\u015fumuna katk\u0131da bulunabilir.<\/p>\n<p>Plastik end\u00fcstrisi, hem peletlerin hem de bitmi\u015f plastik \u00fcr\u00fcn\u00fcn kalitesini iyile\u015ftirmek i\u00e7in peletleri temizler.<\/p>\n<p>Bu gereksinimleri kar\u015f\u0131lamak i\u00e7in Piovan Group'un bir par\u00e7as\u0131 olan Pelletron, \u00e7e\u015fitli hava y\u0131kama prensiplerini ve devrim niteli\u011findeki elektrostatik ak\u0131\u015f alan\u0131 \u00f6zelli\u011fini bir araya getiren bir temizleme makinesi geli\u015ftirdi ve bunu m\u00fcmk\u00fcn olan en d\u00fc\u015f\u00fck y\u00fckseklikte \u00fcretti. Elektrostatik olarak y\u00fckl\u00fc par\u00e7ac\u0131klar Manyetik Ak\u0131\u015f Alan\u0131na girdi\u011finde, ortaya \u00e7\u0131kan \"Lorentz Kuvveti\" ince toz ve plastik peletler aras\u0131ndaki elektrostatik ba\u011f\u0131 zay\u0131flat\u0131r. Bu zay\u0131flama, hava ak\u0131m\u0131 ile birle\u015ferek pelet y\u00fczeylerine \u00e7ekilen mikro ince par\u00e7ac\u0131klar\u0131n uzakla\u015ft\u0131r\u0131lmas\u0131n\u0131 sa\u011flar.<\/p>","protected":false},"featured_media":13970,"template":"","tags":[],"acf":[],"yoast_head":"<title>DeDuster\u00ae - PiovanGroup<\/title>\n<meta name=\"robots\" content=\"index, follow, max-snippet:-1, max-image-preview:large, max-video-preview:-1\" \/>\n<link rel=\"canonical\" href=\"https:\/\/www.piovan.com\/tr\/product\/deduster\/\" \/>\n<meta property=\"og:locale\" content=\"tr_TR\" \/>\n<meta property=\"og:type\" content=\"article\" \/>\n<meta property=\"og:title\" content=\"DeDuster\u00ae - PiovanGroup\" \/>\n<meta property=\"og:description\" content=\"Some dust and contaminants occur naturally while others are caused by the way the products are handled. The grinding process of post-consumer plastic naturally produces dust and Impurities in plastic pellets, both fines (dust) and angel hair (streamers), are generated by the friction in conveying lines. Dilute phase systems create large amounts of dust and streamers; the higher the velocity, the larger the amount of impurities. Pipe elbows also cause friction and result in the creation of more dust and [&hellip;]\" \/>\n<meta property=\"og:url\" content=\"https:\/\/www.piovan.com\/tr\/product\/deduster\/\" \/>\n<meta property=\"og:site_name\" content=\"PiovanGroup\" \/>\n<meta property=\"article:modified_time\" content=\"2024-12-11T10:02:48+00:00\" \/>\n<meta property=\"og:image\" content=\"https:\/\/www.piovan.com\/wp-content\/uploads\/DeDuster-1.png\" \/>\n\t<meta property=\"og:image:width\" content=\"1200\" \/>\n\t<meta property=\"og:image:height\" content=\"1560\" \/>\n\t<meta property=\"og:image:type\" content=\"image\/png\" \/>\n<meta name=\"twitter:card\" content=\"summary_large_image\" \/>\n<script type=\"application\/ld+json\" class=\"yoast-schema-graph\">{\"@context\":\"https:\/\/schema.org\",\"@graph\":[{\"@type\":\"WebPage\",\"@id\":\"https:\/\/www.piovan.com\/product\/deduster\/\",\"url\":\"https:\/\/www.piovan.com\/product\/deduster\/\",\"name\":\"DeDuster\u00ae - PiovanGroup\",\"isPartOf\":{\"@id\":\"https:\/\/www.piovan.com\/#website\"},\"datePublished\":\"2024-10-01T14:17:52+00:00\",\"dateModified\":\"2024-12-11T10:02:48+00:00\",\"breadcrumb\":{\"@id\":\"https:\/\/www.piovan.com\/product\/deduster\/#breadcrumb\"},\"inLanguage\":\"tr\",\"potentialAction\":[{\"@type\":\"ReadAction\",\"target\":[\"https:\/\/www.piovan.com\/product\/deduster\/\"]}]},{\"@type\":\"BreadcrumbList\",\"@id\":\"https:\/\/www.piovan.com\/product\/deduster\/#breadcrumb\",\"itemListElement\":[{\"@type\":\"ListItem\",\"position\":1,\"name\":\"Home\",\"item\":\"https:\/\/www.piovan.com\/\"},{\"@type\":\"ListItem\",\"position\":2,\"name\":\"Plastic\",\"item\":\"https:\/\/www.piovan.com\/tr\/products\/plastic\/\"},{\"@type\":\"ListItem\",\"position\":3,\"name\":\"Feeding &amp; Conveying\",\"item\":\"https:\/\/www.piovan.com\/tr\/products\/plastic\/feeding-conveying\/\"},{\"@type\":\"ListItem\",\"position\":4,\"name\":\"DeDuster\u00ae\"}]},{\"@type\":\"WebSite\",\"@id\":\"https:\/\/www.piovan.com\/#website\",\"url\":\"https:\/\/www.piovan.com\/\",\"name\":\"PiovanGroup\",\"description\":\"\",\"publisher\":{\"@id\":\"https:\/\/www.piovan.com\/#organization\"},\"potentialAction\":[{\"@type\":\"SearchAction\",\"target\":{\"@type\":\"EntryPoint\",\"urlTemplate\":\"https:\/\/www.piovan.com\/?s={search_term_string}\"},\"query-input\":\"required name=search_term_string\"}],\"inLanguage\":\"tr\"},{\"@type\":\"Organization\",\"@id\":\"https:\/\/www.piovan.com\/#organization\",\"name\":\"PiovanGroup\",\"url\":\"https:\/\/www.piovan.com\/\",\"logo\":{\"@type\":\"ImageObject\",\"inLanguage\":\"tr\",\"@id\":\"https:\/\/www.piovan.com\/#\/schema\/logo\/image\/\",\"url\":\"https:\/\/www.piovan.com\/wp-content\/uploads\/2021\/06\/logo@2x.png\",\"contentUrl\":\"https:\/\/www.piovan.com\/wp-content\/uploads\/2021\/06\/logo@2x.png\",\"width\":489,\"height\":78,\"caption\":\"PiovanGroup\"},\"image\":{\"@id\":\"https:\/\/www.piovan.com\/#\/schema\/logo\/image\/\"}}]}<\/script>","yoast_head_json":{"title":"DeDuster\u00ae - PiovanGroup","robots":{"index":"index","follow":"follow","max-snippet":"max-snippet:-1","max-image-preview":"max-image-preview:large","max-video-preview":"max-video-preview:-1"},"canonical":"https:\/\/www.piovan.com\/tr\/product\/deduster\/","og_locale":"tr_TR","og_type":"article","og_title":"DeDuster\u00ae - PiovanGroup","og_description":"Some dust and contaminants occur naturally while others are caused by the way the products are handled. The grinding process of post-consumer plastic naturally produces dust and Impurities in plastic pellets, both fines (dust) and angel hair (streamers), are generated by the friction in conveying lines. Dilute phase systems create large amounts of dust and streamers; the higher the velocity, the larger the amount of impurities. Pipe elbows also cause friction and result in the creation of more dust and [&hellip;]","og_url":"https:\/\/www.piovan.com\/tr\/product\/deduster\/","og_site_name":"PiovanGroup","article_modified_time":"2024-12-11T10:02:48+00:00","og_image":[{"width":1200,"height":1560,"url":"https:\/\/www.piovan.com\/wp-content\/uploads\/DeDuster-1.png","type":"image\/png"}],"twitter_card":"summary_large_image","schema":{"@context":"https:\/\/schema.org","@graph":[{"@type":"WebPage","@id":"https:\/\/www.piovan.com\/product\/deduster\/","url":"https:\/\/www.piovan.com\/product\/deduster\/","name":"DeDuster\u00ae - PiovanGroup","isPartOf":{"@id":"https:\/\/www.piovan.com\/#website"},"datePublished":"2024-10-01T14:17:52+00:00","dateModified":"2024-12-11T10:02:48+00:00","breadcrumb":{"@id":"https:\/\/www.piovan.com\/product\/deduster\/#breadcrumb"},"inLanguage":"tr","potentialAction":[{"@type":"ReadAction","target":["https:\/\/www.piovan.com\/product\/deduster\/"]}]},{"@type":"BreadcrumbList","@id":"https:\/\/www.piovan.com\/product\/deduster\/#breadcrumb","itemListElement":[{"@type":"ListItem","position":1,"name":"Home","item":"https:\/\/www.piovan.com\/"},{"@type":"ListItem","position":2,"name":"Plastic","item":"https:\/\/www.piovan.com\/tr\/products\/plastic\/"},{"@type":"ListItem","position":3,"name":"Feeding &amp; Conveying","item":"https:\/\/www.piovan.com\/tr\/products\/plastic\/feeding-conveying\/"},{"@type":"ListItem","position":4,"name":"DeDuster\u00ae"}]},{"@type":"WebSite","@id":"https:\/\/www.piovan.com\/#website","url":"https:\/\/www.piovan.com\/","name":"PiovanGroup","description":"","publisher":{"@id":"https:\/\/www.piovan.com\/#organization"},"potentialAction":[{"@type":"SearchAction","target":{"@type":"EntryPoint","urlTemplate":"https:\/\/www.piovan.com\/?s={search_term_string}"},"query-input":"required name=search_term_string"}],"inLanguage":"tr"},{"@type":"Organization","@id":"https:\/\/www.piovan.com\/#organization","name":"PiovanGroup","url":"https:\/\/www.piovan.com\/","logo":{"@type":"ImageObject","inLanguage":"tr","@id":"https:\/\/www.piovan.com\/#\/schema\/logo\/image\/","url":"https:\/\/www.piovan.com\/wp-content\/uploads\/2021\/06\/logo@2x.png","contentUrl":"https:\/\/www.piovan.com\/wp-content\/uploads\/2021\/06\/logo@2x.png","width":489,"height":78,"caption":"PiovanGroup"},"image":{"@id":"https:\/\/www.piovan.com\/#\/schema\/logo\/image\/"}}]}},"_links":{"self":[{"href":"https:\/\/www.piovan.com\/tr\/wp-json\/wp\/v2\/product\/13394"}],"collection":[{"href":"https:\/\/www.piovan.com\/tr\/wp-json\/wp\/v2\/product"}],"about":[{"href":"https:\/\/www.piovan.com\/tr\/wp-json\/wp\/v2\/types\/product"}],"version-history":[{"count":4,"href":"https:\/\/www.piovan.com\/tr\/wp-json\/wp\/v2\/product\/13394\/revisions"}],"predecessor-version":[{"id":13552,"href":"https:\/\/www.piovan.com\/tr\/wp-json\/wp\/v2\/product\/13394\/revisions\/13552"}],"wp:featuredmedia":[{"embeddable":true,"href":"https:\/\/www.piovan.com\/tr\/wp-json\/wp\/v2\/media\/13970"}],"wp:attachment":[{"href":"https:\/\/www.piovan.com\/tr\/wp-json\/wp\/v2\/media?parent=13394"}],"wp:term":[{"taxonomy":"post_tag","embeddable":true,"href":"https:\/\/www.piovan.com\/tr\/wp-json\/wp\/v2\/tags?post=13394"}],"curies":[{"name":"wp","href":"https:\/\/api.w.org\/{rel}","templated":true}]}}