{"id":13392,"date":"2024-10-01T16:53:57","date_gmt":"2024-10-01T14:53:57","guid":{"rendered":"https:\/\/www.piovan.com\/?post_type=product&#038;p=13392"},"modified":"2025-02-26T11:54:21","modified_gmt":"2025-02-26T10:54:21","slug":"handlinkevo","status":"publish","type":"product","link":"https:\/\/www.piovan.com\/tr\/product\/handlinkevo\/","title":{"rendered":"HandlinkEVO"},"content":{"rendered":"<p>Handlink, vakum sa\u011flarken kirlenmeyi \u00f6nleyen contas\u0131z manuel da\u011f\u0131t\u0131m istasyonudur.<\/p>\n<p>Handlink'in yeni ba\u011flant\u0131 aparatlar\u0131nda plastik gran\u00fcllerle temas eden tek malzeme paslanmaz \u00e7eliktir.<\/p>\n<p>The Handlink EVO version is equipped with an RFID tagging system with a local LED for real-time status of the connection.<\/p>\n<p>Easy3+ ile birlikte besleme sistemi, kaynak ve hedef aras\u0131nda uygun kapanma veya e\u015fle\u015fmeyi kontrol ederek a\u00e7\u0131k devre veya malzeme uyu\u015fmazl\u0131\u011f\u0131 durumunda besleme d\u00f6ng\u00fclerini engeller ve operat\u00f6r\u00fc uyar\u0131r.<\/p>\n<p>The Handlink EVO version allows the operator to couple material sources and receivers without error. A system of flashing colored LEDs assists the operator when setting up Handlink EVO. On request, Handlink EVO can also be integrated with Users\u2019 feeding systems.<\/p>\n<p>Gerekirse, pirin\u00e7 di\u015fli ba\u011flant\u0131 aparatlar\u0131 ve etiketleme sistemi olmayan bir versiyon da mevcuttur.<\/p>","protected":false},"featured_media":13486,"template":"","tags":[108],"acf":[],"yoast_head":"<title>HandlinkEVO - PiovanGroup<\/title>\n<meta name=\"robots\" content=\"index, follow, max-snippet:-1, max-image-preview:large, max-video-preview:-1\" \/>\n<link rel=\"canonical\" href=\"https:\/\/www.piovan.com\/tr\/product\/handlinkevo\/\" \/>\n<meta property=\"og:locale\" content=\"tr_TR\" \/>\n<meta property=\"og:type\" content=\"article\" \/>\n<meta property=\"og:title\" content=\"HandlinkEVO - PiovanGroup\" \/>\n<meta property=\"og:description\" content=\"Handlink is the gasket-less manual coupling station that avoids contamination while assuring vacuum. With the new couplings of Handlink, stainless steel is the only material that is in contact with the plastic granules. The Handlink EVO version is equipped with an RFID tagging system with a local LED for real-time status of the connection. In conjunction with Easy3+, the feeding system controls the proper closing or match between source and destination inhibiting the feeding cycles in case of open circuit [&hellip;]\" \/>\n<meta property=\"og:url\" content=\"https:\/\/www.piovan.com\/tr\/product\/handlinkevo\/\" \/>\n<meta property=\"og:site_name\" content=\"PiovanGroup\" \/>\n<meta property=\"article:modified_time\" content=\"2025-02-26T10:54:21+00:00\" \/>\n<meta property=\"og:image\" content=\"https:\/\/www.piovan.com\/wp-content\/uploads\/Handlink-Evo.png\" \/>\n\t<meta property=\"og:image:width\" content=\"1200\" \/>\n\t<meta property=\"og:image:height\" content=\"1560\" \/>\n\t<meta property=\"og:image:type\" content=\"image\/png\" \/>\n<meta name=\"twitter:card\" content=\"summary_large_image\" \/>\n<script type=\"application\/ld+json\" class=\"yoast-schema-graph\">{\"@context\":\"https:\/\/schema.org\",\"@graph\":[{\"@type\":\"WebPage\",\"@id\":\"https:\/\/www.piovan.com\/product\/handlinkevo\/\",\"url\":\"https:\/\/www.piovan.com\/product\/handlinkevo\/\",\"name\":\"HandlinkEVO - PiovanGroup\",\"isPartOf\":{\"@id\":\"https:\/\/www.piovan.com\/#website\"},\"datePublished\":\"2024-10-01T14:53:57+00:00\",\"dateModified\":\"2025-02-26T10:54:21+00:00\",\"breadcrumb\":{\"@id\":\"https:\/\/www.piovan.com\/product\/handlinkevo\/#breadcrumb\"},\"inLanguage\":\"tr\",\"potentialAction\":[{\"@type\":\"ReadAction\",\"target\":[\"https:\/\/www.piovan.com\/product\/handlinkevo\/\"]}]},{\"@type\":\"BreadcrumbList\",\"@id\":\"https:\/\/www.piovan.com\/product\/handlinkevo\/#breadcrumb\",\"itemListElement\":[{\"@type\":\"ListItem\",\"position\":1,\"name\":\"Home\",\"item\":\"https:\/\/www.piovan.com\/\"},{\"@type\":\"ListItem\",\"position\":2,\"name\":\"Plastic\",\"item\":\"https:\/\/www.piovan.com\/tr\/products\/plastic\/\"},{\"@type\":\"ListItem\",\"position\":3,\"name\":\"Feeding &amp; Conveying\",\"item\":\"https:\/\/www.piovan.com\/tr\/products\/plastic\/feeding-conveying\/\"},{\"@type\":\"ListItem\",\"position\":4,\"name\":\"HandlinkEVO\"}]},{\"@type\":\"WebSite\",\"@id\":\"https:\/\/www.piovan.com\/#website\",\"url\":\"https:\/\/www.piovan.com\/\",\"name\":\"PiovanGroup\",\"description\":\"\",\"publisher\":{\"@id\":\"https:\/\/www.piovan.com\/#organization\"},\"potentialAction\":[{\"@type\":\"SearchAction\",\"target\":{\"@type\":\"EntryPoint\",\"urlTemplate\":\"https:\/\/www.piovan.com\/?s={search_term_string}\"},\"query-input\":\"required name=search_term_string\"}],\"inLanguage\":\"tr\"},{\"@type\":\"Organization\",\"@id\":\"https:\/\/www.piovan.com\/#organization\",\"name\":\"PiovanGroup\",\"url\":\"https:\/\/www.piovan.com\/\",\"logo\":{\"@type\":\"ImageObject\",\"inLanguage\":\"tr\",\"@id\":\"https:\/\/www.piovan.com\/#\/schema\/logo\/image\/\",\"url\":\"https:\/\/www.piovan.com\/wp-content\/uploads\/2021\/06\/logo@2x.png\",\"contentUrl\":\"https:\/\/www.piovan.com\/wp-content\/uploads\/2021\/06\/logo@2x.png\",\"width\":489,\"height\":78,\"caption\":\"PiovanGroup\"},\"image\":{\"@id\":\"https:\/\/www.piovan.com\/#\/schema\/logo\/image\/\"}}]}<\/script>","yoast_head_json":{"title":"HandlinkEVO - PiovanGroup","robots":{"index":"index","follow":"follow","max-snippet":"max-snippet:-1","max-image-preview":"max-image-preview:large","max-video-preview":"max-video-preview:-1"},"canonical":"https:\/\/www.piovan.com\/tr\/product\/handlinkevo\/","og_locale":"tr_TR","og_type":"article","og_title":"HandlinkEVO - PiovanGroup","og_description":"Handlink is the gasket-less manual coupling station that avoids contamination while assuring vacuum. With the new couplings of Handlink, stainless steel is the only material that is in contact with the plastic granules. The Handlink EVO version is equipped with an RFID tagging system with a local LED for real-time status of the connection. In conjunction with Easy3+, the feeding system controls the proper closing or match between source and destination inhibiting the feeding cycles in case of open circuit [&hellip;]","og_url":"https:\/\/www.piovan.com\/tr\/product\/handlinkevo\/","og_site_name":"PiovanGroup","article_modified_time":"2025-02-26T10:54:21+00:00","og_image":[{"width":1200,"height":1560,"url":"https:\/\/www.piovan.com\/wp-content\/uploads\/Handlink-Evo.png","type":"image\/png"}],"twitter_card":"summary_large_image","schema":{"@context":"https:\/\/schema.org","@graph":[{"@type":"WebPage","@id":"https:\/\/www.piovan.com\/product\/handlinkevo\/","url":"https:\/\/www.piovan.com\/product\/handlinkevo\/","name":"HandlinkEVO - PiovanGroup","isPartOf":{"@id":"https:\/\/www.piovan.com\/#website"},"datePublished":"2024-10-01T14:53:57+00:00","dateModified":"2025-02-26T10:54:21+00:00","breadcrumb":{"@id":"https:\/\/www.piovan.com\/product\/handlinkevo\/#breadcrumb"},"inLanguage":"tr","potentialAction":[{"@type":"ReadAction","target":["https:\/\/www.piovan.com\/product\/handlinkevo\/"]}]},{"@type":"BreadcrumbList","@id":"https:\/\/www.piovan.com\/product\/handlinkevo\/#breadcrumb","itemListElement":[{"@type":"ListItem","position":1,"name":"Home","item":"https:\/\/www.piovan.com\/"},{"@type":"ListItem","position":2,"name":"Plastic","item":"https:\/\/www.piovan.com\/tr\/products\/plastic\/"},{"@type":"ListItem","position":3,"name":"Feeding &amp; Conveying","item":"https:\/\/www.piovan.com\/tr\/products\/plastic\/feeding-conveying\/"},{"@type":"ListItem","position":4,"name":"HandlinkEVO"}]},{"@type":"WebSite","@id":"https:\/\/www.piovan.com\/#website","url":"https:\/\/www.piovan.com\/","name":"PiovanGroup","description":"","publisher":{"@id":"https:\/\/www.piovan.com\/#organization"},"potentialAction":[{"@type":"SearchAction","target":{"@type":"EntryPoint","urlTemplate":"https:\/\/www.piovan.com\/?s={search_term_string}"},"query-input":"required name=search_term_string"}],"inLanguage":"tr"},{"@type":"Organization","@id":"https:\/\/www.piovan.com\/#organization","name":"PiovanGroup","url":"https:\/\/www.piovan.com\/","logo":{"@type":"ImageObject","inLanguage":"tr","@id":"https:\/\/www.piovan.com\/#\/schema\/logo\/image\/","url":"https:\/\/www.piovan.com\/wp-content\/uploads\/2021\/06\/logo@2x.png","contentUrl":"https:\/\/www.piovan.com\/wp-content\/uploads\/2021\/06\/logo@2x.png","width":489,"height":78,"caption":"PiovanGroup"},"image":{"@id":"https:\/\/www.piovan.com\/#\/schema\/logo\/image\/"}}]}},"_links":{"self":[{"href":"https:\/\/www.piovan.com\/tr\/wp-json\/wp\/v2\/product\/13392"}],"collection":[{"href":"https:\/\/www.piovan.com\/tr\/wp-json\/wp\/v2\/product"}],"about":[{"href":"https:\/\/www.piovan.com\/tr\/wp-json\/wp\/v2\/types\/product"}],"version-history":[{"count":4,"href":"https:\/\/www.piovan.com\/tr\/wp-json\/wp\/v2\/product\/13392\/revisions"}],"predecessor-version":[{"id":14534,"href":"https:\/\/www.piovan.com\/tr\/wp-json\/wp\/v2\/product\/13392\/revisions\/14534"}],"wp:featuredmedia":[{"embeddable":true,"href":"https:\/\/www.piovan.com\/tr\/wp-json\/wp\/v2\/media\/13486"}],"wp:attachment":[{"href":"https:\/\/www.piovan.com\/tr\/wp-json\/wp\/v2\/media?parent=13392"}],"wp:term":[{"taxonomy":"post_tag","embeddable":true,"href":"https:\/\/www.piovan.com\/tr\/wp-json\/wp\/v2\/tags?post=13392"}],"curies":[{"name":"wp","href":"https:\/\/api.w.org\/{rel}","templated":true}]}}