{"id":12016,"date":"2024-04-04T12:49:00","date_gmt":"2024-04-04T10:49:00","guid":{"rendered":"https:\/\/www.piovan.com\/?post_type=product&#038;p=12016"},"modified":"2025-09-25T09:42:51","modified_gmt":"2025-09-25T07:42:51","slug":"quantum-plus","status":"publish","type":"product","link":"https:\/\/www.piovan.com\/tr\/product\/quantum-plus\/","title":{"rendered":"Quantum+"},"content":{"rendered":"<p>Quantum+ series is the merger of Quantum and MDW with the aim of rationalising and integrating the technical advantages of both series in a single device suitable for all plastic materials. The range can have up to 8 dosing stations, 2 of which can host auger feeders, which can be easily removed, for emptying or cleaning.<\/p>\n<p>Quantumdan, Paketleme, Otomotiv, End\u00fcstri ve Elektronik, Bina ve Yap\u0131, Dokuma, Mobilya, Oyuncak ve Z\u00fccaciye, T\u0131p ve Eczac\u0131l\u0131k, Geri d\u00f6n\u00fc\u015f\u00fcm ve Bile\u015fenleri gibi t\u00fcm uygulama \u00e7evrelerinde yararlan\u0131l\u0131r.<\/p>\n<p>Esnekli\u011fi iki ay\u0131rt edici ve e\u015fsiz \u00f6zelli\u011finden gelir. <BR>\n<BR>\nYeni nesil kar\u0131\u015ft\u0131r\u0131c\u0131lar\na. \u0130\u015fleme malzemesi ile temasa ge\u00e7en t\u00fcm y\u00fczeyler paslanmaz \u00e7eliktir ve t\u0131p ve yiyecek ve i\u00e7ecek sekt\u00f6r\u00fcnde bulunanlar gibi en kritik \u00e7evrelerde bulunabilir. D\u00fc\u015f\u00fck sertlik, fiziksel ko\u015fullar\u0131n de\u011fi\u015fimini engelleyerek polimer taneciklerin benzer bir \u015fekilde i\u015flenmesine izin verir ve k\u0131r\u0131lmay\u0131 \u00f6nler. B\u00f6ylece Quantum ham maddenin fiziksel \u00f6zelliklerini ve b\u00f6ylece plastik \u00fcr\u00fcn\u00fcn kalitesini korur. <BR>\nb. Her kar\u0131\u015ft\u0131r\u0131c\u0131 bo\u015faltmak ya da temizlemek i\u00e7in kolayca \u00e7\u0131kar\u0131labilecek 6 dozlama istasyonu ile \u00e7al\u0131\u015f\u0131r. Her dozlama istasyonu tek bir i\u00e7erik i\u00e7in ayr\u0131lm\u0131\u015ft\u0131r\u2014 ana madde ya da katk\u0131 maddesi olabilir; kolayca \u00e7\u0131karmak b\u00f6ylece malzeme de\u011fi\u015fikliklerine yard\u0131mc\u0131 olur ve tozdan ve at\u0131ktan dolay\u0131 kirlenmeksizin en uygun \u00e7al\u0131\u015fma ko\u015fullar\u0131 sa\u011flar. Bu uygulamalar\u0131n da\u011f\u0131lmas\u0131 i\u00e7in kar\u0131\u015ft\u0131r\u0131c\u0131ya ihtiyac\u0131 yoktur ve bireysel bir operat\u00f6r ile elle yap\u0131labilir. Dozlama istasyonlar\u0131 fabrikada t\u00fcm Quantum kar\u0131\u015ft\u0131r\u0131c\u0131larda kullan\u0131labilir.<\/p>\n<p>From QP20 to QP180 dosing elements can be removed without removing the hopper because the two elements are indipendent. This increases the security in maintenance phase.<\/p>\n<p>Quantum+ are available with removable and orientable Premium Evo 10\u2019\u2019 touch screen with all the main information on the blender and easy access to settings and event\/alarm. Ethernet port and the USB interface allow the log file to be downloaded and integration with supervision systems, such as Piovan Winfactory 4.0.<\/p>","protected":false},"featured_media":12140,"template":"","tags":[108],"acf":[],"yoast_head":"<title>Quantum+ - PiovanGroup<\/title>\n<meta name=\"robots\" content=\"index, follow, max-snippet:-1, max-image-preview:large, max-video-preview:-1\" \/>\n<link rel=\"canonical\" href=\"https:\/\/www.piovan.com\/tr\/product\/quantum-plus\/\" \/>\n<meta property=\"og:locale\" content=\"tr_TR\" \/>\n<meta property=\"og:type\" content=\"article\" \/>\n<meta property=\"og:title\" content=\"Quantum+ - PiovanGroup\" \/>\n<meta property=\"og:description\" content=\"Quantum+ series is the merger of Quantum and MDW with the aim of rationalising and integrating the technical advantages of both series in a single device suitable for all plastic materials. The range can have up to 8 dosing stations, 2 of which can host auger feeders, which can be easily removed, for emptying or cleaning. The mixer can be installed remotely over the processing machine assures the best mixing, especially after conveying of materials with different densities over long [&hellip;]\" \/>\n<meta property=\"og:url\" content=\"https:\/\/www.piovan.com\/tr\/product\/quantum-plus\/\" \/>\n<meta property=\"og:site_name\" content=\"PiovanGroup\" \/>\n<meta property=\"article:modified_time\" content=\"2025-09-25T07:42:51+00:00\" \/>\n<meta property=\"og:image\" content=\"https:\/\/www.piovan.com\/wp-content\/uploads\/DosingBlending_1200x1560px_Quantum-Plus.png\" \/>\n\t<meta property=\"og:image:width\" content=\"1200\" \/>\n\t<meta property=\"og:image:height\" content=\"1560\" \/>\n\t<meta property=\"og:image:type\" content=\"image\/png\" \/>\n<meta name=\"twitter:card\" content=\"summary_large_image\" \/>\n<script type=\"application\/ld+json\" class=\"yoast-schema-graph\">{\"@context\":\"https:\/\/schema.org\",\"@graph\":[{\"@type\":\"WebPage\",\"@id\":\"https:\/\/www.piovan.com\/product\/quantum-plus\/\",\"url\":\"https:\/\/www.piovan.com\/product\/quantum-plus\/\",\"name\":\"Quantum+ - PiovanGroup\",\"isPartOf\":{\"@id\":\"https:\/\/www.piovan.com\/#website\"},\"datePublished\":\"2024-04-04T10:49:00+00:00\",\"dateModified\":\"2025-09-25T07:42:51+00:00\",\"breadcrumb\":{\"@id\":\"https:\/\/www.piovan.com\/product\/quantum-plus\/#breadcrumb\"},\"inLanguage\":\"tr\",\"potentialAction\":[{\"@type\":\"ReadAction\",\"target\":[\"https:\/\/www.piovan.com\/product\/quantum-plus\/\"]}]},{\"@type\":\"BreadcrumbList\",\"@id\":\"https:\/\/www.piovan.com\/product\/quantum-plus\/#breadcrumb\",\"itemListElement\":[{\"@type\":\"ListItem\",\"position\":1,\"name\":\"Home\",\"item\":\"https:\/\/www.piovan.com\/\"},{\"@type\":\"ListItem\",\"position\":2,\"name\":\"Plastic\",\"item\":\"https:\/\/www.piovan.com\/tr\/products\/plastic\/\"},{\"@type\":\"ListItem\",\"position\":3,\"name\":\"Dosing &amp; Blending\",\"item\":\"https:\/\/www.piovan.com\/tr\/products\/plastic\/dosing-blending\/\"},{\"@type\":\"ListItem\",\"position\":4,\"name\":\"Quantum+\"}]},{\"@type\":\"WebSite\",\"@id\":\"https:\/\/www.piovan.com\/#website\",\"url\":\"https:\/\/www.piovan.com\/\",\"name\":\"PiovanGroup\",\"description\":\"\",\"publisher\":{\"@id\":\"https:\/\/www.piovan.com\/#organization\"},\"potentialAction\":[{\"@type\":\"SearchAction\",\"target\":{\"@type\":\"EntryPoint\",\"urlTemplate\":\"https:\/\/www.piovan.com\/?s={search_term_string}\"},\"query-input\":\"required name=search_term_string\"}],\"inLanguage\":\"tr\"},{\"@type\":\"Organization\",\"@id\":\"https:\/\/www.piovan.com\/#organization\",\"name\":\"PiovanGroup\",\"url\":\"https:\/\/www.piovan.com\/\",\"logo\":{\"@type\":\"ImageObject\",\"inLanguage\":\"tr\",\"@id\":\"https:\/\/www.piovan.com\/#\/schema\/logo\/image\/\",\"url\":\"https:\/\/www.piovan.com\/wp-content\/uploads\/2021\/06\/logo@2x.png\",\"contentUrl\":\"https:\/\/www.piovan.com\/wp-content\/uploads\/2021\/06\/logo@2x.png\",\"width\":489,\"height\":78,\"caption\":\"PiovanGroup\"},\"image\":{\"@id\":\"https:\/\/www.piovan.com\/#\/schema\/logo\/image\/\"}}]}<\/script>","yoast_head_json":{"title":"Quantum+ - PiovanGroup","robots":{"index":"index","follow":"follow","max-snippet":"max-snippet:-1","max-image-preview":"max-image-preview:large","max-video-preview":"max-video-preview:-1"},"canonical":"https:\/\/www.piovan.com\/tr\/product\/quantum-plus\/","og_locale":"tr_TR","og_type":"article","og_title":"Quantum+ - PiovanGroup","og_description":"Quantum+ series is the merger of Quantum and MDW with the aim of rationalising and integrating the technical advantages of both series in a single device suitable for all plastic materials. The range can have up to 8 dosing stations, 2 of which can host auger feeders, which can be easily removed, for emptying or cleaning. The mixer can be installed remotely over the processing machine assures the best mixing, especially after conveying of materials with different densities over long [&hellip;]","og_url":"https:\/\/www.piovan.com\/tr\/product\/quantum-plus\/","og_site_name":"PiovanGroup","article_modified_time":"2025-09-25T07:42:51+00:00","og_image":[{"width":1200,"height":1560,"url":"https:\/\/www.piovan.com\/wp-content\/uploads\/DosingBlending_1200x1560px_Quantum-Plus.png","type":"image\/png"}],"twitter_card":"summary_large_image","schema":{"@context":"https:\/\/schema.org","@graph":[{"@type":"WebPage","@id":"https:\/\/www.piovan.com\/product\/quantum-plus\/","url":"https:\/\/www.piovan.com\/product\/quantum-plus\/","name":"Quantum+ - PiovanGroup","isPartOf":{"@id":"https:\/\/www.piovan.com\/#website"},"datePublished":"2024-04-04T10:49:00+00:00","dateModified":"2025-09-25T07:42:51+00:00","breadcrumb":{"@id":"https:\/\/www.piovan.com\/product\/quantum-plus\/#breadcrumb"},"inLanguage":"tr","potentialAction":[{"@type":"ReadAction","target":["https:\/\/www.piovan.com\/product\/quantum-plus\/"]}]},{"@type":"BreadcrumbList","@id":"https:\/\/www.piovan.com\/product\/quantum-plus\/#breadcrumb","itemListElement":[{"@type":"ListItem","position":1,"name":"Home","item":"https:\/\/www.piovan.com\/"},{"@type":"ListItem","position":2,"name":"Plastic","item":"https:\/\/www.piovan.com\/tr\/products\/plastic\/"},{"@type":"ListItem","position":3,"name":"Dosing &amp; Blending","item":"https:\/\/www.piovan.com\/tr\/products\/plastic\/dosing-blending\/"},{"@type":"ListItem","position":4,"name":"Quantum+"}]},{"@type":"WebSite","@id":"https:\/\/www.piovan.com\/#website","url":"https:\/\/www.piovan.com\/","name":"PiovanGroup","description":"","publisher":{"@id":"https:\/\/www.piovan.com\/#organization"},"potentialAction":[{"@type":"SearchAction","target":{"@type":"EntryPoint","urlTemplate":"https:\/\/www.piovan.com\/?s={search_term_string}"},"query-input":"required name=search_term_string"}],"inLanguage":"tr"},{"@type":"Organization","@id":"https:\/\/www.piovan.com\/#organization","name":"PiovanGroup","url":"https:\/\/www.piovan.com\/","logo":{"@type":"ImageObject","inLanguage":"tr","@id":"https:\/\/www.piovan.com\/#\/schema\/logo\/image\/","url":"https:\/\/www.piovan.com\/wp-content\/uploads\/2021\/06\/logo@2x.png","contentUrl":"https:\/\/www.piovan.com\/wp-content\/uploads\/2021\/06\/logo@2x.png","width":489,"height":78,"caption":"PiovanGroup"},"image":{"@id":"https:\/\/www.piovan.com\/#\/schema\/logo\/image\/"}}]}},"_links":{"self":[{"href":"https:\/\/www.piovan.com\/tr\/wp-json\/wp\/v2\/product\/12016"}],"collection":[{"href":"https:\/\/www.piovan.com\/tr\/wp-json\/wp\/v2\/product"}],"about":[{"href":"https:\/\/www.piovan.com\/tr\/wp-json\/wp\/v2\/types\/product"}],"version-history":[{"count":5,"href":"https:\/\/www.piovan.com\/tr\/wp-json\/wp\/v2\/product\/12016\/revisions"}],"predecessor-version":[{"id":14456,"href":"https:\/\/www.piovan.com\/tr\/wp-json\/wp\/v2\/product\/12016\/revisions\/14456"}],"wp:featuredmedia":[{"embeddable":true,"href":"https:\/\/www.piovan.com\/tr\/wp-json\/wp\/v2\/media\/12140"}],"wp:attachment":[{"href":"https:\/\/www.piovan.com\/tr\/wp-json\/wp\/v2\/media?parent=12016"}],"wp:term":[{"taxonomy":"post_tag","embeddable":true,"href":"https:\/\/www.piovan.com\/tr\/wp-json\/wp\/v2\/tags?post=12016"}],"curies":[{"name":"wp","href":"https:\/\/api.w.org\/{rel}","templated":true}]}}