{"id":11833,"date":"2024-03-25T11:56:57","date_gmt":"2024-03-25T10:56:57","guid":{"rendered":"https:\/\/www.piovan.com\/product\/mdw-2\/"},"modified":"2025-01-10T09:42:39","modified_gmt":"2025-01-10T08:42:39","slug":"mdw","status":"publish","type":"product","link":"https:\/\/www.piovan.com\/tr\/product\/mdw\/","title":{"rendered":"MDW"},"content":{"rendered":"<p>Piovan MDW serisi yer\u00e7ekimsel kar\u0131\u015ft\u0131r\u0131c\u0131lar, \u00e7e\u015fitli yap\u0131land\u0131rmalar halinde sunulur ve 8 adede kadar gran\u00fcl malzemeyi dozlay\u0131p tartabilmesi sayesinde en uygun silo kapasitelerinin ve dozlama cihazlar\u0131n\u0131n se\u00e7ilmesini sa\u011flar. Kar\u0131\u015ft\u0131r\u0131c\u0131lar enjeksiyon ve \u00fcflemeli kal\u0131plama makineleriyle ve ekstr\u00fcderlerle kombine edilebilir ve 30 ile 1800 kg\/saat aras\u0131ndaki \u00fcretimleri kapsayabilir.<\/p>\n<p>Mikroi\u015flemcili elektronik kontrol, y\u00fcksek y\u00fcr\u00fctme h\u0131zlar\u0131n\u0131n yan\u0131 s\u0131ra \u00fcnitenin kolayl\u0131kla ayarlanmas\u0131n\u0131 sa\u011flar.\nOperat\u00f6r aray\u00fcz\u00fcden, basitle\u015ftirilmi\u015f keypad\u2019i ya da daha geli\u015fmi\u015f yeni versiyon Premium Evo\u2019yu se\u00e7mek m\u00fcmk\u00fcn, hepsi tamamen dokunmatik parlak 10\u201d in\u00e7 ekran \u00fczerinden. Ayarlanan ve ger\u00e7ek dozlama oranlar\u0131n\u0131n kar\u015f\u0131la\u015ft\u0131r\u0131lmas\u0131 ve \u00fcnitenin anl\u0131k \u00fcretimiyle ilgili veriler dahil olmak \u00fczere kar\u0131\u015ft\u0131r\u0131c\u0131 i\u015flevleriyle ilgili t\u00fcm \u00f6nemli bilgiler tek bir ekranda \u00f6zetlenir. Ayr\u0131ca eri\u015fim y\u00f6netimi ve olay\/alarm y\u00f6netimi gibi ek i\u015flevlere eri\u015fmek de m\u00fcmk\u00fcnd\u00fcr. Form\u00fcl oranlar\u0131 ayarland\u0131ktan sonra kar\u0131\u015ft\u0131r\u0131c\u0131 hemen dozlamaya ba\u015flar ve yaln\u0131zca birka\u00e7 seri sonra dozlanan miktarlar\u0131n stabilizasyonuna ula\u015f\u0131r.<\/p>\n<p>Standart yap\u0131land\u0131rma Ethernet portu ve USB arabirimi i\u00e7ermesi sayesinde kullan\u0131\u015fl\u0131 detayland\u0131rma i\u00e7in i\u015flev verilerinin indirilmesini ve \u00e7evrimd\u0131\u015f\u0131 olarak bu verilere dan\u0131\u015fabilmenizi sa\u011flar, ayr\u0131ca y\u00f6netim ama\u00e7l\u0131 Piovan Winfactory 4.0 yaz\u0131l\u0131m\u0131 gibi ba\u015fka sistemlerle ileti\u015fim kurulmas\u0131n\u0131 m\u00fcmk\u00fcn k\u0131lar. Bu platform, t\u00fcm yard\u0131mc\u0131 birimlerin uzak istasyonlardan y\u00f6netilmesini sa\u011flayan standartla\u015ft\u0131r\u0131lm\u0131\u015f bir platformdur. Winfactory 4.0, Dozlama mod\u00fcl\u00fcyle birlikte hammadde t\u00fcketimi hesaplama i\u015flevi sa\u011flayarak stok y\u00f6netimini optimize eder ve kalite sertifikal\u0131 \u00fcretim i\u015flerinin y\u00f6netilmesine yard\u0131mc\u0131 olur.<\/p>","protected":false},"featured_media":13560,"template":"","tags":[108,41],"acf":[],"yoast_head":"<title>MDW - PiovanGroup<\/title>\n<meta name=\"robots\" content=\"index, follow, max-snippet:-1, max-image-preview:large, max-video-preview:-1\" \/>\n<link rel=\"canonical\" href=\"https:\/\/www.piovan.com\/tr\/product\/mdw\/\" \/>\n<meta property=\"og:locale\" content=\"tr_TR\" \/>\n<meta property=\"og:type\" content=\"article\" \/>\n<meta property=\"og:title\" content=\"MDW - PiovanGroup\" \/>\n<meta property=\"og:description\" content=\"MDW blenders can dose and weigh up to 8 materials. The microprocessor control assures high execution speed, precision and simple setting of the unit. MDW blenders are available with Premium Evo, 10\u201d touch screen with all the main information on the blender and easy access to settings and event\/alarm. Ethernet port and the USB interface allow the downloading of log file and integration with supervision systems, such as Piovan Winfactory 4.0. This allows consumption recording to optimize stock or production [&hellip;]\" \/>\n<meta property=\"og:url\" content=\"https:\/\/www.piovan.com\/tr\/product\/mdw\/\" \/>\n<meta property=\"og:site_name\" content=\"PiovanGroup\" \/>\n<meta property=\"article:modified_time\" content=\"2025-01-10T08:42:39+00:00\" \/>\n<meta property=\"og:image\" content=\"https:\/\/www.piovan.com\/wp-content\/uploads\/MDW-1.png\" \/>\n\t<meta property=\"og:image:width\" content=\"1200\" \/>\n\t<meta property=\"og:image:height\" content=\"1560\" \/>\n\t<meta property=\"og:image:type\" content=\"image\/png\" \/>\n<meta name=\"twitter:card\" content=\"summary_large_image\" \/>\n<script type=\"application\/ld+json\" class=\"yoast-schema-graph\">{\"@context\":\"https:\/\/schema.org\",\"@graph\":[{\"@type\":\"WebPage\",\"@id\":\"https:\/\/www.piovan.com\/product\/mdw\/\",\"url\":\"https:\/\/www.piovan.com\/product\/mdw\/\",\"name\":\"MDW - PiovanGroup\",\"isPartOf\":{\"@id\":\"https:\/\/www.piovan.com\/#website\"},\"datePublished\":\"2024-03-25T10:56:57+00:00\",\"dateModified\":\"2025-01-10T08:42:39+00:00\",\"breadcrumb\":{\"@id\":\"https:\/\/www.piovan.com\/product\/mdw\/#breadcrumb\"},\"inLanguage\":\"tr\",\"potentialAction\":[{\"@type\":\"ReadAction\",\"target\":[\"https:\/\/www.piovan.com\/product\/mdw\/\"]}]},{\"@type\":\"BreadcrumbList\",\"@id\":\"https:\/\/www.piovan.com\/product\/mdw\/#breadcrumb\",\"itemListElement\":[{\"@type\":\"ListItem\",\"position\":1,\"name\":\"Home\",\"item\":\"https:\/\/www.piovan.com\/\"},{\"@type\":\"ListItem\",\"position\":2,\"name\":\"Plastic\",\"item\":\"https:\/\/www.piovan.com\/tr\/products\/plastic\/\"},{\"@type\":\"ListItem\",\"position\":3,\"name\":\"Dosing &amp; Blending\",\"item\":\"https:\/\/www.piovan.com\/tr\/products\/plastic\/dosing-blending\/\"},{\"@type\":\"ListItem\",\"position\":4,\"name\":\"MDW\"}]},{\"@type\":\"WebSite\",\"@id\":\"https:\/\/www.piovan.com\/#website\",\"url\":\"https:\/\/www.piovan.com\/\",\"name\":\"PiovanGroup\",\"description\":\"\",\"publisher\":{\"@id\":\"https:\/\/www.piovan.com\/#organization\"},\"potentialAction\":[{\"@type\":\"SearchAction\",\"target\":{\"@type\":\"EntryPoint\",\"urlTemplate\":\"https:\/\/www.piovan.com\/?s={search_term_string}\"},\"query-input\":\"required name=search_term_string\"}],\"inLanguage\":\"tr\"},{\"@type\":\"Organization\",\"@id\":\"https:\/\/www.piovan.com\/#organization\",\"name\":\"PiovanGroup\",\"url\":\"https:\/\/www.piovan.com\/\",\"logo\":{\"@type\":\"ImageObject\",\"inLanguage\":\"tr\",\"@id\":\"https:\/\/www.piovan.com\/#\/schema\/logo\/image\/\",\"url\":\"https:\/\/www.piovan.com\/wp-content\/uploads\/2021\/06\/logo@2x.png\",\"contentUrl\":\"https:\/\/www.piovan.com\/wp-content\/uploads\/2021\/06\/logo@2x.png\",\"width\":489,\"height\":78,\"caption\":\"PiovanGroup\"},\"image\":{\"@id\":\"https:\/\/www.piovan.com\/#\/schema\/logo\/image\/\"}}]}<\/script>","yoast_head_json":{"title":"MDW - PiovanGroup","robots":{"index":"index","follow":"follow","max-snippet":"max-snippet:-1","max-image-preview":"max-image-preview:large","max-video-preview":"max-video-preview:-1"},"canonical":"https:\/\/www.piovan.com\/tr\/product\/mdw\/","og_locale":"tr_TR","og_type":"article","og_title":"MDW - PiovanGroup","og_description":"MDW blenders can dose and weigh up to 8 materials. The microprocessor control assures high execution speed, precision and simple setting of the unit. MDW blenders are available with Premium Evo, 10\u201d touch screen with all the main information on the blender and easy access to settings and event\/alarm. Ethernet port and the USB interface allow the downloading of log file and integration with supervision systems, such as Piovan Winfactory 4.0. This allows consumption recording to optimize stock or production [&hellip;]","og_url":"https:\/\/www.piovan.com\/tr\/product\/mdw\/","og_site_name":"PiovanGroup","article_modified_time":"2025-01-10T08:42:39+00:00","og_image":[{"width":1200,"height":1560,"url":"https:\/\/www.piovan.com\/wp-content\/uploads\/MDW-1.png","type":"image\/png"}],"twitter_card":"summary_large_image","schema":{"@context":"https:\/\/schema.org","@graph":[{"@type":"WebPage","@id":"https:\/\/www.piovan.com\/product\/mdw\/","url":"https:\/\/www.piovan.com\/product\/mdw\/","name":"MDW - PiovanGroup","isPartOf":{"@id":"https:\/\/www.piovan.com\/#website"},"datePublished":"2024-03-25T10:56:57+00:00","dateModified":"2025-01-10T08:42:39+00:00","breadcrumb":{"@id":"https:\/\/www.piovan.com\/product\/mdw\/#breadcrumb"},"inLanguage":"tr","potentialAction":[{"@type":"ReadAction","target":["https:\/\/www.piovan.com\/product\/mdw\/"]}]},{"@type":"BreadcrumbList","@id":"https:\/\/www.piovan.com\/product\/mdw\/#breadcrumb","itemListElement":[{"@type":"ListItem","position":1,"name":"Home","item":"https:\/\/www.piovan.com\/"},{"@type":"ListItem","position":2,"name":"Plastic","item":"https:\/\/www.piovan.com\/tr\/products\/plastic\/"},{"@type":"ListItem","position":3,"name":"Dosing &amp; Blending","item":"https:\/\/www.piovan.com\/tr\/products\/plastic\/dosing-blending\/"},{"@type":"ListItem","position":4,"name":"MDW"}]},{"@type":"WebSite","@id":"https:\/\/www.piovan.com\/#website","url":"https:\/\/www.piovan.com\/","name":"PiovanGroup","description":"","publisher":{"@id":"https:\/\/www.piovan.com\/#organization"},"potentialAction":[{"@type":"SearchAction","target":{"@type":"EntryPoint","urlTemplate":"https:\/\/www.piovan.com\/?s={search_term_string}"},"query-input":"required name=search_term_string"}],"inLanguage":"tr"},{"@type":"Organization","@id":"https:\/\/www.piovan.com\/#organization","name":"PiovanGroup","url":"https:\/\/www.piovan.com\/","logo":{"@type":"ImageObject","inLanguage":"tr","@id":"https:\/\/www.piovan.com\/#\/schema\/logo\/image\/","url":"https:\/\/www.piovan.com\/wp-content\/uploads\/2021\/06\/logo@2x.png","contentUrl":"https:\/\/www.piovan.com\/wp-content\/uploads\/2021\/06\/logo@2x.png","width":489,"height":78,"caption":"PiovanGroup"},"image":{"@id":"https:\/\/www.piovan.com\/#\/schema\/logo\/image\/"}}]}},"_links":{"self":[{"href":"https:\/\/www.piovan.com\/tr\/wp-json\/wp\/v2\/product\/11833"}],"collection":[{"href":"https:\/\/www.piovan.com\/tr\/wp-json\/wp\/v2\/product"}],"about":[{"href":"https:\/\/www.piovan.com\/tr\/wp-json\/wp\/v2\/types\/product"}],"version-history":[{"count":4,"href":"https:\/\/www.piovan.com\/tr\/wp-json\/wp\/v2\/product\/11833\/revisions"}],"predecessor-version":[{"id":14216,"href":"https:\/\/www.piovan.com\/tr\/wp-json\/wp\/v2\/product\/11833\/revisions\/14216"}],"wp:featuredmedia":[{"embeddable":true,"href":"https:\/\/www.piovan.com\/tr\/wp-json\/wp\/v2\/media\/13560"}],"wp:attachment":[{"href":"https:\/\/www.piovan.com\/tr\/wp-json\/wp\/v2\/media?parent=11833"}],"wp:term":[{"taxonomy":"post_tag","embeddable":true,"href":"https:\/\/www.piovan.com\/tr\/wp-json\/wp\/v2\/tags?post=11833"}],"curies":[{"name":"wp","href":"https:\/\/api.w.org\/{rel}","templated":true}]}}