{"id":11255,"date":"2023-12-14T15:12:58","date_gmt":"2023-12-14T14:12:58","guid":{"rendered":"https:\/\/www.piovan.com\/product\/cw-0621-1921\/"},"modified":"2025-10-23T15:13:01","modified_gmt":"2025-10-23T13:13:01","slug":"cw-0621-1921","status":"publish","type":"product","link":"https:\/\/www.piovan.com\/tr\/product\/cw-0621-1921\/","title":{"rendered":"CW 0621-1921"},"content":{"rendered":"<p><strong>2 veya 3 X SCROLL kompres\u00f6r, 1 X so\u011futucu gaz devresi<\/strong><\/p>\n<p>CW Serisi so\u011futucular, her t\u00fcrl\u00fc ortam ko\u015fulundan ba\u011f\u0131ms\u0131z d\u00fc\u015f\u00fck s\u0131cakl\u0131kta su temin ederler. T\u00fcm end\u00fcstri kollar\u0131ndaki uygulamalar i\u00e7in tasarlanan \u00fcr\u00fcn gam\u0131, maksimum esneklik ve enerji tasarruflu \u00e7al\u0131\u015fma sunar.<\/p>\n<p><strong>Yararlar<\/strong><br \/>\n\u2022 Esnek \u00e7al\u0131\u015fma: 17\u00b0C ila 40\u00b0C aras\u0131 su yo\u011fu\u015fma s\u0131cakl\u0131\u011f\u0131<br \/>\n\u2022 \u00c7evre Dostu: ye\u015fil so\u011f\u00adutucu R407C<br \/>\n\u2022 D\u00fc\u015f\u00fck enerji emil\u00adimi ve d\u00fc\u015f\u00fck g\u00fcr\u00fc\u00adlt\u00fc seviyeleri: scroll kompres\u00f6rler<br \/>\n\u2022 Y\u00fcksek verimli \u0131s\u0131 de\u00adde\u011fi\u015fimi: sert lehimli paslanmaz \u00e7elik buharla\u015ft\u0131r\u0131c\u0131<br \/>\n\u2022 Optimum ak\u0131\u015f: dahili s\u00adsu sirk\u00fclasyon pompas\u0131 (\u00adiste\u011fe ba\u011fl\u0131)<br \/>\n\u2022 G\u00fcvenli \u00e7al\u0131\u015fma: y\u00fcksek ve d\u00fc\u015f\u00fck bas\u0131n\u00e7 anahtarlar\u0131, y\u00fcksek ve d\u00fc\u015f\u00fck bas\u0131n\u00e7 g\u00f6stergeleri, ak\u0131\u015f anahtar\u0131<br \/>\n\u2022 Kullan\u0131m\u0131 kolay: temel su s\u0131cakl\u0131\u011f\u0131n\u0131 g\u00f6steren mikro i\u015flemci kontrol\u00fc<\/p>\n<p><strong>Se\u00e7enekler<\/strong><br \/>\n\u2022 Yo\u011fu\u015fma kontrol valfi: d\u00fc\u015f\u00fck yo\u011fu\u015fma suyu s\u0131cakl\u0131\u011f\u0131n\u0131n en iyi \u015fekilde y\u00f6netilmesi i\u00e7in<br \/>\n\u2022 Buharla\u015ft\u0131r\u0131c\u0131 ba\u011flant\u0131lar\u0131 (flan\u015fl\u0131 veya lehimli)<br \/>\n\u2022 Piova\u00adn deneti\u00adm yaz\u0131l\u0131m\u0131na ba\u011flant\u0131 i\u00e7in seri aray\u00fcz\u00fc<\/p>","protected":false},"featured_media":11256,"template":"","tags":[168],"acf":[],"yoast_head":"<title>CW 0621-1921 - PiovanGroup<\/title>\n<meta name=\"robots\" content=\"index, follow, max-snippet:-1, max-image-preview:large, max-video-preview:-1\" \/>\n<link rel=\"canonical\" href=\"https:\/\/www.piovan.com\/tr\/product\/cw-0621-1921\/\" \/>\n<meta property=\"og:locale\" content=\"tr_TR\" \/>\n<meta property=\"og:type\" content=\"article\" \/>\n<meta property=\"og:title\" content=\"CW 0621-1921 - PiovanGroup\" \/>\n<meta property=\"og:description\" content=\"2 or 3 X SCROLL compressor, 1 X refrigerant circuit The CW Series chillers provide low temperature water independent from any ambient condition. The range, designed for application in all the industrial sectors, assures maximum flexibility and energy efficient functioning. Features \u2022 Water condensing temperature from 17\u00b0C up to 40\u00b0C \u2022 Green refrigerant R407C \u2022 Reduced energy absorption and lower noise levels \u2022 High efficient heat exchange: stainless steel brazed plate evaporator \u2022 Optimal flow: internal water circulation pump (optional) [&hellip;]\" \/>\n<meta property=\"og:url\" content=\"https:\/\/www.piovan.com\/tr\/product\/cw-0621-1921\/\" \/>\n<meta property=\"og:site_name\" content=\"PiovanGroup\" \/>\n<meta property=\"article:modified_time\" content=\"2025-10-23T13:13:01+00:00\" \/>\n<meta property=\"og:image\" content=\"https:\/\/www.piovan.com\/wp-content\/uploads\/0016_Ecosmart-CW-0621-1921-1.png\" \/>\n\t<meta property=\"og:image:width\" content=\"1200\" \/>\n\t<meta property=\"og:image:height\" content=\"1560\" \/>\n\t<meta property=\"og:image:type\" content=\"image\/png\" \/>\n<meta name=\"twitter:card\" content=\"summary_large_image\" \/>\n<script type=\"application\/ld+json\" class=\"yoast-schema-graph\">{\"@context\":\"https:\/\/schema.org\",\"@graph\":[{\"@type\":\"WebPage\",\"@id\":\"https:\/\/www.piovan.com\/product\/cw-0621-1921\/\",\"url\":\"https:\/\/www.piovan.com\/product\/cw-0621-1921\/\",\"name\":\"CW 0621-1921 - PiovanGroup\",\"isPartOf\":{\"@id\":\"https:\/\/www.piovan.com\/#website\"},\"datePublished\":\"2023-12-14T14:12:58+00:00\",\"dateModified\":\"2025-10-23T13:13:01+00:00\",\"breadcrumb\":{\"@id\":\"https:\/\/www.piovan.com\/product\/cw-0621-1921\/#breadcrumb\"},\"inLanguage\":\"tr\",\"potentialAction\":[{\"@type\":\"ReadAction\",\"target\":[\"https:\/\/www.piovan.com\/product\/cw-0621-1921\/\"]}]},{\"@type\":\"BreadcrumbList\",\"@id\":\"https:\/\/www.piovan.com\/product\/cw-0621-1921\/#breadcrumb\",\"itemListElement\":[{\"@type\":\"ListItem\",\"position\":1,\"name\":\"Home\",\"item\":\"https:\/\/www.piovan.com\/\"},{\"@type\":\"ListItem\",\"position\":2,\"name\":\"Industrial cooling\",\"item\":\"https:\/\/www.piovan.com\/tr\/products\/industrial-cooling\/\"},{\"@type\":\"ListItem\",\"position\":3,\"name\":\"Water-Cooled Chillers\",\"item\":\"https:\/\/www.piovan.com\/tr\/products\/industrial-cooling\/water-cooled-chillers\/\"},{\"@type\":\"ListItem\",\"position\":4,\"name\":\"CW 0621-1921\"}]},{\"@type\":\"WebSite\",\"@id\":\"https:\/\/www.piovan.com\/#website\",\"url\":\"https:\/\/www.piovan.com\/\",\"name\":\"PiovanGroup\",\"description\":\"\",\"publisher\":{\"@id\":\"https:\/\/www.piovan.com\/#organization\"},\"potentialAction\":[{\"@type\":\"SearchAction\",\"target\":{\"@type\":\"EntryPoint\",\"urlTemplate\":\"https:\/\/www.piovan.com\/?s={search_term_string}\"},\"query-input\":\"required name=search_term_string\"}],\"inLanguage\":\"tr\"},{\"@type\":\"Organization\",\"@id\":\"https:\/\/www.piovan.com\/#organization\",\"name\":\"PiovanGroup\",\"url\":\"https:\/\/www.piovan.com\/\",\"logo\":{\"@type\":\"ImageObject\",\"inLanguage\":\"tr\",\"@id\":\"https:\/\/www.piovan.com\/#\/schema\/logo\/image\/\",\"url\":\"https:\/\/www.piovan.com\/wp-content\/uploads\/2021\/06\/logo@2x.png\",\"contentUrl\":\"https:\/\/www.piovan.com\/wp-content\/uploads\/2021\/06\/logo@2x.png\",\"width\":489,\"height\":78,\"caption\":\"PiovanGroup\"},\"image\":{\"@id\":\"https:\/\/www.piovan.com\/#\/schema\/logo\/image\/\"}}]}<\/script>","yoast_head_json":{"title":"CW 0621-1921 - PiovanGroup","robots":{"index":"index","follow":"follow","max-snippet":"max-snippet:-1","max-image-preview":"max-image-preview:large","max-video-preview":"max-video-preview:-1"},"canonical":"https:\/\/www.piovan.com\/tr\/product\/cw-0621-1921\/","og_locale":"tr_TR","og_type":"article","og_title":"CW 0621-1921 - PiovanGroup","og_description":"2 or 3 X SCROLL compressor, 1 X refrigerant circuit The CW Series chillers provide low temperature water independent from any ambient condition. The range, designed for application in all the industrial sectors, assures maximum flexibility and energy efficient functioning. Features \u2022 Water condensing temperature from 17\u00b0C up to 40\u00b0C \u2022 Green refrigerant R407C \u2022 Reduced energy absorption and lower noise levels \u2022 High efficient heat exchange: stainless steel brazed plate evaporator \u2022 Optimal flow: internal water circulation pump (optional) [&hellip;]","og_url":"https:\/\/www.piovan.com\/tr\/product\/cw-0621-1921\/","og_site_name":"PiovanGroup","article_modified_time":"2025-10-23T13:13:01+00:00","og_image":[{"width":1200,"height":1560,"url":"https:\/\/www.piovan.com\/wp-content\/uploads\/0016_Ecosmart-CW-0621-1921-1.png","type":"image\/png"}],"twitter_card":"summary_large_image","schema":{"@context":"https:\/\/schema.org","@graph":[{"@type":"WebPage","@id":"https:\/\/www.piovan.com\/product\/cw-0621-1921\/","url":"https:\/\/www.piovan.com\/product\/cw-0621-1921\/","name":"CW 0621-1921 - PiovanGroup","isPartOf":{"@id":"https:\/\/www.piovan.com\/#website"},"datePublished":"2023-12-14T14:12:58+00:00","dateModified":"2025-10-23T13:13:01+00:00","breadcrumb":{"@id":"https:\/\/www.piovan.com\/product\/cw-0621-1921\/#breadcrumb"},"inLanguage":"tr","potentialAction":[{"@type":"ReadAction","target":["https:\/\/www.piovan.com\/product\/cw-0621-1921\/"]}]},{"@type":"BreadcrumbList","@id":"https:\/\/www.piovan.com\/product\/cw-0621-1921\/#breadcrumb","itemListElement":[{"@type":"ListItem","position":1,"name":"Home","item":"https:\/\/www.piovan.com\/"},{"@type":"ListItem","position":2,"name":"Industrial cooling","item":"https:\/\/www.piovan.com\/tr\/products\/industrial-cooling\/"},{"@type":"ListItem","position":3,"name":"Water-Cooled Chillers","item":"https:\/\/www.piovan.com\/tr\/products\/industrial-cooling\/water-cooled-chillers\/"},{"@type":"ListItem","position":4,"name":"CW 0621-1921"}]},{"@type":"WebSite","@id":"https:\/\/www.piovan.com\/#website","url":"https:\/\/www.piovan.com\/","name":"PiovanGroup","description":"","publisher":{"@id":"https:\/\/www.piovan.com\/#organization"},"potentialAction":[{"@type":"SearchAction","target":{"@type":"EntryPoint","urlTemplate":"https:\/\/www.piovan.com\/?s={search_term_string}"},"query-input":"required name=search_term_string"}],"inLanguage":"tr"},{"@type":"Organization","@id":"https:\/\/www.piovan.com\/#organization","name":"PiovanGroup","url":"https:\/\/www.piovan.com\/","logo":{"@type":"ImageObject","inLanguage":"tr","@id":"https:\/\/www.piovan.com\/#\/schema\/logo\/image\/","url":"https:\/\/www.piovan.com\/wp-content\/uploads\/2021\/06\/logo@2x.png","contentUrl":"https:\/\/www.piovan.com\/wp-content\/uploads\/2021\/06\/logo@2x.png","width":489,"height":78,"caption":"PiovanGroup"},"image":{"@id":"https:\/\/www.piovan.com\/#\/schema\/logo\/image\/"}}]}},"_links":{"self":[{"href":"https:\/\/www.piovan.com\/tr\/wp-json\/wp\/v2\/product\/11255"}],"collection":[{"href":"https:\/\/www.piovan.com\/tr\/wp-json\/wp\/v2\/product"}],"about":[{"href":"https:\/\/www.piovan.com\/tr\/wp-json\/wp\/v2\/types\/product"}],"version-history":[{"count":2,"href":"https:\/\/www.piovan.com\/tr\/wp-json\/wp\/v2\/product\/11255\/revisions"}],"predecessor-version":[{"id":15820,"href":"https:\/\/www.piovan.com\/tr\/wp-json\/wp\/v2\/product\/11255\/revisions\/15820"}],"wp:featuredmedia":[{"embeddable":true,"href":"https:\/\/www.piovan.com\/tr\/wp-json\/wp\/v2\/media\/11256"}],"wp:attachment":[{"href":"https:\/\/www.piovan.com\/tr\/wp-json\/wp\/v2\/media?parent=11255"}],"wp:term":[{"taxonomy":"post_tag","embeddable":true,"href":"https:\/\/www.piovan.com\/tr\/wp-json\/wp\/v2\/tags?post=11255"}],"curies":[{"name":"wp","href":"https:\/\/api.w.org\/{rel}","templated":true}]}}