{"id":10687,"date":"2023-08-28T10:02:25","date_gmt":"2023-08-28T08:02:25","guid":{"rendered":"https:\/\/www.piovan.com\/?post_type=product&#038;p=10687"},"modified":"2025-01-08T10:51:35","modified_gmt":"2025-01-08T09:51:35","slug":"easypure","status":"publish","type":"product","link":"https:\/\/www.piovan.com\/tr\/product\/easypure\/","title":{"rendered":"Easypure"},"content":{"rendered":"<p>Easypure, mekanik geri d\u00f6n\u00fc\u015f\u00fcm s\u00fcrecine entegre edilerek geri d\u00f6n\u00fc\u015ft\u00fcr\u00fclm\u00fc\u015f malzemenin kalitesinde \u00f6nemli bir iyile\u015fme sa\u011flar. Bunun nedeni, Easypure'un geri d\u00f6n\u00fc\u015ft\u00fcr\u00fclm\u00fc\u015f plastik malzemede bulunan ve istenmeyen kokulara neden olabilen d\u00fc\u015f\u00fck kaynama noktal\u0131 maddeleri gidermesidir.<\/p>\n<p>Easypure, ana parametreler ger\u00e7ek proses ko\u015fullar\u0131na g\u00f6re ayarlanabildi\u011fi i\u00e7in esnek bir sistemdir. S\u0131cakl\u0131k, hava miktar\u0131 ve bekleme s\u00fcresi manuel olarak veya tamamen otomatik bir \u015fekilde kontrol edilebilir ve ayarlanabilir.<\/p>\n<p>Easypure, hazneyi bo\u015faltan ve kokusu giderilmi\u015f malzemeyi paketleme alan\u0131na veya tesisin konvey\u00f6r sistemine g\u00f6nderen bir ta\u015f\u0131ma vidas\u0131 sayesinde s\u00fcrekli bir s\u00fcre\u00e7te \u00e7al\u0131\u015f\u0131r.<\/p>\n<p>Koku giderme i\u015fleminin daha iyi kontrol edilebilmesi i\u00e7in Easypure, Piovan taraf\u0131ndan geli\u015ftirilen ve i\u015flenmi\u015f gran\u00fclden koku giderme i\u015fleminin etkinli\u011finin an\u0131nda de\u011ferlendirilmesini sa\u011flayan elektronik burun OdorMinder ile donat\u0131labilir.<\/p>\n<p>Odor Minder thanks to its sensors and, following adequate \u201ctraining\u201d, is able to detect up to 25 odorous substances. It is characterised by: high sensitivity, high selectivity, good time stability, and high reactivity to gas presence.<\/p>\n<p>Odor Minder, rPP, rPE, rHDPE, rLDPE gibi geri d\u00f6n\u00fc\u015ft\u00fcr\u00fclm\u00fc\u015f poliolefin ile m\u00fckemmel bir izleme \u00fcretimi sa\u011flar.<\/p>","protected":false},"featured_media":13105,"template":"","tags":[108],"acf":[],"yoast_head":"<title>Easypure - PiovanGroup<\/title>\n<meta name=\"robots\" content=\"index, follow, max-snippet:-1, max-image-preview:large, max-video-preview:-1\" \/>\n<link rel=\"canonical\" href=\"https:\/\/www.piovan.com\/tr\/product\/easypure\/\" \/>\n<meta property=\"og:locale\" content=\"tr_TR\" \/>\n<meta property=\"og:type\" content=\"article\" \/>\n<meta property=\"og:title\" content=\"Easypure - PiovanGroup\" \/>\n<meta property=\"og:description\" content=\"Easypure allows a significant improvement in the quality of the recycled material, being integrated in the process of mechanical recycling, after the pelletising phase. This is because Easypure removes the low boiling substances contained in the recycled plastic material, that can generate undesired smells. Easypure is a flexible system since the main parameters can be adjusted according to actual process conditions. The temperature, the amount of air and the residence time can be controlled and adjusted manually or in a [&hellip;]\" \/>\n<meta property=\"og:url\" content=\"https:\/\/www.piovan.com\/tr\/product\/easypure\/\" \/>\n<meta property=\"og:site_name\" content=\"PiovanGroup\" \/>\n<meta property=\"article:modified_time\" content=\"2025-01-08T09:51:35+00:00\" \/>\n<meta property=\"og:image\" content=\"https:\/\/www.piovan.com\/wp-content\/uploads\/EASYPURE_1200x1560px.png\" \/>\n\t<meta property=\"og:image:width\" content=\"1200\" \/>\n\t<meta property=\"og:image:height\" content=\"1560\" \/>\n\t<meta property=\"og:image:type\" content=\"image\/png\" \/>\n<meta name=\"twitter:card\" content=\"summary_large_image\" \/>\n<script type=\"application\/ld+json\" class=\"yoast-schema-graph\">{\"@context\":\"https:\/\/schema.org\",\"@graph\":[{\"@type\":\"WebPage\",\"@id\":\"https:\/\/www.piovan.com\/product\/easypure\/\",\"url\":\"https:\/\/www.piovan.com\/product\/easypure\/\",\"name\":\"Easypure - PiovanGroup\",\"isPartOf\":{\"@id\":\"https:\/\/www.piovan.com\/#website\"},\"datePublished\":\"2023-08-28T08:02:25+00:00\",\"dateModified\":\"2025-01-08T09:51:35+00:00\",\"breadcrumb\":{\"@id\":\"https:\/\/www.piovan.com\/product\/easypure\/#breadcrumb\"},\"inLanguage\":\"tr\",\"potentialAction\":[{\"@type\":\"ReadAction\",\"target\":[\"https:\/\/www.piovan.com\/product\/easypure\/\"]}]},{\"@type\":\"BreadcrumbList\",\"@id\":\"https:\/\/www.piovan.com\/product\/easypure\/#breadcrumb\",\"itemListElement\":[{\"@type\":\"ListItem\",\"position\":1,\"name\":\"Home\",\"item\":\"https:\/\/www.piovan.com\/\"},{\"@type\":\"ListItem\",\"position\":2,\"name\":\"Plastic\",\"item\":\"https:\/\/www.piovan.com\/tr\/products\/plastic\/\"},{\"@type\":\"ListItem\",\"position\":3,\"name\":\"Drying &amp; Dehumidifying\",\"item\":\"https:\/\/www.piovan.com\/tr\/products\/plastic\/drying-dehumidifying\/\"},{\"@type\":\"ListItem\",\"position\":4,\"name\":\"Easypure\"}]},{\"@type\":\"WebSite\",\"@id\":\"https:\/\/www.piovan.com\/#website\",\"url\":\"https:\/\/www.piovan.com\/\",\"name\":\"PiovanGroup\",\"description\":\"\",\"publisher\":{\"@id\":\"https:\/\/www.piovan.com\/#organization\"},\"potentialAction\":[{\"@type\":\"SearchAction\",\"target\":{\"@type\":\"EntryPoint\",\"urlTemplate\":\"https:\/\/www.piovan.com\/?s={search_term_string}\"},\"query-input\":\"required name=search_term_string\"}],\"inLanguage\":\"tr\"},{\"@type\":\"Organization\",\"@id\":\"https:\/\/www.piovan.com\/#organization\",\"name\":\"PiovanGroup\",\"url\":\"https:\/\/www.piovan.com\/\",\"logo\":{\"@type\":\"ImageObject\",\"inLanguage\":\"tr\",\"@id\":\"https:\/\/www.piovan.com\/#\/schema\/logo\/image\/\",\"url\":\"https:\/\/www.piovan.com\/wp-content\/uploads\/2021\/06\/logo@2x.png\",\"contentUrl\":\"https:\/\/www.piovan.com\/wp-content\/uploads\/2021\/06\/logo@2x.png\",\"width\":489,\"height\":78,\"caption\":\"PiovanGroup\"},\"image\":{\"@id\":\"https:\/\/www.piovan.com\/#\/schema\/logo\/image\/\"}}]}<\/script>","yoast_head_json":{"title":"Easypure - PiovanGroup","robots":{"index":"index","follow":"follow","max-snippet":"max-snippet:-1","max-image-preview":"max-image-preview:large","max-video-preview":"max-video-preview:-1"},"canonical":"https:\/\/www.piovan.com\/tr\/product\/easypure\/","og_locale":"tr_TR","og_type":"article","og_title":"Easypure - PiovanGroup","og_description":"Easypure allows a significant improvement in the quality of the recycled material, being integrated in the process of mechanical recycling, after the pelletising phase. This is because Easypure removes the low boiling substances contained in the recycled plastic material, that can generate undesired smells. Easypure is a flexible system since the main parameters can be adjusted according to actual process conditions. The temperature, the amount of air and the residence time can be controlled and adjusted manually or in a [&hellip;]","og_url":"https:\/\/www.piovan.com\/tr\/product\/easypure\/","og_site_name":"PiovanGroup","article_modified_time":"2025-01-08T09:51:35+00:00","og_image":[{"width":1200,"height":1560,"url":"https:\/\/www.piovan.com\/wp-content\/uploads\/EASYPURE_1200x1560px.png","type":"image\/png"}],"twitter_card":"summary_large_image","schema":{"@context":"https:\/\/schema.org","@graph":[{"@type":"WebPage","@id":"https:\/\/www.piovan.com\/product\/easypure\/","url":"https:\/\/www.piovan.com\/product\/easypure\/","name":"Easypure - PiovanGroup","isPartOf":{"@id":"https:\/\/www.piovan.com\/#website"},"datePublished":"2023-08-28T08:02:25+00:00","dateModified":"2025-01-08T09:51:35+00:00","breadcrumb":{"@id":"https:\/\/www.piovan.com\/product\/easypure\/#breadcrumb"},"inLanguage":"tr","potentialAction":[{"@type":"ReadAction","target":["https:\/\/www.piovan.com\/product\/easypure\/"]}]},{"@type":"BreadcrumbList","@id":"https:\/\/www.piovan.com\/product\/easypure\/#breadcrumb","itemListElement":[{"@type":"ListItem","position":1,"name":"Home","item":"https:\/\/www.piovan.com\/"},{"@type":"ListItem","position":2,"name":"Plastic","item":"https:\/\/www.piovan.com\/tr\/products\/plastic\/"},{"@type":"ListItem","position":3,"name":"Drying &amp; Dehumidifying","item":"https:\/\/www.piovan.com\/tr\/products\/plastic\/drying-dehumidifying\/"},{"@type":"ListItem","position":4,"name":"Easypure"}]},{"@type":"WebSite","@id":"https:\/\/www.piovan.com\/#website","url":"https:\/\/www.piovan.com\/","name":"PiovanGroup","description":"","publisher":{"@id":"https:\/\/www.piovan.com\/#organization"},"potentialAction":[{"@type":"SearchAction","target":{"@type":"EntryPoint","urlTemplate":"https:\/\/www.piovan.com\/?s={search_term_string}"},"query-input":"required name=search_term_string"}],"inLanguage":"tr"},{"@type":"Organization","@id":"https:\/\/www.piovan.com\/#organization","name":"PiovanGroup","url":"https:\/\/www.piovan.com\/","logo":{"@type":"ImageObject","inLanguage":"tr","@id":"https:\/\/www.piovan.com\/#\/schema\/logo\/image\/","url":"https:\/\/www.piovan.com\/wp-content\/uploads\/2021\/06\/logo@2x.png","contentUrl":"https:\/\/www.piovan.com\/wp-content\/uploads\/2021\/06\/logo@2x.png","width":489,"height":78,"caption":"PiovanGroup"},"image":{"@id":"https:\/\/www.piovan.com\/#\/schema\/logo\/image\/"}}]}},"_links":{"self":[{"href":"https:\/\/www.piovan.com\/tr\/wp-json\/wp\/v2\/product\/10687"}],"collection":[{"href":"https:\/\/www.piovan.com\/tr\/wp-json\/wp\/v2\/product"}],"about":[{"href":"https:\/\/www.piovan.com\/tr\/wp-json\/wp\/v2\/types\/product"}],"version-history":[{"count":3,"href":"https:\/\/www.piovan.com\/tr\/wp-json\/wp\/v2\/product\/10687\/revisions"}],"predecessor-version":[{"id":14186,"href":"https:\/\/www.piovan.com\/tr\/wp-json\/wp\/v2\/product\/10687\/revisions\/14186"}],"wp:featuredmedia":[{"embeddable":true,"href":"https:\/\/www.piovan.com\/tr\/wp-json\/wp\/v2\/media\/13105"}],"wp:attachment":[{"href":"https:\/\/www.piovan.com\/tr\/wp-json\/wp\/v2\/media?parent=10687"}],"wp:term":[{"taxonomy":"post_tag","embeddable":true,"href":"https:\/\/www.piovan.com\/tr\/wp-json\/wp\/v2\/tags?post=10687"}],"curies":[{"name":"wp","href":"https:\/\/api.w.org\/{rel}","templated":true}]}}