{"id":299,"date":"2021-07-25T17:23:24","date_gmt":"2021-07-25T15:23:24","guid":{"rendered":"https:\/\/www.piovan.com\/?page_id=299"},"modified":"2025-01-20T11:09:27","modified_gmt":"2025-01-20T10:09:27","slug":"plastic","status":"publish","type":"page","link":"https:\/\/www.piovan.com\/tr\/plastic\/","title":{"rendered":"Plastik"},"content":{"rendered":"","protected":false},"excerpt":{"rendered":"","protected":false},"author":3,"featured_media":0,"parent":0,"menu_order":3,"comment_status":"closed","ping_status":"closed","template":"","meta":{"footnotes":""},"acf":[],"yoast_head":"<title>T\u00fcm plastik sekt\u00f6rleri i\u00e7in otomasyon \u00e7\u00f6z\u00fcmleri | PiovanGroup<\/title>\n<meta name=\"description\" content=\"PET and rPET bottles and preforms, Rigid packaging, Automotive components, Medical devices, Thermoforming sheets, Recycling and many more.\" \/>\n<meta name=\"robots\" content=\"index, follow, max-snippet:-1, max-image-preview:large, max-video-preview:-1\" \/>\n<link rel=\"canonical\" href=\"https:\/\/www.piovan.com\/tr\/plastic\/\" \/>\n<meta property=\"og:locale\" content=\"tr_TR\" \/>\n<meta property=\"og:type\" content=\"article\" \/>\n<meta property=\"og:title\" content=\"Versatile automation solutions for all plastics sectors | PiovanGroup\" \/>\n<meta property=\"og:description\" content=\"PET and rPET bottles and preforms, Rigid packaging, Automotive components, Medical devices, Thermoforming sheets, Recycling and many more.\" \/>\n<meta property=\"og:url\" content=\"https:\/\/www.piovan.com\/tr\/plastic\/\" \/>\n<meta property=\"og:site_name\" content=\"PiovanGroup\" \/>\n<meta property=\"article:modified_time\" content=\"2025-01-20T10:09:27+00:00\" \/>\n<meta property=\"og:image\" content=\"https:\/\/www.piovan.com\/wp-content\/uploads\/Piovan_pos-1.png\" \/>\n\t<meta property=\"og:image:width\" content=\"1200\" \/>\n\t<meta property=\"og:image:height\" content=\"630\" \/>\n\t<meta property=\"og:image:type\" content=\"image\/png\" \/>\n<meta name=\"twitter:card\" content=\"summary_large_image\" \/>\n<script type=\"application\/ld+json\" class=\"yoast-schema-graph\">{\"@context\":\"https:\/\/schema.org\",\"@graph\":[{\"@type\":\"WebPage\",\"@id\":\"https:\/\/www.piovan.com\/plastic\/\",\"url\":\"https:\/\/www.piovan.com\/plastic\/\",\"name\":\"Versatile automation solutions for all plastics sectors | PiovanGroup\",\"isPartOf\":{\"@id\":\"https:\/\/www.piovan.com\/#website\"},\"datePublished\":\"2021-07-25T15:23:24+00:00\",\"dateModified\":\"2025-01-20T10:09:27+00:00\",\"description\":\"PET and rPET bottles and preforms, Rigid packaging, Automotive components, Medical devices, Thermoforming sheets, Recycling and many more.\",\"breadcrumb\":{\"@id\":\"https:\/\/www.piovan.com\/plastic\/#breadcrumb\"},\"inLanguage\":\"tr\",\"potentialAction\":[{\"@type\":\"ReadAction\",\"target\":[\"https:\/\/www.piovan.com\/plastic\/\"]}]},{\"@type\":\"BreadcrumbList\",\"@id\":\"https:\/\/www.piovan.com\/plastic\/#breadcrumb\",\"itemListElement\":[{\"@type\":\"ListItem\",\"position\":1,\"name\":\"Home\",\"item\":\"https:\/\/www.piovan.com\/\"},{\"@type\":\"ListItem\",\"position\":2,\"name\":\"Plastic\"}]},{\"@type\":\"WebSite\",\"@id\":\"https:\/\/www.piovan.com\/#website\",\"url\":\"https:\/\/www.piovan.com\/\",\"name\":\"PiovanGroup\",\"description\":\"\",\"publisher\":{\"@id\":\"https:\/\/www.piovan.com\/#organization\"},\"potentialAction\":[{\"@type\":\"SearchAction\",\"target\":{\"@type\":\"EntryPoint\",\"urlTemplate\":\"https:\/\/www.piovan.com\/?s={search_term_string}\"},\"query-input\":\"required name=search_term_string\"}],\"inLanguage\":\"tr\"},{\"@type\":\"Organization\",\"@id\":\"https:\/\/www.piovan.com\/#organization\",\"name\":\"PiovanGroup\",\"url\":\"https:\/\/www.piovan.com\/\",\"logo\":{\"@type\":\"ImageObject\",\"inLanguage\":\"tr\",\"@id\":\"https:\/\/www.piovan.com\/#\/schema\/logo\/image\/\",\"url\":\"https:\/\/www.piovan.com\/wp-content\/uploads\/2021\/06\/logo@2x.png\",\"contentUrl\":\"https:\/\/www.piovan.com\/wp-content\/uploads\/2021\/06\/logo@2x.png\",\"width\":489,\"height\":78,\"caption\":\"PiovanGroup\"},\"image\":{\"@id\":\"https:\/\/www.piovan.com\/#\/schema\/logo\/image\/\"}}]}<\/script>","yoast_head_json":{"title":"T\u00fcm plastik sekt\u00f6rleri i\u00e7in otomasyon \u00e7\u00f6z\u00fcmleri | PiovanGroup","description":"PET and rPET bottles and preforms, Rigid packaging, Automotive components, Medical devices, Thermoforming sheets, Recycling and many more.","robots":{"index":"index","follow":"follow","max-snippet":"max-snippet:-1","max-image-preview":"max-image-preview:large","max-video-preview":"max-video-preview:-1"},"canonical":"https:\/\/www.piovan.com\/tr\/plastic\/","og_locale":"tr_TR","og_type":"article","og_title":"Versatile automation solutions for all plastics sectors | PiovanGroup","og_description":"PET and rPET bottles and preforms, Rigid packaging, Automotive components, Medical devices, Thermoforming sheets, Recycling and many more.","og_url":"https:\/\/www.piovan.com\/tr\/plastic\/","og_site_name":"PiovanGroup","article_modified_time":"2025-01-20T10:09:27+00:00","og_image":[{"width":1200,"height":630,"url":"https:\/\/www.piovan.com\/wp-content\/uploads\/Piovan_pos-1.png","type":"image\/png"}],"twitter_card":"summary_large_image","schema":{"@context":"https:\/\/schema.org","@graph":[{"@type":"WebPage","@id":"https:\/\/www.piovan.com\/plastic\/","url":"https:\/\/www.piovan.com\/plastic\/","name":"Versatile automation solutions for all plastics sectors | PiovanGroup","isPartOf":{"@id":"https:\/\/www.piovan.com\/#website"},"datePublished":"2021-07-25T15:23:24+00:00","dateModified":"2025-01-20T10:09:27+00:00","description":"PET and rPET bottles and preforms, Rigid packaging, Automotive components, Medical devices, Thermoforming sheets, Recycling and many more.","breadcrumb":{"@id":"https:\/\/www.piovan.com\/plastic\/#breadcrumb"},"inLanguage":"tr","potentialAction":[{"@type":"ReadAction","target":["https:\/\/www.piovan.com\/plastic\/"]}]},{"@type":"BreadcrumbList","@id":"https:\/\/www.piovan.com\/plastic\/#breadcrumb","itemListElement":[{"@type":"ListItem","position":1,"name":"Home","item":"https:\/\/www.piovan.com\/"},{"@type":"ListItem","position":2,"name":"Plastic"}]},{"@type":"WebSite","@id":"https:\/\/www.piovan.com\/#website","url":"https:\/\/www.piovan.com\/","name":"PiovanGroup","description":"","publisher":{"@id":"https:\/\/www.piovan.com\/#organization"},"potentialAction":[{"@type":"SearchAction","target":{"@type":"EntryPoint","urlTemplate":"https:\/\/www.piovan.com\/?s={search_term_string}"},"query-input":"required name=search_term_string"}],"inLanguage":"tr"},{"@type":"Organization","@id":"https:\/\/www.piovan.com\/#organization","name":"PiovanGroup","url":"https:\/\/www.piovan.com\/","logo":{"@type":"ImageObject","inLanguage":"tr","@id":"https:\/\/www.piovan.com\/#\/schema\/logo\/image\/","url":"https:\/\/www.piovan.com\/wp-content\/uploads\/2021\/06\/logo@2x.png","contentUrl":"https:\/\/www.piovan.com\/wp-content\/uploads\/2021\/06\/logo@2x.png","width":489,"height":78,"caption":"PiovanGroup"},"image":{"@id":"https:\/\/www.piovan.com\/#\/schema\/logo\/image\/"}}]}},"_links":{"self":[{"href":"https:\/\/www.piovan.com\/tr\/wp-json\/wp\/v2\/pages\/299"}],"collection":[{"href":"https:\/\/www.piovan.com\/tr\/wp-json\/wp\/v2\/pages"}],"about":[{"href":"https:\/\/www.piovan.com\/tr\/wp-json\/wp\/v2\/types\/page"}],"author":[{"embeddable":true,"href":"https:\/\/www.piovan.com\/tr\/wp-json\/wp\/v2\/users\/3"}],"replies":[{"embeddable":true,"href":"https:\/\/www.piovan.com\/tr\/wp-json\/wp\/v2\/comments?post=299"}],"version-history":[{"count":1,"href":"https:\/\/www.piovan.com\/tr\/wp-json\/wp\/v2\/pages\/299\/revisions"}],"predecessor-version":[{"id":11445,"href":"https:\/\/www.piovan.com\/tr\/wp-json\/wp\/v2\/pages\/299\/revisions\/11445"}],"wp:attachment":[{"href":"https:\/\/www.piovan.com\/tr\/wp-json\/wp\/v2\/media?parent=299"}],"curies":[{"name":"wp","href":"https:\/\/api.w.org\/{rel}","templated":true}]}}