{"id":1073,"date":"2021-09-14T13:47:25","date_gmt":"2021-09-14T11:47:25","guid":{"rendered":"https:\/\/www.piovan.com\/plastic\/pipes-profiles-and-cables-3\/"},"modified":"2024-06-04T15:26:30","modified_gmt":"2024-06-04T13:26:30","slug":"recycling","status":"publish","type":"page","link":"https:\/\/www.piovan.com\/tr\/plastic\/recycling\/","title":{"rendered":"Geri d\u00f6n\u00fc\u015f\u00fcm"},"content":{"rendered":"","protected":false},"excerpt":{"rendered":"","protected":false},"author":3,"featured_media":5733,"parent":299,"menu_order":9,"comment_status":"closed","ping_status":"closed","template":"","meta":{"footnotes":""},"acf":[],"yoast_head":"<title>Geri d\u00f6n\u00fc\u015f\u00fcm - PiovanGroup<\/title>\n<meta name=\"robots\" content=\"index, follow, max-snippet:-1, max-image-preview:large, max-video-preview:-1\" \/>\n<link rel=\"canonical\" href=\"https:\/\/www.piovan.com\/tr\/plastic\/recycling\/\" \/>\n<meta property=\"og:locale\" content=\"tr_TR\" \/>\n<meta property=\"og:type\" content=\"article\" \/>\n<meta property=\"og:title\" content=\"Recycling - PiovanGroup\" \/>\n<meta property=\"og:url\" content=\"https:\/\/www.piovan.com\/tr\/plastic\/recycling\/\" \/>\n<meta property=\"og:site_name\" content=\"PiovanGroup\" \/>\n<meta property=\"article:modified_time\" content=\"2024-06-04T13:26:30+00:00\" \/>\n<meta property=\"og:image\" content=\"https:\/\/www.piovan.com\/wp-content\/uploads\/410x474_Header_Recycling.jpg\" \/>\n\t<meta property=\"og:image:width\" content=\"410\" \/>\n\t<meta property=\"og:image:height\" content=\"474\" \/>\n\t<meta property=\"og:image:type\" content=\"image\/jpeg\" \/>\n<meta name=\"twitter:card\" content=\"summary_large_image\" \/>\n<script type=\"application\/ld+json\" class=\"yoast-schema-graph\">{\"@context\":\"https:\/\/schema.org\",\"@graph\":[{\"@type\":\"WebPage\",\"@id\":\"https:\/\/www.piovan.com\/plastic\/recycling\/\",\"url\":\"https:\/\/www.piovan.com\/plastic\/recycling\/\",\"name\":\"Recycling - PiovanGroup\",\"isPartOf\":{\"@id\":\"https:\/\/www.piovan.com\/#website\"},\"datePublished\":\"2021-09-14T11:47:25+00:00\",\"dateModified\":\"2024-06-04T13:26:30+00:00\",\"breadcrumb\":{\"@id\":\"https:\/\/www.piovan.com\/plastic\/recycling\/#breadcrumb\"},\"inLanguage\":\"tr\",\"potentialAction\":[{\"@type\":\"ReadAction\",\"target\":[\"https:\/\/www.piovan.com\/plastic\/recycling\/\"]}]},{\"@type\":\"BreadcrumbList\",\"@id\":\"https:\/\/www.piovan.com\/plastic\/recycling\/#breadcrumb\",\"itemListElement\":[{\"@type\":\"ListItem\",\"position\":1,\"name\":\"Home\",\"item\":\"https:\/\/www.piovan.com\/\"},{\"@type\":\"ListItem\",\"position\":2,\"name\":\"Plastic\",\"item\":\"https:\/\/www.piovan.com\/plastic\/\"},{\"@type\":\"ListItem\",\"position\":3,\"name\":\"Recycling\"}]},{\"@type\":\"WebSite\",\"@id\":\"https:\/\/www.piovan.com\/#website\",\"url\":\"https:\/\/www.piovan.com\/\",\"name\":\"PiovanGroup\",\"description\":\"\",\"publisher\":{\"@id\":\"https:\/\/www.piovan.com\/#organization\"},\"potentialAction\":[{\"@type\":\"SearchAction\",\"target\":{\"@type\":\"EntryPoint\",\"urlTemplate\":\"https:\/\/www.piovan.com\/?s={search_term_string}\"},\"query-input\":\"required name=search_term_string\"}],\"inLanguage\":\"tr\"},{\"@type\":\"Organization\",\"@id\":\"https:\/\/www.piovan.com\/#organization\",\"name\":\"PiovanGroup\",\"url\":\"https:\/\/www.piovan.com\/\",\"logo\":{\"@type\":\"ImageObject\",\"inLanguage\":\"tr\",\"@id\":\"https:\/\/www.piovan.com\/#\/schema\/logo\/image\/\",\"url\":\"https:\/\/www.piovan.com\/wp-content\/uploads\/2021\/06\/logo@2x.png\",\"contentUrl\":\"https:\/\/www.piovan.com\/wp-content\/uploads\/2021\/06\/logo@2x.png\",\"width\":489,\"height\":78,\"caption\":\"PiovanGroup\"},\"image\":{\"@id\":\"https:\/\/www.piovan.com\/#\/schema\/logo\/image\/\"}}]}<\/script>","yoast_head_json":{"title":"Geri d\u00f6n\u00fc\u015f\u00fcm - PiovanGroup","robots":{"index":"index","follow":"follow","max-snippet":"max-snippet:-1","max-image-preview":"max-image-preview:large","max-video-preview":"max-video-preview:-1"},"canonical":"https:\/\/www.piovan.com\/tr\/plastic\/recycling\/","og_locale":"tr_TR","og_type":"article","og_title":"Recycling - PiovanGroup","og_url":"https:\/\/www.piovan.com\/tr\/plastic\/recycling\/","og_site_name":"PiovanGroup","article_modified_time":"2024-06-04T13:26:30+00:00","og_image":[{"width":410,"height":474,"url":"https:\/\/www.piovan.com\/wp-content\/uploads\/410x474_Header_Recycling.jpg","type":"image\/jpeg"}],"twitter_card":"summary_large_image","schema":{"@context":"https:\/\/schema.org","@graph":[{"@type":"WebPage","@id":"https:\/\/www.piovan.com\/plastic\/recycling\/","url":"https:\/\/www.piovan.com\/plastic\/recycling\/","name":"Recycling - PiovanGroup","isPartOf":{"@id":"https:\/\/www.piovan.com\/#website"},"datePublished":"2021-09-14T11:47:25+00:00","dateModified":"2024-06-04T13:26:30+00:00","breadcrumb":{"@id":"https:\/\/www.piovan.com\/plastic\/recycling\/#breadcrumb"},"inLanguage":"tr","potentialAction":[{"@type":"ReadAction","target":["https:\/\/www.piovan.com\/plastic\/recycling\/"]}]},{"@type":"BreadcrumbList","@id":"https:\/\/www.piovan.com\/plastic\/recycling\/#breadcrumb","itemListElement":[{"@type":"ListItem","position":1,"name":"Home","item":"https:\/\/www.piovan.com\/"},{"@type":"ListItem","position":2,"name":"Plastic","item":"https:\/\/www.piovan.com\/plastic\/"},{"@type":"ListItem","position":3,"name":"Recycling"}]},{"@type":"WebSite","@id":"https:\/\/www.piovan.com\/#website","url":"https:\/\/www.piovan.com\/","name":"PiovanGroup","description":"","publisher":{"@id":"https:\/\/www.piovan.com\/#organization"},"potentialAction":[{"@type":"SearchAction","target":{"@type":"EntryPoint","urlTemplate":"https:\/\/www.piovan.com\/?s={search_term_string}"},"query-input":"required name=search_term_string"}],"inLanguage":"tr"},{"@type":"Organization","@id":"https:\/\/www.piovan.com\/#organization","name":"PiovanGroup","url":"https:\/\/www.piovan.com\/","logo":{"@type":"ImageObject","inLanguage":"tr","@id":"https:\/\/www.piovan.com\/#\/schema\/logo\/image\/","url":"https:\/\/www.piovan.com\/wp-content\/uploads\/2021\/06\/logo@2x.png","contentUrl":"https:\/\/www.piovan.com\/wp-content\/uploads\/2021\/06\/logo@2x.png","width":489,"height":78,"caption":"PiovanGroup"},"image":{"@id":"https:\/\/www.piovan.com\/#\/schema\/logo\/image\/"}}]}},"_links":{"self":[{"href":"https:\/\/www.piovan.com\/tr\/wp-json\/wp\/v2\/pages\/1073"}],"collection":[{"href":"https:\/\/www.piovan.com\/tr\/wp-json\/wp\/v2\/pages"}],"about":[{"href":"https:\/\/www.piovan.com\/tr\/wp-json\/wp\/v2\/types\/page"}],"author":[{"embeddable":true,"href":"https:\/\/www.piovan.com\/tr\/wp-json\/wp\/v2\/users\/3"}],"replies":[{"embeddable":true,"href":"https:\/\/www.piovan.com\/tr\/wp-json\/wp\/v2\/comments?post=1073"}],"version-history":[{"count":2,"href":"https:\/\/www.piovan.com\/tr\/wp-json\/wp\/v2\/pages\/1073\/revisions"}],"predecessor-version":[{"id":12461,"href":"https:\/\/www.piovan.com\/tr\/wp-json\/wp\/v2\/pages\/1073\/revisions\/12461"}],"up":[{"embeddable":true,"href":"https:\/\/www.piovan.com\/tr\/wp-json\/wp\/v2\/pages\/299"}],"wp:featuredmedia":[{"embeddable":true,"href":"https:\/\/www.piovan.com\/tr\/wp-json\/wp\/v2\/media\/5733"}],"wp:attachment":[{"href":"https:\/\/www.piovan.com\/tr\/wp-json\/wp\/v2\/media?parent=1073"}],"curies":[{"name":"wp","href":"https:\/\/api.w.org\/{rel}","templated":true}]}}