{"id":6358,"date":"2021-12-10T16:50:48","date_gmt":"2021-12-10T15:50:48","guid":{"rendered":"https:\/\/www.piovan.com\/?post_type=product&#038;p=6358"},"modified":"2023-12-13T12:18:55","modified_gmt":"2023-12-13T11:18:55","slug":"slim-4222-5822-w","status":"publish","type":"product","link":"https:\/\/www.piovan.com\/ru\/product\/slim-4222-5822-w\/","title":{"rendered":"Slim 4222-5822"},"content":{"rendered":"<p><strong>Modelo SCW 4222-5822<br \/>\n1 compresor tipo scroll, 1 circuito de refrigeraci\u00f3n<\/strong><\/p>\n<p>Los chillers condensados por agua de la serie Slim, combinan alta capacidad de enfriamiento y tama\u00f1os extremadamente reducidos, con una alta eficiencia energ\u00e9tica. Ofrecen baja temperatura del agua independiente de cualquier condici\u00f3n ambiental. La Slim cumple con todos los requisitos de aplicaciones industriales y garantiza la m\u00e1xima flexibilidad y funcionamiento eficiente.<\/p>\n<p>Operaci\u00f3n eficiente y segura: utiliza man\u00f3metros y presostatos de alta y baja presi\u00f3n, y filtros de metal en los condensadores. El control por microprocesador exhibe en la pantalla la temperatura de set y alarmas. Instalaci\u00f3n simplificada, espacio extremadamente reducido y r\u00e1pidas operaciones de puesta en marcha.<\/p>\n<p><strong>Beneficios<\/strong><br \/>\n\u2022 Hasta 2 circuitos de refrigeraci\u00f3n independientes que aseguran una amplia parcializaci\u00f3n con total fiabilidad de funcionamiento<br \/>\n\u2022 Consumo de energ\u00eda reducido con el uso de compresores scroll, evaporadores a placa, condensadores micro canal y bombas de agua de alto rendimiento<br \/>\n\u2022 Fluido eco-compatible R410A<br \/>\n\u2022 Circuito hidr\u00e1ulico hechos de materiales no corrosivos<br \/>\n\u2022 Estabilidad de temperatura y baja dispersi\u00f3n t\u00e9rmica utilizando tanque de acero inoxidable con aislamiento t\u00e9rmico<br \/>\n\u2022 Construcci\u00f3n en acero galvanizado pintado y panel sellado con doble cierre, tambi\u00e9n permiten la instalaci\u00f3n en el exterior<\/p>\n<p><strong>Productos disponibles solamente para Am\u00e9rica del Sur<\/strong>.<\/p>","protected":false},"featured_media":11077,"template":"","tags":[168],"acf":[],"yoast_head":"<title>Slim 4222-5822 - PiovanGroup<\/title>\n<meta name=\"robots\" content=\"index, follow, max-snippet:-1, max-image-preview:large, max-video-preview:-1\" \/>\n<link rel=\"canonical\" href=\"https:\/\/www.piovan.com\/ru\/product\/slim-4222-5822-w\/\" \/>\n<meta property=\"og:locale\" content=\"ru_RU\" \/>\n<meta property=\"og:type\" content=\"article\" \/>\n<meta property=\"og:title\" content=\"Slim 4222-5822 - PiovanGroup\" \/>\n<meta property=\"og:description\" content=\"Modelo SCW 4222-5822 1 compresor tipo scroll, 1 circuito de refrigeraci\u00f3n Los chillers condensados por agua de la serie Slim, combinan alta capacidad de enfriamiento y tama\u00f1os extremadamente reducidos, con una alta eficiencia energ\u00e9tica. Ofrecen baja temperatura del agua independiente de cualquier condici\u00f3n ambiental. La Slim cumple con todos los requisitos de aplicaciones industriales y garantiza la m\u00e1xima flexibilidad y funcionamiento eficiente. Operaci\u00f3n eficiente y segura: utiliza man\u00f3metros y presostatos de alta y baja presi\u00f3n, y filtros de metal en [&hellip;]\" \/>\n<meta property=\"og:url\" content=\"https:\/\/www.piovan.com\/ru\/product\/slim-4222-5822-w\/\" \/>\n<meta property=\"og:site_name\" content=\"PiovanGroup\" \/>\n<meta property=\"article:modified_time\" content=\"2023-12-13T11:18:55+00:00\" \/>\n<meta property=\"og:image\" content=\"https:\/\/www.piovan.com\/wp-content\/uploads\/0001_Slim_PdB_02.png\" \/>\n\t<meta property=\"og:image:width\" content=\"1200\" \/>\n\t<meta property=\"og:image:height\" content=\"1560\" \/>\n\t<meta property=\"og:image:type\" content=\"image\/png\" \/>\n<meta name=\"twitter:card\" content=\"summary_large_image\" \/>\n<script type=\"application\/ld+json\" class=\"yoast-schema-graph\">{\"@context\":\"https:\/\/schema.org\",\"@graph\":[{\"@type\":\"WebPage\",\"@id\":\"https:\/\/www.piovan.com\/product\/slim-4222-5822-w\/\",\"url\":\"https:\/\/www.piovan.com\/product\/slim-4222-5822-w\/\",\"name\":\"Slim 4222-5822 - PiovanGroup\",\"isPartOf\":{\"@id\":\"https:\/\/www.piovan.com\/#website\"},\"datePublished\":\"2021-12-10T15:50:48+00:00\",\"dateModified\":\"2023-12-13T11:18:55+00:00\",\"breadcrumb\":{\"@id\":\"https:\/\/www.piovan.com\/product\/slim-4222-5822-w\/#breadcrumb\"},\"inLanguage\":\"ru-RU\",\"potentialAction\":[{\"@type\":\"ReadAction\",\"target\":[\"https:\/\/www.piovan.com\/product\/slim-4222-5822-w\/\"]}]},{\"@type\":\"BreadcrumbList\",\"@id\":\"https:\/\/www.piovan.com\/product\/slim-4222-5822-w\/#breadcrumb\",\"itemListElement\":[{\"@type\":\"ListItem\",\"position\":1,\"name\":\"Home\",\"item\":\"https:\/\/www.piovan.com\/\"},{\"@type\":\"ListItem\",\"position\":2,\"name\":\"Industrial cooling\",\"item\":\"https:\/\/www.piovan.com\/ru\/products\/industrial-cooling\/\"},{\"@type\":\"ListItem\",\"position\":3,\"name\":\"Water-Cooled Chillers\",\"item\":\"https:\/\/www.piovan.com\/ru\/products\/industrial-cooling\/water-cooled-chillers\/\"},{\"@type\":\"ListItem\",\"position\":4,\"name\":\"Slim 4222-5822\"}]},{\"@type\":\"WebSite\",\"@id\":\"https:\/\/www.piovan.com\/#website\",\"url\":\"https:\/\/www.piovan.com\/\",\"name\":\"PiovanGroup\",\"description\":\"\",\"publisher\":{\"@id\":\"https:\/\/www.piovan.com\/#organization\"},\"potentialAction\":[{\"@type\":\"SearchAction\",\"target\":{\"@type\":\"EntryPoint\",\"urlTemplate\":\"https:\/\/www.piovan.com\/?s={search_term_string}\"},\"query-input\":\"required name=search_term_string\"}],\"inLanguage\":\"ru-RU\"},{\"@type\":\"Organization\",\"@id\":\"https:\/\/www.piovan.com\/#organization\",\"name\":\"PiovanGroup\",\"url\":\"https:\/\/www.piovan.com\/\",\"logo\":{\"@type\":\"ImageObject\",\"inLanguage\":\"ru-RU\",\"@id\":\"https:\/\/www.piovan.com\/#\/schema\/logo\/image\/\",\"url\":\"https:\/\/www.piovan.com\/wp-content\/uploads\/2021\/06\/logo@2x.png\",\"contentUrl\":\"https:\/\/www.piovan.com\/wp-content\/uploads\/2021\/06\/logo@2x.png\",\"width\":489,\"height\":78,\"caption\":\"PiovanGroup\"},\"image\":{\"@id\":\"https:\/\/www.piovan.com\/#\/schema\/logo\/image\/\"}}]}<\/script>","yoast_head_json":{"title":"Slim 4222-5822 - PiovanGroup","robots":{"index":"index","follow":"follow","max-snippet":"max-snippet:-1","max-image-preview":"max-image-preview:large","max-video-preview":"max-video-preview:-1"},"canonical":"https:\/\/www.piovan.com\/ru\/product\/slim-4222-5822-w\/","og_locale":"ru_RU","og_type":"article","og_title":"Slim 4222-5822 - PiovanGroup","og_description":"Modelo SCW 4222-5822 1 compresor tipo scroll, 1 circuito de refrigeraci\u00f3n Los chillers condensados por agua de la serie Slim, combinan alta capacidad de enfriamiento y tama\u00f1os extremadamente reducidos, con una alta eficiencia energ\u00e9tica. Ofrecen baja temperatura del agua independiente de cualquier condici\u00f3n ambiental. La Slim cumple con todos los requisitos de aplicaciones industriales y garantiza la m\u00e1xima flexibilidad y funcionamiento eficiente. Operaci\u00f3n eficiente y segura: utiliza man\u00f3metros y presostatos de alta y baja presi\u00f3n, y filtros de metal en [&hellip;]","og_url":"https:\/\/www.piovan.com\/ru\/product\/slim-4222-5822-w\/","og_site_name":"PiovanGroup","article_modified_time":"2023-12-13T11:18:55+00:00","og_image":[{"width":1200,"height":1560,"url":"https:\/\/www.piovan.com\/wp-content\/uploads\/0001_Slim_PdB_02.png","type":"image\/png"}],"twitter_card":"summary_large_image","schema":{"@context":"https:\/\/schema.org","@graph":[{"@type":"WebPage","@id":"https:\/\/www.piovan.com\/product\/slim-4222-5822-w\/","url":"https:\/\/www.piovan.com\/product\/slim-4222-5822-w\/","name":"Slim 4222-5822 - PiovanGroup","isPartOf":{"@id":"https:\/\/www.piovan.com\/#website"},"datePublished":"2021-12-10T15:50:48+00:00","dateModified":"2023-12-13T11:18:55+00:00","breadcrumb":{"@id":"https:\/\/www.piovan.com\/product\/slim-4222-5822-w\/#breadcrumb"},"inLanguage":"ru-RU","potentialAction":[{"@type":"ReadAction","target":["https:\/\/www.piovan.com\/product\/slim-4222-5822-w\/"]}]},{"@type":"BreadcrumbList","@id":"https:\/\/www.piovan.com\/product\/slim-4222-5822-w\/#breadcrumb","itemListElement":[{"@type":"ListItem","position":1,"name":"Home","item":"https:\/\/www.piovan.com\/"},{"@type":"ListItem","position":2,"name":"Industrial cooling","item":"https:\/\/www.piovan.com\/ru\/products\/industrial-cooling\/"},{"@type":"ListItem","position":3,"name":"Water-Cooled Chillers","item":"https:\/\/www.piovan.com\/ru\/products\/industrial-cooling\/water-cooled-chillers\/"},{"@type":"ListItem","position":4,"name":"Slim 4222-5822"}]},{"@type":"WebSite","@id":"https:\/\/www.piovan.com\/#website","url":"https:\/\/www.piovan.com\/","name":"PiovanGroup","description":"","publisher":{"@id":"https:\/\/www.piovan.com\/#organization"},"potentialAction":[{"@type":"SearchAction","target":{"@type":"EntryPoint","urlTemplate":"https:\/\/www.piovan.com\/?s={search_term_string}"},"query-input":"required name=search_term_string"}],"inLanguage":"ru-RU"},{"@type":"Organization","@id":"https:\/\/www.piovan.com\/#organization","name":"PiovanGroup","url":"https:\/\/www.piovan.com\/","logo":{"@type":"ImageObject","inLanguage":"ru-RU","@id":"https:\/\/www.piovan.com\/#\/schema\/logo\/image\/","url":"https:\/\/www.piovan.com\/wp-content\/uploads\/2021\/06\/logo@2x.png","contentUrl":"https:\/\/www.piovan.com\/wp-content\/uploads\/2021\/06\/logo@2x.png","width":489,"height":78,"caption":"PiovanGroup"},"image":{"@id":"https:\/\/www.piovan.com\/#\/schema\/logo\/image\/"}}]}},"_links":{"self":[{"href":"https:\/\/www.piovan.com\/ru\/wp-json\/wp\/v2\/product\/6358"}],"collection":[{"href":"https:\/\/www.piovan.com\/ru\/wp-json\/wp\/v2\/product"}],"about":[{"href":"https:\/\/www.piovan.com\/ru\/wp-json\/wp\/v2\/types\/product"}],"version-history":[{"count":3,"href":"https:\/\/www.piovan.com\/ru\/wp-json\/wp\/v2\/product\/6358\/revisions"}],"predecessor-version":[{"id":11090,"href":"https:\/\/www.piovan.com\/ru\/wp-json\/wp\/v2\/product\/6358\/revisions\/11090"}],"wp:featuredmedia":[{"embeddable":true,"href":"https:\/\/www.piovan.com\/ru\/wp-json\/wp\/v2\/media\/11077"}],"wp:attachment":[{"href":"https:\/\/www.piovan.com\/ru\/wp-json\/wp\/v2\/media?parent=6358"}],"wp:term":[{"taxonomy":"post_tag","embeddable":true,"href":"https:\/\/www.piovan.com\/ru\/wp-json\/wp\/v2\/tags?post=6358"}],"curies":[{"name":"wp","href":"https:\/\/api.w.org\/{rel}","templated":true}]}}